{"id":403279,"date":"2025-03-21T11:12:36","date_gmt":"2025-03-21T11:12:36","guid":{"rendered":"https:\/\/steykmp.com\/index.php\/basic-and-detailed-engineering\/"},"modified":"2025-04-03T08:24:14","modified_gmt":"2025-04-03T08:24:14","slug":"basic-and-detailed-engineering","status":"publish","type":"page","link":"https:\/\/steykmp.com\/en\/basic-and-detailed-engineering\/","title":{"rendered":"Basic and detailed engineering"},"content":{"rendered":"<p>[et_pb_section fb_built=&#8221;1&#8243; custom_padding_last_edited=&#8221;on|phone&#8221; _builder_version=&#8221;4.27.4&#8243; _module_preset=&#8221;default&#8221; custom_margin=&#8221;-90px||||false|false&#8221; custom_margin_tablet=&#8221;0px||||false|false&#8221; custom_margin_phone=&#8221;0px||||false|false&#8221; custom_margin_last_edited=&#8221;on|phone&#8221; custom_padding=&#8221;3px||0px||false|false&#8221; custom_padding_tablet=&#8221;0px||||false|false&#8221; custom_padding_phone=&#8221;0px||||false|false&#8221; global_colors_info=&#8221;{}&#8221;][et_pb_row _builder_version=&#8221;4.27.4&#8243; _module_preset=&#8221;default&#8221; width=&#8221;100%&#8221; max_width=&#8221;100%&#8221; custom_padding=&#8221;3px|||||&#8221; global_colors_info=&#8221;{}&#8221;][et_pb_column type=&#8221;4_4&#8243; _builder_version=&#8221;4.27.4&#8243; _module_preset=&#8221;default&#8221; global_colors_info=&#8221;{}&#8221;][et_pb_slider use_bg_overlay=&#8221;on&#8221; _builder_version=&#8221;4.27.4&#8243; _module_preset=&#8221;default&#8221; global_colors_info=&#8221;{}&#8221;][et_pb_slide heading=&#8221;Basic and detailed engineering&#8221; _builder_version=&#8221;4.27.4&#8243; _module_preset=&#8221;default&#8221; background_image=&#8221;https:\/\/steykmp.com\/wp-content\/uploads\/2025\/03\/04-Ingenieria-Basica-Planos.jpg&#8221; background_enable_image=&#8221;on&#8221; global_colors_info=&#8221;{}&#8221; sticky_transition=&#8221;on&#8221;][\/et_pb_slide][\/et_pb_slider][\/et_pb_column][\/et_pb_row][\/et_pb_section][et_pb_section fb_built=&#8221;1&#8243; custom_padding_last_edited=&#8221;on|phone&#8221; _builder_version=&#8221;4.27.4&#8243; _module_preset=&#8221;default&#8221; custom_margin=&#8221;0px||||false|false&#8221; custom_padding=&#8221;40px||40px||true|false&#8221; custom_padding_tablet=&#8221;20px||40px||false|false&#8221; custom_padding_phone=&#8221;20px||40px||false|false&#8221; global_colors_info=&#8221;{}&#8221;][et_pb_row column_structure=&#8221;1_2,1_2&#8243; make_equal=&#8221;on&#8221; module_class=&#8221;reverse&#8221; _builder_version=&#8221;4.27.4&#8243; _module_preset=&#8221;default&#8221; custom_margin=&#8221;0px|auto||auto|false|false&#8221; custom_css_main_element=&#8221;align-items:center;&#8221; global_colors_info=&#8221;{}&#8221;][et_pb_column type=&#8221;1_2&#8243; _builder_version=&#8221;4.27.4&#8243; _module_preset=&#8221;default&#8221; global_colors_info=&#8221;{}&#8221;][et_pb_image src=&#8221;https:\/\/steykmp.com\/wp-content\/uploads\/2025\/03\/06-Ingenieria-Basica-Cisne-a-avion-papiroflexia-scaled.jpg&#8221; alt=&#8221;Marcado CE&#8221; title_text=&#8221;Ingenier\u00eda B\u00e1sica &#8211; Cisne a avi\u00f3n papiroflexia&#8221; _builder_version=&#8221;4.27.4&#8243; _module_preset=&#8221;default&#8221; module_alignment=&#8221;right&#8221; global_colors_info=&#8221;{}&#8221;][\/et_pb_image][\/et_pb_column][et_pb_column type=&#8221;1_2&#8243; _builder_version=&#8221;4.27.4&#8243; _module_preset=&#8221;default&#8221; global_colors_info=&#8221;{}&#8221;][et_pb_cta title=&#8221;Basic and Detailed Engineering Services: Multidisciplinary Experience at Your Service&#8221; _builder_version=&#8221;4.27.4&#8243; _module_preset=&#8221;6901f3ca-79ee-4bc9-89c0-9260de3a0578&#8243; custom_padding_tablet=&#8221;0px||||false|false&#8221; custom_padding_phone=&#8221;0px||||false|false&#8221; custom_padding_last_edited=&#8221;on|tablet&#8221; global_colors_info=&#8221;{}&#8221;]<\/p>\n<p>At our company, we specialize in providing basic engineering and detailed engineering services, designed to meet the most demanding needs of our clients. With a highly qualified multidisciplinary team and extensive experience, we are the guarantee of trust for your project.<\/p>\n<p>[\/et_pb_cta][\/et_pb_column][\/et_pb_row][et_pb_row column_structure=&#8221;3_5,2_5&#8243; make_equal=&#8221;on&#8221; custom_padding_last_edited=&#8221;on|phone&#8221; _builder_version=&#8221;4.27.4&#8243; _module_preset=&#8221;default&#8221; custom_padding=&#8221;0px||||false|false&#8221; custom_padding_tablet=&#8221;||||false|false&#8221; custom_padding_phone=&#8221;||||false|false&#8221; custom_css_main_element=&#8221;align-items:center;&#8221; global_colors_info=&#8221;{}&#8221;][et_pb_column type=&#8221;3_5&#8243; _builder_version=&#8221;4.27.4&#8243; _module_preset=&#8221;default&#8221; global_colors_info=&#8221;{}&#8221;][et_pb_cta title=&#8221;What Do We Offer?&#8221; _builder_version=&#8221;4.27.4&#8243; _module_preset=&#8221;6901f3ca-79ee-4bc9-89c0-9260de3a0578&#8243; header_font=&#8221;||||||||&#8221; custom_padding_tablet=&#8221;0px||0px||false|false&#8221; custom_padding_phone=&#8221;0px||0px||false|false&#8221; custom_padding_last_edited=&#8221;on|phone&#8221; global_colors_info=&#8221;{}&#8221;]<\/p>\n<ul>\n<li><strong>Basic Engineering<\/strong>: We study, analyze, and conceptualize the optimal technical solutions to ensure the viability of the project. This phase includes initial design, preliminary calculations, and the identification of necessary resources.<\/li>\n<li><strong>Detailed Engineering<\/strong>: We develop each technical aspect with precision, ensuring that all elements of the project are perfectly defined for efficient and seamless execution.<\/li>\n<\/ul>\n<p>[\/et_pb_cta][\/et_pb_column][et_pb_column type=&#8221;2_5&#8243; _builder_version=&#8221;4.27.4&#8243; _module_preset=&#8221;default&#8221; global_colors_info=&#8221;{}&#8221;][et_pb_image src=&#8221;https:\/\/steykmp.com\/wp-content\/uploads\/2025\/03\/07-Ingenieria-Basica-Bombilla-cerebral.jpg&#8221; alt=&#8221;Expediente CE &#8211; Sostenibilidad medioambiental&#8221; title_text=&#8221;Ingenier\u00eda B\u00e1sica &#8211; Bombilla cerebral&#8221; _builder_version=&#8221;4.27.4&#8243; _module_preset=&#8221;default&#8221; module_alignment=&#8221;right&#8221; global_colors_info=&#8221;{}&#8221;][\/et_pb_image][\/et_pb_column][\/et_pb_row][et_pb_row column_structure=&#8221;1_2,1_2&#8243; make_equal=&#8221;on&#8221; module_class=&#8221;reverse&#8221; _builder_version=&#8221;4.27.4&#8243; _module_preset=&#8221;default&#8221; custom_margin=&#8221;0px|auto||auto|false|false&#8221; custom_css_main_element=&#8221;align-items:center;&#8221; global_colors_info=&#8221;{}&#8221;][et_pb_column type=&#8221;1_2&#8243; _builder_version=&#8221;4.27.4&#8243; _module_preset=&#8221;default&#8221; global_colors_info=&#8221;{}&#8221;][et_pb_image src=&#8221;https:\/\/steykmp.com\/wp-content\/uploads\/2025\/03\/05-Ingenieria-Basica-equipo.jpg&#8221; alt=&#8221;Marcado CE&#8221; title_text=&#8221;Ingenier\u00eda B\u00e1sica &#8211; equip&#8221; _builder_version=&#8221;4.27.4&#8243; _module_preset=&#8221;default&#8221; module_alignment=&#8221;right&#8221; global_colors_info=&#8221;{}&#8221;][\/et_pb_image][\/et_pb_column][et_pb_column type=&#8221;1_2&#8243; _builder_version=&#8221;4.27.4&#8243; _module_preset=&#8221;default&#8221; global_colors_info=&#8221;{}&#8221;][et_pb_cta title=&#8221;Why Us?&#8221; _builder_version=&#8221;4.27.4&#8243; _module_preset=&#8221;6901f3ca-79ee-4bc9-89c0-9260de3a0578&#8243; global_colors_info=&#8221;{}&#8221;]<\/p>\n<ul>\n<li><strong>Multidisciplinary Team<\/strong>: Engineers, technicians, and specialists with extensive experience work in a coordinated manner to address each project challenge.<\/li>\n<li><strong>Adaptation to Your Needs<\/strong>: We work in a personalized way to adjust to the specifications and objectives of each client.<\/li>\n<li><strong>Peace of Mind and Confidence<\/strong>: With a consolidated methodology, we guarantee that each phase is developed with complete security and with the highest quality standards.<\/li>\n<\/ul>\n<p>[\/et_pb_cta][\/et_pb_column][\/et_pb_row][et_pb_row _builder_version=&#8221;4.27.4&#8243; _module_preset=&#8221;default&#8221; custom_padding=&#8221;0px||0px||false|false&#8221; locked=&#8221;off&#8221; global_colors_info=&#8221;{}&#8221;][et_pb_column type=&#8221;4_4&#8243; _builder_version=&#8221;4.27.4&#8243; _module_preset=&#8221;default&#8221; global_colors_info=&#8221;{}&#8221;][et_pb_cta _builder_version=&#8221;4.27.4&#8243; _module_preset=&#8221;1f7c8c46-dfbd-487a-a643-761bcd8931ac&#8221; custom_padding=&#8221;|0px|0px|0px|false|false&#8221; global_colors_info=&#8221;{}&#8221;]<\/p>\n<p>Trust us to carry out the engineering of your project with rigor, professionalism, and commitment. We transform ideas into concrete realities, optimizing resources and ensuring excellent results.<\/p>\n<p>[\/et_pb_cta][\/et_pb_column][\/et_pb_row][\/et_pb_section][et_pb_section fb_built=&#8221;1&#8243; _builder_version=&#8221;4.27.4&#8243; _module_preset=&#8221;default&#8221; background_color=&#8221;#d1d1d1&#8243; custom_padding=&#8221;40px||40px||true|&#8221; global_colors_info=&#8221;{}&#8221;][et_pb_row _builder_version=&#8221;4.27.4&#8243; _module_preset=&#8221;default&#8221; global_colors_info=&#8221;{}&#8221;][et_pb_column type=&#8221;4_4&#8243; _builder_version=&#8221;4.27.4&#8243; _module_preset=&#8221;default&#8221; global_colors_info=&#8221;{}&#8221;][et_pb_cta title=&#8221;Do you want to bring your project to life with complete peace of mind?&#8221; button_url=&#8221;https:\/\/steykmp.com\/en\/contact\/&#8221; button_text=&#8221;Contact&#8221; _builder_version=&#8221;4.27.4&#8243; _module_preset=&#8221;default&#8221; header_line_height=&#8221;1.2em&#8221; background_enable_color=&#8221;off&#8221; background_layout=&#8221;light&#8221; global_colors_info=&#8221;{}&#8221;]<\/p>\n<p>Contact us today and let our multidisciplinary team get to work for you.<\/p>\n<p>[\/et_pb_cta][\/et_pb_column][\/et_pb_row][\/et_pb_section]<\/p>\n","protected":false},"excerpt":{"rendered":"<p>At our company, we specialize in providing basic engineering and detailed engineering services, designed to meet the most demanding needs of our clients. With a highly qualified multidisciplinary team and extensive experience, we are the guarantee of trust for your project. Basic Engineering: We study, analyze, and conceptualize the optimal technical solutions to ensure the [&hellip;]<\/p>\n","protected":false},"author":1,"featured_media":0,"parent":0,"menu_order":0,"comment_status":"closed","ping_status":"closed","template":"","meta":{"_et_pb_use_builder":"on","_et_pb_old_content":"","_et_gb_content_width":"","footnotes":""},"class_list":["post-403279","page","type-page","status-publish","hentry"],"yoast_head":"<!-- This site is optimized with the Yoast SEO plugin v27.4 - https:\/\/yoast.com\/product\/yoast-seo-wordpress\/ -->\n<title>Basic and detailed engineering - Steyk<\/title>\n<meta name=\"robots\" content=\"index, follow, max-snippet:-1, max-image-preview:large, max-video-preview:-1\" \/>\n<link rel=\"canonical\" href=\"https:\/\/steykmp.com\/en\/basic-and-detailed-engineering\/\" \/>\n<meta property=\"og:locale\" content=\"en_US\" \/>\n<meta property=\"og:type\" content=\"article\" \/>\n<meta property=\"og:title\" content=\"Basic and detailed engineering - Steyk\" \/>\n<meta property=\"og:description\" content=\"At our company, we specialize in providing basic engineering and detailed engineering services, designed to meet the most demanding needs of our clients. With a highly qualified multidisciplinary team and extensive experience, we are the guarantee of trust for your project. Basic Engineering: We study, analyze, and conceptualize the optimal technical solutions to ensure the [&hellip;]\" \/>\n<meta property=\"og:url\" content=\"https:\/\/steykmp.com\/en\/basic-and-detailed-engineering\/\" \/>\n<meta property=\"og:site_name\" content=\"Steyk\" \/>\n<meta property=\"article:modified_time\" content=\"2025-04-03T08:24:14+00:00\" \/>\n<meta name=\"twitter:card\" content=\"summary_large_image\" \/>\n<meta name=\"twitter:label1\" content=\"Est. reading time\" \/>\n\t<meta name=\"twitter:data1\" content=\"5 minutes\" \/>\n<script type=\"application\/ld+json\" class=\"yoast-schema-graph\">{\"@context\":\"https:\\\/\\\/schema.org\",\"@graph\":[{\"@type\":\"WebPage\",\"@id\":\"https:\\\/\\\/steykmp.com\\\/en\\\/basic-and-detailed-engineering\\\/\",\"url\":\"https:\\\/\\\/steykmp.com\\\/en\\\/basic-and-detailed-engineering\\\/\",\"name\":\"Basic and detailed engineering - Steyk\",\"isPartOf\":{\"@id\":\"https:\\\/\\\/steykmp.com\\\/#website\"},\"datePublished\":\"2025-03-21T11:12:36+00:00\",\"dateModified\":\"2025-04-03T08:24:14+00:00\",\"breadcrumb\":{\"@id\":\"https:\\\/\\\/steykmp.com\\\/en\\\/basic-and-detailed-engineering\\\/#breadcrumb\"},\"inLanguage\":\"en-US\",\"potentialAction\":[{\"@type\":\"ReadAction\",\"target\":[\"https:\\\/\\\/steykmp.com\\\/en\\\/basic-and-detailed-engineering\\\/\"]}]},{\"@type\":\"BreadcrumbList\",\"@id\":\"https:\\\/\\\/steykmp.com\\\/en\\\/basic-and-detailed-engineering\\\/#breadcrumb\",\"itemListElement\":[{\"@type\":\"ListItem\",\"position\":1,\"name\":\"Inici\",\"item\":\"https:\\\/\\\/steykmp.com\\\/en\\\/home\\\/\"},{\"@type\":\"ListItem\",\"position\":2,\"name\":\"Basic and detailed engineering\"}]},{\"@type\":\"WebSite\",\"@id\":\"https:\\\/\\\/steykmp.com\\\/#website\",\"url\":\"https:\\\/\\\/steykmp.com\\\/\",\"name\":\"Steyk Enginyeria\",\"description\":\"Projectes d&#039;enginyeria claus en m\u00e0\",\"publisher\":{\"@id\":\"https:\\\/\\\/steykmp.com\\\/#organization\"},\"potentialAction\":[{\"@type\":\"SearchAction\",\"target\":{\"@type\":\"EntryPoint\",\"urlTemplate\":\"https:\\\/\\\/steykmp.com\\\/?s={search_term_string}\"},\"query-input\":{\"@type\":\"PropertyValueSpecification\",\"valueRequired\":true,\"valueName\":\"search_term_string\"}}],\"inLanguage\":\"en-US\"},{\"@type\":\"Organization\",\"@id\":\"https:\\\/\\\/steykmp.com\\\/#organization\",\"name\":\"Steyk\",\"url\":\"https:\\\/\\\/steykmp.com\\\/\",\"logo\":{\"@type\":\"ImageObject\",\"inLanguage\":\"en-US\",\"@id\":\"https:\\\/\\\/steykmp.com\\\/#\\\/schema\\\/logo\\\/image\\\/\",\"url\":\"https:\\\/\\\/steykmp.com\\\/wp-content\\\/uploads\\\/2025\\\/04\\\/Logo-Steyk-2025.jpg\",\"contentUrl\":\"https:\\\/\\\/steykmp.com\\\/wp-content\\\/uploads\\\/2025\\\/04\\\/Logo-Steyk-2025.jpg\",\"width\":665,\"height\":404,\"caption\":\"Steyk\"},\"image\":{\"@id\":\"https:\\\/\\\/steykmp.com\\\/#\\\/schema\\\/logo\\\/image\\\/\"}}]}<\/script>\n<!-- \/ Yoast SEO plugin. -->","yoast_head_json":{"title":"Basic and detailed engineering - Steyk","robots":{"index":"index","follow":"follow","max-snippet":"max-snippet:-1","max-image-preview":"max-image-preview:large","max-video-preview":"max-video-preview:-1"},"canonical":"https:\/\/steykmp.com\/en\/basic-and-detailed-engineering\/","og_locale":"en_US","og_type":"article","og_title":"Basic and detailed engineering - Steyk","og_description":"At our company, we specialize in providing basic engineering and detailed engineering services, designed to meet the most demanding needs of our clients. With a highly qualified multidisciplinary team and extensive experience, we are the guarantee of trust for your project. Basic Engineering: We study, analyze, and conceptualize the optimal technical solutions to ensure the [&hellip;]","og_url":"https:\/\/steykmp.com\/en\/basic-and-detailed-engineering\/","og_site_name":"Steyk","article_modified_time":"2025-04-03T08:24:14+00:00","twitter_card":"summary_large_image","twitter_misc":{"Est. reading time":"5 minutes"},"schema":{"@context":"https:\/\/schema.org","@graph":[{"@type":"WebPage","@id":"https:\/\/steykmp.com\/en\/basic-and-detailed-engineering\/","url":"https:\/\/steykmp.com\/en\/basic-and-detailed-engineering\/","name":"Basic and detailed engineering - Steyk","isPartOf":{"@id":"https:\/\/steykmp.com\/#website"},"datePublished":"2025-03-21T11:12:36+00:00","dateModified":"2025-04-03T08:24:14+00:00","breadcrumb":{"@id":"https:\/\/steykmp.com\/en\/basic-and-detailed-engineering\/#breadcrumb"},"inLanguage":"en-US","potentialAction":[{"@type":"ReadAction","target":["https:\/\/steykmp.com\/en\/basic-and-detailed-engineering\/"]}]},{"@type":"BreadcrumbList","@id":"https:\/\/steykmp.com\/en\/basic-and-detailed-engineering\/#breadcrumb","itemListElement":[{"@type":"ListItem","position":1,"name":"Inici","item":"https:\/\/steykmp.com\/en\/home\/"},{"@type":"ListItem","position":2,"name":"Basic and detailed engineering"}]},{"@type":"WebSite","@id":"https:\/\/steykmp.com\/#website","url":"https:\/\/steykmp.com\/","name":"Steyk Enginyeria","description":"Projectes d&#039;enginyeria claus en m\u00e0","publisher":{"@id":"https:\/\/steykmp.com\/#organization"},"potentialAction":[{"@type":"SearchAction","target":{"@type":"EntryPoint","urlTemplate":"https:\/\/steykmp.com\/?s={search_term_string}"},"query-input":{"@type":"PropertyValueSpecification","valueRequired":true,"valueName":"search_term_string"}}],"inLanguage":"en-US"},{"@type":"Organization","@id":"https:\/\/steykmp.com\/#organization","name":"Steyk","url":"https:\/\/steykmp.com\/","logo":{"@type":"ImageObject","inLanguage":"en-US","@id":"https:\/\/steykmp.com\/#\/schema\/logo\/image\/","url":"https:\/\/steykmp.com\/wp-content\/uploads\/2025\/04\/Logo-Steyk-2025.jpg","contentUrl":"https:\/\/steykmp.com\/wp-content\/uploads\/2025\/04\/Logo-Steyk-2025.jpg","width":665,"height":404,"caption":"Steyk"},"image":{"@id":"https:\/\/steykmp.com\/#\/schema\/logo\/image\/"}}]}},"_links":{"self":[{"href":"https:\/\/steykmp.com\/en\/wp-json\/wp\/v2\/pages\/403279","targetHints":{"allow":["GET"]}}],"collection":[{"href":"https:\/\/steykmp.com\/en\/wp-json\/wp\/v2\/pages"}],"about":[{"href":"https:\/\/steykmp.com\/en\/wp-json\/wp\/v2\/types\/page"}],"author":[{"embeddable":true,"href":"https:\/\/steykmp.com\/en\/wp-json\/wp\/v2\/users\/1"}],"replies":[{"embeddable":true,"href":"https:\/\/steykmp.com\/en\/wp-json\/wp\/v2\/comments?post=403279"}],"version-history":[{"count":5,"href":"https:\/\/steykmp.com\/en\/wp-json\/wp\/v2\/pages\/403279\/revisions"}],"predecessor-version":[{"id":403719,"href":"https:\/\/steykmp.com\/en\/wp-json\/wp\/v2\/pages\/403279\/revisions\/403719"}],"wp:attachment":[{"href":"https:\/\/steykmp.com\/en\/wp-json\/wp\/v2\/media?parent=403279"}],"curies":[{"name":"wp","href":"https:\/\/api.w.org\/{rel}","templated":true}]}}