{"id":403143,"date":"2025-03-12T09:56:48","date_gmt":"2025-03-12T09:56:48","guid":{"rendered":"https:\/\/steykmp.com\/index.php\/calculos-y-disenos-estructurales\/nudos-complejos\/"},"modified":"2025-03-31T10:44:04","modified_gmt":"2025-03-31T10:44:04","slug":"nudos-complejos","status":"publish","type":"page","link":"https:\/\/steykmp.com\/es\/calculos-y-disenos-estructurales\/nudos-complejos\/","title":{"rendered":"Nudos Complejos"},"content":{"rendered":"<p>[et_pb_section fb_built=\u00bb1&#8243; custom_padding_last_edited=\u00bbon|phone\u00bb _builder_version=\u00bb4.27.4&#8243; _module_preset=\u00bbdefault\u00bb custom_margin=\u00bb-90px||||false|false\u00bb custom_margin_tablet=\u00bb0px||||false|false\u00bb custom_margin_phone=\u00bb0px||||false|false\u00bb custom_margin_last_edited=\u00bbon|phone\u00bb custom_padding=\u00bb3px||0px||false|false\u00bb custom_padding_tablet=\u00bb0px||||false|false\u00bb custom_padding_phone=\u00bb0px||||false|false\u00bb global_colors_info=\u00bb{}\u00bb][et_pb_row _builder_version=\u00bb4.27.4&#8243; _module_preset=\u00bbdefault\u00bb width=\u00bb100%\u00bb max_width=\u00bb100%\u00bb custom_padding=\u00bb3px|||||\u00bb global_colors_info=\u00bb{}\u00bb][et_pb_column type=\u00bb4_4&#8243; _builder_version=\u00bb4.27.4&#8243; _module_preset=\u00bbdefault\u00bb global_colors_info=\u00bb{}\u00bb][et_pb_slider use_bg_overlay=\u00bbon\u00bb _builder_version=\u00bb4.27.4&#8243; _module_preset=\u00bbdefault\u00bb global_colors_info=\u00bb{}\u00bb][et_pb_slide heading=\u00bbNudos Complejos\u00bb _builder_version=\u00bb4.27.4&#8243; _module_preset=\u00bbdefault\u00bb background_image=\u00bbhttps:\/\/steykmp.com\/wp-content\/uploads\/2025\/03\/10-Nudos-estructura-marcador-estadio.jpg\u00bb background_enable_image=\u00bbon\u00bb global_colors_info=\u00bb{}\u00bb sticky_transition=\u00bbon\u00bb][\/et_pb_slide][\/et_pb_slider][\/et_pb_column][\/et_pb_row][\/et_pb_section][et_pb_section fb_built=\u00bb1&#8243; custom_padding_last_edited=\u00bbon|phone\u00bb _builder_version=\u00bb4.27.4&#8243; _module_preset=\u00bbdefault\u00bb custom_margin=\u00bb0px||||false|false\u00bb custom_padding=\u00bb40px||40px||true|false\u00bb custom_padding_tablet=\u00bb20px||40px||false|false\u00bb custom_padding_phone=\u00bb20px||40px||false|false\u00bb global_colors_info=\u00bb{}\u00bb][et_pb_row column_structure=\u00bb2_5,3_5&#8243; make_equal=\u00bbon\u00bb module_class=\u00bbreverse\u00bb _builder_version=\u00bb4.27.4&#8243; _module_preset=\u00bbdefault\u00bb custom_margin=\u00bb0px|auto||auto|false|false\u00bb custom_css_main_element=\u00bbalign-items:center;\u00bb global_colors_info=\u00bb{}\u00bb][et_pb_column type=\u00bb2_5&#8243; _builder_version=\u00bb4.27.4&#8243; _module_preset=\u00bbdefault\u00bb global_colors_info=\u00bb{}\u00bb][et_pb_image src=\u00bbhttps:\/\/steykmp.com\/wp-content\/uploads\/2025\/03\/05-Nudos-Complejos.jpg\u00bb alt=\u00bbNudos Complejos\u00bb title_text=\u00bbNudos Complejos\u00bb _builder_version=\u00bb4.27.4&#8243; _module_preset=\u00bbdefault\u00bb module_alignment=\u00bbright\u00bb global_colors_info=\u00bb{}\u00bb][\/et_pb_image][\/et_pb_column][et_pb_column type=\u00bb3_5&#8243; _builder_version=\u00bb4.27.4&#8243; _module_preset=\u00bbdefault\u00bb global_colors_info=\u00bb{}\u00bb][et_pb_cta title=\u00bbEstudio Particularizado de Nudos en Estructuras Met\u00e1licas: Precisi\u00f3n y Fiabilidad\u00bb _builder_version=\u00bb4.27.4&#8243; _module_preset=\u00bb6901f3ca-79ee-4bc9-89c0-9260de3a0578&#8243; custom_padding_tablet=\u00bb0px||||false|false\u00bb custom_padding_phone=\u00bb0px||||false|false\u00bb custom_padding_last_edited=\u00bbon|tablet\u00bb global_colors_info=\u00bb{}\u00bb]<\/p>\n<p>Nuestro servicio de definici\u00f3n y c\u00e1lculo de nudos en estructuras met\u00e1licas est\u00e1 orientado a ofrecer soluciones t\u00e9cnicas avanzadas, incluso para los dise\u00f1os m\u00e1s complejos y exigentes. Gracias a nuestra experiencia y al uso de tecnolog\u00eda de vanguardia, somos capaces de definir y calcular cualquier tipo de nudo, garantizando resultados \u00f3ptimos en t\u00e9rminos de resistencia, seguridad y funcionalidad.<\/p>\n<p>[\/et_pb_cta][\/et_pb_column][\/et_pb_row][et_pb_row column_structure=\u00bb3_5,2_5&#8243; make_equal=\u00bbon\u00bb _builder_version=\u00bb4.27.4&#8243; _module_preset=\u00bbdefault\u00bb custom_padding=\u00bb0px||0px||false|false\u00bb custom_css_main_element=\u00bbalign-items:center;\u00bb global_colors_info=\u00bb{}\u00bb][et_pb_column type=\u00bb3_5&#8243; _builder_version=\u00bb4.27.4&#8243; _module_preset=\u00bbdefault\u00bb global_colors_info=\u00bb{}\u00bb][et_pb_cta title=\u00bbTecnolog\u00eda avanzada para los c\u00e1lculos m\u00e1s exigentes\u00bb _builder_version=\u00bb4.27.4&#8243; _module_preset=\u00bb6901f3ca-79ee-4bc9-89c0-9260de3a0578&#8243; global_colors_info=\u00bb{}\u00bb]El secreto de nuestro \u00e9xito radica en el uso de an\u00e1lisis con elementos finitos por ordenador, una t\u00e9cnica que nos permite simular y estudiar el comportamiento de los nudos bajo diversas condiciones de carga. Esto nos asegura que, independientemente de su complejidad:<br \/>\n&nbsp;<\/p>\n<ul>\n<li><strong>Ning\u00fan dise\u00f1o es demasiado desalineado o complicado<\/strong>: Estamos preparados para afrontar desde nudos simples hasta configuraciones altamente sofisticadas.<\/li>\n<li><strong>Trabajamos con cualquier tipo de perfil:<\/strong> Sean perfiles IPE, HEA, UPN, tubulares o configuraciones especiales, nuestros c\u00e1lculos garantizan una soluci\u00f3n robusta y eficiente.<\/li>\n<li><strong>Adaptaci\u00f3n a cualquier sistema de uni\u00f3n<\/strong>: Analizamos y optimizamos nudos con uniones soldadas, atornilladas o combinadas, siempre siguiendo las normativas m\u00e1s estrictas.<\/li>\n<\/ul>\n<p>[\/et_pb_cta][\/et_pb_column][et_pb_column type=\u00bb2_5&#8243; _builder_version=\u00bb4.27.4&#8243; _module_preset=\u00bbdefault\u00bb global_colors_info=\u00bb{}\u00bb][et_pb_image src=\u00bbhttps:\/\/steykmp.com\/wp-content\/uploads\/2025\/03\/06-Nudos-complejos-1.jpg\u00bb alt=\u00bbNudos Complejos\u00bb title_text=\u00bb06 Nudos complejos (1)\u00bb _builder_version=\u00bb4.27.4&#8243; _module_preset=\u00bbdefault\u00bb module_alignment=\u00bbright\u00bb global_colors_info=\u00bb{}\u00bb][\/et_pb_image][\/et_pb_column][\/et_pb_row][et_pb_row column_structure=\u00bb2_5,3_5&#8243; module_class=\u00bbreverse\u00bb _builder_version=\u00bb4.27.4&#8243; _module_preset=\u00bbdefault\u00bb global_colors_info=\u00bb{}\u00bb][et_pb_column type=\u00bb2_5&#8243; _builder_version=\u00bb4.27.4&#8243; _module_preset=\u00bbdefault\u00bb global_colors_info=\u00bb{}\u00bb][et_pb_image src=\u00bbhttps:\/\/steykmp.com\/wp-content\/uploads\/2025\/03\/07-Nudos-complejos.jpg\u00bb alt=\u00bbASME\u00bb title_text=\u00bb07 Nudos complejos\u00bb _builder_version=\u00bb4.27.4&#8243; _module_preset=\u00bbdefault\u00bb module_alignment=\u00bbright\u00bb global_colors_info=\u00bb{}\u00bb][\/et_pb_image][\/et_pb_column][et_pb_column type=\u00bb3_5&#8243; _builder_version=\u00bb4.27.4&#8243; _module_preset=\u00bbdefault\u00bb global_colors_info=\u00bb{}\u00bb][et_pb_cta title=\u00bb\u00bfPor qu\u00e9 confiar en nosotros?\u00bb button_text=\u00bbClick Here\u00bb _builder_version=\u00bb4.27.4&#8243; _module_preset=\u00bb6901f3ca-79ee-4bc9-89c0-9260de3a0578&#8243; header_font=\u00bb||||||||\u00bb global_colors_info=\u00bb{}\u00bb]<\/p>\n<ul>\n<li><strong>Rigor t\u00e9cnico<\/strong>: Cada proyecto es abordado con un enfoque detallado, garantizando que todas las variables son consideradas y resueltas con precisi\u00f3n.<\/li>\n<li><strong>Fiabilidad comprobada<\/strong>: Nuestra experiencia en la definici\u00f3n y c\u00e1lculo de nudos nos permite ofrecer soluciones seguras y adaptadas a cada necesidad.<\/li>\n<li><strong>Tecnolog\u00eda innovadora<\/strong> : El uso de herramientas avanzadas como el an\u00e1lisis por elementos finitos nos permite anticiparnos a los posibles puntos d\u00e9biles y asegurar un dise\u00f1o \u00f3ptimo.<\/li>\n<li><strong>Adaptabilidad total<\/strong>: Nos adaptamos a las necesidades espec\u00edficas de cada proyecto, ofreciendo soluciones personalizadas para cualquier tipo de estructura met\u00e1lica.<\/li>\n<\/ul>\n<p>[\/et_pb_cta][\/et_pb_column][\/et_pb_row][et_pb_row make_equal=\u00bbon\u00bb _builder_version=\u00bb4.27.4&#8243; _module_preset=\u00bbdefault\u00bb custom_padding=\u00bb0px||0px||false|false\u00bb custom_css_main_element=\u00bbalign-items:center;\u00bb global_colors_info=\u00bb{}\u00bb][et_pb_column type=\u00bb4_4&#8243; _builder_version=\u00bb4.27.4&#8243; _module_preset=\u00bbdefault\u00bb global_colors_info=\u00bb{}\u00bb][et_pb_cta title=\u00bbLos beneficios de nuestro servicio\u00bb _builder_version=\u00bb4.27.4&#8243; _module_preset=\u00bb1f7c8c46-dfbd-487a-a643-761bcd8931ac\u00bb global_colors_info=\u00bb{}\u00bb]<\/p>\n<p>Con nuestro servicio de definici\u00f3n y c\u00e1lculo de nudos, nuestros clientes obtienen: <\/p>\n<ul>\n<li><strong>Seguridad y tranquilidad<\/strong>: Cada nudo est\u00e1 dise\u00f1ado para resistir las cargas previstas con un amplio margen de seguridad.<\/li>\n<li><strong>Eficiencia estructural<\/strong>: Nuestras soluciones minimizan el peso y el costo sin comprometer la funcionalidad ni la durabilidad.<\/li>\n<li><strong>Cumplimiento normativo:<\/strong> Todos nuestros dise\u00f1os y c\u00e1lculos se ajustan a las normativas europeas e internacionales m\u00e1s exigentes.<\/li>\n<\/ul>\n<p>[\/et_pb_cta][\/et_pb_column][\/et_pb_row][et_pb_row column_structure=\u00bb2_5,3_5&#8243; make_equal=\u00bbon\u00bb _builder_version=\u00bb4.27.4&#8243; _module_preset=\u00bbdefault\u00bb custom_css_main_element=\u00bbalign-items:center;\u00bb global_colors_info=\u00bb{}\u00bb][et_pb_column type=\u00bb2_5&#8243; _builder_version=\u00bb4.27.4&#8243; _module_preset=\u00bbdefault\u00bb global_colors_info=\u00bb{}\u00bb][et_pb_image src=\u00bbhttps:\/\/steykmp.com\/wp-content\/uploads\/2025\/03\/09-Nudos-complejos-2D-scaled.jpg\u00bb alt=\u00bbNudos Complejos\u00bb title_text=\u00bbNudos Complejos\u00bb show_in_lightbox=\u00bbon\u00bb _builder_version=\u00bb4.27.4&#8243; _module_preset=\u00bbdefault\u00bb global_colors_info=\u00bb{}\u00bb][\/et_pb_image][\/et_pb_column][et_pb_column type=\u00bb3_5&#8243; _builder_version=\u00bb4.27.4&#8243; _module_preset=\u00bbdefault\u00bb global_colors_info=\u00bb{}\u00bb][et_pb_image src=\u00bbhttps:\/\/steykmp.com\/wp-content\/uploads\/2025\/03\/08-Nudos-complejos-2D-scaled.jpg\u00bb alt=\u00bbSeguridad legal y operativa: Garantizamos que los equipos y estructuras cumplen con las normativas aplicables, protegiendo personas, instalaciones e inversiones.<br \/>\n\u00bb title_text=\u00bb08 Nudos complejos 2D\u00bb show_in_lightbox=\u00bbon\u00bb _builder_version=\u00bb4.27.4&#8243; _module_preset=\u00bbdefault\u00bb global_colors_info=\u00bb{}\u00bb][\/et_pb_image][\/et_pb_column][\/et_pb_row][\/et_pb_section][et_pb_section fb_built=\u00bb1&#8243; _builder_version=\u00bb4.27.4&#8243; _module_preset=\u00bbdefault\u00bb background_color=\u00bb#d1d1d1&#8243; custom_padding=\u00bb40px||40px||true|\u00bb global_colors_info=\u00bb{}\u00bb][et_pb_row _builder_version=\u00bb4.27.4&#8243; _module_preset=\u00bbdefault\u00bb global_colors_info=\u00bb{}\u00bb][et_pb_column type=\u00bb4_4&#8243; _builder_version=\u00bb4.27.4&#8243; _module_preset=\u00bbdefault\u00bb global_colors_info=\u00bb{}\u00bb][et_pb_cta title=\u00bb\u00bfTiene un proyecto con nudos estructurales complejos?\u00bb button_url=\u00bbhttps:\/\/steykmp.com\/es\/contacto\/\u00bb button_text=\u00bbContacto\u00bb _builder_version=\u00bb4.27.4&#8243; _module_preset=\u00bbdefault\u00bb header_line_height=\u00bb1.2em\u00bb background_enable_color=\u00bboff\u00bb background_layout=\u00bblight\u00bb hover_enabled=\u00bb0&#8243; global_colors_info=\u00bb{}\u00bb sticky_enabled=\u00bb0&#8243;]<\/p>\n<p>Contacte con nosotros y descubra c\u00f3mo nuestra experiencia y tecnolog\u00eda pueden ofrecerle soluciones seguras y precisas, adaptadas a las necesidades m\u00e1s espec\u00edficas.<\/p>\n<p>[\/et_pb_cta][\/et_pb_column][\/et_pb_row][\/et_pb_section]<\/p>\n","protected":false},"excerpt":{"rendered":"<p>Nuestro servicio de definici\u00f3n y c\u00e1lculo de nudos en estructuras met\u00e1licas est\u00e1 orientado a ofrecer soluciones t\u00e9cnicas avanzadas, incluso para los dise\u00f1os m\u00e1s complejos y exigentes. Gracias a nuestra experiencia y al uso de tecnolog\u00eda de vanguardia, somos capaces de definir y calcular cualquier tipo de nudo, garantizando resultados \u00f3ptimos en t\u00e9rminos de resistencia, seguridad [&hellip;]<\/p>\n","protected":false},"author":1,"featured_media":0,"parent":403131,"menu_order":0,"comment_status":"closed","ping_status":"closed","template":"","meta":{"_et_pb_use_builder":"on","_et_pb_old_content":"","_et_gb_content_width":"","footnotes":""},"class_list":["post-403143","page","type-page","status-publish","hentry"],"yoast_head":"<!-- This site is optimized with the Yoast SEO plugin v27.4 - https:\/\/yoast.com\/product\/yoast-seo-wordpress\/ -->\n<title>Nudos Complejos - Steyk<\/title>\n<meta name=\"robots\" content=\"index, follow, max-snippet:-1, max-image-preview:large, max-video-preview:-1\" \/>\n<link rel=\"canonical\" href=\"https:\/\/steykmp.com\/es\/calculos-y-disenos-estructurales\/nudos-complejos\/\" \/>\n<meta property=\"og:locale\" content=\"es_ES\" \/>\n<meta property=\"og:type\" content=\"article\" \/>\n<meta property=\"og:title\" content=\"Nudos Complejos - Steyk\" \/>\n<meta property=\"og:description\" content=\"Nuestro servicio de definici\u00f3n y c\u00e1lculo de nudos en estructuras met\u00e1licas est\u00e1 orientado a ofrecer soluciones t\u00e9cnicas avanzadas, incluso para los dise\u00f1os m\u00e1s complejos y exigentes. Gracias a nuestra experiencia y al uso de tecnolog\u00eda de vanguardia, somos capaces de definir y calcular cualquier tipo de nudo, garantizando resultados \u00f3ptimos en t\u00e9rminos de resistencia, seguridad [&hellip;]\" \/>\n<meta property=\"og:url\" content=\"https:\/\/steykmp.com\/es\/calculos-y-disenos-estructurales\/nudos-complejos\/\" \/>\n<meta property=\"og:site_name\" content=\"Steyk\" \/>\n<meta property=\"article:modified_time\" content=\"2025-03-31T10:44:04+00:00\" \/>\n<meta name=\"twitter:card\" content=\"summary_large_image\" \/>\n<meta name=\"twitter:label1\" content=\"Tiempo de lectura\" \/>\n\t<meta name=\"twitter:data1\" content=\"6 minutos\" \/>\n<script type=\"application\/ld+json\" class=\"yoast-schema-graph\">{\"@context\":\"https:\\\/\\\/schema.org\",\"@graph\":[{\"@type\":\"WebPage\",\"@id\":\"https:\\\/\\\/steykmp.com\\\/es\\\/calculos-y-disenos-estructurales\\\/nudos-complejos\\\/\",\"url\":\"https:\\\/\\\/steykmp.com\\\/es\\\/calculos-y-disenos-estructurales\\\/nudos-complejos\\\/\",\"name\":\"Nudos Complejos - Steyk\",\"isPartOf\":{\"@id\":\"https:\\\/\\\/steykmp.com\\\/#website\"},\"datePublished\":\"2025-03-12T09:56:48+00:00\",\"dateModified\":\"2025-03-31T10:44:04+00:00\",\"breadcrumb\":{\"@id\":\"https:\\\/\\\/steykmp.com\\\/es\\\/calculos-y-disenos-estructurales\\\/nudos-complejos\\\/#breadcrumb\"},\"inLanguage\":\"es\",\"potentialAction\":[{\"@type\":\"ReadAction\",\"target\":[\"https:\\\/\\\/steykmp.com\\\/es\\\/calculos-y-disenos-estructurales\\\/nudos-complejos\\\/\"]}]},{\"@type\":\"BreadcrumbList\",\"@id\":\"https:\\\/\\\/steykmp.com\\\/es\\\/calculos-y-disenos-estructurales\\\/nudos-complejos\\\/#breadcrumb\",\"itemListElement\":[{\"@type\":\"ListItem\",\"position\":1,\"name\":\"Inici\",\"item\":\"https:\\\/\\\/steykmp.com\\\/es\\\/inicio\\\/\"},{\"@type\":\"ListItem\",\"position\":2,\"name\":\"C\u00e1lculos y dise\u00f1os estructurales\",\"item\":\"https:\\\/\\\/steykmp.com\\\/es\\\/calculos-y-disenos-estructurales\\\/\"},{\"@type\":\"ListItem\",\"position\":3,\"name\":\"Nudos Complejos\"}]},{\"@type\":\"WebSite\",\"@id\":\"https:\\\/\\\/steykmp.com\\\/#website\",\"url\":\"https:\\\/\\\/steykmp.com\\\/\",\"name\":\"Steyk Enginyeria\",\"description\":\"Projectes d&#039;enginyeria claus en m\u00e0\",\"publisher\":{\"@id\":\"https:\\\/\\\/steykmp.com\\\/#organization\"},\"potentialAction\":[{\"@type\":\"SearchAction\",\"target\":{\"@type\":\"EntryPoint\",\"urlTemplate\":\"https:\\\/\\\/steykmp.com\\\/?s={search_term_string}\"},\"query-input\":{\"@type\":\"PropertyValueSpecification\",\"valueRequired\":true,\"valueName\":\"search_term_string\"}}],\"inLanguage\":\"es\"},{\"@type\":\"Organization\",\"@id\":\"https:\\\/\\\/steykmp.com\\\/#organization\",\"name\":\"Steyk\",\"url\":\"https:\\\/\\\/steykmp.com\\\/\",\"logo\":{\"@type\":\"ImageObject\",\"inLanguage\":\"es\",\"@id\":\"https:\\\/\\\/steykmp.com\\\/#\\\/schema\\\/logo\\\/image\\\/\",\"url\":\"https:\\\/\\\/steykmp.com\\\/wp-content\\\/uploads\\\/2025\\\/04\\\/Logo-Steyk-2025.jpg\",\"contentUrl\":\"https:\\\/\\\/steykmp.com\\\/wp-content\\\/uploads\\\/2025\\\/04\\\/Logo-Steyk-2025.jpg\",\"width\":665,\"height\":404,\"caption\":\"Steyk\"},\"image\":{\"@id\":\"https:\\\/\\\/steykmp.com\\\/#\\\/schema\\\/logo\\\/image\\\/\"}}]}<\/script>\n<!-- \/ Yoast SEO plugin. -->","yoast_head_json":{"title":"Nudos Complejos - Steyk","robots":{"index":"index","follow":"follow","max-snippet":"max-snippet:-1","max-image-preview":"max-image-preview:large","max-video-preview":"max-video-preview:-1"},"canonical":"https:\/\/steykmp.com\/es\/calculos-y-disenos-estructurales\/nudos-complejos\/","og_locale":"es_ES","og_type":"article","og_title":"Nudos Complejos - Steyk","og_description":"Nuestro servicio de definici\u00f3n y c\u00e1lculo de nudos en estructuras met\u00e1licas est\u00e1 orientado a ofrecer soluciones t\u00e9cnicas avanzadas, incluso para los dise\u00f1os m\u00e1s complejos y exigentes. Gracias a nuestra experiencia y al uso de tecnolog\u00eda de vanguardia, somos capaces de definir y calcular cualquier tipo de nudo, garantizando resultados \u00f3ptimos en t\u00e9rminos de resistencia, seguridad [&hellip;]","og_url":"https:\/\/steykmp.com\/es\/calculos-y-disenos-estructurales\/nudos-complejos\/","og_site_name":"Steyk","article_modified_time":"2025-03-31T10:44:04+00:00","twitter_card":"summary_large_image","twitter_misc":{"Tiempo de lectura":"6 minutos"},"schema":{"@context":"https:\/\/schema.org","@graph":[{"@type":"WebPage","@id":"https:\/\/steykmp.com\/es\/calculos-y-disenos-estructurales\/nudos-complejos\/","url":"https:\/\/steykmp.com\/es\/calculos-y-disenos-estructurales\/nudos-complejos\/","name":"Nudos Complejos - Steyk","isPartOf":{"@id":"https:\/\/steykmp.com\/#website"},"datePublished":"2025-03-12T09:56:48+00:00","dateModified":"2025-03-31T10:44:04+00:00","breadcrumb":{"@id":"https:\/\/steykmp.com\/es\/calculos-y-disenos-estructurales\/nudos-complejos\/#breadcrumb"},"inLanguage":"es","potentialAction":[{"@type":"ReadAction","target":["https:\/\/steykmp.com\/es\/calculos-y-disenos-estructurales\/nudos-complejos\/"]}]},{"@type":"BreadcrumbList","@id":"https:\/\/steykmp.com\/es\/calculos-y-disenos-estructurales\/nudos-complejos\/#breadcrumb","itemListElement":[{"@type":"ListItem","position":1,"name":"Inici","item":"https:\/\/steykmp.com\/es\/inicio\/"},{"@type":"ListItem","position":2,"name":"C\u00e1lculos y dise\u00f1os estructurales","item":"https:\/\/steykmp.com\/es\/calculos-y-disenos-estructurales\/"},{"@type":"ListItem","position":3,"name":"Nudos Complejos"}]},{"@type":"WebSite","@id":"https:\/\/steykmp.com\/#website","url":"https:\/\/steykmp.com\/","name":"Steyk Enginyeria","description":"Projectes d&#039;enginyeria claus en m\u00e0","publisher":{"@id":"https:\/\/steykmp.com\/#organization"},"potentialAction":[{"@type":"SearchAction","target":{"@type":"EntryPoint","urlTemplate":"https:\/\/steykmp.com\/?s={search_term_string}"},"query-input":{"@type":"PropertyValueSpecification","valueRequired":true,"valueName":"search_term_string"}}],"inLanguage":"es"},{"@type":"Organization","@id":"https:\/\/steykmp.com\/#organization","name":"Steyk","url":"https:\/\/steykmp.com\/","logo":{"@type":"ImageObject","inLanguage":"es","@id":"https:\/\/steykmp.com\/#\/schema\/logo\/image\/","url":"https:\/\/steykmp.com\/wp-content\/uploads\/2025\/04\/Logo-Steyk-2025.jpg","contentUrl":"https:\/\/steykmp.com\/wp-content\/uploads\/2025\/04\/Logo-Steyk-2025.jpg","width":665,"height":404,"caption":"Steyk"},"image":{"@id":"https:\/\/steykmp.com\/#\/schema\/logo\/image\/"}}]}},"_links":{"self":[{"href":"https:\/\/steykmp.com\/es\/wp-json\/wp\/v2\/pages\/403143","targetHints":{"allow":["GET"]}}],"collection":[{"href":"https:\/\/steykmp.com\/es\/wp-json\/wp\/v2\/pages"}],"about":[{"href":"https:\/\/steykmp.com\/es\/wp-json\/wp\/v2\/types\/page"}],"author":[{"embeddable":true,"href":"https:\/\/steykmp.com\/es\/wp-json\/wp\/v2\/users\/1"}],"replies":[{"embeddable":true,"href":"https:\/\/steykmp.com\/es\/wp-json\/wp\/v2\/comments?post=403143"}],"version-history":[{"count":7,"href":"https:\/\/steykmp.com\/es\/wp-json\/wp\/v2\/pages\/403143\/revisions"}],"predecessor-version":[{"id":403522,"href":"https:\/\/steykmp.com\/es\/wp-json\/wp\/v2\/pages\/403143\/revisions\/403522"}],"up":[{"embeddable":true,"href":"https:\/\/steykmp.com\/es\/wp-json\/wp\/v2\/pages\/403131"}],"wp:attachment":[{"href":"https:\/\/steykmp.com\/es\/wp-json\/wp\/v2\/media?parent=403143"}],"curies":[{"name":"wp","href":"https:\/\/api.w.org\/{rel}","templated":true}]}}