{"id":403152,"date":"2025-03-24T10:05:51","date_gmt":"2025-03-24T10:05:51","guid":{"rendered":"https:\/\/steykmp.com\/index.php\/direccion-y-coordinacion-de-proyectos\/"},"modified":"2025-03-31T10:47:51","modified_gmt":"2025-03-31T10:47:51","slug":"direccion-y-coordinacion-de-proyectos","status":"publish","type":"page","link":"https:\/\/steykmp.com\/es\/direccion-y-coordinacion-de-proyectos\/","title":{"rendered":"Direcci\u00f3n y coordinaci\u00f3n de Proyectos"},"content":{"rendered":"<p>[et_pb_section fb_built=\u00bb1&#8243; custom_padding_last_edited=\u00bbon|phone\u00bb _builder_version=\u00bb4.27.4&#8243; _module_preset=\u00bbdefault\u00bb custom_margin=\u00bb-90px||||false|false\u00bb custom_margin_tablet=\u00bb0px||||false|false\u00bb custom_margin_phone=\u00bb0px||||false|false\u00bb custom_margin_last_edited=\u00bbon|phone\u00bb custom_padding=\u00bb3px||0px||false|false\u00bb custom_padding_tablet=\u00bb0px||||false|false\u00bb custom_padding_phone=\u00bb0px||||false|false\u00bb global_colors_info=\u00bb{}\u00bb][et_pb_row _builder_version=\u00bb4.27.4&#8243; _module_preset=\u00bbdefault\u00bb width=\u00bb100%\u00bb max_width=\u00bb100%\u00bb custom_padding=\u00bb3px|||||\u00bb global_colors_info=\u00bb{}\u00bb][et_pb_column type=\u00bb4_4&#8243; _builder_version=\u00bb4.27.4&#8243; _module_preset=\u00bbdefault\u00bb global_colors_info=\u00bb{}\u00bb][et_pb_slider use_bg_overlay=\u00bbon\u00bb _builder_version=\u00bb4.27.4&#8243; _module_preset=\u00bbdefault\u00bb global_colors_info=\u00bb{}\u00bb][et_pb_slide heading=\u00bbDirecci\u00f3n y coordinaci\u00f3n de Proyectos \u00bb _builder_version=\u00bb4.27.4&#8243; _module_preset=\u00bbdefault\u00bb background_image=\u00bbhttps:\/\/steykmp.com\/wp-content\/uploads\/2025\/03\/33-Direccion-y-coordinacion.jpg\u00bb background_enable_image=\u00bbon\u00bb background_enable_video_mp4=\u00bboff\u00bb global_colors_info=\u00bb{}\u00bb sticky_transition=\u00bbon\u00bb][\/et_pb_slide][\/et_pb_slider][\/et_pb_column][\/et_pb_row][\/et_pb_section][et_pb_section fb_built=\u00bb1&#8243; custom_padding_last_edited=\u00bbon|phone\u00bb _builder_version=\u00bb4.27.4&#8243; _module_preset=\u00bbdefault\u00bb custom_margin=\u00bb0px||||false|false\u00bb custom_padding=\u00bb40px||40px||true|false\u00bb custom_padding_tablet=\u00bb20px||40px||false|false\u00bb custom_padding_phone=\u00bb20px||40px||false|false\u00bb global_colors_info=\u00bb{}\u00bb][et_pb_row column_structure=\u00bb2_5,3_5&#8243; make_equal=\u00bbon\u00bb module_class=\u00bbreverse\u00bb _builder_version=\u00bb4.27.4&#8243; _module_preset=\u00bbdefault\u00bb custom_margin=\u00bb0px|auto||auto|false|false\u00bb custom_css_main_element=\u00bbalign-items:center;\u00bb global_colors_info=\u00bb{}\u00bb][et_pb_column type=\u00bb2_5&#8243; _builder_version=\u00bb4.27.4&#8243; _module_preset=\u00bbdefault\u00bb global_colors_info=\u00bb{}\u00bb][et_pb_image src=\u00bbhttps:\/\/steykmp.com\/wp-content\/uploads\/2025\/03\/35-Direccion-y-Coordinacion-Indicadores.jpg\u00bb alt=\u00bbMarcado CE\u00bb title_text=\u00bbDirecci\u00f3n y Coordinaci\u00f3n &#8211; Indicadores\u00bb _builder_version=\u00bb4.27.4&#8243; _module_preset=\u00bbdefault\u00bb module_alignment=\u00bbright\u00bb global_colors_info=\u00bb{}\u00bb][\/et_pb_image][\/et_pb_column][et_pb_column type=\u00bb3_5&#8243; _builder_version=\u00bb4.27.4&#8243; _module_preset=\u00bbdefault\u00bb global_colors_info=\u00bb{}\u00bb][et_pb_cta title=\u00bbDirecci\u00f3n y Coordinaci\u00f3n en Proyectos de Ingenier\u00eda: Precisi\u00f3n y Confianza\u00bb _builder_version=\u00bb4.27.4&#8243; _module_preset=\u00bb6901f3ca-79ee-4bc9-89c0-9260de3a0578&#8243; custom_padding_tablet=\u00bb0px||||false|false\u00bb custom_padding_phone=\u00bb0px||||false|false\u00bb custom_padding_last_edited=\u00bbon|phone\u00bb global_colors_info=\u00bb{}\u00bb]Nuestra experiencia en direcci\u00f3n y coordinaci\u00f3n de proyectos de ingenier\u00eda nos permite garantizar un desarrollo eficiente y sin contratiempos. Aplicamos metodolog\u00edas que aseguran una comunicaci\u00f3n precisa, relaciones de confianza con todas las partes implicadas y una supervisi\u00f3n rigurosa de cada detalle t\u00e9cnico y log\u00edstico del proyecto.[\/et_pb_cta][\/et_pb_column][\/et_pb_row][et_pb_row _builder_version=\u00bb4.27.4&#8243; _module_preset=\u00bbdefault\u00bb global_colors_info=\u00bb{}\u00bb][et_pb_column type=\u00bb4_4&#8243; _builder_version=\u00bb4.27.4&#8243; _module_preset=\u00bbdefault\u00bb global_colors_info=\u00bb{}\u00bb][et_pb_cta title=\u00bbDirecci\u00f3n basada en comunicaci\u00f3n y confianza\u00bb _builder_version=\u00bb4.27.4&#8243; _module_preset=\u00bb6901f3ca-79ee-4bc9-89c0-9260de3a0578&#8243; custom_padding=\u00bb0px|0px|0px|0px|false|false\u00bb global_colors_info=\u00bb{}\u00bb]La direcci\u00f3n de un proyecto de ingenier\u00eda exige una relaci\u00f3n estrecha con todas las partes implicadas. En este sentido, nuestro enfoque se basa en:<br \/>\n&nbsp;<\/p>\n<ul>\n<li><strong>Comunicaci\u00f3n puntual y exacta<\/strong>: Informamos constantemente a la propiedad o al cliente sobre la evoluci\u00f3n del proyecto, asegurando que est\u00e9n siempre al corriente de los avances y posibles ajustes.<\/li>\n<li><strong>Relaci\u00f3n de confianza con los industriales<\/strong>: Trabajamos codo con codo con los diferentes equipos industriales, estableciendo un di\u00e1logo abierto y constructivo que asegura un trabajo coordinado y alineado con los objetivos comunes.<\/li>\n<\/ul>\n<p>[\/et_pb_cta][\/et_pb_column][\/et_pb_row][et_pb_row column_structure=\u00bb3_5,2_5&#8243; make_equal=\u00bbon\u00bb custom_padding_last_edited=\u00bbon|phone\u00bb _builder_version=\u00bb4.27.4&#8243; _module_preset=\u00bbdefault\u00bb custom_padding=\u00bb0px||||false|false\u00bb custom_padding_tablet=\u00bb||||false|false\u00bb custom_padding_phone=\u00bb||||false|false\u00bb custom_css_main_element=\u00bbalign-items:center;\u00bb global_colors_info=\u00bb{}\u00bb][et_pb_column type=\u00bb3_5&#8243; _builder_version=\u00bb4.27.4&#8243; _module_preset=\u00bbdefault\u00bb global_colors_info=\u00bb{}\u00bb][et_pb_cta title=\u00bbCoordinaci\u00f3n que elimina conflictos\u00bb _builder_version=\u00bb4.27.4&#8243; _module_preset=\u00bb6901f3ca-79ee-4bc9-89c0-9260de3a0578&#8243; header_font=\u00bb||||||||\u00bb custom_padding_tablet=\u00bb0px||0px||false|false\u00bb custom_padding_phone=\u00bb0px||0px||false|false\u00bb custom_padding_last_edited=\u00bbon|phone\u00bb global_colors_info=\u00bb{}\u00bb]La coordinaci\u00f3n entre disciplinas y proveedores es esencial para evitar problemas en la fase de ejecuci\u00f3n. Nuestra tarea de coordinaci\u00f3n incluye:<br \/>\n&nbsp;<\/p>\n<ul>\n<li><strong>Anticipaci\u00f3n a los puntos de cruce<\/strong>: Identificamos las interfaces cr\u00edticas entre suministros, materiales y equipos para asegurar una integraci\u00f3n perfecta.<\/li>\n<li><strong>Gesti\u00f3n de solapamientos y carencias<\/strong>: Nos aseguramos de que cada tarea y suministro encajen en el calendario y las especificaciones t\u00e9cnicas sin dejar espacio para errores u omisiones.<\/li>\n<li><strong>Supervisi\u00f3n proactiva<\/strong>: No solo controlamos lo que ya est\u00e1 en marcha, sino que nos anticipamos a posibles inconvenientes, proponiendo soluciones antes de que se conviertan en problemas.<\/li>\n<\/ul>\n<p>[\/et_pb_cta][\/et_pb_column][et_pb_column type=\u00bb2_5&#8243; _builder_version=\u00bb4.27.4&#8243; _module_preset=\u00bbdefault\u00bb global_colors_info=\u00bb{}\u00bb][et_pb_image src=\u00bbhttps:\/\/steykmp.com\/wp-content\/uploads\/2025\/03\/36-Direccion-y-Coordinacion-Equipo.jpg\u00bb alt=\u00bbExpediente CE &#8211; Sostenibilidad medioambiental\u00bb title_text=\u00bbDirecci\u00f3n y coordinaci\u00f3n &#8211; Equipo\u00bb _builder_version=\u00bb4.27.4&#8243; _module_preset=\u00bbdefault\u00bb module_alignment=\u00bbright\u00bb global_colors_info=\u00bb{}\u00bb][\/et_pb_image][\/et_pb_column][\/et_pb_row][et_pb_row column_structure=\u00bb2_5,3_5&#8243; make_equal=\u00bbon\u00bb module_class=\u00bbreverse\u00bb _builder_version=\u00bb4.27.4&#8243; _module_preset=\u00bbdefault\u00bb custom_margin=\u00bb0px|auto||auto|false|false\u00bb custom_css_main_element=\u00bbalign-items:center;\u00bb global_colors_info=\u00bb{}\u00bb][et_pb_column type=\u00bb2_5&#8243; _builder_version=\u00bb4.27.4&#8243; _module_preset=\u00bbdefault\u00bb global_colors_info=\u00bb{}\u00bb][et_pb_image src=\u00bbhttps:\/\/steykmp.com\/wp-content\/uploads\/2025\/03\/34-Direccion-y-Coordinacion-Brujula.jpg\u00bb alt=\u00bbMarcado CE\u00bb title_text=\u00bbDirecci\u00f3n y coordinaci\u00f3n &#8211; Brujula\u00bb _builder_version=\u00bb4.27.4&#8243; _module_preset=\u00bbdefault\u00bb module_alignment=\u00bbright\u00bb global_colors_info=\u00bb{}\u00bb][\/et_pb_image][\/et_pb_column][et_pb_column type=\u00bb3_5&#8243; _builder_version=\u00bb4.27.4&#8243; _module_preset=\u00bbdefault\u00bb global_colors_info=\u00bb{}\u00bb][et_pb_cta title=\u00bbEl objetivo: cero problemas\u00bb _builder_version=\u00bb4.27.4&#8243; _module_preset=\u00bb6901f3ca-79ee-4bc9-89c0-9260de3a0578&#8243; custom_padding_tablet=\u00bb0px||||false|false\u00bb custom_padding_phone=\u00bb0px||||false|false\u00bb custom_padding_last_edited=\u00bbon|phone\u00bb global_colors_info=\u00bb{}\u00bb]Nuestro compromiso es claro: desarrollar proyectos con una coordinaci\u00f3n tan precisa que las incidencias sean inexistentes. Esto lo conseguimos gracias a:<\/p>\n<ul>\n<li><strong>Planificaci\u00f3n rigurosa<\/strong>: Un plan bien definido desde el inicio del proyecto.<\/li>\n<li><strong>Seguimiento meticuloso<\/strong>: Supervisi\u00f3n constante de cada fase para asegurar que todo avance seg\u00fan el plan.<\/li>\n<li><strong>Flexibilidad y adaptaci\u00f3n<\/strong>: Capacidad para ajustarnos a las necesidades cambiantes del proyecto sin perder de vista los objetivos finales.<\/li>\n<\/ul>\n<p>Con esta filosof\u00eda de trabajo, nuestros clientes pueden confiar en que su proyecto se desarrollar\u00e1 de manera fluida y sin contratiempos, con resultados que superen las expectativas.[\/et_pb_cta][\/et_pb_column][\/et_pb_row][\/et_pb_section][et_pb_section fb_built=\u00bb1&#8243; _builder_version=\u00bb4.27.4&#8243; _module_preset=\u00bbdefault\u00bb background_color=\u00bb#d1d1d1&#8243; custom_padding=\u00bb40px||40px||true|\u00bb global_colors_info=\u00bb{}\u00bb][et_pb_row _builder_version=\u00bb4.27.4&#8243; _module_preset=\u00bbdefault\u00bb global_colors_info=\u00bb{}\u00bb][et_pb_column type=\u00bb4_4&#8243; _builder_version=\u00bb4.27.4&#8243; _module_preset=\u00bbdefault\u00bb global_colors_info=\u00bb{}\u00bb][et_pb_cta title=\u00bbConf\u00ede en nuestra experiencia para la direcci\u00f3n y coordinaci\u00f3n de su proyecto de ingenier\u00eda.\u00bb button_url=\u00bbhttps:\/\/steykmp.com\/es\/contacto\/\u00bb button_text=\u00bbContacto\u00bb _builder_version=\u00bb4.27.4&#8243; _module_preset=\u00bbdefault\u00bb header_line_height=\u00bb1.2em\u00bb background_enable_color=\u00bboff\u00bb background_layout=\u00bblight\u00bb hover_enabled=\u00bb0&#8243; global_colors_info=\u00bb{}\u00bb sticky_enabled=\u00bb0&#8243;]<\/p>\n<p>Cont\u00e1ctenos para garantizar una ejecuci\u00f3n impecable y alcanzar el \u00e9xito sin problemas.<\/p>\n<p>[\/et_pb_cta][\/et_pb_column][\/et_pb_row][\/et_pb_section]<\/p>\n","protected":false},"excerpt":{"rendered":"<p>Nuestra experiencia en direcci\u00f3n y coordinaci\u00f3n de proyectos de ingenier\u00eda nos permite garantizar un desarrollo eficiente y sin contratiempos. Aplicamos metodolog\u00edas que aseguran una comunicaci\u00f3n precisa, relaciones de confianza con todas las partes implicadas y una supervisi\u00f3n rigurosa de cada detalle t\u00e9cnico y log\u00edstico del proyecto.La direcci\u00f3n de un proyecto de ingenier\u00eda exige una relaci\u00f3n [&hellip;]<\/p>\n","protected":false},"author":1,"featured_media":0,"parent":0,"menu_order":0,"comment_status":"closed","ping_status":"closed","template":"","meta":{"_et_pb_use_builder":"on","_et_pb_old_content":"","_et_gb_content_width":"","footnotes":""},"class_list":["post-403152","page","type-page","status-publish","hentry"],"yoast_head":"<!-- This site is optimized with the Yoast SEO plugin v27.4 - https:\/\/yoast.com\/product\/yoast-seo-wordpress\/ -->\n<title>Direcci\u00f3n y coordinaci\u00f3n de Proyectos - Steyk<\/title>\n<meta name=\"robots\" content=\"index, follow, max-snippet:-1, max-image-preview:large, max-video-preview:-1\" \/>\n<link rel=\"canonical\" href=\"https:\/\/steykmp.com\/es\/direccion-y-coordinacion-de-proyectos\/\" \/>\n<meta property=\"og:locale\" content=\"es_ES\" \/>\n<meta property=\"og:type\" content=\"article\" \/>\n<meta property=\"og:title\" content=\"Direcci\u00f3n y coordinaci\u00f3n de Proyectos - Steyk\" \/>\n<meta property=\"og:description\" content=\"Nuestra experiencia en direcci\u00f3n y coordinaci\u00f3n de proyectos de ingenier\u00eda nos permite garantizar un desarrollo eficiente y sin contratiempos. Aplicamos metodolog\u00edas que aseguran una comunicaci\u00f3n precisa, relaciones de confianza con todas las partes implicadas y una supervisi\u00f3n rigurosa de cada detalle t\u00e9cnico y log\u00edstico del proyecto.La direcci\u00f3n de un proyecto de ingenier\u00eda exige una relaci\u00f3n [&hellip;]\" \/>\n<meta property=\"og:url\" content=\"https:\/\/steykmp.com\/es\/direccion-y-coordinacion-de-proyectos\/\" \/>\n<meta property=\"og:site_name\" content=\"Steyk\" \/>\n<meta property=\"article:modified_time\" content=\"2025-03-31T10:47:51+00:00\" \/>\n<meta name=\"twitter:card\" content=\"summary_large_image\" \/>\n<meta name=\"twitter:label1\" content=\"Tiempo de lectura\" \/>\n\t<meta name=\"twitter:data1\" content=\"6 minutos\" \/>\n<script type=\"application\/ld+json\" class=\"yoast-schema-graph\">{\"@context\":\"https:\\\/\\\/schema.org\",\"@graph\":[{\"@type\":\"WebPage\",\"@id\":\"https:\\\/\\\/steykmp.com\\\/es\\\/direccion-y-coordinacion-de-proyectos\\\/\",\"url\":\"https:\\\/\\\/steykmp.com\\\/es\\\/direccion-y-coordinacion-de-proyectos\\\/\",\"name\":\"Direcci\u00f3n y coordinaci\u00f3n de Proyectos - Steyk\",\"isPartOf\":{\"@id\":\"https:\\\/\\\/steykmp.com\\\/#website\"},\"datePublished\":\"2025-03-24T10:05:51+00:00\",\"dateModified\":\"2025-03-31T10:47:51+00:00\",\"breadcrumb\":{\"@id\":\"https:\\\/\\\/steykmp.com\\\/es\\\/direccion-y-coordinacion-de-proyectos\\\/#breadcrumb\"},\"inLanguage\":\"es\",\"potentialAction\":[{\"@type\":\"ReadAction\",\"target\":[\"https:\\\/\\\/steykmp.com\\\/es\\\/direccion-y-coordinacion-de-proyectos\\\/\"]}]},{\"@type\":\"BreadcrumbList\",\"@id\":\"https:\\\/\\\/steykmp.com\\\/es\\\/direccion-y-coordinacion-de-proyectos\\\/#breadcrumb\",\"itemListElement\":[{\"@type\":\"ListItem\",\"position\":1,\"name\":\"Inici\",\"item\":\"https:\\\/\\\/steykmp.com\\\/es\\\/inicio\\\/\"},{\"@type\":\"ListItem\",\"position\":2,\"name\":\"Direcci\u00f3n y coordinaci\u00f3n de Proyectos\"}]},{\"@type\":\"WebSite\",\"@id\":\"https:\\\/\\\/steykmp.com\\\/#website\",\"url\":\"https:\\\/\\\/steykmp.com\\\/\",\"name\":\"Steyk Enginyeria\",\"description\":\"Projectes d&#039;enginyeria claus en m\u00e0\",\"publisher\":{\"@id\":\"https:\\\/\\\/steykmp.com\\\/#organization\"},\"potentialAction\":[{\"@type\":\"SearchAction\",\"target\":{\"@type\":\"EntryPoint\",\"urlTemplate\":\"https:\\\/\\\/steykmp.com\\\/?s={search_term_string}\"},\"query-input\":{\"@type\":\"PropertyValueSpecification\",\"valueRequired\":true,\"valueName\":\"search_term_string\"}}],\"inLanguage\":\"es\"},{\"@type\":\"Organization\",\"@id\":\"https:\\\/\\\/steykmp.com\\\/#organization\",\"name\":\"Steyk\",\"url\":\"https:\\\/\\\/steykmp.com\\\/\",\"logo\":{\"@type\":\"ImageObject\",\"inLanguage\":\"es\",\"@id\":\"https:\\\/\\\/steykmp.com\\\/#\\\/schema\\\/logo\\\/image\\\/\",\"url\":\"https:\\\/\\\/steykmp.com\\\/wp-content\\\/uploads\\\/2025\\\/04\\\/Logo-Steyk-2025.jpg\",\"contentUrl\":\"https:\\\/\\\/steykmp.com\\\/wp-content\\\/uploads\\\/2025\\\/04\\\/Logo-Steyk-2025.jpg\",\"width\":665,\"height\":404,\"caption\":\"Steyk\"},\"image\":{\"@id\":\"https:\\\/\\\/steykmp.com\\\/#\\\/schema\\\/logo\\\/image\\\/\"}}]}<\/script>\n<!-- \/ Yoast SEO plugin. -->","yoast_head_json":{"title":"Direcci\u00f3n y coordinaci\u00f3n de Proyectos - Steyk","robots":{"index":"index","follow":"follow","max-snippet":"max-snippet:-1","max-image-preview":"max-image-preview:large","max-video-preview":"max-video-preview:-1"},"canonical":"https:\/\/steykmp.com\/es\/direccion-y-coordinacion-de-proyectos\/","og_locale":"es_ES","og_type":"article","og_title":"Direcci\u00f3n y coordinaci\u00f3n de Proyectos - Steyk","og_description":"Nuestra experiencia en direcci\u00f3n y coordinaci\u00f3n de proyectos de ingenier\u00eda nos permite garantizar un desarrollo eficiente y sin contratiempos. Aplicamos metodolog\u00edas que aseguran una comunicaci\u00f3n precisa, relaciones de confianza con todas las partes implicadas y una supervisi\u00f3n rigurosa de cada detalle t\u00e9cnico y log\u00edstico del proyecto.La direcci\u00f3n de un proyecto de ingenier\u00eda exige una relaci\u00f3n [&hellip;]","og_url":"https:\/\/steykmp.com\/es\/direccion-y-coordinacion-de-proyectos\/","og_site_name":"Steyk","article_modified_time":"2025-03-31T10:47:51+00:00","twitter_card":"summary_large_image","twitter_misc":{"Tiempo de lectura":"6 minutos"},"schema":{"@context":"https:\/\/schema.org","@graph":[{"@type":"WebPage","@id":"https:\/\/steykmp.com\/es\/direccion-y-coordinacion-de-proyectos\/","url":"https:\/\/steykmp.com\/es\/direccion-y-coordinacion-de-proyectos\/","name":"Direcci\u00f3n y coordinaci\u00f3n de Proyectos - Steyk","isPartOf":{"@id":"https:\/\/steykmp.com\/#website"},"datePublished":"2025-03-24T10:05:51+00:00","dateModified":"2025-03-31T10:47:51+00:00","breadcrumb":{"@id":"https:\/\/steykmp.com\/es\/direccion-y-coordinacion-de-proyectos\/#breadcrumb"},"inLanguage":"es","potentialAction":[{"@type":"ReadAction","target":["https:\/\/steykmp.com\/es\/direccion-y-coordinacion-de-proyectos\/"]}]},{"@type":"BreadcrumbList","@id":"https:\/\/steykmp.com\/es\/direccion-y-coordinacion-de-proyectos\/#breadcrumb","itemListElement":[{"@type":"ListItem","position":1,"name":"Inici","item":"https:\/\/steykmp.com\/es\/inicio\/"},{"@type":"ListItem","position":2,"name":"Direcci\u00f3n y coordinaci\u00f3n de Proyectos"}]},{"@type":"WebSite","@id":"https:\/\/steykmp.com\/#website","url":"https:\/\/steykmp.com\/","name":"Steyk Enginyeria","description":"Projectes d&#039;enginyeria claus en m\u00e0","publisher":{"@id":"https:\/\/steykmp.com\/#organization"},"potentialAction":[{"@type":"SearchAction","target":{"@type":"EntryPoint","urlTemplate":"https:\/\/steykmp.com\/?s={search_term_string}"},"query-input":{"@type":"PropertyValueSpecification","valueRequired":true,"valueName":"search_term_string"}}],"inLanguage":"es"},{"@type":"Organization","@id":"https:\/\/steykmp.com\/#organization","name":"Steyk","url":"https:\/\/steykmp.com\/","logo":{"@type":"ImageObject","inLanguage":"es","@id":"https:\/\/steykmp.com\/#\/schema\/logo\/image\/","url":"https:\/\/steykmp.com\/wp-content\/uploads\/2025\/04\/Logo-Steyk-2025.jpg","contentUrl":"https:\/\/steykmp.com\/wp-content\/uploads\/2025\/04\/Logo-Steyk-2025.jpg","width":665,"height":404,"caption":"Steyk"},"image":{"@id":"https:\/\/steykmp.com\/#\/schema\/logo\/image\/"}}]}},"_links":{"self":[{"href":"https:\/\/steykmp.com\/es\/wp-json\/wp\/v2\/pages\/403152","targetHints":{"allow":["GET"]}}],"collection":[{"href":"https:\/\/steykmp.com\/es\/wp-json\/wp\/v2\/pages"}],"about":[{"href":"https:\/\/steykmp.com\/es\/wp-json\/wp\/v2\/types\/page"}],"author":[{"embeddable":true,"href":"https:\/\/steykmp.com\/es\/wp-json\/wp\/v2\/users\/1"}],"replies":[{"embeddable":true,"href":"https:\/\/steykmp.com\/es\/wp-json\/wp\/v2\/comments?post=403152"}],"version-history":[{"count":4,"href":"https:\/\/steykmp.com\/es\/wp-json\/wp\/v2\/pages\/403152\/revisions"}],"predecessor-version":[{"id":403539,"href":"https:\/\/steykmp.com\/es\/wp-json\/wp\/v2\/pages\/403152\/revisions\/403539"}],"wp:attachment":[{"href":"https:\/\/steykmp.com\/es\/wp-json\/wp\/v2\/media?parent=403152"}],"curies":[{"name":"wp","href":"https:\/\/api.w.org\/{rel}","templated":true}]}}