{"id":403158,"date":"2025-03-20T10:40:48","date_gmt":"2025-03-20T10:40:48","guid":{"rendered":"https:\/\/steykmp.com\/index.php\/diseno-y-delineacion-3d\/dibujos-tecnicos\/"},"modified":"2025-04-03T08:20:39","modified_gmt":"2025-04-03T08:20:39","slug":"dibujos-tecnicos","status":"publish","type":"page","link":"https:\/\/steykmp.com\/es\/diseno-y-delineacion-3d\/dibujos-tecnicos\/","title":{"rendered":"Dibujos t\u00e9cnicos"},"content":{"rendered":"<p>[et_pb_section fb_built=\u00bb1&#8243; custom_padding_last_edited=\u00bbon|phone\u00bb _builder_version=\u00bb4.27.4&#8243; _module_preset=\u00bbdefault\u00bb custom_margin=\u00bb-90px||||false|false\u00bb custom_margin_tablet=\u00bb0px||||false|false\u00bb custom_margin_phone=\u00bb0px||||false|false\u00bb custom_margin_last_edited=\u00bbon|phone\u00bb custom_padding=\u00bb3px||0px||false|false\u00bb custom_padding_tablet=\u00bb0px||||false|false\u00bb custom_padding_phone=\u00bb0px||||false|false\u00bb hover_enabled=\u00bb0&#8243; global_colors_info=\u00bb{}\u00bb sticky_enabled=\u00bb0&#8243;][et_pb_row _builder_version=\u00bb4.27.4&#8243; _module_preset=\u00bbdefault\u00bb width=\u00bb100%\u00bb max_width=\u00bb100%\u00bb custom_padding=\u00bb3px|||||\u00bb global_colors_info=\u00bb{}\u00bb][et_pb_column type=\u00bb4_4&#8243; _builder_version=\u00bb4.27.4&#8243; _module_preset=\u00bbdefault\u00bb global_colors_info=\u00bb{}\u00bb][et_pb_slider use_bg_overlay=\u00bbon\u00bb _builder_version=\u00bb4.27.4&#8243; _module_preset=\u00bbdefault\u00bb hover_enabled=\u00bb0&#8243; global_colors_info=\u00bb{}\u00bb sticky_enabled=\u00bb0&#8243;][et_pb_slide heading=\u00bbDibujos t\u00e9cnicos\u00bb _builder_version=\u00bb4.27.4&#8243; _module_preset=\u00bbdefault\u00bb background_image=\u00bbhttps:\/\/steykmp.com\/wp-content\/uploads\/2025\/04\/03-Taula-CNC-178.jpg\u00bb background_enable_image=\u00bbon\u00bb hover_enabled=\u00bb0&#8243; global_colors_info=\u00bb{}\u00bb sticky_transition=\u00bbon\u00bb title_text=\u00bbDibuixos tecnics &#8211;  Taula CNC-178&#8243; sticky_enabled=\u00bb0&#8243;][\/et_pb_slide][\/et_pb_slider][\/et_pb_column][\/et_pb_row][\/et_pb_section][et_pb_section fb_built=\u00bb1&#8243; custom_padding_last_edited=\u00bbon|phone\u00bb _builder_version=\u00bb4.27.4&#8243; _module_preset=\u00bbdefault\u00bb custom_margin=\u00bb0px||||false|false\u00bb custom_padding=\u00bb40px||40px||true|false\u00bb custom_padding_tablet=\u00bb20px||40px||false|false\u00bb custom_padding_phone=\u00bb20px||40px||false|false\u00bb global_colors_info=\u00bb{}\u00bb][et_pb_row column_structure=\u00bb1_2,1_2&#8243; make_equal=\u00bbon\u00bb module_class=\u00bbreverse\u00bb _builder_version=\u00bb4.27.4&#8243; _module_preset=\u00bbdefault\u00bb custom_margin=\u00bb0px|auto||auto|false|false\u00bb custom_css_main_element=\u00bbalign-items:center;\u00bb global_colors_info=\u00bb{}\u00bb][et_pb_column type=\u00bb1_2&#8243; _builder_version=\u00bb4.27.4&#8243; _module_preset=\u00bbdefault\u00bb global_colors_info=\u00bb{}\u00bb][et_pb_image src=\u00bbhttps:\/\/steykmp.com\/wp-content\/uploads\/2025\/03\/04-Dibujo-Tecnico-Tobera.png\u00bb alt=\u00bbMarcado CE\u00bb title_text=\u00bbTobera\u00bb _builder_version=\u00bb4.27.4&#8243; _module_preset=\u00bbdefault\u00bb module_alignment=\u00bbright\u00bb global_colors_info=\u00bb{}\u00bb][\/et_pb_image][\/et_pb_column][et_pb_column type=\u00bb1_2&#8243; _builder_version=\u00bb4.27.4&#8243; _module_preset=\u00bbdefault\u00bb global_colors_info=\u00bb{}\u00bb][et_pb_cta title=\u00bbPrecisi\u00f3n, Rapidez y Eficacia a su Servicio\u00bb _builder_version=\u00bb4.27.4&#8243; _module_preset=\u00bb6901f3ca-79ee-4bc9-89c0-9260de3a0578&#8243; custom_padding_tablet=\u00bb0px||||false|false\u00bb custom_padding_phone=\u00bb0px||||false|false\u00bb custom_padding_last_edited=\u00bbon|tablet\u00bb global_colors_info=\u00bb{}\u00bb]<\/p>\n<p>En nuestra empresa, no solo ofrecemos dibujos t\u00e9cnicos en 3D; somos proyectistas especializados que integramos toda la informaci\u00f3n t\u00e9cnica en el dise\u00f1o con autonom\u00eda y profesionalidad. Esto nos permite ir m\u00e1s all\u00e1 del simple delineado, ofreciendo soluciones completas y adaptadas a las necesidades espec\u00edficas de cada proyecto. <\/p>\n<p>[\/et_pb_cta][\/et_pb_column][\/et_pb_row][et_pb_row _builder_version=\u00bb4.27.4&#8243; _module_preset=\u00bbdefault\u00bb global_colors_info=\u00bb{}\u00bb][et_pb_column type=\u00bb4_4&#8243; _builder_version=\u00bb4.27.4&#8243; _module_preset=\u00bbdefault\u00bb global_colors_info=\u00bb{}\u00bb][et_pb_cta title=\u00bb\u00bfQu\u00e9 Nos Hace Diferentes?\u00bb _builder_version=\u00bb4.27.4&#8243; _module_preset=\u00bb1f7c8c46-dfbd-487a-a643-761bcd8931ac\u00bb custom_padding_tablet=\u00bb0px||0px||false|false\u00bb custom_padding_phone=\u00bb0px||0px||false|false\u00bb custom_padding_last_edited=\u00bbon|phone\u00bb global_colors_info=\u00bb{}\u00bb]<\/p>\n<ul>\n<li><strong>Competitividad<\/strong>: Nos adaptamos a cada cliente con presupuestos ajustados sin comprometer la calidad.<\/li>\n<li><strong>Rapidez<\/strong>: Trabajamos con procesos optimizados que garantizan resultados en tiempo r\u00e9cord.<\/li>\n<li><strong>Eficacia<\/strong>: Cada proyecto se realiza con la m\u00e1xima precisi\u00f3n gracias a nuestra experiencia y al software m\u00e1s avanzado, como SolidWorks y AutoCAD.<\/li>\n<\/ul>\n<p>[\/et_pb_cta][\/et_pb_column][\/et_pb_row][et_pb_row column_structure=\u00bb1_2,1_2&#8243; make_equal=\u00bbon\u00bb custom_padding_last_edited=\u00bbon|phone\u00bb _builder_version=\u00bb4.27.4&#8243; _module_preset=\u00bbdefault\u00bb custom_padding=\u00bb0px||||false|false\u00bb custom_padding_tablet=\u00bb||||false|false\u00bb custom_padding_phone=\u00bb||||false|false\u00bb custom_css_main_element=\u00bbalign-items:center;\u00bb global_colors_info=\u00bb{}\u00bb][et_pb_column type=\u00bb1_2&#8243; _builder_version=\u00bb4.27.4&#8243; _module_preset=\u00bbdefault\u00bb global_colors_info=\u00bb{}\u00bb][et_pb_cta title=\u00bbNuestros Dibujos T\u00e9cnicos en 3D\u00bb _builder_version=\u00bb4.27.4&#8243; _module_preset=\u00bb6901f3ca-79ee-4bc9-89c0-9260de3a0578&#8243; global_colors_info=\u00bb{}\u00bb]<\/p>\n<ul>\n<li><strong>Integraci\u00f3n T\u00e9cnica Completa<\/strong>: A\u00f1adimos especificaciones de materiales, tolerancias y requisitos normativos directamente al modelo.<\/li>\n<li><strong>Independencia en el Dise\u00f1o<\/strong>: Nos encargamos del dise\u00f1o t\u00e9cnico completo sin necesidad de orientaciones constantes.<\/li>\n<li><strong>Aplicaci\u00f3n Industrial<\/strong>: Somos expertos en piezas y mecanismos mec\u00e1nicos, montajes industriales y planificaci\u00f3n de sistemas complejos.<\/li>\n<\/ul>\n<p>[\/et_pb_cta][\/et_pb_column][et_pb_column type=\u00bb1_2&#8243; _builder_version=\u00bb4.27.4&#8243; _module_preset=\u00bbdefault\u00bb global_colors_info=\u00bb{}\u00bb][et_pb_image src=\u00bbhttps:\/\/steykmp.com\/wp-content\/uploads\/2025\/03\/03-Dibujos-Tecnicos-Empaquetadora-auto.png\u00bb alt=\u00bbExpediente CE &#8211; Sostenibilidad medioambiental\u00bb title_text=\u00bbEmpaquetadora auto\u00bb _builder_version=\u00bb4.27.4&#8243; _module_preset=\u00bbdefault\u00bb module_alignment=\u00bbright\u00bb global_colors_info=\u00bb{}\u00bb][\/et_pb_image][\/et_pb_column][\/et_pb_row][et_pb_row column_structure=\u00bb1_2,1_2&#8243; make_equal=\u00bbon\u00bb module_class=\u00bbreverse\u00bb _builder_version=\u00bb4.27.4&#8243; _module_preset=\u00bbdefault\u00bb custom_css_main_element=\u00bbalign-items:center;\u00bb global_colors_info=\u00bb{}\u00bb][et_pb_column type=\u00bb1_2&#8243; _builder_version=\u00bb4.27.4&#8243; _module_preset=\u00bbdefault\u00bb global_colors_info=\u00bb{}\u00bb][et_pb_image src=\u00bbhttps:\/\/steykmp.com\/wp-content\/uploads\/2025\/03\/05-Dibujo-Tecnico-Dispensador-Industrial-para-comida-o-liquidos-quimicos.jpg\u00bb alt=\u00bbExpediente CE &#8211; Sostenibilidad\u00bb title_text=\u00bbDispensador Industrial para comida o l\u00edquidos qu\u00edmicos\u00bb _builder_version=\u00bb4.27.4&#8243; _module_preset=\u00bbdefault\u00bb global_colors_info=\u00bb{}\u00bb][\/et_pb_image][\/et_pb_column][et_pb_column type=\u00bb1_2&#8243; _builder_version=\u00bb4.27.4&#8243; _module_preset=\u00bbdefault\u00bb global_colors_info=\u00bb{}\u00bb][et_pb_cta title=\u00bbBeneficios para la Industria y la Ingenier\u00eda Mec\u00e1nica\u00bb _builder_version=\u00bb4.27.4&#8243; _module_preset=\u00bb6901f3ca-79ee-4bc9-89c0-9260de3a0578&#8243; global_colors_info=\u00bb{}\u00bb]Con nuestros servicios, obtendr\u00e1:<br \/>\n&nbsp;<\/p>\n<ul>\n<li><strong>Dise\u00f1os optimizados<\/strong>: Identificamos y solucionamos problemas antes de fabricar.<\/li>\n<li><strong>Ahorro de costos y tiempo<\/strong>: Nuestra rapidez y eficacia reducen el ciclo de vida del proyecto.<\/li>\n<li><strong>Garant\u00eda de calidad<\/strong>: Cada detalle est\u00e1 supervisado por ingenieros altamente cualificados.<\/li>\n<\/ul>\n<p>[\/et_pb_cta][\/et_pb_column][\/et_pb_row][\/et_pb_section][et_pb_section fb_built=\u00bb1&#8243; _builder_version=\u00bb4.27.4&#8243; _module_preset=\u00bbdefault\u00bb background_color=\u00bb#d1d1d1&#8243; custom_padding=\u00bb40px||40px||true|\u00bb global_colors_info=\u00bb{}\u00bb][et_pb_row _builder_version=\u00bb4.27.4&#8243; _module_preset=\u00bbdefault\u00bb global_colors_info=\u00bb{}\u00bb][et_pb_column type=\u00bb4_4&#8243; _builder_version=\u00bb4.27.4&#8243; _module_preset=\u00bbdefault\u00bb global_colors_info=\u00bb{}\u00bb][et_pb_cta title=\u00bb\u00bfBusca una empresa que aporte soluciones completas y eficientes?\u00bb button_url=\u00bbhttps:\/\/steykmp.com\/es\/contacto\/\u00bb button_text=\u00bbContacto\u00bb _builder_version=\u00bb4.27.4&#8243; _module_preset=\u00bbdefault\u00bb header_line_height=\u00bb1.2em\u00bb background_enable_color=\u00bboff\u00bb background_layout=\u00bblight\u00bb global_colors_info=\u00bb{}\u00bb]<\/p>\n<p>Contacte con nosotros y transformaremos sus ideas en dise\u00f1os t\u00e9cnicos con la m\u00e1xima profesionalidad y autonom\u00eda.<\/p>\n<p>[\/et_pb_cta][\/et_pb_column][\/et_pb_row][\/et_pb_section]<\/p>\n","protected":false},"excerpt":{"rendered":"<p>En nuestra empresa, no solo ofrecemos dibujos t\u00e9cnicos en 3D; somos proyectistas especializados que integramos toda la informaci\u00f3n t\u00e9cnica en el dise\u00f1o con autonom\u00eda y profesionalidad. Esto nos permite ir m\u00e1s all\u00e1 del simple delineado, ofreciendo soluciones completas y adaptadas a las necesidades espec\u00edficas de cada proyecto. Competitividad: Nos adaptamos a cada cliente con presupuestos [&hellip;]<\/p>\n","protected":false},"author":1,"featured_media":0,"parent":403155,"menu_order":0,"comment_status":"closed","ping_status":"closed","template":"","meta":{"_et_pb_use_builder":"on","_et_pb_old_content":"","_et_gb_content_width":"","footnotes":""},"class_list":["post-403158","page","type-page","status-publish","hentry"],"yoast_head":"<!-- This site is optimized with the Yoast SEO plugin v27.4 - https:\/\/yoast.com\/product\/yoast-seo-wordpress\/ -->\n<title>Dibujos t\u00e9cnicos - Steyk<\/title>\n<meta name=\"robots\" content=\"index, follow, max-snippet:-1, max-image-preview:large, max-video-preview:-1\" \/>\n<link rel=\"canonical\" href=\"https:\/\/steykmp.com\/es\/diseno-y-delineacion-3d\/dibujos-tecnicos\/\" \/>\n<meta property=\"og:locale\" content=\"es_ES\" \/>\n<meta property=\"og:type\" content=\"article\" \/>\n<meta property=\"og:title\" content=\"Dibujos t\u00e9cnicos - Steyk\" \/>\n<meta property=\"og:description\" content=\"En nuestra empresa, no solo ofrecemos dibujos t\u00e9cnicos en 3D; somos proyectistas especializados que integramos toda la informaci\u00f3n t\u00e9cnica en el dise\u00f1o con autonom\u00eda y profesionalidad. Esto nos permite ir m\u00e1s all\u00e1 del simple delineado, ofreciendo soluciones completas y adaptadas a las necesidades espec\u00edficas de cada proyecto. Competitividad: Nos adaptamos a cada cliente con presupuestos [&hellip;]\" \/>\n<meta property=\"og:url\" content=\"https:\/\/steykmp.com\/es\/diseno-y-delineacion-3d\/dibujos-tecnicos\/\" \/>\n<meta property=\"og:site_name\" content=\"Steyk\" \/>\n<meta property=\"article:modified_time\" content=\"2025-04-03T08:20:39+00:00\" \/>\n<meta name=\"twitter:card\" content=\"summary_large_image\" \/>\n<meta name=\"twitter:label1\" content=\"Tiempo de lectura\" \/>\n\t<meta name=\"twitter:data1\" content=\"5 minutos\" \/>\n<script type=\"application\/ld+json\" class=\"yoast-schema-graph\">{\"@context\":\"https:\\\/\\\/schema.org\",\"@graph\":[{\"@type\":\"WebPage\",\"@id\":\"https:\\\/\\\/steykmp.com\\\/es\\\/diseno-y-delineacion-3d\\\/dibujos-tecnicos\\\/\",\"url\":\"https:\\\/\\\/steykmp.com\\\/es\\\/diseno-y-delineacion-3d\\\/dibujos-tecnicos\\\/\",\"name\":\"Dibujos t\u00e9cnicos - Steyk\",\"isPartOf\":{\"@id\":\"https:\\\/\\\/steykmp.com\\\/#website\"},\"datePublished\":\"2025-03-20T10:40:48+00:00\",\"dateModified\":\"2025-04-03T08:20:39+00:00\",\"breadcrumb\":{\"@id\":\"https:\\\/\\\/steykmp.com\\\/es\\\/diseno-y-delineacion-3d\\\/dibujos-tecnicos\\\/#breadcrumb\"},\"inLanguage\":\"es\",\"potentialAction\":[{\"@type\":\"ReadAction\",\"target\":[\"https:\\\/\\\/steykmp.com\\\/es\\\/diseno-y-delineacion-3d\\\/dibujos-tecnicos\\\/\"]}]},{\"@type\":\"BreadcrumbList\",\"@id\":\"https:\\\/\\\/steykmp.com\\\/es\\\/diseno-y-delineacion-3d\\\/dibujos-tecnicos\\\/#breadcrumb\",\"itemListElement\":[{\"@type\":\"ListItem\",\"position\":1,\"name\":\"Inici\",\"item\":\"https:\\\/\\\/steykmp.com\\\/es\\\/inicio\\\/\"},{\"@type\":\"ListItem\",\"position\":2,\"name\":\"Dise\u00f1o y delineaci\u00f3n 3d\",\"item\":\"https:\\\/\\\/steykmp.com\\\/es\\\/diseno-y-delineacion-3d\\\/\"},{\"@type\":\"ListItem\",\"position\":3,\"name\":\"Dibujos t\u00e9cnicos\"}]},{\"@type\":\"WebSite\",\"@id\":\"https:\\\/\\\/steykmp.com\\\/#website\",\"url\":\"https:\\\/\\\/steykmp.com\\\/\",\"name\":\"Steyk Enginyeria\",\"description\":\"Projectes d&#039;enginyeria claus en m\u00e0\",\"publisher\":{\"@id\":\"https:\\\/\\\/steykmp.com\\\/#organization\"},\"potentialAction\":[{\"@type\":\"SearchAction\",\"target\":{\"@type\":\"EntryPoint\",\"urlTemplate\":\"https:\\\/\\\/steykmp.com\\\/?s={search_term_string}\"},\"query-input\":{\"@type\":\"PropertyValueSpecification\",\"valueRequired\":true,\"valueName\":\"search_term_string\"}}],\"inLanguage\":\"es\"},{\"@type\":\"Organization\",\"@id\":\"https:\\\/\\\/steykmp.com\\\/#organization\",\"name\":\"Steyk\",\"url\":\"https:\\\/\\\/steykmp.com\\\/\",\"logo\":{\"@type\":\"ImageObject\",\"inLanguage\":\"es\",\"@id\":\"https:\\\/\\\/steykmp.com\\\/#\\\/schema\\\/logo\\\/image\\\/\",\"url\":\"https:\\\/\\\/steykmp.com\\\/wp-content\\\/uploads\\\/2025\\\/04\\\/Logo-Steyk-2025.jpg\",\"contentUrl\":\"https:\\\/\\\/steykmp.com\\\/wp-content\\\/uploads\\\/2025\\\/04\\\/Logo-Steyk-2025.jpg\",\"width\":665,\"height\":404,\"caption\":\"Steyk\"},\"image\":{\"@id\":\"https:\\\/\\\/steykmp.com\\\/#\\\/schema\\\/logo\\\/image\\\/\"}}]}<\/script>\n<!-- \/ Yoast SEO plugin. -->","yoast_head_json":{"title":"Dibujos t\u00e9cnicos - Steyk","robots":{"index":"index","follow":"follow","max-snippet":"max-snippet:-1","max-image-preview":"max-image-preview:large","max-video-preview":"max-video-preview:-1"},"canonical":"https:\/\/steykmp.com\/es\/diseno-y-delineacion-3d\/dibujos-tecnicos\/","og_locale":"es_ES","og_type":"article","og_title":"Dibujos t\u00e9cnicos - Steyk","og_description":"En nuestra empresa, no solo ofrecemos dibujos t\u00e9cnicos en 3D; somos proyectistas especializados que integramos toda la informaci\u00f3n t\u00e9cnica en el dise\u00f1o con autonom\u00eda y profesionalidad. Esto nos permite ir m\u00e1s all\u00e1 del simple delineado, ofreciendo soluciones completas y adaptadas a las necesidades espec\u00edficas de cada proyecto. Competitividad: Nos adaptamos a cada cliente con presupuestos [&hellip;]","og_url":"https:\/\/steykmp.com\/es\/diseno-y-delineacion-3d\/dibujos-tecnicos\/","og_site_name":"Steyk","article_modified_time":"2025-04-03T08:20:39+00:00","twitter_card":"summary_large_image","twitter_misc":{"Tiempo de lectura":"5 minutos"},"schema":{"@context":"https:\/\/schema.org","@graph":[{"@type":"WebPage","@id":"https:\/\/steykmp.com\/es\/diseno-y-delineacion-3d\/dibujos-tecnicos\/","url":"https:\/\/steykmp.com\/es\/diseno-y-delineacion-3d\/dibujos-tecnicos\/","name":"Dibujos t\u00e9cnicos - Steyk","isPartOf":{"@id":"https:\/\/steykmp.com\/#website"},"datePublished":"2025-03-20T10:40:48+00:00","dateModified":"2025-04-03T08:20:39+00:00","breadcrumb":{"@id":"https:\/\/steykmp.com\/es\/diseno-y-delineacion-3d\/dibujos-tecnicos\/#breadcrumb"},"inLanguage":"es","potentialAction":[{"@type":"ReadAction","target":["https:\/\/steykmp.com\/es\/diseno-y-delineacion-3d\/dibujos-tecnicos\/"]}]},{"@type":"BreadcrumbList","@id":"https:\/\/steykmp.com\/es\/diseno-y-delineacion-3d\/dibujos-tecnicos\/#breadcrumb","itemListElement":[{"@type":"ListItem","position":1,"name":"Inici","item":"https:\/\/steykmp.com\/es\/inicio\/"},{"@type":"ListItem","position":2,"name":"Dise\u00f1o y delineaci\u00f3n 3d","item":"https:\/\/steykmp.com\/es\/diseno-y-delineacion-3d\/"},{"@type":"ListItem","position":3,"name":"Dibujos t\u00e9cnicos"}]},{"@type":"WebSite","@id":"https:\/\/steykmp.com\/#website","url":"https:\/\/steykmp.com\/","name":"Steyk Enginyeria","description":"Projectes d&#039;enginyeria claus en m\u00e0","publisher":{"@id":"https:\/\/steykmp.com\/#organization"},"potentialAction":[{"@type":"SearchAction","target":{"@type":"EntryPoint","urlTemplate":"https:\/\/steykmp.com\/?s={search_term_string}"},"query-input":{"@type":"PropertyValueSpecification","valueRequired":true,"valueName":"search_term_string"}}],"inLanguage":"es"},{"@type":"Organization","@id":"https:\/\/steykmp.com\/#organization","name":"Steyk","url":"https:\/\/steykmp.com\/","logo":{"@type":"ImageObject","inLanguage":"es","@id":"https:\/\/steykmp.com\/#\/schema\/logo\/image\/","url":"https:\/\/steykmp.com\/wp-content\/uploads\/2025\/04\/Logo-Steyk-2025.jpg","contentUrl":"https:\/\/steykmp.com\/wp-content\/uploads\/2025\/04\/Logo-Steyk-2025.jpg","width":665,"height":404,"caption":"Steyk"},"image":{"@id":"https:\/\/steykmp.com\/#\/schema\/logo\/image\/"}}]}},"_links":{"self":[{"href":"https:\/\/steykmp.com\/es\/wp-json\/wp\/v2\/pages\/403158","targetHints":{"allow":["GET"]}}],"collection":[{"href":"https:\/\/steykmp.com\/es\/wp-json\/wp\/v2\/pages"}],"about":[{"href":"https:\/\/steykmp.com\/es\/wp-json\/wp\/v2\/types\/page"}],"author":[{"embeddable":true,"href":"https:\/\/steykmp.com\/es\/wp-json\/wp\/v2\/users\/1"}],"replies":[{"embeddable":true,"href":"https:\/\/steykmp.com\/es\/wp-json\/wp\/v2\/comments?post=403158"}],"version-history":[{"count":6,"href":"https:\/\/steykmp.com\/es\/wp-json\/wp\/v2\/pages\/403158\/revisions"}],"predecessor-version":[{"id":403707,"href":"https:\/\/steykmp.com\/es\/wp-json\/wp\/v2\/pages\/403158\/revisions\/403707"}],"up":[{"embeddable":true,"href":"https:\/\/steykmp.com\/es\/wp-json\/wp\/v2\/pages\/403155"}],"wp:attachment":[{"href":"https:\/\/steykmp.com\/es\/wp-json\/wp\/v2\/media?parent=403158"}],"curies":[{"name":"wp","href":"https:\/\/api.w.org\/{rel}","templated":true}]}}