{"id":403182,"date":"2025-03-24T09:31:29","date_gmt":"2025-03-24T09:31:29","guid":{"rendered":"https:\/\/steykmp.com\/index.php\/fluidos\/"},"modified":"2025-03-31T10:54:21","modified_gmt":"2025-03-31T10:54:21","slug":"fluidos","status":"publish","type":"page","link":"https:\/\/steykmp.com\/es\/fluidos\/","title":{"rendered":"Fluidos"},"content":{"rendered":"<p>[et_pb_section fb_built=\u00bb1&#8243; custom_padding_last_edited=\u00bbon|phone\u00bb _builder_version=\u00bb4.27.4&#8243; _module_preset=\u00bbdefault\u00bb custom_margin=\u00bb-90px||||false|false\u00bb custom_margin_tablet=\u00bb0px||||false|false\u00bb custom_margin_phone=\u00bb0px||||false|false\u00bb custom_margin_last_edited=\u00bbon|phone\u00bb custom_padding=\u00bb3px||0px||false|false\u00bb custom_padding_tablet=\u00bb0px||||false|false\u00bb custom_padding_phone=\u00bb0px||||false|false\u00bb global_colors_info=\u00bb{}\u00bb][et_pb_row _builder_version=\u00bb4.27.4&#8243; _module_preset=\u00bbdefault\u00bb width=\u00bb100%\u00bb max_width=\u00bb100%\u00bb custom_padding=\u00bb3px|||||\u00bb global_colors_info=\u00bb{}\u00bb][et_pb_column type=\u00bb4_4&#8243; _builder_version=\u00bb4.27.4&#8243; _module_preset=\u00bbdefault\u00bb global_colors_info=\u00bb{}\u00bb][et_pb_slider use_bg_overlay=\u00bbon\u00bb _builder_version=\u00bb4.27.4&#8243; _module_preset=\u00bbdefault\u00bb global_colors_info=\u00bb{}\u00bb][et_pb_slide heading=\u00bbFluidos \u00bb _builder_version=\u00bb4.27.4&#8243; _module_preset=\u00bbdefault\u00bb background_image=\u00bbhttps:\/\/steykmp.com\/wp-content\/uploads\/2025\/03\/26-Fluidos-Bomba-centrifuga.jpg\u00bb background_enable_image=\u00bbon\u00bb background_enable_video_mp4=\u00bboff\u00bb global_colors_info=\u00bb{}\u00bb sticky_transition=\u00bbon\u00bb][\/et_pb_slide][\/et_pb_slider][\/et_pb_column][\/et_pb_row][\/et_pb_section][et_pb_section fb_built=\u00bb1&#8243; custom_padding_last_edited=\u00bbon|phone\u00bb _builder_version=\u00bb4.27.4&#8243; _module_preset=\u00bbdefault\u00bb custom_margin=\u00bb0px||||false|false\u00bb custom_padding=\u00bb40px||40px||true|false\u00bb custom_padding_tablet=\u00bb20px||40px||false|false\u00bb custom_padding_phone=\u00bb20px||40px||false|false\u00bb global_colors_info=\u00bb{}\u00bb][et_pb_row column_structure=\u00bb2_5,3_5&#8243; make_equal=\u00bbon\u00bb module_class=\u00bbreverse\u00bb _builder_version=\u00bb4.27.4&#8243; _module_preset=\u00bbdefault\u00bb custom_margin=\u00bb0px|auto||auto|false|false\u00bb custom_css_main_element=\u00bbalign-items:center;\u00bb global_colors_info=\u00bb{}\u00bb][et_pb_column type=\u00bb2_5&#8243; _builder_version=\u00bb4.27.4&#8243; _module_preset=\u00bbdefault\u00bb global_colors_info=\u00bb{}\u00bb][et_pb_image src=\u00bbhttps:\/\/steykmp.com\/wp-content\/uploads\/2025\/03\/28-Fluidos-Instalacion-bombas.jpg\u00bb alt=\u00bbMarcado CE\u00bb title_text=\u00bbFluidos- Instalacion bombas\u00bb _builder_version=\u00bb4.27.4&#8243; _module_preset=\u00bbdefault\u00bb module_alignment=\u00bbright\u00bb global_colors_info=\u00bb{}\u00bb][\/et_pb_image][\/et_pb_column][et_pb_column type=\u00bb3_5&#8243; _builder_version=\u00bb4.27.4&#8243; _module_preset=\u00bbdefault\u00bb global_colors_info=\u00bb{}\u00bb][et_pb_cta title=\u00bbDise\u00f1o e Implementaci\u00f3n de Sistemas de Tratamiento de Fluidos: Soluciones Avanzadas y Adaptadas\u00bb _builder_version=\u00bb4.27.4&#8243; _module_preset=\u00bb6901f3ca-79ee-4bc9-89c0-9260de3a0578&#8243; custom_padding_tablet=\u00bb0px||||false|false\u00bb custom_padding_phone=\u00bb0px||||false|false\u00bb custom_padding_last_edited=\u00bbon|phone\u00bb global_colors_info=\u00bb{}\u00bb]En nuestra empresa ofrecemos soluciones integrales para el dise\u00f1o e implementaci\u00f3n de sistemas de tratamiento de fluidos, adaptadas a las necesidades espec\u00edficas de cada proyecto. Cubrimos un amplio abanico de fluidos, desde diferentes calidades de agua hasta fluidos qu\u00edmicos, con un enfoque en la fiabilidad, la eficiencia y la durabilidad.[\/et_pb_cta][\/et_pb_column][\/et_pb_row][et_pb_row _builder_version=\u00bb4.27.4&#8243; _module_preset=\u00bbdefault\u00bb global_colors_info=\u00bb{}\u00bb][et_pb_column type=\u00bb4_4&#8243; _builder_version=\u00bb4.27.4&#8243; _module_preset=\u00bbdefault\u00bb global_colors_info=\u00bb{}\u00bb][et_pb_cta title=\u00bbSoluciones a medida para cada aplicaci\u00f3n\u00bb _builder_version=\u00bb4.27.4&#8243; _module_preset=\u00bb6901f3ca-79ee-4bc9-89c0-9260de3a0578&#8243; custom_padding=\u00bb0px|0px|0px|0px|false|false\u00bb global_colors_info=\u00bb{}\u00bb]Nos encargamos de analizar las caracter\u00edsticas espec\u00edficas de cada fluido y proceso para dise\u00f1ar sistemas totalmente personalizados. Nuestras soluciones incluyen la consideraci\u00f3n de:<br \/>\n&nbsp;<\/p>\n<ul>\n<li><strong>Temperatura y presi\u00f3n<\/strong>: Adaptaci\u00f3n de materiales y componentes para trabajar en condiciones extremas, desde fluidos a alta temperatura hasta sistemas de baja presi\u00f3n.<\/li>\n<li><strong>Acidez y compatibilidad qu\u00edmica<\/strong>: Selecci\u00f3n cuidadosa de elementos que aseguren la m\u00e1xima resistencia qu\u00edmica y prevenci\u00f3n de reacciones no deseadas.<\/li>\n<li><strong>Tratamientos anticorrosi\u00f3n<\/strong>: Incorporaci\u00f3n de tecnolog\u00edas y recubrimientos que garanticen la durabilidad de los sistemas en presencia de fluidos agresivos.<\/li>\n<\/ul>\n<p>[\/et_pb_cta][\/et_pb_column][\/et_pb_row][et_pb_row column_structure=\u00bb3_5,2_5&#8243; make_equal=\u00bbon\u00bb custom_padding_last_edited=\u00bbon|phone\u00bb _builder_version=\u00bb4.27.4&#8243; _module_preset=\u00bbdefault\u00bb custom_padding=\u00bb0px||||false|false\u00bb custom_padding_tablet=\u00bb||||false|false\u00bb custom_padding_phone=\u00bb||||false|false\u00bb custom_css_main_element=\u00bbalign-items:center;\u00bb global_colors_info=\u00bb{}\u00bb][et_pb_column type=\u00bb3_5&#8243; _builder_version=\u00bb4.27.4&#8243; _module_preset=\u00bbdefault\u00bb global_colors_info=\u00bb{}\u00bb][et_pb_cta title=\u00bbFunciones y aplicaciones vers\u00e1tiles\u00bb _builder_version=\u00bb4.27.4&#8243; _module_preset=\u00bb6901f3ca-79ee-4bc9-89c0-9260de3a0578&#8243; header_font=\u00bb||||||||\u00bb custom_padding_tablet=\u00bb0px||0px||false|false\u00bb custom_padding_phone=\u00bb0px||0px||false|false\u00bb custom_padding_last_edited=\u00bbon|phone\u00bb global_colors_info=\u00bb{}\u00bb]Nuestros sistemas cubren un amplio espectro de funciones y aplicaciones industriales:<\/p>\n<ul>\n<li><strong>Purificaci\u00f3n y tratamiento<\/strong>: Soluciones para mejorar la calidad del fluido seg\u00fan los requerimientos del proceso, incluyendo filtraci\u00f3n, desmineralizaci\u00f3n y desgasificaci\u00f3n.<\/li>\n<li><strong>Calentamiento y enfriamiento<\/strong>: Dise\u00f1amos sistemas de intercambio t\u00e9rmico que aseguran un ajuste preciso de la temperatura de los fluidos.<\/li>\n<li><strong>Evaporaci\u00f3n y condensaci\u00f3n<\/strong>: Desarrollo de sistemas para concentrar sustancias o separar componentes \u00fatiles.<\/li>\n<li><strong>Transporte y almacenamiento<\/strong>:<br \/>\n&#8211; Sistemas de transporte con el uso de bombas volum\u00e9tricas (perist\u00e1lticas, de pist\u00f3n, de membrana, entre otras) y bombas centr\u00edfugas, optimizadas para un amplio rango de viscosidades y caudales. La selecci\u00f3n del tipo de bomba se realiza seg\u00fan las propiedades f\u00edsicas y qu\u00edmicas del fluido, asegurando una operaci\u00f3n segura y eficiente.<br \/>\n&#8211; Dep\u00f3sitos de almacenamiento dise\u00f1ados para cada aplicaci\u00f3n espec\u00edfica, incluyendo dep\u00f3sitos de acero inoxidable para fluidos agresivos, dep\u00f3sitos de polietileno para aplicaciones m\u00e1s ligeras o sistemas revestidos para prevenir corrosi\u00f3n. Se consideran aspectos como capacidades, sistemas de agitaci\u00f3n y niveles de presi\u00f3n o vac\u00edo necesarios seg\u00fan el proceso.\n<\/li>\n<\/ul>\n<p>[\/et_pb_cta][\/et_pb_column][et_pb_column type=\u00bb2_5&#8243; _builder_version=\u00bb4.27.4&#8243; _module_preset=\u00bbdefault\u00bb global_colors_info=\u00bb{}\u00bb][et_pb_image src=\u00bbhttps:\/\/steykmp.com\/wp-content\/uploads\/2025\/03\/29-Fluidos-Equipo-intercambio-ionico.jpg\u00bb alt=\u00bbExpediente CE &#8211; Sostenibilidad medioambiental\u00bb title_text=\u00bbFluidos &#8211; Equipo intercambio ionico\u00bb _builder_version=\u00bb4.27.4&#8243; _module_preset=\u00bbdefault\u00bb module_alignment=\u00bbright\u00bb global_colors_info=\u00bb{}\u00bb][\/et_pb_image][\/et_pb_column][\/et_pb_row][et_pb_row column_structure=\u00bb2_5,3_5&#8243; make_equal=\u00bbon\u00bb module_class=\u00bbreverse\u00bb _builder_version=\u00bb4.27.4&#8243; _module_preset=\u00bbdefault\u00bb custom_margin=\u00bb0px|auto||auto|false|false\u00bb custom_css_main_element=\u00bbalign-items:center;\u00bb global_colors_info=\u00bb{}\u00bb][et_pb_column type=\u00bb2_5&#8243; _builder_version=\u00bb4.27.4&#8243; _module_preset=\u00bbdefault\u00bb global_colors_info=\u00bb{}\u00bb][et_pb_image src=\u00bbhttps:\/\/steykmp.com\/wp-content\/uploads\/2025\/03\/27-Fluidos-Osmosis.jpg\u00bb alt=\u00bbMarcado CE\u00bb title_text=\u00bbFluids &#8211; osmosis\u00bb _builder_version=\u00bb4.27.4&#8243; _module_preset=\u00bbdefault\u00bb module_alignment=\u00bbright\u00bb global_colors_info=\u00bb{}\u00bb][\/et_pb_image][\/et_pb_column][et_pb_column type=\u00bb3_5&#8243; _builder_version=\u00bb4.27.4&#8243; _module_preset=\u00bbdefault\u00bb global_colors_info=\u00bb{}\u00bb][et_pb_cta _builder_version=\u00bb4.27.4&#8243; _module_preset=\u00bb6901f3ca-79ee-4bc9-89c0-9260de3a0578&#8243; global_colors_info=\u00bb{}\u00bb]Con este enfoque t\u00e9cnico y riguroso, aseguramos que cada sistema de tratamiento de fluidos responda a las necesidades espec\u00edficas de su proyecto, proporcionando una soluci\u00f3n fiable y adaptada a los requisitos m\u00e1s exigentes.[\/et_pb_cta][\/et_pb_column][\/et_pb_row][\/et_pb_section][et_pb_section fb_built=\u00bb1&#8243; _builder_version=\u00bb4.27.4&#8243; _module_preset=\u00bbdefault\u00bb background_color=\u00bb#d1d1d1&#8243; custom_padding=\u00bb40px||40px||true|\u00bb global_colors_info=\u00bb{}\u00bb][et_pb_row _builder_version=\u00bb4.27.4&#8243; _module_preset=\u00bbdefault\u00bb global_colors_info=\u00bb{}\u00bb][et_pb_column type=\u00bb4_4&#8243; _builder_version=\u00bb4.27.4&#8243; _module_preset=\u00bbdefault\u00bb global_colors_info=\u00bb{}\u00bb][et_pb_cta title=\u00bb\u00bfNecesita desarrollar u optimizar un sistema de tratamiento de fluidos?\u00bb button_url=\u00bbhttps:\/\/steykmp.com\/es\/contacto\/\u00bb button_text=\u00bbContacto\u00bb _builder_version=\u00bb4.27.4&#8243; _module_preset=\u00bbdefault\u00bb header_line_height=\u00bb1.2em\u00bb background_enable_color=\u00bboff\u00bb background_layout=\u00bblight\u00bb hover_enabled=\u00bb0&#8243; global_colors_info=\u00bb{}\u00bb sticky_enabled=\u00bb0&#8243;]<\/p>\n<p>Cont\u00e1ctenos y descubra c\u00f3mo podemos contribuir al \u00e9xito de su proyecto con las mejores soluciones tecnol\u00f3gicas.<\/p>\n<p>[\/et_pb_cta][\/et_pb_column][\/et_pb_row][\/et_pb_section]<\/p>\n","protected":false},"excerpt":{"rendered":"<p>En nuestra empresa ofrecemos soluciones integrales para el dise\u00f1o e implementaci\u00f3n de sistemas de tratamiento de fluidos, adaptadas a las necesidades espec\u00edficas de cada proyecto. Cubrimos un amplio abanico de fluidos, desde diferentes calidades de agua hasta fluidos qu\u00edmicos, con un enfoque en la fiabilidad, la eficiencia y la durabilidad.Nos encargamos de analizar las caracter\u00edsticas [&hellip;]<\/p>\n","protected":false},"author":1,"featured_media":0,"parent":0,"menu_order":0,"comment_status":"closed","ping_status":"closed","template":"","meta":{"_et_pb_use_builder":"on","_et_pb_old_content":"","_et_gb_content_width":"","footnotes":""},"class_list":["post-403182","page","type-page","status-publish","hentry"],"yoast_head":"<!-- This site is optimized with the Yoast SEO plugin v27.4 - https:\/\/yoast.com\/product\/yoast-seo-wordpress\/ -->\n<title>Fluidos - Steyk<\/title>\n<meta name=\"robots\" content=\"index, follow, max-snippet:-1, max-image-preview:large, max-video-preview:-1\" \/>\n<link rel=\"canonical\" href=\"https:\/\/steykmp.com\/es\/fluidos\/\" \/>\n<meta property=\"og:locale\" content=\"es_ES\" \/>\n<meta property=\"og:type\" content=\"article\" \/>\n<meta property=\"og:title\" content=\"Fluidos - Steyk\" \/>\n<meta property=\"og:description\" content=\"En nuestra empresa ofrecemos soluciones integrales para el dise\u00f1o e implementaci\u00f3n de sistemas de tratamiento de fluidos, adaptadas a las necesidades espec\u00edficas de cada proyecto. Cubrimos un amplio abanico de fluidos, desde diferentes calidades de agua hasta fluidos qu\u00edmicos, con un enfoque en la fiabilidad, la eficiencia y la durabilidad.Nos encargamos de analizar las caracter\u00edsticas [&hellip;]\" \/>\n<meta property=\"og:url\" content=\"https:\/\/steykmp.com\/es\/fluidos\/\" \/>\n<meta property=\"og:site_name\" content=\"Steyk\" \/>\n<meta property=\"article:modified_time\" content=\"2025-03-31T10:54:21+00:00\" \/>\n<meta name=\"twitter:card\" content=\"summary_large_image\" \/>\n<meta name=\"twitter:label1\" content=\"Tiempo de lectura\" \/>\n\t<meta name=\"twitter:data1\" content=\"6 minutos\" \/>\n<script type=\"application\/ld+json\" class=\"yoast-schema-graph\">{\"@context\":\"https:\\\/\\\/schema.org\",\"@graph\":[{\"@type\":\"WebPage\",\"@id\":\"https:\\\/\\\/steykmp.com\\\/es\\\/fluidos\\\/\",\"url\":\"https:\\\/\\\/steykmp.com\\\/es\\\/fluidos\\\/\",\"name\":\"Fluidos - Steyk\",\"isPartOf\":{\"@id\":\"https:\\\/\\\/steykmp.com\\\/#website\"},\"datePublished\":\"2025-03-24T09:31:29+00:00\",\"dateModified\":\"2025-03-31T10:54:21+00:00\",\"breadcrumb\":{\"@id\":\"https:\\\/\\\/steykmp.com\\\/es\\\/fluidos\\\/#breadcrumb\"},\"inLanguage\":\"es\",\"potentialAction\":[{\"@type\":\"ReadAction\",\"target\":[\"https:\\\/\\\/steykmp.com\\\/es\\\/fluidos\\\/\"]}]},{\"@type\":\"BreadcrumbList\",\"@id\":\"https:\\\/\\\/steykmp.com\\\/es\\\/fluidos\\\/#breadcrumb\",\"itemListElement\":[{\"@type\":\"ListItem\",\"position\":1,\"name\":\"Inici\",\"item\":\"https:\\\/\\\/steykmp.com\\\/es\\\/inicio\\\/\"},{\"@type\":\"ListItem\",\"position\":2,\"name\":\"Fluidos\"}]},{\"@type\":\"WebSite\",\"@id\":\"https:\\\/\\\/steykmp.com\\\/#website\",\"url\":\"https:\\\/\\\/steykmp.com\\\/\",\"name\":\"Steyk Enginyeria\",\"description\":\"Projectes d&#039;enginyeria claus en m\u00e0\",\"publisher\":{\"@id\":\"https:\\\/\\\/steykmp.com\\\/#organization\"},\"potentialAction\":[{\"@type\":\"SearchAction\",\"target\":{\"@type\":\"EntryPoint\",\"urlTemplate\":\"https:\\\/\\\/steykmp.com\\\/?s={search_term_string}\"},\"query-input\":{\"@type\":\"PropertyValueSpecification\",\"valueRequired\":true,\"valueName\":\"search_term_string\"}}],\"inLanguage\":\"es\"},{\"@type\":\"Organization\",\"@id\":\"https:\\\/\\\/steykmp.com\\\/#organization\",\"name\":\"Steyk\",\"url\":\"https:\\\/\\\/steykmp.com\\\/\",\"logo\":{\"@type\":\"ImageObject\",\"inLanguage\":\"es\",\"@id\":\"https:\\\/\\\/steykmp.com\\\/#\\\/schema\\\/logo\\\/image\\\/\",\"url\":\"https:\\\/\\\/steykmp.com\\\/wp-content\\\/uploads\\\/2025\\\/04\\\/Logo-Steyk-2025.jpg\",\"contentUrl\":\"https:\\\/\\\/steykmp.com\\\/wp-content\\\/uploads\\\/2025\\\/04\\\/Logo-Steyk-2025.jpg\",\"width\":665,\"height\":404,\"caption\":\"Steyk\"},\"image\":{\"@id\":\"https:\\\/\\\/steykmp.com\\\/#\\\/schema\\\/logo\\\/image\\\/\"}}]}<\/script>\n<!-- \/ Yoast SEO plugin. -->","yoast_head_json":{"title":"Fluidos - Steyk","robots":{"index":"index","follow":"follow","max-snippet":"max-snippet:-1","max-image-preview":"max-image-preview:large","max-video-preview":"max-video-preview:-1"},"canonical":"https:\/\/steykmp.com\/es\/fluidos\/","og_locale":"es_ES","og_type":"article","og_title":"Fluidos - Steyk","og_description":"En nuestra empresa ofrecemos soluciones integrales para el dise\u00f1o e implementaci\u00f3n de sistemas de tratamiento de fluidos, adaptadas a las necesidades espec\u00edficas de cada proyecto. Cubrimos un amplio abanico de fluidos, desde diferentes calidades de agua hasta fluidos qu\u00edmicos, con un enfoque en la fiabilidad, la eficiencia y la durabilidad.Nos encargamos de analizar las caracter\u00edsticas [&hellip;]","og_url":"https:\/\/steykmp.com\/es\/fluidos\/","og_site_name":"Steyk","article_modified_time":"2025-03-31T10:54:21+00:00","twitter_card":"summary_large_image","twitter_misc":{"Tiempo de lectura":"6 minutos"},"schema":{"@context":"https:\/\/schema.org","@graph":[{"@type":"WebPage","@id":"https:\/\/steykmp.com\/es\/fluidos\/","url":"https:\/\/steykmp.com\/es\/fluidos\/","name":"Fluidos - Steyk","isPartOf":{"@id":"https:\/\/steykmp.com\/#website"},"datePublished":"2025-03-24T09:31:29+00:00","dateModified":"2025-03-31T10:54:21+00:00","breadcrumb":{"@id":"https:\/\/steykmp.com\/es\/fluidos\/#breadcrumb"},"inLanguage":"es","potentialAction":[{"@type":"ReadAction","target":["https:\/\/steykmp.com\/es\/fluidos\/"]}]},{"@type":"BreadcrumbList","@id":"https:\/\/steykmp.com\/es\/fluidos\/#breadcrumb","itemListElement":[{"@type":"ListItem","position":1,"name":"Inici","item":"https:\/\/steykmp.com\/es\/inicio\/"},{"@type":"ListItem","position":2,"name":"Fluidos"}]},{"@type":"WebSite","@id":"https:\/\/steykmp.com\/#website","url":"https:\/\/steykmp.com\/","name":"Steyk Enginyeria","description":"Projectes d&#039;enginyeria claus en m\u00e0","publisher":{"@id":"https:\/\/steykmp.com\/#organization"},"potentialAction":[{"@type":"SearchAction","target":{"@type":"EntryPoint","urlTemplate":"https:\/\/steykmp.com\/?s={search_term_string}"},"query-input":{"@type":"PropertyValueSpecification","valueRequired":true,"valueName":"search_term_string"}}],"inLanguage":"es"},{"@type":"Organization","@id":"https:\/\/steykmp.com\/#organization","name":"Steyk","url":"https:\/\/steykmp.com\/","logo":{"@type":"ImageObject","inLanguage":"es","@id":"https:\/\/steykmp.com\/#\/schema\/logo\/image\/","url":"https:\/\/steykmp.com\/wp-content\/uploads\/2025\/04\/Logo-Steyk-2025.jpg","contentUrl":"https:\/\/steykmp.com\/wp-content\/uploads\/2025\/04\/Logo-Steyk-2025.jpg","width":665,"height":404,"caption":"Steyk"},"image":{"@id":"https:\/\/steykmp.com\/#\/schema\/logo\/image\/"}}]}},"_links":{"self":[{"href":"https:\/\/steykmp.com\/es\/wp-json\/wp\/v2\/pages\/403182","targetHints":{"allow":["GET"]}}],"collection":[{"href":"https:\/\/steykmp.com\/es\/wp-json\/wp\/v2\/pages"}],"about":[{"href":"https:\/\/steykmp.com\/es\/wp-json\/wp\/v2\/types\/page"}],"author":[{"embeddable":true,"href":"https:\/\/steykmp.com\/es\/wp-json\/wp\/v2\/users\/1"}],"replies":[{"embeddable":true,"href":"https:\/\/steykmp.com\/es\/wp-json\/wp\/v2\/comments?post=403182"}],"version-history":[{"count":4,"href":"https:\/\/steykmp.com\/es\/wp-json\/wp\/v2\/pages\/403182\/revisions"}],"predecessor-version":[{"id":403590,"href":"https:\/\/steykmp.com\/es\/wp-json\/wp\/v2\/pages\/403182\/revisions\/403590"}],"wp:attachment":[{"href":"https:\/\/steykmp.com\/es\/wp-json\/wp\/v2\/media?parent=403182"}],"curies":[{"name":"wp","href":"https:\/\/api.w.org\/{rel}","templated":true}]}}