{"id":403197,"date":"2025-03-21T11:59:08","date_gmt":"2025-03-21T11:59:08","guid":{"rendered":"https:\/\/steykmp.com\/index.php\/redes-de-energia-e-informacion\/"},"modified":"2025-03-31T11:00:57","modified_gmt":"2025-03-31T11:00:57","slug":"redes-de-energia-e-informacion","status":"publish","type":"page","link":"https:\/\/steykmp.com\/es\/redes-de-energia-e-informacion\/","title":{"rendered":"Redes de energ\u00eda e informaci\u00f3n"},"content":{"rendered":"<p>[et_pb_section fb_built=\u00bb1&#8243; custom_padding_last_edited=\u00bbon|phone\u00bb _builder_version=\u00bb4.27.4&#8243; _module_preset=\u00bbdefault\u00bb custom_margin=\u00bb-90px||||false|false\u00bb custom_margin_tablet=\u00bb0px||||false|false\u00bb custom_margin_phone=\u00bb0px||||false|false\u00bb custom_margin_last_edited=\u00bbon|phone\u00bb custom_padding=\u00bb3px||0px||false|false\u00bb custom_padding_tablet=\u00bb0px||||false|false\u00bb custom_padding_phone=\u00bb0px||||false|false\u00bb global_colors_info=\u00bb{}\u00bb][et_pb_row _builder_version=\u00bb4.27.4&#8243; _module_preset=\u00bbdefault\u00bb width=\u00bb100%\u00bb max_width=\u00bb100%\u00bb custom_padding=\u00bb3px|||||\u00bb global_colors_info=\u00bb{}\u00bb][et_pb_column type=\u00bb4_4&#8243; _builder_version=\u00bb4.27.4&#8243; _module_preset=\u00bbdefault\u00bb global_colors_info=\u00bb{}\u00bb][et_pb_slider use_bg_overlay=\u00bbon\u00bb _builder_version=\u00bb4.27.4&#8243; _module_preset=\u00bbdefault\u00bb global_colors_info=\u00bb{}\u00bb][et_pb_slide heading=\u00bbRedes de energ\u00eda e informaci\u00f3n\u00bb _builder_version=\u00bb4.27.4&#8243; _module_preset=\u00bbdefault\u00bb background_enable_image=\u00bboff\u00bb background_video_mp4=\u00bbhttps:\/\/steykmp.com\/wp-content\/uploads\/2025\/03\/12-Redes-datos.mp4&#8243; background_enable_video_mp4=\u00bbon\u00bb global_colors_info=\u00bb{}\u00bb sticky_transition=\u00bbon\u00bb][\/et_pb_slide][\/et_pb_slider][\/et_pb_column][\/et_pb_row][\/et_pb_section][et_pb_section fb_built=\u00bb1&#8243; custom_padding_last_edited=\u00bbon|phone\u00bb _builder_version=\u00bb4.27.4&#8243; _module_preset=\u00bbdefault\u00bb custom_margin=\u00bb0px||||false|false\u00bb custom_padding=\u00bb40px||40px||true|false\u00bb custom_padding_tablet=\u00bb20px||40px||false|false\u00bb custom_padding_phone=\u00bb20px||40px||false|false\u00bb global_colors_info=\u00bb{}\u00bb][et_pb_row column_structure=\u00bb2_5,3_5&#8243; make_equal=\u00bbon\u00bb module_class=\u00bbreverse\u00bb _builder_version=\u00bb4.27.4&#8243; _module_preset=\u00bbdefault\u00bb custom_margin=\u00bb0px|auto||auto|false|false\u00bb custom_css_main_element=\u00bbalign-items:center;\u00bb global_colors_info=\u00bb{}\u00bb][et_pb_column type=\u00bb2_5&#8243; _builder_version=\u00bb4.27.4&#8243; _module_preset=\u00bbdefault\u00bb global_colors_info=\u00bb{}\u00bb][et_pb_image src=\u00bbhttps:\/\/steykmp.com\/wp-content\/uploads\/2025\/03\/13-Redes-Rack-tuberias.jpg\u00bb alt=\u00bbMarcado CE\u00bb title_text=\u00bbRedes &#8211; Rack tuberias\u00bb _builder_version=\u00bb4.27.4&#8243; _module_preset=\u00bbdefault\u00bb module_alignment=\u00bbright\u00bb global_colors_info=\u00bb{}\u00bb][\/et_pb_image][\/et_pb_column][et_pb_column type=\u00bb3_5&#8243; _builder_version=\u00bb4.27.4&#8243; _module_preset=\u00bbdefault\u00bb global_colors_info=\u00bb{}\u00bb][et_pb_cta title=\u00bbDise\u00f1o de Redes de Distribuci\u00f3n de Energ\u00eda y Servicios: Optimizaci\u00f3n, Ahorro y Cumplimiento Normativo\u00bb _builder_version=\u00bb4.27.4&#8243; _module_preset=\u00bb6901f3ca-79ee-4bc9-89c0-9260de3a0578&#8243; custom_padding_tablet=\u00bb0px||||false|false\u00bb custom_padding_phone=\u00bb0px||||false|false\u00bb custom_padding_last_edited=\u00bbon|tablet\u00bb global_colors_info=\u00bb{}\u00bb]<\/p>\n<p>El dise\u00f1o de redes de distribuci\u00f3n de energ\u00eda y servicios es una de las claves para el buen funcionamiento de cualquier proyecto industrial o de infraestructura. Una planificaci\u00f3n cuidadosa garantiza no solo la eficiencia en la distribuci\u00f3n, sino tambi\u00e9n el cumplimiento de las normativas y una reducci\u00f3n significativa en los costos de inversi\u00f3n y operaci\u00f3n.<\/p>\n<p>[\/et_pb_cta][\/et_pb_column][\/et_pb_row][et_pb_row _builder_version=\u00bb4.27.4&#8243; _module_preset=\u00bbdefault\u00bb global_colors_info=\u00bb{}\u00bb][et_pb_column type=\u00bb4_4&#8243; _builder_version=\u00bb4.27.4&#8243; _module_preset=\u00bbdefault\u00bb global_colors_info=\u00bb{}\u00bb][et_pb_cta title=\u00bbBeneficios de un dise\u00f1o profesional y detallado\u00bb _builder_version=\u00bb4.27.4&#8243; _module_preset=\u00bb1f7c8c46-dfbd-487a-a643-761bcd8931ac\u00bb custom_padding_tablet=\u00bb0px||0px||false|false\u00bb custom_padding_phone=\u00bb0px||0px||false|false\u00bb custom_padding_last_edited=\u00bbon|phone\u00bb global_colors_info=\u00bb{}\u00bb]<\/p>\n<p>Un sistema de distribuci\u00f3n bien dise\u00f1ado no es solo una estructura funcional, sino un activo estrat\u00e9gico que puede transformar su proyecto. Nuestros servicios aseguran:<\/p>\n<ul>\n<li><strong>Cumplimiento riguroso de la normativa vigente<\/strong>: Nos aseguramos de que cada aspecto del dise\u00f1o se ajuste a los est\u00e1ndares legales, evitando sanciones o modificaciones costosas en el futuro.<\/li>\n<li><strong>Ahorro de costos de inversi\u00f3n<\/strong>: Optimizamos los recursos desde el primer trazado, minimizando materiales y maximizando el rendimiento.<\/li>\n<li><strong>Aumento del rendimiento<\/strong>: Dise\u00f1amos redes con configuraciones eficientes que reducen p\u00e9rdidas energ\u00e9ticas y aseguran un suministro constante y fiable.<\/li>\n<li><strong>Flexibilidad y escalabilidad<\/strong>: Prevemos las necesidades futuras para garantizar que la red pueda adaptarse a nuevos requisitos sin grandes intervenciones.<\/li>\n<\/ul>\n<p>[\/et_pb_cta][\/et_pb_column][\/et_pb_row][et_pb_row column_structure=\u00bb3_5,2_5&#8243; make_equal=\u00bbon\u00bb custom_padding_last_edited=\u00bbon|phone\u00bb _builder_version=\u00bb4.27.4&#8243; _module_preset=\u00bbdefault\u00bb custom_padding=\u00bb0px||||false|false\u00bb custom_padding_tablet=\u00bb||||false|false\u00bb custom_padding_phone=\u00bb||||false|false\u00bb custom_css_main_element=\u00bbalign-items:center;\u00bb global_colors_info=\u00bb{}\u00bb][et_pb_column type=\u00bb3_5&#8243; _builder_version=\u00bb4.27.4&#8243; _module_preset=\u00bbdefault\u00bb global_colors_info=\u00bb{}\u00bb][et_pb_cta title=\u00bbAtenci\u00f3n a los detalles: el secreto del \u00e9xito\u00bb _builder_version=\u00bb4.27.4&#8243; _module_preset=\u00bb6901f3ca-79ee-4bc9-89c0-9260de3a0578&#8243; global_colors_info=\u00bb{}\u00bb]En nuestro proceso de dise\u00f1o, cada peque\u00f1o detalle importa. Planificamos trazados, configuraciones y conexiones con precisi\u00f3n para:<\/p>\n<ul>\n<li>Optimizar los recorridos y evitar interferencias con otros servicios o infraestructuras.\n<\/li>\n<li>Reducir la complejidad en el mantenimiento y las operaciones diarias.\n<\/li>\n<li>Garantizar una instalaci\u00f3n m\u00e1s r\u00e1pida y econ\u00f3mica.\n<\/li>\n<\/ul>\n<p>[\/et_pb_cta][\/et_pb_column][et_pb_column type=\u00bb2_5&#8243; _builder_version=\u00bb4.27.4&#8243; _module_preset=\u00bbdefault\u00bb global_colors_info=\u00bb{}\u00bb][et_pb_image src=\u00bbhttps:\/\/steykmp.com\/wp-content\/uploads\/2025\/03\/15-Redes-Bandejas-electricas.jpg\u00bb alt=\u00bbExpediente CE &#8211; Sostenibilidad medioambiental\u00bb title_text=\u00bbRedes &#8211; Bandejas electricas\u00bb _builder_version=\u00bb4.27.4&#8243; _module_preset=\u00bbdefault\u00bb module_alignment=\u00bbright\u00bb global_colors_info=\u00bb{}\u00bb][\/et_pb_image][\/et_pb_column][\/et_pb_row][et_pb_row column_structure=\u00bb2_5,3_5&#8243; make_equal=\u00bbon\u00bb module_class=\u00bbreverse\u00bb _builder_version=\u00bb4.27.4&#8243; _module_preset=\u00bbdefault\u00bb custom_margin=\u00bb0px|auto||auto|false|false\u00bb custom_css_main_element=\u00bbalign-items:center;\u00bb global_colors_info=\u00bb{}\u00bb][et_pb_column type=\u00bb2_5&#8243; _builder_version=\u00bb4.27.4&#8243; _module_preset=\u00bbdefault\u00bb global_colors_info=\u00bb{}\u00bb][et_pb_image src=\u00bbhttps:\/\/steykmp.com\/wp-content\/uploads\/2025\/03\/14-Redes-Datos.jpg\u00bb alt=\u00bbMarcado CE\u00bb title_text=\u00bbRedes &#8211; Datos\u00bb _builder_version=\u00bb4.27.4&#8243; _module_preset=\u00bbdefault\u00bb module_alignment=\u00bbright\u00bb global_colors_info=\u00bb{}\u00bb][\/et_pb_image][\/et_pb_column][et_pb_column type=\u00bb3_5&#8243; _builder_version=\u00bb4.27.4&#8243; _module_preset=\u00bbdefault\u00bb global_colors_info=\u00bb{}\u00bb][et_pb_cta title=\u00bb\u00bfPor qu\u00e9 confiar en nosotros?\u00bb _builder_version=\u00bb4.27.4&#8243; _module_preset=\u00bb6901f3ca-79ee-4bc9-89c0-9260de3a0578&#8243; global_colors_info=\u00bb{}\u00bb]Con un equipo de expertos y a\u00f1os de experiencia, ofrecemos soluciones que combinan innovaci\u00f3n y rentabilidad. Trabajamos estrechamente con nuestros clientes para entender sus necesidades y dise\u00f1ar redes a medida que respondan a los desaf\u00edos espec\u00edficos de cada proyecto.[\/et_pb_cta][\/et_pb_column][\/et_pb_row][\/et_pb_section][et_pb_section fb_built=\u00bb1&#8243; _builder_version=\u00bb4.27.4&#8243; _module_preset=\u00bbdefault\u00bb background_color=\u00bb#d1d1d1&#8243; custom_padding=\u00bb40px||40px||true|\u00bb global_colors_info=\u00bb{}\u00bb][et_pb_row _builder_version=\u00bb4.27.4&#8243; _module_preset=\u00bbdefault\u00bb global_colors_info=\u00bb{}\u00bb][et_pb_column type=\u00bb4_4&#8243; _builder_version=\u00bb4.27.4&#8243; _module_preset=\u00bbdefault\u00bb global_colors_info=\u00bb{}\u00bb][et_pb_cta title=\u00bbInvertir en el dise\u00f1o de una red de distribuci\u00f3n bien planificada es asegurar la funcionalidad, el ahorro y el futuro de su proyecto\u00bb button_url=\u00bbhttps:\/\/steykmp.com\/es\/contacto\/\u00bb button_text=\u00bbContacto\u00bb _builder_version=\u00bb4.27.4&#8243; _module_preset=\u00bbdefault\u00bb header_line_height=\u00bb1.2em\u00bb background_enable_color=\u00bboff\u00bb background_layout=\u00bblight\u00bb hover_enabled=\u00bb0&#8243; global_colors_info=\u00bb{}\u00bb sticky_enabled=\u00bb0&#8243;]<\/p>\n<p>Cont\u00e1ctenos hoy mismo para descubrir c\u00f3mo podemos ayudarlo a optimizar su sistema de energ\u00eda y servicios<\/p>\n<p>[\/et_pb_cta][\/et_pb_column][\/et_pb_row][\/et_pb_section]<\/p>\n","protected":false},"excerpt":{"rendered":"<p>El dise\u00f1o de redes de distribuci\u00f3n de energ\u00eda y servicios es una de las claves para el buen funcionamiento de cualquier proyecto industrial o de infraestructura. Una planificaci\u00f3n cuidadosa garantiza no solo la eficiencia en la distribuci\u00f3n, sino tambi\u00e9n el cumplimiento de las normativas y una reducci\u00f3n significativa en los costos de inversi\u00f3n y operaci\u00f3n.Un [&hellip;]<\/p>\n","protected":false},"author":1,"featured_media":0,"parent":0,"menu_order":0,"comment_status":"closed","ping_status":"closed","template":"","meta":{"_et_pb_use_builder":"on","_et_pb_old_content":"","_et_gb_content_width":"","footnotes":""},"class_list":["post-403197","page","type-page","status-publish","hentry"],"yoast_head":"<!-- This site is optimized with the Yoast SEO plugin v27.4 - https:\/\/yoast.com\/product\/yoast-seo-wordpress\/ -->\n<title>Redes de energ\u00eda e informaci\u00f3n - Steyk<\/title>\n<meta name=\"robots\" content=\"index, follow, max-snippet:-1, max-image-preview:large, max-video-preview:-1\" \/>\n<link rel=\"canonical\" href=\"https:\/\/steykmp.com\/es\/redes-de-energia-e-informacion\/\" \/>\n<meta property=\"og:locale\" content=\"es_ES\" \/>\n<meta property=\"og:type\" content=\"article\" \/>\n<meta property=\"og:title\" content=\"Redes de energ\u00eda e informaci\u00f3n - Steyk\" \/>\n<meta property=\"og:description\" content=\"El dise\u00f1o de redes de distribuci\u00f3n de energ\u00eda y servicios es una de las claves para el buen funcionamiento de cualquier proyecto industrial o de infraestructura. Una planificaci\u00f3n cuidadosa garantiza no solo la eficiencia en la distribuci\u00f3n, sino tambi\u00e9n el cumplimiento de las normativas y una reducci\u00f3n significativa en los costos de inversi\u00f3n y operaci\u00f3n.Un [&hellip;]\" \/>\n<meta property=\"og:url\" content=\"https:\/\/steykmp.com\/es\/redes-de-energia-e-informacion\/\" \/>\n<meta property=\"og:site_name\" content=\"Steyk\" \/>\n<meta property=\"article:modified_time\" content=\"2025-03-31T11:00:57+00:00\" \/>\n<meta name=\"twitter:card\" content=\"summary_large_image\" \/>\n<meta name=\"twitter:label1\" content=\"Tiempo de lectura\" \/>\n\t<meta name=\"twitter:data1\" content=\"6 minutos\" \/>\n<script type=\"application\/ld+json\" class=\"yoast-schema-graph\">{\"@context\":\"https:\\\/\\\/schema.org\",\"@graph\":[{\"@type\":\"WebPage\",\"@id\":\"https:\\\/\\\/steykmp.com\\\/es\\\/redes-de-energia-e-informacion\\\/\",\"url\":\"https:\\\/\\\/steykmp.com\\\/es\\\/redes-de-energia-e-informacion\\\/\",\"name\":\"Redes de energ\u00eda e informaci\u00f3n - Steyk\",\"isPartOf\":{\"@id\":\"https:\\\/\\\/steykmp.com\\\/#website\"},\"datePublished\":\"2025-03-21T11:59:08+00:00\",\"dateModified\":\"2025-03-31T11:00:57+00:00\",\"breadcrumb\":{\"@id\":\"https:\\\/\\\/steykmp.com\\\/es\\\/redes-de-energia-e-informacion\\\/#breadcrumb\"},\"inLanguage\":\"es\",\"potentialAction\":[{\"@type\":\"ReadAction\",\"target\":[\"https:\\\/\\\/steykmp.com\\\/es\\\/redes-de-energia-e-informacion\\\/\"]}]},{\"@type\":\"BreadcrumbList\",\"@id\":\"https:\\\/\\\/steykmp.com\\\/es\\\/redes-de-energia-e-informacion\\\/#breadcrumb\",\"itemListElement\":[{\"@type\":\"ListItem\",\"position\":1,\"name\":\"Inici\",\"item\":\"https:\\\/\\\/steykmp.com\\\/es\\\/inicio\\\/\"},{\"@type\":\"ListItem\",\"position\":2,\"name\":\"Redes de energ\u00eda e informaci\u00f3n\"}]},{\"@type\":\"WebSite\",\"@id\":\"https:\\\/\\\/steykmp.com\\\/#website\",\"url\":\"https:\\\/\\\/steykmp.com\\\/\",\"name\":\"Steyk Enginyeria\",\"description\":\"Projectes d&#039;enginyeria claus en m\u00e0\",\"publisher\":{\"@id\":\"https:\\\/\\\/steykmp.com\\\/#organization\"},\"potentialAction\":[{\"@type\":\"SearchAction\",\"target\":{\"@type\":\"EntryPoint\",\"urlTemplate\":\"https:\\\/\\\/steykmp.com\\\/?s={search_term_string}\"},\"query-input\":{\"@type\":\"PropertyValueSpecification\",\"valueRequired\":true,\"valueName\":\"search_term_string\"}}],\"inLanguage\":\"es\"},{\"@type\":\"Organization\",\"@id\":\"https:\\\/\\\/steykmp.com\\\/#organization\",\"name\":\"Steyk\",\"url\":\"https:\\\/\\\/steykmp.com\\\/\",\"logo\":{\"@type\":\"ImageObject\",\"inLanguage\":\"es\",\"@id\":\"https:\\\/\\\/steykmp.com\\\/#\\\/schema\\\/logo\\\/image\\\/\",\"url\":\"https:\\\/\\\/steykmp.com\\\/wp-content\\\/uploads\\\/2025\\\/04\\\/Logo-Steyk-2025.jpg\",\"contentUrl\":\"https:\\\/\\\/steykmp.com\\\/wp-content\\\/uploads\\\/2025\\\/04\\\/Logo-Steyk-2025.jpg\",\"width\":665,\"height\":404,\"caption\":\"Steyk\"},\"image\":{\"@id\":\"https:\\\/\\\/steykmp.com\\\/#\\\/schema\\\/logo\\\/image\\\/\"}}]}<\/script>\n<!-- \/ Yoast SEO plugin. -->","yoast_head_json":{"title":"Redes de energ\u00eda e informaci\u00f3n - Steyk","robots":{"index":"index","follow":"follow","max-snippet":"max-snippet:-1","max-image-preview":"max-image-preview:large","max-video-preview":"max-video-preview:-1"},"canonical":"https:\/\/steykmp.com\/es\/redes-de-energia-e-informacion\/","og_locale":"es_ES","og_type":"article","og_title":"Redes de energ\u00eda e informaci\u00f3n - Steyk","og_description":"El dise\u00f1o de redes de distribuci\u00f3n de energ\u00eda y servicios es una de las claves para el buen funcionamiento de cualquier proyecto industrial o de infraestructura. Una planificaci\u00f3n cuidadosa garantiza no solo la eficiencia en la distribuci\u00f3n, sino tambi\u00e9n el cumplimiento de las normativas y una reducci\u00f3n significativa en los costos de inversi\u00f3n y operaci\u00f3n.Un [&hellip;]","og_url":"https:\/\/steykmp.com\/es\/redes-de-energia-e-informacion\/","og_site_name":"Steyk","article_modified_time":"2025-03-31T11:00:57+00:00","twitter_card":"summary_large_image","twitter_misc":{"Tiempo de lectura":"6 minutos"},"schema":{"@context":"https:\/\/schema.org","@graph":[{"@type":"WebPage","@id":"https:\/\/steykmp.com\/es\/redes-de-energia-e-informacion\/","url":"https:\/\/steykmp.com\/es\/redes-de-energia-e-informacion\/","name":"Redes de energ\u00eda e informaci\u00f3n - Steyk","isPartOf":{"@id":"https:\/\/steykmp.com\/#website"},"datePublished":"2025-03-21T11:59:08+00:00","dateModified":"2025-03-31T11:00:57+00:00","breadcrumb":{"@id":"https:\/\/steykmp.com\/es\/redes-de-energia-e-informacion\/#breadcrumb"},"inLanguage":"es","potentialAction":[{"@type":"ReadAction","target":["https:\/\/steykmp.com\/es\/redes-de-energia-e-informacion\/"]}]},{"@type":"BreadcrumbList","@id":"https:\/\/steykmp.com\/es\/redes-de-energia-e-informacion\/#breadcrumb","itemListElement":[{"@type":"ListItem","position":1,"name":"Inici","item":"https:\/\/steykmp.com\/es\/inicio\/"},{"@type":"ListItem","position":2,"name":"Redes de energ\u00eda e informaci\u00f3n"}]},{"@type":"WebSite","@id":"https:\/\/steykmp.com\/#website","url":"https:\/\/steykmp.com\/","name":"Steyk Enginyeria","description":"Projectes d&#039;enginyeria claus en m\u00e0","publisher":{"@id":"https:\/\/steykmp.com\/#organization"},"potentialAction":[{"@type":"SearchAction","target":{"@type":"EntryPoint","urlTemplate":"https:\/\/steykmp.com\/?s={search_term_string}"},"query-input":{"@type":"PropertyValueSpecification","valueRequired":true,"valueName":"search_term_string"}}],"inLanguage":"es"},{"@type":"Organization","@id":"https:\/\/steykmp.com\/#organization","name":"Steyk","url":"https:\/\/steykmp.com\/","logo":{"@type":"ImageObject","inLanguage":"es","@id":"https:\/\/steykmp.com\/#\/schema\/logo\/image\/","url":"https:\/\/steykmp.com\/wp-content\/uploads\/2025\/04\/Logo-Steyk-2025.jpg","contentUrl":"https:\/\/steykmp.com\/wp-content\/uploads\/2025\/04\/Logo-Steyk-2025.jpg","width":665,"height":404,"caption":"Steyk"},"image":{"@id":"https:\/\/steykmp.com\/#\/schema\/logo\/image\/"}}]}},"_links":{"self":[{"href":"https:\/\/steykmp.com\/es\/wp-json\/wp\/v2\/pages\/403197","targetHints":{"allow":["GET"]}}],"collection":[{"href":"https:\/\/steykmp.com\/es\/wp-json\/wp\/v2\/pages"}],"about":[{"href":"https:\/\/steykmp.com\/es\/wp-json\/wp\/v2\/types\/page"}],"author":[{"embeddable":true,"href":"https:\/\/steykmp.com\/es\/wp-json\/wp\/v2\/users\/1"}],"replies":[{"embeddable":true,"href":"https:\/\/steykmp.com\/es\/wp-json\/wp\/v2\/comments?post=403197"}],"version-history":[{"count":4,"href":"https:\/\/steykmp.com\/es\/wp-json\/wp\/v2\/pages\/403197\/revisions"}],"predecessor-version":[{"id":403639,"href":"https:\/\/steykmp.com\/es\/wp-json\/wp\/v2\/pages\/403197\/revisions\/403639"}],"wp:attachment":[{"href":"https:\/\/steykmp.com\/es\/wp-json\/wp\/v2\/media?parent=403197"}],"curies":[{"name":"wp","href":"https:\/\/api.w.org\/{rel}","templated":true}]}}