{"id":403203,"date":"2025-03-11T11:15:24","date_gmt":"2025-03-11T11:15:24","guid":{"rendered":"https:\/\/steykmp.com\/index.php\/proyectos-mecanicos-y-caldereria\/expedientes-ce-asme-viii-ad-merkblatter\/"},"modified":"2025-03-31T10:57:26","modified_gmt":"2025-03-31T10:57:26","slug":"expedientes-ce-asme-viii-ad-merkblatter","status":"publish","type":"page","link":"https:\/\/steykmp.com\/es\/proyectos-mecanicos-y-caldereria\/expedientes-ce-asme-viii-ad-merkblatter\/","title":{"rendered":"Expedientes CE \u2013 ASME VIII &#8211; AD Merkbl\u00e4tter"},"content":{"rendered":"<p>[et_pb_section fb_built=\u00bb1&#8243; custom_padding_last_edited=\u00bbon|phone\u00bb _builder_version=\u00bb4.27.4&#8243; _module_preset=\u00bbdefault\u00bb custom_margin=\u00bb-90px||||false|false\u00bb custom_margin_tablet=\u00bb0px||||false|false\u00bb custom_margin_phone=\u00bb0px||||false|false\u00bb custom_margin_last_edited=\u00bbon|phone\u00bb custom_padding=\u00bb3px||0px||false|false\u00bb custom_padding_tablet=\u00bb0px||||false|false\u00bb custom_padding_phone=\u00bb0px||||false|false\u00bb global_colors_info=\u00bb{}\u00bb][et_pb_row _builder_version=\u00bb4.27.4&#8243; _module_preset=\u00bbdefault\u00bb width=\u00bb100%\u00bb max_width=\u00bb100%\u00bb custom_padding=\u00bb3px|||||\u00bb global_colors_info=\u00bb{}\u00bb][et_pb_column type=\u00bb4_4&#8243; _builder_version=\u00bb4.27.4&#8243; _module_preset=\u00bbdefault\u00bb global_colors_info=\u00bb{}\u00bb][et_pb_slider use_bg_overlay=\u00bbon\u00bb _builder_version=\u00bb4.27.4&#8243; _module_preset=\u00bbdefault\u00bb global_colors_info=\u00bb{}\u00bb][et_pb_slide heading=\u00bbExpedientes CE \u2013 ASME VIII &#8211; AD Merkbl\u00e4tter\u00bb _builder_version=\u00bb4.27.4&#8243; _module_preset=\u00bbdefault\u00bb background_image=\u00bbhttps:\/\/steykmp.com\/wp-content\/uploads\/2025\/03\/12-Expediente-CE-Formulario.jpg\u00bb background_enable_image=\u00bbon\u00bb global_colors_info=\u00bb{}\u00bb sticky_transition=\u00bbon\u00bb][\/et_pb_slide][\/et_pb_slider][\/et_pb_column][\/et_pb_row][\/et_pb_section][et_pb_section fb_built=\u00bb1&#8243; _builder_version=\u00bb4.27.4&#8243; _module_preset=\u00bbdefault\u00bb custom_margin=\u00bb0px||||false|false\u00bb custom_padding=\u00bb40px||40px||true|false\u00bb global_colors_info=\u00bb{}\u00bb][et_pb_row custom_padding_last_edited=\u00bbon|tablet\u00bb _builder_version=\u00bb4.27.4&#8243; _module_preset=\u00bbdefault\u00bb custom_padding_tablet=\u00bb0px||||false|false\u00bb custom_padding_phone=\u00bb0px||||false|false\u00bb global_colors_info=\u00bb{}\u00bb][et_pb_column type=\u00bb4_4&#8243; _builder_version=\u00bb4.27.4&#8243; _module_preset=\u00bbdefault\u00bb global_colors_info=\u00bb{}\u00bb][et_pb_text _builder_version=\u00bb4.27.4&#8243; _module_preset=\u00bbdefault\u00bb global_colors_info=\u00bb{}\u00bb]<\/p>\n<p style=\"text-align: justify;\"><span style=\"font-weight: 400;\">Ofrecemos servicios especializados para generar<\/span><b> expedientes de homologaci\u00f3n CE<\/b><span style=\"font-weight: 400;\">, as\u00ed como<\/span><b> informes de c\u00e1lculo de resistencia mec\u00e1nica<\/b><span style=\"font-weight: 400;\"> para recipientes a presi\u00f3n, de acuerdo con las normativas internacionales<\/span><strong> ASME VIII y AD Merkbl\u00e4tter.<\/strong><\/p>\n<p>[\/et_pb_text][\/et_pb_column][\/et_pb_row][et_pb_row column_structure=\u00bb1_3,2_3&#8243; make_equal=\u00bbon\u00bb module_class=\u00bbreverse\u00bb _builder_version=\u00bb4.27.4&#8243; _module_preset=\u00bbdefault\u00bb custom_margin=\u00bb0px|auto||auto|false|false\u00bb custom_padding=\u00bb0px||0px||false|false\u00bb custom_css_main_element=\u00bbalign-items:center;\u00bb global_colors_info=\u00bb{}\u00bb][et_pb_column type=\u00bb1_3&#8243; _builder_version=\u00bb4.27.4&#8243; _module_preset=\u00bbdefault\u00bb global_colors_info=\u00bb{}\u00bb][et_pb_image src=\u00bbhttps:\/\/steykmp.com\/wp-content\/uploads\/2025\/03\/09-Expediente-CE-Marcado-CE.png\u00bb alt=\u00bbMarcado CE\u00bb title_text=\u00bbMarcado CE\u00bb _builder_version=\u00bb4.27.4&#8243; _module_preset=\u00bbdefault\u00bb module_alignment=\u00bbright\u00bb global_colors_info=\u00bb{}\u00bb][\/et_pb_image][\/et_pb_column][et_pb_column type=\u00bb2_3&#8243; _builder_version=\u00bb4.27.4&#8243; _module_preset=\u00bbdefault\u00bb global_colors_info=\u00bb{}\u00bb][et_pb_cta title=\u00bbCumplimiento normativo: una obligaci\u00f3n legal y un requisito de seguridad\u00bb _builder_version=\u00bb4.27.4&#8243; _module_preset=\u00bb6901f3ca-79ee-4bc9-89c0-9260de3a0578&#8243; global_colors_info=\u00bb{}\u00bb]La certificaci\u00f3n y homologaci\u00f3n son imprescindibles para garantizar que los equipos y estructuras cumplen los requisitos legales y de seguridad establecidos por la normativa europea e internacional.<br \/>\n&nbsp;<\/p>\n<ul>\n<li><strong>Homologaci\u00f3n CE<\/strong>: Esta certificaci\u00f3n es obligatoria para poner en el mercado equipos industriales, estructuras met\u00e1licas o recipientes a presi\u00f3n. El expediente de homologaci\u00f3n CE incluye documentaci\u00f3n t\u00e9cnica exhaustiva que asegura que el producto cumple con los requisitos esenciales de seguridad y normativos.<\/li>\n<li><strong>Informes de c\u00e1lculo<\/strong>: Para los recipientes a presi\u00f3n, es esencial demostrar su resistencia mec\u00e1nica de acuerdo con las normativas como ASME VIII o AD Merkbl\u00e4tter, que garantizan un funcionamiento seguro bajo condiciones de presi\u00f3n y temperatura extremas.<\/li>\n<\/ul>\n<p>[\/et_pb_cta][\/et_pb_column][\/et_pb_row][et_pb_row column_structure=\u00bb3_5,2_5&#8243; make_equal=\u00bbon\u00bb custom_padding_last_edited=\u00bbon|phone\u00bb _builder_version=\u00bb4.27.4&#8243; _module_preset=\u00bbdefault\u00bb custom_padding=\u00bb0px||0px||false|false\u00bb custom_padding_tablet=\u00bb25px||25px||true|false\u00bb custom_padding_phone=\u00bb25px||25px||true|false\u00bb custom_css_main_element=\u00bbalign-items:center;\u00bb global_colors_info=\u00bb{}\u00bb][et_pb_column type=\u00bb3_5&#8243; _builder_version=\u00bb4.27.4&#8243; _module_preset=\u00bbdefault\u00bb global_colors_info=\u00bb{}\u00bb][et_pb_cta title=\u00bbSoluciones integrales para equipos y estructuras industriales\u00bb _builder_version=\u00bb4.27.4&#8243; _module_preset=\u00bb6901f3ca-79ee-4bc9-89c0-9260de3a0578&#8243; global_colors_info=\u00bb{}\u00bb]Nuestro equipo de ingenier\u00eda ofrece un servicio completo que incluye:<\/p>\n<ul>\n<li><strong>Dise\u00f1o y verificaci\u00f3n normativa<\/strong>: Aseguramos que el dise\u00f1o del producto cumple con los requerimientos legales y t\u00e9cnicos.<\/li>\n<li><strong>C\u00e1lculo de resistencia mec\u00e1nica<\/strong>: Aplicamos metodolog\u00edas avanzadas y normas reconocidas internacionalmente, como ASME VIII o AD Merkbl\u00e4tter, para calcular la resistencia de recipientes a presi\u00f3n.<\/li>\n<li style=\"font-weight: 400;\" aria-level=\"1\"><b>Homologaci\u00f3n de estructuras met\u00e1licas<\/b><span style=\"font-weight: 400;\">: Preparamos expedientes t\u00e9cnicos que cubren todos los requisitos de la normativa CE, incluyendo c\u00e1lculos mec\u00e1nicos y su documentaci\u00f3n asociada.<\/span><\/li>\n<\/ul>\n<p>[\/et_pb_cta][\/et_pb_column][et_pb_column type=\u00bb2_5&#8243; _builder_version=\u00bb4.27.4&#8243; _module_preset=\u00bbdefault\u00bb global_colors_info=\u00bb{}\u00bb][et_pb_image src=\u00bbhttps:\/\/steykmp.com\/wp-content\/uploads\/2025\/03\/11-Expediente-CE-ASME.jpg\u00bb alt=\u00bbASME\u00bb title_text=\u00bbASME\u00bb _builder_version=\u00bb4.27.4&#8243; _module_preset=\u00bbdefault\u00bb module_alignment=\u00bbright\u00bb global_colors_info=\u00bb{}\u00bb][\/et_pb_image][\/et_pb_column][\/et_pb_row][et_pb_row column_structure=\u00bb2_5,3_5&#8243; make_equal=\u00bbon\u00bb custom_padding_last_edited=\u00bbon|tablet\u00bb module_class=\u00bbreverse\u00bb _builder_version=\u00bb4.27.4&#8243; _module_preset=\u00bbdefault\u00bb custom_padding=\u00bb0px||0px||false|false\u00bb custom_padding_tablet=\u00bb25px||||false|false\u00bb custom_padding_phone=\u00bb25px||||false|false\u00bb custom_css_main_element=\u00bbalign-items:center;\u00bb global_colors_info=\u00bb{}\u00bb][et_pb_column type=\u00bb2_5&#8243; _builder_version=\u00bb4.27.4&#8243; _module_preset=\u00bbdefault\u00bb global_colors_info=\u00bb{}\u00bb][et_pb_image src=\u00bbhttps:\/\/steykmp.com\/wp-content\/uploads\/2025\/03\/10-Expediente-CE-Bandera-azul-con-estrellas.jpg\u00bb alt=\u00bbSeguridad legal y operativa: Garantizamos que los equipos y estructuras cumplen con las normativas aplicables, protegiendo personas, instalaciones e inversiones.<br \/>\n\u00bb title_text=\u00bbBandera azul con estrellas\u00bb _builder_version=\u00bb4.27.4&#8243; _module_preset=\u00bbdefault\u00bb global_colors_info=\u00bb{}\u00bb][\/et_pb_image][\/et_pb_column][et_pb_column type=\u00bb3_5&#8243; _builder_version=\u00bb4.27.4&#8243; _module_preset=\u00bbdefault\u00bb global_colors_info=\u00bb{}\u00bb][et_pb_cta title=\u00bbBeneficios de nuestro servicio\u00bb button_text=\u00bbClick Here\u00bb _builder_version=\u00bb4.27.4&#8243; _module_preset=\u00bb6901f3ca-79ee-4bc9-89c0-9260de3a0578&#8243; header_font=\u00bb||||||||\u00bb global_colors_info=\u00bb{}\u00bb]<\/p>\n<ul>\n<li><strong>Seguridad legal y operativa<\/strong>: Garantizamos que los equipos y estructuras cumplen con las normativas aplicables, protegiendo personas, instalaciones e inversiones.<\/li>\n<li><strong>Tranquilidad para el cliente<\/strong>: Nos ocupamos de todos los detalles t\u00e9cnicos y documentales para asegurar un proceso de homologaci\u00f3n fluido y completo.<\/li>\n<li><strong>Soporte especializado<\/strong>: Contamos con un equipo de ingenieros altamente cualificados y con experiencia en normativas internacionales y europeas.<\/li>\n<\/ul>\n<p>[\/et_pb_cta][\/et_pb_column][\/et_pb_row][et_pb_row column_structure=\u00bb3_5,2_5&#8243; make_equal=\u00bbon\u00bb _builder_version=\u00bb4.27.4&#8243; _module_preset=\u00bbdefault\u00bb custom_padding=\u00bb||0px||false|false\u00bb custom_css_main_element=\u00bbalign-items:center;\u00bb global_colors_info=\u00bb{}\u00bb][et_pb_column type=\u00bb3_5&#8243; _builder_version=\u00bb4.27.4&#8243; _module_preset=\u00bbdefault\u00bb global_colors_info=\u00bb{}\u00bb][et_pb_cta title=\u00bb\u00bfPor qu\u00e9 es necesario?\u00bb _builder_version=\u00bb4.27.4&#8243; _module_preset=\u00bb6901f3ca-79ee-4bc9-89c0-9260de3a0578&#8243; global_colors_info=\u00bb{}\u00bb]La normativa actual exige que cualquier estructura met\u00e1lica o recipiente a presi\u00f3n que opere en condiciones cr\u00edticas disponga de un expediente de homologaci\u00f3n CE o de informes t\u00e9cnicos que validen su seguridad y conformidad. Estos estudios no son solo un requisito legal, sino tambi\u00e9n una garant\u00eda de seguridad para prevenir accidentes y reducir riesgos en el medio industrial.[\/et_pb_cta][\/et_pb_column][et_pb_column type=\u00bb2_5&#8243; _builder_version=\u00bb4.27.4&#8243; _module_preset=\u00bbdefault\u00bb global_colors_info=\u00bb{}\u00bb][et_pb_image src=\u00bbhttps:\/\/steykmp.com\/wp-content\/uploads\/2025\/03\/12-Expediente-CE-Formulario.jpg\u00bb alt=\u00bbASME\u00bb title_text=\u00bbExpediente CE\u00bb _builder_version=\u00bb4.27.4&#8243; _module_preset=\u00bbdefault\u00bb module_alignment=\u00bbright\u00bb global_colors_info=\u00bb{}\u00bb][\/et_pb_image][\/et_pb_column][\/et_pb_row][\/et_pb_section][et_pb_section fb_built=\u00bb1&#8243; _builder_version=\u00bb4.27.4&#8243; _module_preset=\u00bbdefault\u00bb background_color=\u00bb#d1d1d1&#8243; custom_padding=\u00bb40px||40px||true|\u00bb global_colors_info=\u00bb{}\u00bb][et_pb_row _builder_version=\u00bb4.27.4&#8243; _module_preset=\u00bbdefault\u00bb global_colors_info=\u00bb{}\u00bb][et_pb_column type=\u00bb4_4&#8243; _builder_version=\u00bb4.27.4&#8243; _module_preset=\u00bbdefault\u00bb global_colors_info=\u00bb{}\u00bb][et_pb_cta title=\u00bb\u00bfNecesita homologar sus equipos o estructuras?\u00bb button_url=\u00bbhttps:\/\/steykmp.com\/es\/contacto\/\u00bb button_text=\u00bbContacto\u00bb _builder_version=\u00bb4.27.4&#8243; _module_preset=\u00bbdefault\u00bb header_line_height=\u00bb1.2em\u00bb background_enable_color=\u00bboff\u00bb background_layout=\u00bblight\u00bb hover_enabled=\u00bb0&#8243; global_colors_info=\u00bb{}\u00bb sticky_enabled=\u00bb0&#8243;]<\/p>\n<p>Cont\u00e1ctenos y aseg\u00farese de que sus proyectos cumplen con la normativa y los est\u00e1ndares de seguridad m\u00e1s exigentes.<\/p>\n<p>[\/et_pb_cta][\/et_pb_column][\/et_pb_row][\/et_pb_section]<\/p>\n","protected":false},"excerpt":{"rendered":"<p>Ofrecemos servicios especializados para generar expedientes de homologaci\u00f3n CE, as\u00ed como informes de c\u00e1lculo de resistencia mec\u00e1nica para recipientes a presi\u00f3n, de acuerdo con las normativas internacionales ASME VIII y AD Merkbl\u00e4tter.La certificaci\u00f3n y homologaci\u00f3n son imprescindibles para garantizar que los equipos y estructuras cumplen los requisitos legales y de seguridad establecidos por la normativa [&hellip;]<\/p>\n","protected":false},"author":1,"featured_media":0,"parent":403191,"menu_order":0,"comment_status":"closed","ping_status":"closed","template":"","meta":{"_et_pb_use_builder":"on","_et_pb_old_content":"","_et_gb_content_width":"","footnotes":""},"class_list":["post-403203","page","type-page","status-publish","hentry"],"yoast_head":"<!-- This site is optimized with the Yoast SEO plugin v27.4 - https:\/\/yoast.com\/product\/yoast-seo-wordpress\/ -->\n<title>Expedientes CE \u2013 ASME VIII - AD Merkbl\u00e4tter - Steyk<\/title>\n<meta name=\"robots\" content=\"index, follow, max-snippet:-1, max-image-preview:large, max-video-preview:-1\" \/>\n<link rel=\"canonical\" href=\"https:\/\/steykmp.com\/es\/proyectos-mecanicos-y-caldereria\/expedientes-ce-asme-viii-ad-merkblatter\/\" \/>\n<meta property=\"og:locale\" content=\"es_ES\" \/>\n<meta property=\"og:type\" content=\"article\" \/>\n<meta property=\"og:title\" content=\"Expedientes CE \u2013 ASME VIII - AD Merkbl\u00e4tter - Steyk\" \/>\n<meta property=\"og:description\" content=\"Ofrecemos servicios especializados para generar expedientes de homologaci\u00f3n CE, as\u00ed como informes de c\u00e1lculo de resistencia mec\u00e1nica para recipientes a presi\u00f3n, de acuerdo con las normativas internacionales ASME VIII y AD Merkbl\u00e4tter.La certificaci\u00f3n y homologaci\u00f3n son imprescindibles para garantizar que los equipos y estructuras cumplen los requisitos legales y de seguridad establecidos por la normativa [&hellip;]\" \/>\n<meta property=\"og:url\" content=\"https:\/\/steykmp.com\/es\/proyectos-mecanicos-y-caldereria\/expedientes-ce-asme-viii-ad-merkblatter\/\" \/>\n<meta property=\"og:site_name\" content=\"Steyk\" \/>\n<meta property=\"article:modified_time\" content=\"2025-03-31T10:57:26+00:00\" \/>\n<meta name=\"twitter:card\" content=\"summary_large_image\" \/>\n<meta name=\"twitter:label1\" content=\"Tiempo de lectura\" \/>\n\t<meta name=\"twitter:data1\" content=\"7 minutos\" \/>\n<script type=\"application\/ld+json\" class=\"yoast-schema-graph\">{\"@context\":\"https:\\\/\\\/schema.org\",\"@graph\":[{\"@type\":\"WebPage\",\"@id\":\"https:\\\/\\\/steykmp.com\\\/es\\\/proyectos-mecanicos-y-caldereria\\\/expedientes-ce-asme-viii-ad-merkblatter\\\/\",\"url\":\"https:\\\/\\\/steykmp.com\\\/es\\\/proyectos-mecanicos-y-caldereria\\\/expedientes-ce-asme-viii-ad-merkblatter\\\/\",\"name\":\"Expedientes CE \u2013 ASME VIII - AD Merkbl\u00e4tter - Steyk\",\"isPartOf\":{\"@id\":\"https:\\\/\\\/steykmp.com\\\/#website\"},\"datePublished\":\"2025-03-11T11:15:24+00:00\",\"dateModified\":\"2025-03-31T10:57:26+00:00\",\"breadcrumb\":{\"@id\":\"https:\\\/\\\/steykmp.com\\\/es\\\/proyectos-mecanicos-y-caldereria\\\/expedientes-ce-asme-viii-ad-merkblatter\\\/#breadcrumb\"},\"inLanguage\":\"es\",\"potentialAction\":[{\"@type\":\"ReadAction\",\"target\":[\"https:\\\/\\\/steykmp.com\\\/es\\\/proyectos-mecanicos-y-caldereria\\\/expedientes-ce-asme-viii-ad-merkblatter\\\/\"]}]},{\"@type\":\"BreadcrumbList\",\"@id\":\"https:\\\/\\\/steykmp.com\\\/es\\\/proyectos-mecanicos-y-caldereria\\\/expedientes-ce-asme-viii-ad-merkblatter\\\/#breadcrumb\",\"itemListElement\":[{\"@type\":\"ListItem\",\"position\":1,\"name\":\"Inici\",\"item\":\"https:\\\/\\\/steykmp.com\\\/es\\\/inicio\\\/\"},{\"@type\":\"ListItem\",\"position\":2,\"name\":\"Proyectos mec\u00e1nicos y calderer\u00eda\",\"item\":\"https:\\\/\\\/steykmp.com\\\/es\\\/proyectos-mecanicos-y-caldereria\\\/\"},{\"@type\":\"ListItem\",\"position\":3,\"name\":\"Expedientes CE \u2013 ASME VIII &#8211; AD Merkbl\u00e4tter\"}]},{\"@type\":\"WebSite\",\"@id\":\"https:\\\/\\\/steykmp.com\\\/#website\",\"url\":\"https:\\\/\\\/steykmp.com\\\/\",\"name\":\"Steyk Enginyeria\",\"description\":\"Projectes d&#039;enginyeria claus en m\u00e0\",\"publisher\":{\"@id\":\"https:\\\/\\\/steykmp.com\\\/#organization\"},\"potentialAction\":[{\"@type\":\"SearchAction\",\"target\":{\"@type\":\"EntryPoint\",\"urlTemplate\":\"https:\\\/\\\/steykmp.com\\\/?s={search_term_string}\"},\"query-input\":{\"@type\":\"PropertyValueSpecification\",\"valueRequired\":true,\"valueName\":\"search_term_string\"}}],\"inLanguage\":\"es\"},{\"@type\":\"Organization\",\"@id\":\"https:\\\/\\\/steykmp.com\\\/#organization\",\"name\":\"Steyk\",\"url\":\"https:\\\/\\\/steykmp.com\\\/\",\"logo\":{\"@type\":\"ImageObject\",\"inLanguage\":\"es\",\"@id\":\"https:\\\/\\\/steykmp.com\\\/#\\\/schema\\\/logo\\\/image\\\/\",\"url\":\"https:\\\/\\\/steykmp.com\\\/wp-content\\\/uploads\\\/2025\\\/04\\\/Logo-Steyk-2025.jpg\",\"contentUrl\":\"https:\\\/\\\/steykmp.com\\\/wp-content\\\/uploads\\\/2025\\\/04\\\/Logo-Steyk-2025.jpg\",\"width\":665,\"height\":404,\"caption\":\"Steyk\"},\"image\":{\"@id\":\"https:\\\/\\\/steykmp.com\\\/#\\\/schema\\\/logo\\\/image\\\/\"}}]}<\/script>\n<!-- \/ Yoast SEO plugin. -->","yoast_head_json":{"title":"Expedientes CE \u2013 ASME VIII - AD Merkbl\u00e4tter - Steyk","robots":{"index":"index","follow":"follow","max-snippet":"max-snippet:-1","max-image-preview":"max-image-preview:large","max-video-preview":"max-video-preview:-1"},"canonical":"https:\/\/steykmp.com\/es\/proyectos-mecanicos-y-caldereria\/expedientes-ce-asme-viii-ad-merkblatter\/","og_locale":"es_ES","og_type":"article","og_title":"Expedientes CE \u2013 ASME VIII - AD Merkbl\u00e4tter - Steyk","og_description":"Ofrecemos servicios especializados para generar expedientes de homologaci\u00f3n CE, as\u00ed como informes de c\u00e1lculo de resistencia mec\u00e1nica para recipientes a presi\u00f3n, de acuerdo con las normativas internacionales ASME VIII y AD Merkbl\u00e4tter.La certificaci\u00f3n y homologaci\u00f3n son imprescindibles para garantizar que los equipos y estructuras cumplen los requisitos legales y de seguridad establecidos por la normativa [&hellip;]","og_url":"https:\/\/steykmp.com\/es\/proyectos-mecanicos-y-caldereria\/expedientes-ce-asme-viii-ad-merkblatter\/","og_site_name":"Steyk","article_modified_time":"2025-03-31T10:57:26+00:00","twitter_card":"summary_large_image","twitter_misc":{"Tiempo de lectura":"7 minutos"},"schema":{"@context":"https:\/\/schema.org","@graph":[{"@type":"WebPage","@id":"https:\/\/steykmp.com\/es\/proyectos-mecanicos-y-caldereria\/expedientes-ce-asme-viii-ad-merkblatter\/","url":"https:\/\/steykmp.com\/es\/proyectos-mecanicos-y-caldereria\/expedientes-ce-asme-viii-ad-merkblatter\/","name":"Expedientes CE \u2013 ASME VIII - AD Merkbl\u00e4tter - Steyk","isPartOf":{"@id":"https:\/\/steykmp.com\/#website"},"datePublished":"2025-03-11T11:15:24+00:00","dateModified":"2025-03-31T10:57:26+00:00","breadcrumb":{"@id":"https:\/\/steykmp.com\/es\/proyectos-mecanicos-y-caldereria\/expedientes-ce-asme-viii-ad-merkblatter\/#breadcrumb"},"inLanguage":"es","potentialAction":[{"@type":"ReadAction","target":["https:\/\/steykmp.com\/es\/proyectos-mecanicos-y-caldereria\/expedientes-ce-asme-viii-ad-merkblatter\/"]}]},{"@type":"BreadcrumbList","@id":"https:\/\/steykmp.com\/es\/proyectos-mecanicos-y-caldereria\/expedientes-ce-asme-viii-ad-merkblatter\/#breadcrumb","itemListElement":[{"@type":"ListItem","position":1,"name":"Inici","item":"https:\/\/steykmp.com\/es\/inicio\/"},{"@type":"ListItem","position":2,"name":"Proyectos mec\u00e1nicos y calderer\u00eda","item":"https:\/\/steykmp.com\/es\/proyectos-mecanicos-y-caldereria\/"},{"@type":"ListItem","position":3,"name":"Expedientes CE \u2013 ASME VIII &#8211; AD Merkbl\u00e4tter"}]},{"@type":"WebSite","@id":"https:\/\/steykmp.com\/#website","url":"https:\/\/steykmp.com\/","name":"Steyk Enginyeria","description":"Projectes d&#039;enginyeria claus en m\u00e0","publisher":{"@id":"https:\/\/steykmp.com\/#organization"},"potentialAction":[{"@type":"SearchAction","target":{"@type":"EntryPoint","urlTemplate":"https:\/\/steykmp.com\/?s={search_term_string}"},"query-input":{"@type":"PropertyValueSpecification","valueRequired":true,"valueName":"search_term_string"}}],"inLanguage":"es"},{"@type":"Organization","@id":"https:\/\/steykmp.com\/#organization","name":"Steyk","url":"https:\/\/steykmp.com\/","logo":{"@type":"ImageObject","inLanguage":"es","@id":"https:\/\/steykmp.com\/#\/schema\/logo\/image\/","url":"https:\/\/steykmp.com\/wp-content\/uploads\/2025\/04\/Logo-Steyk-2025.jpg","contentUrl":"https:\/\/steykmp.com\/wp-content\/uploads\/2025\/04\/Logo-Steyk-2025.jpg","width":665,"height":404,"caption":"Steyk"},"image":{"@id":"https:\/\/steykmp.com\/#\/schema\/logo\/image\/"}}]}},"_links":{"self":[{"href":"https:\/\/steykmp.com\/es\/wp-json\/wp\/v2\/pages\/403203","targetHints":{"allow":["GET"]}}],"collection":[{"href":"https:\/\/steykmp.com\/es\/wp-json\/wp\/v2\/pages"}],"about":[{"href":"https:\/\/steykmp.com\/es\/wp-json\/wp\/v2\/types\/page"}],"author":[{"embeddable":true,"href":"https:\/\/steykmp.com\/es\/wp-json\/wp\/v2\/users\/1"}],"replies":[{"embeddable":true,"href":"https:\/\/steykmp.com\/es\/wp-json\/wp\/v2\/comments?post=403203"}],"version-history":[{"count":4,"href":"https:\/\/steykmp.com\/es\/wp-json\/wp\/v2\/pages\/403203\/revisions"}],"predecessor-version":[{"id":403610,"href":"https:\/\/steykmp.com\/es\/wp-json\/wp\/v2\/pages\/403203\/revisions\/403610"}],"up":[{"embeddable":true,"href":"https:\/\/steykmp.com\/es\/wp-json\/wp\/v2\/pages\/403191"}],"wp:attachment":[{"href":"https:\/\/steykmp.com\/es\/wp-json\/wp\/v2\/media?parent=403203"}],"curies":[{"name":"wp","href":"https:\/\/api.w.org\/{rel}","templated":true}]}}