{"id":403206,"date":"2025-03-11T11:45:44","date_gmt":"2025-03-11T11:45:44","guid":{"rendered":"https:\/\/steykmp.com\/index.php\/proyectos-mecanicos-y-caldereria\/industrializados-en-chapa\/"},"modified":"2025-04-14T10:02:15","modified_gmt":"2025-04-14T10:02:15","slug":"industrializados-en-chapa","status":"publish","type":"page","link":"https:\/\/steykmp.com\/es\/proyectos-mecanicos-y-caldereria\/industrializados-en-chapa\/","title":{"rendered":"Industrializados en Chapa"},"content":{"rendered":"<p>[et_pb_section fb_built=\u00bb1&#8243; custom_padding_last_edited=\u00bbon|phone\u00bb _builder_version=\u00bb4.27.4&#8243; _module_preset=\u00bbdefault\u00bb custom_margin=\u00bb-90px||||false|false\u00bb custom_margin_tablet=\u00bb0px||||false|false\u00bb custom_margin_phone=\u00bb0px||||false|false\u00bb custom_margin_last_edited=\u00bbon|phone\u00bb custom_padding=\u00bb3px||0px||false|false\u00bb custom_padding_tablet=\u00bb0px||||false|false\u00bb custom_padding_phone=\u00bb0px||||false|false\u00bb hover_enabled=\u00bb0&#8243; global_colors_info=\u00bb{}\u00bb sticky_enabled=\u00bb0&#8243;][et_pb_row _builder_version=\u00bb4.27.4&#8243; _module_preset=\u00bbdefault\u00bb width=\u00bb100%\u00bb max_width=\u00bb100%\u00bb custom_padding=\u00bb3px|||||\u00bb global_colors_info=\u00bb{}\u00bb][et_pb_column type=\u00bb4_4&#8243; _builder_version=\u00bb4.27.4&#8243; _module_preset=\u00bbdefault\u00bb hover_enabled=\u00bb0&#8243; global_colors_info=\u00bb{}\u00bb sticky_enabled=\u00bb0&#8243;][et_pb_slider use_bg_overlay=\u00bbon\u00bb _builder_version=\u00bb4.27.4&#8243; _module_preset=\u00bbdefault\u00bb hover_enabled=\u00bb0&#8243; global_colors_info=\u00bb{}\u00bb sticky_enabled=\u00bb0&#8243;][et_pb_slide heading=\u00bbIndustrializados en Chapa \u00bb _builder_version=\u00bb4.27.4&#8243; _module_preset=\u00bbdefault\u00bb background_image=\u00bbhttps:\/\/steykmp.com\/wp-content\/uploads\/2025\/04\/01-Xapa-metalica.jpg\u00bb background_enable_image=\u00bbon\u00bb hover_enabled=\u00bb0&#8243; global_colors_info=\u00bb{}\u00bb sticky_transition=\u00bbon\u00bb title_text=\u00bb01 Xapa met\u00e0lica\u00bb sticky_enabled=\u00bb0&#8243;][\/et_pb_slide][\/et_pb_slider][\/et_pb_column][\/et_pb_row][\/et_pb_section][et_pb_section fb_built=\u00bb1&#8243; _builder_version=\u00bb4.27.4&#8243; _module_preset=\u00bbdefault\u00bb custom_margin=\u00bb0px||||false|false\u00bb custom_padding=\u00bb40px||40px||true|false\u00bb global_colors_info=\u00bb{}\u00bb][et_pb_row custom_padding_last_edited=\u00bbon|tablet\u00bb _builder_version=\u00bb4.27.4&#8243; _module_preset=\u00bbdefault\u00bb custom_padding_tablet=\u00bb0px||||false|false\u00bb custom_padding_phone=\u00bb0px||||false|false\u00bb global_colors_info=\u00bb{}\u00bb][et_pb_column type=\u00bb4_4&#8243; _builder_version=\u00bb4.27.4&#8243; _module_preset=\u00bbdefault\u00bb global_colors_info=\u00bb{}\u00bb][et_pb_text _builder_version=\u00bb4.27.4&#8243; _module_preset=\u00bbdefault\u00bb global_colors_info=\u00bb{}\u00bb]<\/p>\n<p style=\"text-align: justify;\">Ofrecemos un servicio completo de dise\u00f1o y fabricaci\u00f3n de componentes a partir de chapa met\u00e1lica, integrando procesos avanzados que aseguran resultados de alta precisi\u00f3n gracias a la combinaci\u00f3n de tecnolog\u00eda de vanguardia y software especializado como SolidWorks, que nos permiten garantizar la exactitud en todas las fases de producci\u00f3n.<\/p>\n<p>[\/et_pb_text][\/et_pb_column][\/et_pb_row][et_pb_row column_structure=\u00bb1_3,2_3&#8243; make_equal=\u00bbon\u00bb module_class=\u00bbreverse\u00bb _builder_version=\u00bb4.27.4&#8243; _module_preset=\u00bbdefault\u00bb custom_margin=\u00bb0px|auto||auto|false|false\u00bb custom_padding=\u00bb0px||0px||false|false\u00bb custom_css_main_element=\u00bbalign-items:center;\u00bb global_colors_info=\u00bb{}\u00bb][et_pb_column type=\u00bb1_3&#8243; _builder_version=\u00bb4.27.4&#8243; _module_preset=\u00bbdefault\u00bb global_colors_info=\u00bb{}\u00bb][et_pb_image src=\u00bbhttps:\/\/steykmp.com\/wp-content\/uploads\/2025\/03\/14-Chapa-Tolva.jpg\u00bb alt=\u00bbMarcado CE\u00bb title_text=\u00bbTolva\u00bb _builder_version=\u00bb4.27.4&#8243; _module_preset=\u00bbdefault\u00bb module_alignment=\u00bbright\u00bb global_colors_info=\u00bb{}\u00bb][\/et_pb_image][\/et_pb_column][et_pb_column type=\u00bb2_3&#8243; _builder_version=\u00bb4.27.4&#8243; _module_preset=\u00bbdefault\u00bb global_colors_info=\u00bb{}\u00bb][et_pb_cta title=\u00bbProceso integral y tecnol\u00f3gicamente avanzado\u00bb _builder_version=\u00bb4.27.4&#8243; _module_preset=\u00bb6901f3ca-79ee-4bc9-89c0-9260de3a0578&#8243; global_colors_info=\u00bb{}\u00bb]Nuestro servicio cubre todas las etapas, desde el concepto inicial hasta el componente acabado:<br \/>\n&nbsp;<\/p>\n<ul>\n<li><strong>Dise\u00f1o 3D avanzado con SolidWorks<\/strong>: Realizamos modelos tridimensionales que permiten previsualizar el componente y optimizar su dise\u00f1o para cumplir con las exigencias funcionales y est\u00e9ticas.<\/li>\n<li><strong>Corte l\u00e1ser o por agua<\/strong>: Aplicamos tecnolog\u00eda de alta precisi\u00f3n para obtener piezas con cortes limpios, adaptadas a las especificaciones m\u00e1s complejas y garantizando la m\u00ednima p\u00e9rdida de material.<\/li>\n<li><strong>Plegado de subpartes<\/strong>: Utilizamos maquinaria de precisi\u00f3n para dar forma a las piezas con \u00e1ngulos exactos, consiguiendo la consistencia y calidad necesarias para el ensamblaje.<\/li>\n<li><strong>Soldadura de alta calidad<\/strong>: Aseguramos uniones s\u00f3lidas y duraderas que cumplen con los est\u00e1ndares industriales m\u00e1s estrictos.<\/li>\n<li><strong>Tratamiento de superficies<\/strong>: Ofrecemos opciones variadas, como galvanizaci\u00f3n, pinturas especiales o recubrimientos anticorrosi\u00f3n, adaptadas a las condiciones de uso del componente.<\/li>\n<\/ul>\n<p>[\/et_pb_cta][\/et_pb_column][\/et_pb_row][et_pb_row column_structure=\u00bb3_5,2_5&#8243; make_equal=\u00bbon\u00bb _builder_version=\u00bb4.27.4&#8243; _module_preset=\u00bbdefault\u00bb custom_css_main_element=\u00bbalign-items:center;\u00bb global_colors_info=\u00bb{}\u00bb][et_pb_column type=\u00bb3_5&#8243; _builder_version=\u00bb4.27.4&#8243; _module_preset=\u00bbdefault\u00bb global_colors_info=\u00bb{}\u00bb][et_pb_cta title=\u00bbSolidWorks: Garant\u00eda de exactitud\u00bb _builder_version=\u00bb4.27.4&#8243; _module_preset=\u00bb6901f3ca-79ee-4bc9-89c0-9260de3a0578&#8243; global_colors_info=\u00bb{}\u00bb]SolidWorks es nuestra herramienta clave para el dise\u00f1o de componentes de chapa met\u00e1lica. Este software permite:<br \/>\n&nbsp;<\/p>\n<ul>\n<li>Crear modelos digitales extremadamente detallados.<\/li>\n<li>Simular el comportamiento de las piezas antes de la producci\u00f3n.<\/li>\n<li>Reducir errores en la fabricaci\u00f3n gracias a un control preciso de todas las dimensiones y especificaciones.<\/li>\n<\/ul>\n<p>[\/et_pb_cta][\/et_pb_column][et_pb_column type=\u00bb2_5&#8243; _builder_version=\u00bb4.27.4&#8243; _module_preset=\u00bbdefault\u00bb global_colors_info=\u00bb{}\u00bb][et_pb_image src=\u00bbhttps:\/\/steykmp.com\/wp-content\/uploads\/2025\/04\/industrialitzatsxapa1.jpg\u00bb alt=\u00bbASME\u00bb title_text=\u00bbindustrialitzatsxapa1&#8243; _builder_version=\u00bb4.27.4&#8243; _module_preset=\u00bbdefault\u00bb module_alignment=\u00bbright\u00bb hover_enabled=\u00bb0&#8243; global_colors_info=\u00bb{}\u00bb sticky_enabled=\u00bb0&#8243;][\/et_pb_image][\/et_pb_column][\/et_pb_row][et_pb_row column_structure=\u00bb2_5,3_5&#8243; make_equal=\u00bbon\u00bb module_class=\u00bbreverse\u00bb _builder_version=\u00bb4.27.4&#8243; _module_preset=\u00bbdefault\u00bb custom_css_main_element=\u00bbalign-items:center;\u00bb global_colors_info=\u00bb{}\u00bb][et_pb_column type=\u00bb2_5&#8243; _builder_version=\u00bb4.27.4&#8243; _module_preset=\u00bbdefault\u00bb global_colors_info=\u00bb{}\u00bb][et_pb_image src=\u00bbhttps:\/\/steykmp.com\/wp-content\/uploads\/2025\/03\/16-Chapa-Farolillo-japones-scaled.jpg\u00bb alt=\u00bbSeguridad legal y operativa: Garantizamos que los equipos y estructuras cumplen con las normativas aplicables, protegiendo personas, instalaciones e inversiones.<br \/>\n\u00bb title_text=\u00bbFarolillo japon\u00e9s\u00bb _builder_version=\u00bb4.27.4&#8243; _module_preset=\u00bbdefault\u00bb global_colors_info=\u00bb{}\u00bb][\/et_pb_image][\/et_pb_column][et_pb_column type=\u00bb3_5&#8243; _builder_version=\u00bb4.27.4&#8243; _module_preset=\u00bbdefault\u00bb global_colors_info=\u00bb{}\u00bb][et_pb_cta title=\u00bbValores que nos definen\u00bb _builder_version=\u00bb4.27.4&#8243; _module_preset=\u00bb6901f3ca-79ee-4bc9-89c0-9260de3a0578&#8243; header_font=\u00bb||||||||\u00bb global_colors_info=\u00bb{}\u00bb]<\/p>\n<ul>\n<li><strong>Exactitud<\/strong>: Desde el dise\u00f1o hasta la finalizaci\u00f3n, cada detalle es considerado con rigor para asegurar que el componente cumple exactamente con los requisitos.<\/li>\n<li><strong>Fiabilidad<\/strong>: Nuestros procesos garantizan resultados consistentes y de calidad superior, incluso en proyectos de alta complejidad.<\/li>\n<li><strong>Tecnolog\u00eda de vanguardia<\/strong>: Apostamos por el uso de las mejores herramientas disponibles para asegurar la excelencia en cada fase del proceso.<\/li>\n<\/ul>\n<p>[\/et_pb_cta][\/et_pb_column][\/et_pb_row][et_pb_row column_structure=\u00bb3_5,2_5&#8243; make_equal=\u00bbon\u00bb _builder_version=\u00bb4.27.4&#8243; _module_preset=\u00bbdefault\u00bb custom_padding=\u00bb0px||0px||false|false\u00bb custom_css_main_element=\u00bbalign-items:center;\u00bb global_colors_info=\u00bb{}\u00bb][et_pb_column type=\u00bb3_5&#8243; _builder_version=\u00bb4.27.4&#8243; _module_preset=\u00bbdefault\u00bb global_colors_info=\u00bb{}\u00bb][et_pb_cta title=\u00bb\u00bfPor qu\u00e9 confiar en nosotros?\u00bb _builder_version=\u00bb4.27.4&#8243; _module_preset=\u00bb6901f3ca-79ee-4bc9-89c0-9260de3a0578&#8243; header_font=\u00bb||||||||\u00bb global_colors_info=\u00bb{}\u00bb]<\/p>\n<ul>\n<li>Disponemos de un equipo con experiencia y conocimientos para afrontar cualquier proyecto de chapa met\u00e1lica, por complejo que sea.\n<\/li>\n<li>Trabajamos con materiales y t\u00e9cnicas adaptadas a cada aplicaci\u00f3n, asegurando componentes que resistan las condiciones m\u00e1s exigentes.\n<\/li>\n<li>Nuestra metodolog\u00eda integra un seguimiento riguroso, desde el dise\u00f1o inicial hasta la finalizaci\u00f3n, para ofrecer soluciones exactas y duraderas.\n<\/li>\n<\/ul>\n<p>[\/et_pb_cta][\/et_pb_column][et_pb_column type=\u00bb2_5&#8243; _builder_version=\u00bb4.27.4&#8243; _module_preset=\u00bbdefault\u00bb global_colors_info=\u00bb{}\u00bb][et_pb_image src=\u00bbhttps:\/\/steykmp.com\/wp-content\/uploads\/2025\/04\/03-Xapa-metalica.jpg\u00bb alt=\u00bbSeguridad legal y operativa: Garantizamos que los equipos y estructuras cumplen con las normativas aplicables, protegiendo personas, instalaciones e inversiones.<br \/>\n\u00bb title_text=\u00bb03 Xapa met\u00e0lica\u00bb _builder_version=\u00bb4.27.4&#8243; _module_preset=\u00bbdefault\u00bb hover_enabled=\u00bb0&#8243; global_colors_info=\u00bb{}\u00bb sticky_enabled=\u00bb0&#8243;][\/et_pb_image][\/et_pb_column][\/et_pb_row][\/et_pb_section][et_pb_section fb_built=\u00bb1&#8243; _builder_version=\u00bb4.27.4&#8243; _module_preset=\u00bbdefault\u00bb background_color=\u00bb#d1d1d1&#8243; custom_padding=\u00bb40px||40px||true|\u00bb global_colors_info=\u00bb{}\u00bb][et_pb_row _builder_version=\u00bb4.27.4&#8243; _module_preset=\u00bbdefault\u00bb global_colors_info=\u00bb{}\u00bb][et_pb_column type=\u00bb4_4&#8243; _builder_version=\u00bb4.27.4&#8243; _module_preset=\u00bbdefault\u00bb global_colors_info=\u00bb{}\u00bb][et_pb_cta title=\u00bb\u00bfNecesita componentes met\u00e1licos de precisi\u00f3n?\u00bb button_url=\u00bbhttps:\/\/steykmp.com\/es\/contacto\/\u00bb button_text=\u00bbContacto\u00bb _builder_version=\u00bb4.27.4&#8243; _module_preset=\u00bbdefault\u00bb header_line_height=\u00bb1.2em\u00bb background_enable_color=\u00bboff\u00bb background_layout=\u00bblight\u00bb global_colors_info=\u00bb{}\u00bb]<\/p>\n<p>Cont\u00e1ctenos y descubra c\u00f3mo podemos convertir sus necesidades en piezas perfectamente dise\u00f1adas y fabricadas.<\/p>\n<p>[\/et_pb_cta][\/et_pb_column][\/et_pb_row][\/et_pb_section]<\/p>\n","protected":false},"excerpt":{"rendered":"<p>Ofrecemos un servicio completo de dise\u00f1o y fabricaci\u00f3n de componentes a partir de chapa met\u00e1lica, integrando procesos avanzados que aseguran resultados de alta precisi\u00f3n gracias a la combinaci\u00f3n de tecnolog\u00eda de vanguardia y software especializado como SolidWorks, que nos permiten garantizar la exactitud en todas las fases de producci\u00f3n.Nuestro servicio cubre todas las etapas, desde [&hellip;]<\/p>\n","protected":false},"author":1,"featured_media":0,"parent":403191,"menu_order":0,"comment_status":"closed","ping_status":"closed","template":"","meta":{"_et_pb_use_builder":"on","_et_pb_old_content":"","_et_gb_content_width":"","footnotes":""},"class_list":["post-403206","page","type-page","status-publish","hentry"],"yoast_head":"<!-- This site is optimized with the Yoast SEO plugin v27.4 - https:\/\/yoast.com\/product\/yoast-seo-wordpress\/ -->\n<title>Industrializados en Chapa - Steyk<\/title>\n<meta name=\"robots\" content=\"index, follow, max-snippet:-1, max-image-preview:large, max-video-preview:-1\" \/>\n<link rel=\"canonical\" href=\"https:\/\/steykmp.com\/es\/proyectos-mecanicos-y-caldereria\/industrializados-en-chapa\/\" \/>\n<meta property=\"og:locale\" content=\"es_ES\" \/>\n<meta property=\"og:type\" content=\"article\" \/>\n<meta property=\"og:title\" content=\"Industrializados en Chapa - Steyk\" \/>\n<meta property=\"og:description\" content=\"Ofrecemos un servicio completo de dise\u00f1o y fabricaci\u00f3n de componentes a partir de chapa met\u00e1lica, integrando procesos avanzados que aseguran resultados de alta precisi\u00f3n gracias a la combinaci\u00f3n de tecnolog\u00eda de vanguardia y software especializado como SolidWorks, que nos permiten garantizar la exactitud en todas las fases de producci\u00f3n.Nuestro servicio cubre todas las etapas, desde [&hellip;]\" \/>\n<meta property=\"og:url\" content=\"https:\/\/steykmp.com\/es\/proyectos-mecanicos-y-caldereria\/industrializados-en-chapa\/\" \/>\n<meta property=\"og:site_name\" content=\"Steyk\" \/>\n<meta property=\"article:modified_time\" content=\"2025-04-14T10:02:15+00:00\" \/>\n<meta name=\"twitter:card\" content=\"summary_large_image\" \/>\n<meta name=\"twitter:label1\" content=\"Tiempo de lectura\" \/>\n\t<meta name=\"twitter:data1\" content=\"6 minutos\" \/>\n<script type=\"application\/ld+json\" class=\"yoast-schema-graph\">{\"@context\":\"https:\\\/\\\/schema.org\",\"@graph\":[{\"@type\":\"WebPage\",\"@id\":\"https:\\\/\\\/steykmp.com\\\/es\\\/proyectos-mecanicos-y-caldereria\\\/industrializados-en-chapa\\\/\",\"url\":\"https:\\\/\\\/steykmp.com\\\/es\\\/proyectos-mecanicos-y-caldereria\\\/industrializados-en-chapa\\\/\",\"name\":\"Industrializados en Chapa - Steyk\",\"isPartOf\":{\"@id\":\"https:\\\/\\\/steykmp.com\\\/#website\"},\"datePublished\":\"2025-03-11T11:45:44+00:00\",\"dateModified\":\"2025-04-14T10:02:15+00:00\",\"breadcrumb\":{\"@id\":\"https:\\\/\\\/steykmp.com\\\/es\\\/proyectos-mecanicos-y-caldereria\\\/industrializados-en-chapa\\\/#breadcrumb\"},\"inLanguage\":\"es\",\"potentialAction\":[{\"@type\":\"ReadAction\",\"target\":[\"https:\\\/\\\/steykmp.com\\\/es\\\/proyectos-mecanicos-y-caldereria\\\/industrializados-en-chapa\\\/\"]}]},{\"@type\":\"BreadcrumbList\",\"@id\":\"https:\\\/\\\/steykmp.com\\\/es\\\/proyectos-mecanicos-y-caldereria\\\/industrializados-en-chapa\\\/#breadcrumb\",\"itemListElement\":[{\"@type\":\"ListItem\",\"position\":1,\"name\":\"Inici\",\"item\":\"https:\\\/\\\/steykmp.com\\\/es\\\/inicio\\\/\"},{\"@type\":\"ListItem\",\"position\":2,\"name\":\"Proyectos mec\u00e1nicos y calderer\u00eda\",\"item\":\"https:\\\/\\\/steykmp.com\\\/es\\\/proyectos-mecanicos-y-caldereria\\\/\"},{\"@type\":\"ListItem\",\"position\":3,\"name\":\"Industrializados en Chapa\"}]},{\"@type\":\"WebSite\",\"@id\":\"https:\\\/\\\/steykmp.com\\\/#website\",\"url\":\"https:\\\/\\\/steykmp.com\\\/\",\"name\":\"Steyk Enginyeria\",\"description\":\"Projectes d&#039;enginyeria claus en m\u00e0\",\"publisher\":{\"@id\":\"https:\\\/\\\/steykmp.com\\\/#organization\"},\"potentialAction\":[{\"@type\":\"SearchAction\",\"target\":{\"@type\":\"EntryPoint\",\"urlTemplate\":\"https:\\\/\\\/steykmp.com\\\/?s={search_term_string}\"},\"query-input\":{\"@type\":\"PropertyValueSpecification\",\"valueRequired\":true,\"valueName\":\"search_term_string\"}}],\"inLanguage\":\"es\"},{\"@type\":\"Organization\",\"@id\":\"https:\\\/\\\/steykmp.com\\\/#organization\",\"name\":\"Steyk\",\"url\":\"https:\\\/\\\/steykmp.com\\\/\",\"logo\":{\"@type\":\"ImageObject\",\"inLanguage\":\"es\",\"@id\":\"https:\\\/\\\/steykmp.com\\\/#\\\/schema\\\/logo\\\/image\\\/\",\"url\":\"https:\\\/\\\/steykmp.com\\\/wp-content\\\/uploads\\\/2025\\\/04\\\/Logo-Steyk-2025.jpg\",\"contentUrl\":\"https:\\\/\\\/steykmp.com\\\/wp-content\\\/uploads\\\/2025\\\/04\\\/Logo-Steyk-2025.jpg\",\"width\":665,\"height\":404,\"caption\":\"Steyk\"},\"image\":{\"@id\":\"https:\\\/\\\/steykmp.com\\\/#\\\/schema\\\/logo\\\/image\\\/\"}}]}<\/script>\n<!-- \/ Yoast SEO plugin. -->","yoast_head_json":{"title":"Industrializados en Chapa - Steyk","robots":{"index":"index","follow":"follow","max-snippet":"max-snippet:-1","max-image-preview":"max-image-preview:large","max-video-preview":"max-video-preview:-1"},"canonical":"https:\/\/steykmp.com\/es\/proyectos-mecanicos-y-caldereria\/industrializados-en-chapa\/","og_locale":"es_ES","og_type":"article","og_title":"Industrializados en Chapa - Steyk","og_description":"Ofrecemos un servicio completo de dise\u00f1o y fabricaci\u00f3n de componentes a partir de chapa met\u00e1lica, integrando procesos avanzados que aseguran resultados de alta precisi\u00f3n gracias a la combinaci\u00f3n de tecnolog\u00eda de vanguardia y software especializado como SolidWorks, que nos permiten garantizar la exactitud en todas las fases de producci\u00f3n.Nuestro servicio cubre todas las etapas, desde [&hellip;]","og_url":"https:\/\/steykmp.com\/es\/proyectos-mecanicos-y-caldereria\/industrializados-en-chapa\/","og_site_name":"Steyk","article_modified_time":"2025-04-14T10:02:15+00:00","twitter_card":"summary_large_image","twitter_misc":{"Tiempo de lectura":"6 minutos"},"schema":{"@context":"https:\/\/schema.org","@graph":[{"@type":"WebPage","@id":"https:\/\/steykmp.com\/es\/proyectos-mecanicos-y-caldereria\/industrializados-en-chapa\/","url":"https:\/\/steykmp.com\/es\/proyectos-mecanicos-y-caldereria\/industrializados-en-chapa\/","name":"Industrializados en Chapa - Steyk","isPartOf":{"@id":"https:\/\/steykmp.com\/#website"},"datePublished":"2025-03-11T11:45:44+00:00","dateModified":"2025-04-14T10:02:15+00:00","breadcrumb":{"@id":"https:\/\/steykmp.com\/es\/proyectos-mecanicos-y-caldereria\/industrializados-en-chapa\/#breadcrumb"},"inLanguage":"es","potentialAction":[{"@type":"ReadAction","target":["https:\/\/steykmp.com\/es\/proyectos-mecanicos-y-caldereria\/industrializados-en-chapa\/"]}]},{"@type":"BreadcrumbList","@id":"https:\/\/steykmp.com\/es\/proyectos-mecanicos-y-caldereria\/industrializados-en-chapa\/#breadcrumb","itemListElement":[{"@type":"ListItem","position":1,"name":"Inici","item":"https:\/\/steykmp.com\/es\/inicio\/"},{"@type":"ListItem","position":2,"name":"Proyectos mec\u00e1nicos y calderer\u00eda","item":"https:\/\/steykmp.com\/es\/proyectos-mecanicos-y-caldereria\/"},{"@type":"ListItem","position":3,"name":"Industrializados en Chapa"}]},{"@type":"WebSite","@id":"https:\/\/steykmp.com\/#website","url":"https:\/\/steykmp.com\/","name":"Steyk Enginyeria","description":"Projectes d&#039;enginyeria claus en m\u00e0","publisher":{"@id":"https:\/\/steykmp.com\/#organization"},"potentialAction":[{"@type":"SearchAction","target":{"@type":"EntryPoint","urlTemplate":"https:\/\/steykmp.com\/?s={search_term_string}"},"query-input":{"@type":"PropertyValueSpecification","valueRequired":true,"valueName":"search_term_string"}}],"inLanguage":"es"},{"@type":"Organization","@id":"https:\/\/steykmp.com\/#organization","name":"Steyk","url":"https:\/\/steykmp.com\/","logo":{"@type":"ImageObject","inLanguage":"es","@id":"https:\/\/steykmp.com\/#\/schema\/logo\/image\/","url":"https:\/\/steykmp.com\/wp-content\/uploads\/2025\/04\/Logo-Steyk-2025.jpg","contentUrl":"https:\/\/steykmp.com\/wp-content\/uploads\/2025\/04\/Logo-Steyk-2025.jpg","width":665,"height":404,"caption":"Steyk"},"image":{"@id":"https:\/\/steykmp.com\/#\/schema\/logo\/image\/"}}]}},"_links":{"self":[{"href":"https:\/\/steykmp.com\/es\/wp-json\/wp\/v2\/pages\/403206","targetHints":{"allow":["GET"]}}],"collection":[{"href":"https:\/\/steykmp.com\/es\/wp-json\/wp\/v2\/pages"}],"about":[{"href":"https:\/\/steykmp.com\/es\/wp-json\/wp\/v2\/types\/page"}],"author":[{"embeddable":true,"href":"https:\/\/steykmp.com\/es\/wp-json\/wp\/v2\/users\/1"}],"replies":[{"embeddable":true,"href":"https:\/\/steykmp.com\/es\/wp-json\/wp\/v2\/comments?post=403206"}],"version-history":[{"count":8,"href":"https:\/\/steykmp.com\/es\/wp-json\/wp\/v2\/pages\/403206\/revisions"}],"predecessor-version":[{"id":404100,"href":"https:\/\/steykmp.com\/es\/wp-json\/wp\/v2\/pages\/403206\/revisions\/404100"}],"up":[{"embeddable":true,"href":"https:\/\/steykmp.com\/es\/wp-json\/wp\/v2\/pages\/403191"}],"wp:attachment":[{"href":"https:\/\/steykmp.com\/es\/wp-json\/wp\/v2\/media?parent=403206"}],"curies":[{"name":"wp","href":"https:\/\/api.w.org\/{rel}","templated":true}]}}