{"id":403215,"date":"2025-03-21T08:46:15","date_gmt":"2025-03-21T08:46:15","guid":{"rendered":"https:\/\/steykmp.com\/index.php\/simulaciones-por-ordenador\/simulacion-de-fluidos-en-3d\/"},"modified":"2025-03-31T11:00:36","modified_gmt":"2025-03-31T11:00:36","slug":"simulacion-de-fluidos-en-3d","status":"publish","type":"page","link":"https:\/\/steykmp.com\/es\/simulaciones-por-ordenador\/simulacion-de-fluidos-en-3d\/","title":{"rendered":"Simulaci\u00f3n de fluidos en 3D"},"content":{"rendered":"<p>[et_pb_section fb_built=\u00bb1&#8243; custom_padding_last_edited=\u00bbon|phone\u00bb _builder_version=\u00bb4.27.4&#8243; _module_preset=\u00bbdefault\u00bb custom_margin=\u00bb-90px||||false|false\u00bb custom_margin_tablet=\u00bb0px||||false|false\u00bb custom_margin_phone=\u00bb0px||||false|false\u00bb custom_margin_last_edited=\u00bbon|phone\u00bb custom_padding=\u00bb3px||0px||false|false\u00bb custom_padding_tablet=\u00bb0px||||false|false\u00bb custom_padding_phone=\u00bb0px||||false|false\u00bb global_colors_info=\u00bb{}\u00bb][et_pb_row _builder_version=\u00bb4.27.4&#8243; _module_preset=\u00bbdefault\u00bb width=\u00bb100%\u00bb max_width=\u00bb100%\u00bb custom_padding=\u00bb3px|||||\u00bb global_colors_info=\u00bb{}\u00bb][et_pb_column type=\u00bb4_4&#8243; _builder_version=\u00bb4.27.4&#8243; _module_preset=\u00bbdefault\u00bb global_colors_info=\u00bb{}\u00bb][et_pb_slider use_bg_overlay=\u00bbon\u00bb _builder_version=\u00bb4.27.4&#8243; _module_preset=\u00bbdefault\u00bb global_colors_info=\u00bb{}\u00bb][et_pb_slide heading=\u00bbSimulaci\u00f3n de fluidos en 3D\u00bb _builder_version=\u00bb4.27.4&#8243; _module_preset=\u00bbdefault\u00bb background_image=\u00bbhttps:\/\/steykmp.com\/wp-content\/uploads\/2025\/03\/07-Simulacion-Fluidos-Intercambiador-tubular.jpg\u00bb background_enable_image=\u00bbon\u00bb global_colors_info=\u00bb{}\u00bb sticky_transition=\u00bbon\u00bb][\/et_pb_slide][\/et_pb_slider][\/et_pb_column][\/et_pb_row][\/et_pb_section][et_pb_section fb_built=\u00bb1&#8243; custom_padding_last_edited=\u00bbon|phone\u00bb _builder_version=\u00bb4.27.4&#8243; _module_preset=\u00bbdefault\u00bb custom_margin=\u00bb0px||||false|false\u00bb custom_padding=\u00bb40px||40px||true|false\u00bb custom_padding_tablet=\u00bb20px||40px||false|false\u00bb custom_padding_phone=\u00bb20px||40px||false|false\u00bb global_colors_info=\u00bb{}\u00bb][et_pb_row column_structure=\u00bb2_5,3_5&#8243; make_equal=\u00bbon\u00bb module_class=\u00bbreverse\u00bb _builder_version=\u00bb4.27.4&#8243; _module_preset=\u00bbdefault\u00bb custom_margin=\u00bb0px|auto||auto|false|false\u00bb custom_css_main_element=\u00bbalign-items:center;\u00bb global_colors_info=\u00bb{}\u00bb][et_pb_column type=\u00bb2_5&#8243; _builder_version=\u00bb4.27.4&#8243; _module_preset=\u00bbdefault\u00bb global_colors_info=\u00bb{}\u00bb][et_pb_image src=\u00bbhttps:\/\/steykmp.com\/wp-content\/uploads\/2025\/03\/05-Simulacion-Fluidos-Valvula-Globo.jpg\u00bb alt=\u00bbMarcado CE\u00bb title_text=\u00bbSimulaci\u00f3n Fluidos &#8211; V\u00e1lvula Globo\u00bb _builder_version=\u00bb4.27.4&#8243; _module_preset=\u00bbdefault\u00bb module_alignment=\u00bbright\u00bb global_colors_info=\u00bb{}\u00bb][\/et_pb_image][\/et_pb_column][et_pb_column type=\u00bb3_5&#8243; _builder_version=\u00bb4.27.4&#8243; _module_preset=\u00bbdefault\u00bb global_colors_info=\u00bb{}\u00bb][et_pb_cta _builder_version=\u00bb4.27.4&#8243; _module_preset=\u00bb6901f3ca-79ee-4bc9-89c0-9260de3a0578&#8243; custom_padding_tablet=\u00bb0px||||false|false\u00bb custom_padding_phone=\u00bb0px||||false|false\u00bb custom_padding_last_edited=\u00bbon|tablet\u00bb global_colors_info=\u00bb{}\u00bb]<\/p>\n<p>La simulaci\u00f3n FEA (Finite Element Analysis) aplicada a la din\u00e1mica de fluidos (CFD &#8211; Computational Fluid Dynamics) es una herramienta clave para analizar y optimizar el comportamiento de los fluidos en sistemas complejos. Gracias al uso de avanzadas leyes de hidrodin\u00e1mica, ofrecemos soluciones que permiten predecir el movimiento de l\u00edquidos y gases, incluyendo factores como velocidad, presi\u00f3n, temperatura e interacci\u00f3n con superficies. <\/p>\n<p>[\/et_pb_cta][\/et_pb_column][\/et_pb_row][et_pb_row _builder_version=\u00bb4.27.4&#8243; _module_preset=\u00bbdefault\u00bb global_colors_info=\u00bb{}\u00bb][et_pb_column type=\u00bb4_4&#8243; _builder_version=\u00bb4.27.4&#8243; _module_preset=\u00bbdefault\u00bb global_colors_info=\u00bb{}\u00bb][et_pb_cta title=\u00bbSimulaciones Precisas Basadas en Hidrodin\u00e1mica\u00bb _builder_version=\u00bb4.27.4&#8243; _module_preset=\u00bb1f7c8c46-dfbd-487a-a643-761bcd8931ac\u00bb custom_padding_tablet=\u00bb0px||0px||false|false\u00bb custom_padding_phone=\u00bb0px||0px||false|false\u00bb custom_padding_last_edited=\u00bbon|phone\u00bb global_colors_info=\u00bb{}\u00bb]<\/p>\n<p>Con nuestra experiencia en FEA, estudiamos fen\u00f3menos como:<\/p>\n<ul>\n<li><strong>Flujos estacionarios y transitorios<\/strong> en tuber\u00edas, reactores o sistemas abiertos.<\/li>\n<li><strong>Cargas hidrodin\u00e1micas<\/strong> en estructuras sumergidas o expuestas al viento.<\/li>\n<li><strong>Transferencia de calor<\/strong> en fluidos por convecci\u00f3n y conducci\u00f3n.<\/li>\n<li><strong>Interacci\u00f3n fluido-estructura<\/strong> para prevenir fallos mec\u00e1nicos.<\/li>\n<\/ul>\n<p>[\/et_pb_cta][\/et_pb_column][\/et_pb_row][et_pb_row column_structure=\u00bb3_5,2_5&#8243; make_equal=\u00bbon\u00bb custom_padding_last_edited=\u00bbon|phone\u00bb _builder_version=\u00bb4.27.4&#8243; _module_preset=\u00bbdefault\u00bb custom_padding=\u00bb0px||||false|false\u00bb custom_padding_tablet=\u00bb||||false|false\u00bb custom_padding_phone=\u00bb||||false|false\u00bb custom_css_main_element=\u00bbalign-items:center;\u00bb global_colors_info=\u00bb{}\u00bb][et_pb_column type=\u00bb3_5&#8243; _builder_version=\u00bb4.27.4&#8243; _module_preset=\u00bbdefault\u00bb global_colors_info=\u00bb{}\u00bb][et_pb_cta title=\u00bbVentajas de Nuestros Servicios\u00bb _builder_version=\u00bb4.27.4&#8243; _module_preset=\u00bb6901f3ca-79ee-4bc9-89c0-9260de3a0578&#8243; global_colors_info=\u00bb{}\u00bb]<\/p>\n<ul>\n<li><strong>Reducci\u00f3n de costos<\/strong>: Evitamos pruebas f\u00edsicas innecesarias, ya que los resultados se generan virtualmente en menor tiempo.<\/li>\n<li><strong>Velocidad en el desarrollo<\/strong>: Identificamos problemas y optimizamos soluciones en tiempo r\u00e9cord gracias al software m\u00e1s avanzado.<\/li>\n<li><strong>Fiabilidad en los resultados<\/strong>: Nuestros modelos incluyen condiciones de contorno detalladas y ensayos iterativos para garantizar m\u00e1xima precisi\u00f3n.<\/li>\n<\/ul>\n<p>[\/et_pb_cta][\/et_pb_column][et_pb_column type=\u00bb2_5&#8243; _builder_version=\u00bb4.27.4&#8243; _module_preset=\u00bbdefault\u00bb global_colors_info=\u00bb{}\u00bb][et_pb_image src=\u00bbhttps:\/\/steykmp.com\/wp-content\/uploads\/2025\/03\/08-Simulacion-Fluidos-Bomba.png\u00bb alt=\u00bbExpediente CE &#8211; Sostenibilidad medioambiental\u00bb title_text=\u00bbSimulaci\u00f3n Fluidos &#8211; Bomba\u00bb _builder_version=\u00bb4.27.4&#8243; _module_preset=\u00bbdefault\u00bb module_alignment=\u00bbright\u00bb global_colors_info=\u00bb{}\u00bb][\/et_pb_image][\/et_pb_column][\/et_pb_row][\/et_pb_section][et_pb_section fb_built=\u00bb1&#8243; _builder_version=\u00bb4.27.4&#8243; _module_preset=\u00bbdefault\u00bb background_color=\u00bb#d1d1d1&#8243; custom_padding=\u00bb40px||40px||true|\u00bb global_colors_info=\u00bb{}\u00bb][et_pb_row _builder_version=\u00bb4.27.4&#8243; _module_preset=\u00bbdefault\u00bb global_colors_info=\u00bb{}\u00bb][et_pb_column type=\u00bb4_4&#8243; _builder_version=\u00bb4.27.4&#8243; _module_preset=\u00bbdefault\u00bb global_colors_info=\u00bb{}\u00bb][et_pb_cta title=\u00bb \u00bfNecesita un diagn\u00f3stico fluido-din\u00e1mico de calidad por una optimizaci\u00f3n superior en su proyecto?\u00bb button_url=\u00bbhttps:\/\/steykmp.com\/es\/contacto\/\u00bb button_text=\u00bbContacto\u00bb _builder_version=\u00bb4.27.4&#8243; _module_preset=\u00bbdefault\u00bb header_line_height=\u00bb1.2em\u00bb background_enable_color=\u00bboff\u00bb background_layout=\u00bblight\u00bb hover_enabled=\u00bb0&#8243; global_colors_info=\u00bb{}\u00bb sticky_enabled=\u00bb0&#8243;]<\/p>\n<p>Cont\u00e1ctanos y descubre c\u00f3mo la simulaci\u00f3n FEA puede transformar tu dise\u00f1o y tu presupuesto!<\/p>\n<p>[\/et_pb_cta][\/et_pb_column][\/et_pb_row][\/et_pb_section]<\/p>\n","protected":false},"excerpt":{"rendered":"<p>La simulaci\u00f3n FEA (Finite Element Analysis) aplicada a la din\u00e1mica de fluidos (CFD &#8211; Computational Fluid Dynamics) es una herramienta clave para analizar y optimizar el comportamiento de los fluidos en sistemas complejos. Gracias al uso de avanzadas leyes de hidrodin\u00e1mica, ofrecemos soluciones que permiten predecir el movimiento de l\u00edquidos y gases, incluyendo factores como [&hellip;]<\/p>\n","protected":false},"author":1,"featured_media":0,"parent":403194,"menu_order":0,"comment_status":"closed","ping_status":"closed","template":"","meta":{"_et_pb_use_builder":"on","_et_pb_old_content":"","_et_gb_content_width":"","footnotes":""},"class_list":["post-403215","page","type-page","status-publish","hentry"],"yoast_head":"<!-- This site is optimized with the Yoast SEO plugin v27.4 - https:\/\/yoast.com\/product\/yoast-seo-wordpress\/ -->\n<title>Simulaci\u00f3n de fluidos en 3D - Steyk<\/title>\n<meta name=\"robots\" content=\"index, follow, max-snippet:-1, max-image-preview:large, max-video-preview:-1\" \/>\n<link rel=\"canonical\" href=\"https:\/\/steykmp.com\/es\/simulaciones-por-ordenador\/simulacion-de-fluidos-en-3d\/\" \/>\n<meta property=\"og:locale\" content=\"es_ES\" \/>\n<meta property=\"og:type\" content=\"article\" \/>\n<meta property=\"og:title\" content=\"Simulaci\u00f3n de fluidos en 3D - Steyk\" \/>\n<meta property=\"og:description\" content=\"La simulaci\u00f3n FEA (Finite Element Analysis) aplicada a la din\u00e1mica de fluidos (CFD - Computational Fluid Dynamics) es una herramienta clave para analizar y optimizar el comportamiento de los fluidos en sistemas complejos. Gracias al uso de avanzadas leyes de hidrodin\u00e1mica, ofrecemos soluciones que permiten predecir el movimiento de l\u00edquidos y gases, incluyendo factores como [&hellip;]\" \/>\n<meta property=\"og:url\" content=\"https:\/\/steykmp.com\/es\/simulaciones-por-ordenador\/simulacion-de-fluidos-en-3d\/\" \/>\n<meta property=\"og:site_name\" content=\"Steyk\" \/>\n<meta property=\"article:modified_time\" content=\"2025-03-31T11:00:36+00:00\" \/>\n<meta name=\"twitter:card\" content=\"summary_large_image\" \/>\n<meta name=\"twitter:label1\" content=\"Tiempo de lectura\" \/>\n\t<meta name=\"twitter:data1\" content=\"4 minutos\" \/>\n<script type=\"application\/ld+json\" class=\"yoast-schema-graph\">{\"@context\":\"https:\\\/\\\/schema.org\",\"@graph\":[{\"@type\":\"WebPage\",\"@id\":\"https:\\\/\\\/steykmp.com\\\/es\\\/simulaciones-por-ordenador\\\/simulacion-de-fluidos-en-3d\\\/\",\"url\":\"https:\\\/\\\/steykmp.com\\\/es\\\/simulaciones-por-ordenador\\\/simulacion-de-fluidos-en-3d\\\/\",\"name\":\"Simulaci\u00f3n de fluidos en 3D - Steyk\",\"isPartOf\":{\"@id\":\"https:\\\/\\\/steykmp.com\\\/#website\"},\"datePublished\":\"2025-03-21T08:46:15+00:00\",\"dateModified\":\"2025-03-31T11:00:36+00:00\",\"breadcrumb\":{\"@id\":\"https:\\\/\\\/steykmp.com\\\/es\\\/simulaciones-por-ordenador\\\/simulacion-de-fluidos-en-3d\\\/#breadcrumb\"},\"inLanguage\":\"es\",\"potentialAction\":[{\"@type\":\"ReadAction\",\"target\":[\"https:\\\/\\\/steykmp.com\\\/es\\\/simulaciones-por-ordenador\\\/simulacion-de-fluidos-en-3d\\\/\"]}]},{\"@type\":\"BreadcrumbList\",\"@id\":\"https:\\\/\\\/steykmp.com\\\/es\\\/simulaciones-por-ordenador\\\/simulacion-de-fluidos-en-3d\\\/#breadcrumb\",\"itemListElement\":[{\"@type\":\"ListItem\",\"position\":1,\"name\":\"Inici\",\"item\":\"https:\\\/\\\/steykmp.com\\\/es\\\/inicio\\\/\"},{\"@type\":\"ListItem\",\"position\":2,\"name\":\"Simulaciones por ordenador\",\"item\":\"https:\\\/\\\/steykmp.com\\\/es\\\/simulaciones-por-ordenador\\\/\"},{\"@type\":\"ListItem\",\"position\":3,\"name\":\"Simulaci\u00f3n de fluidos en 3D\"}]},{\"@type\":\"WebSite\",\"@id\":\"https:\\\/\\\/steykmp.com\\\/#website\",\"url\":\"https:\\\/\\\/steykmp.com\\\/\",\"name\":\"Steyk Enginyeria\",\"description\":\"Projectes d&#039;enginyeria claus en m\u00e0\",\"publisher\":{\"@id\":\"https:\\\/\\\/steykmp.com\\\/#organization\"},\"potentialAction\":[{\"@type\":\"SearchAction\",\"target\":{\"@type\":\"EntryPoint\",\"urlTemplate\":\"https:\\\/\\\/steykmp.com\\\/?s={search_term_string}\"},\"query-input\":{\"@type\":\"PropertyValueSpecification\",\"valueRequired\":true,\"valueName\":\"search_term_string\"}}],\"inLanguage\":\"es\"},{\"@type\":\"Organization\",\"@id\":\"https:\\\/\\\/steykmp.com\\\/#organization\",\"name\":\"Steyk\",\"url\":\"https:\\\/\\\/steykmp.com\\\/\",\"logo\":{\"@type\":\"ImageObject\",\"inLanguage\":\"es\",\"@id\":\"https:\\\/\\\/steykmp.com\\\/#\\\/schema\\\/logo\\\/image\\\/\",\"url\":\"https:\\\/\\\/steykmp.com\\\/wp-content\\\/uploads\\\/2025\\\/04\\\/Logo-Steyk-2025.jpg\",\"contentUrl\":\"https:\\\/\\\/steykmp.com\\\/wp-content\\\/uploads\\\/2025\\\/04\\\/Logo-Steyk-2025.jpg\",\"width\":665,\"height\":404,\"caption\":\"Steyk\"},\"image\":{\"@id\":\"https:\\\/\\\/steykmp.com\\\/#\\\/schema\\\/logo\\\/image\\\/\"}}]}<\/script>\n<!-- \/ Yoast SEO plugin. -->","yoast_head_json":{"title":"Simulaci\u00f3n de fluidos en 3D - Steyk","robots":{"index":"index","follow":"follow","max-snippet":"max-snippet:-1","max-image-preview":"max-image-preview:large","max-video-preview":"max-video-preview:-1"},"canonical":"https:\/\/steykmp.com\/es\/simulaciones-por-ordenador\/simulacion-de-fluidos-en-3d\/","og_locale":"es_ES","og_type":"article","og_title":"Simulaci\u00f3n de fluidos en 3D - Steyk","og_description":"La simulaci\u00f3n FEA (Finite Element Analysis) aplicada a la din\u00e1mica de fluidos (CFD - Computational Fluid Dynamics) es una herramienta clave para analizar y optimizar el comportamiento de los fluidos en sistemas complejos. Gracias al uso de avanzadas leyes de hidrodin\u00e1mica, ofrecemos soluciones que permiten predecir el movimiento de l\u00edquidos y gases, incluyendo factores como [&hellip;]","og_url":"https:\/\/steykmp.com\/es\/simulaciones-por-ordenador\/simulacion-de-fluidos-en-3d\/","og_site_name":"Steyk","article_modified_time":"2025-03-31T11:00:36+00:00","twitter_card":"summary_large_image","twitter_misc":{"Tiempo de lectura":"4 minutos"},"schema":{"@context":"https:\/\/schema.org","@graph":[{"@type":"WebPage","@id":"https:\/\/steykmp.com\/es\/simulaciones-por-ordenador\/simulacion-de-fluidos-en-3d\/","url":"https:\/\/steykmp.com\/es\/simulaciones-por-ordenador\/simulacion-de-fluidos-en-3d\/","name":"Simulaci\u00f3n de fluidos en 3D - Steyk","isPartOf":{"@id":"https:\/\/steykmp.com\/#website"},"datePublished":"2025-03-21T08:46:15+00:00","dateModified":"2025-03-31T11:00:36+00:00","breadcrumb":{"@id":"https:\/\/steykmp.com\/es\/simulaciones-por-ordenador\/simulacion-de-fluidos-en-3d\/#breadcrumb"},"inLanguage":"es","potentialAction":[{"@type":"ReadAction","target":["https:\/\/steykmp.com\/es\/simulaciones-por-ordenador\/simulacion-de-fluidos-en-3d\/"]}]},{"@type":"BreadcrumbList","@id":"https:\/\/steykmp.com\/es\/simulaciones-por-ordenador\/simulacion-de-fluidos-en-3d\/#breadcrumb","itemListElement":[{"@type":"ListItem","position":1,"name":"Inici","item":"https:\/\/steykmp.com\/es\/inicio\/"},{"@type":"ListItem","position":2,"name":"Simulaciones por ordenador","item":"https:\/\/steykmp.com\/es\/simulaciones-por-ordenador\/"},{"@type":"ListItem","position":3,"name":"Simulaci\u00f3n de fluidos en 3D"}]},{"@type":"WebSite","@id":"https:\/\/steykmp.com\/#website","url":"https:\/\/steykmp.com\/","name":"Steyk Enginyeria","description":"Projectes d&#039;enginyeria claus en m\u00e0","publisher":{"@id":"https:\/\/steykmp.com\/#organization"},"potentialAction":[{"@type":"SearchAction","target":{"@type":"EntryPoint","urlTemplate":"https:\/\/steykmp.com\/?s={search_term_string}"},"query-input":{"@type":"PropertyValueSpecification","valueRequired":true,"valueName":"search_term_string"}}],"inLanguage":"es"},{"@type":"Organization","@id":"https:\/\/steykmp.com\/#organization","name":"Steyk","url":"https:\/\/steykmp.com\/","logo":{"@type":"ImageObject","inLanguage":"es","@id":"https:\/\/steykmp.com\/#\/schema\/logo\/image\/","url":"https:\/\/steykmp.com\/wp-content\/uploads\/2025\/04\/Logo-Steyk-2025.jpg","contentUrl":"https:\/\/steykmp.com\/wp-content\/uploads\/2025\/04\/Logo-Steyk-2025.jpg","width":665,"height":404,"caption":"Steyk"},"image":{"@id":"https:\/\/steykmp.com\/#\/schema\/logo\/image\/"}}]}},"_links":{"self":[{"href":"https:\/\/steykmp.com\/es\/wp-json\/wp\/v2\/pages\/403215","targetHints":{"allow":["GET"]}}],"collection":[{"href":"https:\/\/steykmp.com\/es\/wp-json\/wp\/v2\/pages"}],"about":[{"href":"https:\/\/steykmp.com\/es\/wp-json\/wp\/v2\/types\/page"}],"author":[{"embeddable":true,"href":"https:\/\/steykmp.com\/es\/wp-json\/wp\/v2\/users\/1"}],"replies":[{"embeddable":true,"href":"https:\/\/steykmp.com\/es\/wp-json\/wp\/v2\/comments?post=403215"}],"version-history":[{"count":9,"href":"https:\/\/steykmp.com\/es\/wp-json\/wp\/v2\/pages\/403215\/revisions"}],"predecessor-version":[{"id":403636,"href":"https:\/\/steykmp.com\/es\/wp-json\/wp\/v2\/pages\/403215\/revisions\/403636"}],"up":[{"embeddable":true,"href":"https:\/\/steykmp.com\/es\/wp-json\/wp\/v2\/pages\/403194"}],"wp:attachment":[{"href":"https:\/\/steykmp.com\/es\/wp-json\/wp\/v2\/media?parent=403215"}],"curies":[{"name":"wp","href":"https:\/\/api.w.org\/{rel}","templated":true}]}}