{"id":403392,"date":"2025-03-31T08:07:23","date_gmt":"2025-03-31T08:07:23","guid":{"rendered":"https:\/\/steykmp.com\/aviso-legal\/"},"modified":"2025-03-31T08:18:31","modified_gmt":"2025-03-31T08:18:31","slug":"aviso-legal","status":"publish","type":"page","link":"https:\/\/steykmp.com\/es\/aviso-legal\/","title":{"rendered":"Aviso Legal"},"content":{"rendered":"<p>[et_pb_section fb_built=\u00bb1&#8243; _builder_version=\u00bb4.27.4&#8243; _module_preset=\u00bbdefault\u00bb global_colors_info=\u00bb{}\u00bb][et_pb_row _builder_version=\u00bb4.27.4&#8243; _module_preset=\u00bbdefault\u00bb global_colors_info=\u00bb{}\u00bb][et_pb_column type=\u00bb4_4&#8243; _builder_version=\u00bb4.27.4&#8243; _module_preset=\u00bbdefault\u00bb global_colors_info=\u00bb{}\u00bb][et_pb_text _builder_version=\u00bb4.27.4&#8243; _module_preset=\u00bbdefault\u00bb header_font_size=\u00bb40px\u00bb global_colors_info=\u00bb{}\u00bb]<\/p>\n<h1 style=\"text-align: center;\">AVISO LEGAL<\/h1>\n<p>[\/et_pb_text][\/et_pb_column][\/et_pb_row][et_pb_row _builder_version=\u00bb4.27.4&#8243; _module_preset=\u00bbdefault\u00bb global_colors_info=\u00bb{}\u00bb][et_pb_column type=\u00bb4_4&#8243; _builder_version=\u00bb4.27.4&#8243; _module_preset=\u00bbdefault\u00bb global_colors_info=\u00bb{}\u00bb][et_pb_text _builder_version=\u00bb4.27.4&#8243; _module_preset=\u00bbdefault\u00bb hover_enabled=\u00bb0&#8243; global_colors_info=\u00bb{}\u00bb sticky_enabled=\u00bb0&#8243;]<\/p>\n<p><strong>Sobre la Propiedad Intelectual de los contenidos en la Web y las Responsabilidades<\/strong><\/p>\n<p>El propietario de esta web es <strong>Elina Steykunas con NIE Y1368455S<\/strong>, en adelante STEYK. Queda prohibida la transmisi\u00f3n, cesi\u00f3n, venta, alquiler y\/o exposici\u00f3n p\u00fablica de esta web sin la correspondiente autorizaci\u00f3n de su propietaria. La informaci\u00f3n y consejos presentados en esta web tienen car\u00e1cter orientativo quedando STEYK exenta de cualquier responsabilidad derivada de la falta de exactitud o efectividad en dichas informaciones o consejos.  <\/p>\n<p>STEYK se reserva el derecho de modificar el contenido de la web sin previo aviso y sin ning\u00fan tipo de limitaci\u00f3n. La informaci\u00f3n eventualmente remitida a esta web o introducida a trav\u00e9s de sus formularios deber\u00e1 ser veraz y no vulnerar\u00e1 el derecho a terceros ni la legalidad vigente. <\/p>\n<p>STEYK declina cualquier responsabilidad contractual o extracontractual con la persona o empresa que hubiera resultado perjudicada, en cualquier sentido o forma, como consecuencia del ataque de un virus inform\u00e1tico o por elementos de cualquier \u00edndole al no poder garantizar al 100% la ausencia de tales elementos nocivos en la web.<\/p>\n<p><strong>Condiciones de uso de la Web<\/strong><\/p>\n<p>STEYK ofrece en su web informaci\u00f3n relacionada con el tipo de actividad, productos y servicios que realiza, en los t\u00e9rminos y condiciones que aqu\u00ed se indican.<\/p>\n<p>STEYK se reserva el derecho a actualizar, modificar o eliminar la informaci\u00f3n contenida en www.steykmp.com pudiendo limitar el acceso a dicha informaci\u00f3n. Especialmente STEYK se reserva este derecho cuando surjan dificultades t\u00e9cnicas por hechos o circunstancias ajenas a STEYK. <\/p>\n<p><strong>Uso de cookies<\/strong><\/p>\n<p>STEYK puede utilizar cookies cuando un usuario navega por la web, asoci\u00e1ndose \u00fanicamente con el navegador de un ordenador determinado (un usuario an\u00f3nimo), y no proporcionan por s\u00ed mismas datos personales. Las cookies utilizadas no pueden leer los archivos tipo cookie creados por otros proveedores. El usuario tiene la posibilidad de configurar su navegador para ser avisado en pantalla de la recepci\u00f3n de cookies y para impedir su instalaci\u00f3n en el disco duro u otro sistema equivalente de almacenamiento de datos.  <\/p>\n<p><strong>Anal\u00edtica de Web<\/strong><\/p>\n<p>Esta p\u00e1gina web utiliza Google Analytics, un servicio de an\u00e1lisis de web prestado por Google, Inc., una compa\u00f1\u00eda de Delaware cuya oficina principal est\u00e1 en 1600 Amphitheatre Parkway, Mountain View (California), CA 94043, Estados Unidos (\u201cGoogle\u201d).<\/p>\n<p>Google Analytics utiliza \u201ccookies\u201d, que son archivos de texto ubicados en su ordenador, para ayudar a la p\u00e1gina web a analizar el uso que hacen los navegantes del sitio web. La informaci\u00f3n que generan las cookies acerca del uso del website (incluyendo su direcci\u00f3n IP) ser\u00e1 directamente transmitida y archivada por Google en los servidores de Estados Unidos. Google usar\u00e1 esta informaci\u00f3n por cuenta nuestra con el prop\u00f3sito de seguir su recorrido por los diferentes contenidos de la p\u00e1gina web, recopilando informes de la actividad del website y prestando otros servicios relacionados con la actividad de la p\u00e1gina y el uso de Internet.  <\/p>\n<p>Google podr\u00e1 transmitir dicha informaci\u00f3n a terceros cuando as\u00ed se lo requiera la legislaci\u00f3n, o cuando dichos terceros procesen la informaci\u00f3n por cuenta de Google. Google no asociar\u00e1 su direcci\u00f3n IP con ning\u00fan otro dato que disponga Google. <\/p>\n<p>Usted puede rechazar el tratamiento de los datos o la informaci\u00f3n por parte de los archivos de cookies seleccionando la configuraci\u00f3n apropiada de su navegador. Sin embargo si opta por bloquear las cookies puede ser que no pueda usar plenamente todas las funcionalidades de esta p\u00e1gina web. <\/p>\n<p>Finalmente reiterar que al navegar en este sitio web Usted consiente en el tratamiento de informaci\u00f3n relativa a su visita virtual por parte de Google en la forma y con los prop\u00f3sitos arriba indicados.<\/p>\n<p>[\/et_pb_text][\/et_pb_column][\/et_pb_row][\/et_pb_section]<\/p>\n","protected":false},"excerpt":{"rendered":"<p>AVISO LEGALSobre la Propiedad Intelectual de los contenidos en la Web y las Responsabilidades El propietario de esta web es Elina Steykunas con NIE Y1368455S, en adelante STEYK. Queda prohibida la transmisi\u00f3n, cesi\u00f3n, venta, alquiler y\/o exposici\u00f3n p\u00fablica de esta web sin la correspondiente autorizaci\u00f3n de su propietaria. La informaci\u00f3n y consejos presentados en esta [&hellip;]<\/p>\n","protected":false},"author":1,"featured_media":0,"parent":0,"menu_order":0,"comment_status":"closed","ping_status":"closed","template":"","meta":{"_et_pb_use_builder":"on","_et_pb_old_content":"","_et_gb_content_width":"","footnotes":""},"class_list":["post-403392","page","type-page","status-publish","hentry"],"yoast_head":"<!-- This site is optimized with the Yoast SEO plugin v27.2 - https:\/\/yoast.com\/product\/yoast-seo-wordpress\/ -->\n<title>Aviso Legal - Steyk<\/title>\n<meta name=\"robots\" content=\"index, follow, max-snippet:-1, max-image-preview:large, max-video-preview:-1\" \/>\n<link rel=\"canonical\" href=\"https:\/\/steykmp.com\/es\/aviso-legal\/\" \/>\n<meta property=\"og:locale\" content=\"es_ES\" \/>\n<meta property=\"og:type\" content=\"article\" \/>\n<meta property=\"og:title\" content=\"Aviso Legal - Steyk\" \/>\n<meta property=\"og:description\" content=\"AVISO LEGALSobre la Propiedad Intelectual de los contenidos en la Web y las Responsabilidades El propietario de esta web es Elina Steykunas con NIE Y1368455S, en adelante STEYK. Queda prohibida la transmisi\u00f3n, cesi\u00f3n, venta, alquiler y\/o exposici\u00f3n p\u00fablica de esta web sin la correspondiente autorizaci\u00f3n de su propietaria. La informaci\u00f3n y consejos presentados en esta [&hellip;]\" \/>\n<meta property=\"og:url\" content=\"https:\/\/steykmp.com\/es\/aviso-legal\/\" \/>\n<meta property=\"og:site_name\" content=\"Steyk\" \/>\n<meta property=\"article:modified_time\" content=\"2025-03-31T08:18:31+00:00\" \/>\n<meta name=\"twitter:card\" content=\"summary_large_image\" \/>\n<meta name=\"twitter:label1\" content=\"Tiempo de lectura\" \/>\n\t<meta name=\"twitter:data1\" content=\"4 minutos\" \/>\n<script type=\"application\/ld+json\" class=\"yoast-schema-graph\">{\"@context\":\"https:\/\/schema.org\",\"@graph\":[{\"@type\":\"WebPage\",\"@id\":\"https:\/\/steykmp.com\/es\/aviso-legal\/\",\"url\":\"https:\/\/steykmp.com\/es\/aviso-legal\/\",\"name\":\"Aviso Legal - Steyk\",\"isPartOf\":{\"@id\":\"https:\/\/steykmp.com\/#website\"},\"datePublished\":\"2025-03-31T08:07:23+00:00\",\"dateModified\":\"2025-03-31T08:18:31+00:00\",\"breadcrumb\":{\"@id\":\"https:\/\/steykmp.com\/es\/aviso-legal\/#breadcrumb\"},\"inLanguage\":\"es\",\"potentialAction\":[{\"@type\":\"ReadAction\",\"target\":[\"https:\/\/steykmp.com\/es\/aviso-legal\/\"]}]},{\"@type\":\"BreadcrumbList\",\"@id\":\"https:\/\/steykmp.com\/es\/aviso-legal\/#breadcrumb\",\"itemListElement\":[{\"@type\":\"ListItem\",\"position\":1,\"name\":\"Inici\",\"item\":\"https:\/\/steykmp.com\/es\/\"},{\"@type\":\"ListItem\",\"position\":2,\"name\":\"Aviso Legal\"}]},{\"@type\":\"WebSite\",\"@id\":\"https:\/\/steykmp.com\/#website\",\"url\":\"https:\/\/steykmp.com\/\",\"name\":\"Steyk Enginyeria\",\"description\":\"Projectes d&#039;enginyeria claus en m\u00e0\",\"publisher\":{\"@id\":\"https:\/\/steykmp.com\/#organization\"},\"potentialAction\":[{\"@type\":\"SearchAction\",\"target\":{\"@type\":\"EntryPoint\",\"urlTemplate\":\"https:\/\/steykmp.com\/?s={search_term_string}\"},\"query-input\":{\"@type\":\"PropertyValueSpecification\",\"valueRequired\":true,\"valueName\":\"search_term_string\"}}],\"inLanguage\":\"es\"},{\"@type\":\"Organization\",\"@id\":\"https:\/\/steykmp.com\/#organization\",\"name\":\"Steyk\",\"url\":\"https:\/\/steykmp.com\/\",\"logo\":{\"@type\":\"ImageObject\",\"inLanguage\":\"es\",\"@id\":\"https:\/\/steykmp.com\/#\/schema\/logo\/image\/\",\"url\":\"https:\/\/steykmp.com\/wp-content\/uploads\/2025\/04\/Logo-Steyk-2025.jpg\",\"contentUrl\":\"https:\/\/steykmp.com\/wp-content\/uploads\/2025\/04\/Logo-Steyk-2025.jpg\",\"width\":665,\"height\":404,\"caption\":\"Steyk\"},\"image\":{\"@id\":\"https:\/\/steykmp.com\/#\/schema\/logo\/image\/\"}}]}<\/script>\n<!-- \/ Yoast SEO plugin. -->","yoast_head_json":{"title":"Aviso Legal - Steyk","robots":{"index":"index","follow":"follow","max-snippet":"max-snippet:-1","max-image-preview":"max-image-preview:large","max-video-preview":"max-video-preview:-1"},"canonical":"https:\/\/steykmp.com\/es\/aviso-legal\/","og_locale":"es_ES","og_type":"article","og_title":"Aviso Legal - Steyk","og_description":"AVISO LEGALSobre la Propiedad Intelectual de los contenidos en la Web y las Responsabilidades El propietario de esta web es Elina Steykunas con NIE Y1368455S, en adelante STEYK. Queda prohibida la transmisi\u00f3n, cesi\u00f3n, venta, alquiler y\/o exposici\u00f3n p\u00fablica de esta web sin la correspondiente autorizaci\u00f3n de su propietaria. La informaci\u00f3n y consejos presentados en esta [&hellip;]","og_url":"https:\/\/steykmp.com\/es\/aviso-legal\/","og_site_name":"Steyk","article_modified_time":"2025-03-31T08:18:31+00:00","twitter_card":"summary_large_image","twitter_misc":{"Tiempo de lectura":"4 minutos"},"schema":{"@context":"https:\/\/schema.org","@graph":[{"@type":"WebPage","@id":"https:\/\/steykmp.com\/es\/aviso-legal\/","url":"https:\/\/steykmp.com\/es\/aviso-legal\/","name":"Aviso Legal - Steyk","isPartOf":{"@id":"https:\/\/steykmp.com\/#website"},"datePublished":"2025-03-31T08:07:23+00:00","dateModified":"2025-03-31T08:18:31+00:00","breadcrumb":{"@id":"https:\/\/steykmp.com\/es\/aviso-legal\/#breadcrumb"},"inLanguage":"es","potentialAction":[{"@type":"ReadAction","target":["https:\/\/steykmp.com\/es\/aviso-legal\/"]}]},{"@type":"BreadcrumbList","@id":"https:\/\/steykmp.com\/es\/aviso-legal\/#breadcrumb","itemListElement":[{"@type":"ListItem","position":1,"name":"Inici","item":"https:\/\/steykmp.com\/es\/"},{"@type":"ListItem","position":2,"name":"Aviso Legal"}]},{"@type":"WebSite","@id":"https:\/\/steykmp.com\/#website","url":"https:\/\/steykmp.com\/","name":"Steyk Enginyeria","description":"Projectes d&#039;enginyeria claus en m\u00e0","publisher":{"@id":"https:\/\/steykmp.com\/#organization"},"potentialAction":[{"@type":"SearchAction","target":{"@type":"EntryPoint","urlTemplate":"https:\/\/steykmp.com\/?s={search_term_string}"},"query-input":{"@type":"PropertyValueSpecification","valueRequired":true,"valueName":"search_term_string"}}],"inLanguage":"es"},{"@type":"Organization","@id":"https:\/\/steykmp.com\/#organization","name":"Steyk","url":"https:\/\/steykmp.com\/","logo":{"@type":"ImageObject","inLanguage":"es","@id":"https:\/\/steykmp.com\/#\/schema\/logo\/image\/","url":"https:\/\/steykmp.com\/wp-content\/uploads\/2025\/04\/Logo-Steyk-2025.jpg","contentUrl":"https:\/\/steykmp.com\/wp-content\/uploads\/2025\/04\/Logo-Steyk-2025.jpg","width":665,"height":404,"caption":"Steyk"},"image":{"@id":"https:\/\/steykmp.com\/#\/schema\/logo\/image\/"}}]}},"_links":{"self":[{"href":"https:\/\/steykmp.com\/es\/wp-json\/wp\/v2\/pages\/403392","targetHints":{"allow":["GET"]}}],"collection":[{"href":"https:\/\/steykmp.com\/es\/wp-json\/wp\/v2\/pages"}],"about":[{"href":"https:\/\/steykmp.com\/es\/wp-json\/wp\/v2\/types\/page"}],"author":[{"embeddable":true,"href":"https:\/\/steykmp.com\/es\/wp-json\/wp\/v2\/users\/1"}],"replies":[{"embeddable":true,"href":"https:\/\/steykmp.com\/es\/wp-json\/wp\/v2\/comments?post=403392"}],"version-history":[{"count":2,"href":"https:\/\/steykmp.com\/es\/wp-json\/wp\/v2\/pages\/403392\/revisions"}],"predecessor-version":[{"id":403394,"href":"https:\/\/steykmp.com\/es\/wp-json\/wp\/v2\/pages\/403392\/revisions\/403394"}],"wp:attachment":[{"href":"https:\/\/steykmp.com\/es\/wp-json\/wp\/v2\/media?parent=403392"}],"curies":[{"name":"wp","href":"https:\/\/api.w.org\/{rel}","templated":true}]}}