{"id":404559,"date":"2025-07-11T09:21:55","date_gmt":"2025-07-11T09:21:55","guid":{"rendered":"https:\/\/steykmp.com\/?page_id=404559"},"modified":"2026-02-23T09:44:52","modified_gmt":"2026-02-23T09:44:52","slug":"diseno-de-prototipos-mecanicos-en-la-zona-de-martorell","status":"publish","type":"page","link":"https:\/\/steykmp.com\/es\/diseno-de-prototipos-mecanicos-en-la-zona-de-martorell\/","title":{"rendered":"Dise\u00f1o de prototipos mec\u00e1nicos en la zona de Martorell"},"content":{"rendered":"<p>[et_pb_section fb_built=\u00bb1&#8243; custom_padding_last_edited=\u00bbon|phone\u00bb _builder_version=\u00bb4.27.4&#8243; _module_preset=\u00bbdefault\u00bb custom_margin=\u00bb-90px||||false|false\u00bb custom_margin_tablet=\u00bb0px||||false|false\u00bb custom_margin_phone=\u00bb0px||||false|false\u00bb custom_margin_last_edited=\u00bbon|phone\u00bb custom_padding=\u00bb3px||0px||false|false\u00bb custom_padding_tablet=\u00bb0px||||false|false\u00bb custom_padding_phone=\u00bb0px||||false|false\u00bb global_colors_info=\u00bb{}\u00bb][et_pb_row _builder_version=\u00bb4.27.4&#8243; _module_preset=\u00bbdefault\u00bb width=\u00bb100%\u00bb max_width=\u00bb100%\u00bb custom_padding=\u00bb3px|||||\u00bb global_colors_info=\u00bb{}\u00bb][et_pb_column type=\u00bb4_4&#8243; _builder_version=\u00bb4.27.4&#8243; _module_preset=\u00bbdefault\u00bb global_colors_info=\u00bb{}\u00bb][et_pb_slider use_bg_overlay=\u00bbon\u00bb _builder_version=\u00bb4.27.4&#8243; _module_preset=\u00bbdefault\u00bb global_colors_info=\u00bb{}\u00bb][et_pb_slide heading=\u00bbDise\u00f1o de prototipos mec\u00e1nicos en la zona de Martorell\u00bb _builder_version=\u00bb4.27.4&#8243; _module_preset=\u00bbdefault\u00bb header_level=\u00bbh1&#8243; header_font_size=\u00bb46px\u00bb body_font_size=\u00bb22px\u00bb body_line_height=\u00bb2em\u00bb background_image=\u00bbhttps:\/\/steykmp.com\/wp-content\/uploads\/2025\/07\/04-Ingenieria-Basica-Planos.jpg\u00bb background_enable_image=\u00bbon\u00bb global_colors_info=\u00bb{}\u00bb sticky_transition=\u00bbon\u00bb]<\/p>\n<h2 style=\"text-align: center;\">Ingenier\u00eda Multidisciplinar: Nuestra experiencia a su servicio<\/h2>\n<p>[\/et_pb_slide][\/et_pb_slider][\/et_pb_column][\/et_pb_row][\/et_pb_section][et_pb_section fb_built=\u00bb1&#8243; custom_padding_last_edited=\u00bbon|phone\u00bb _builder_version=\u00bb4.27.4&#8243; _module_preset=\u00bbdefault\u00bb custom_margin=\u00bb0px||||false|false\u00bb custom_padding=\u00bb40px||40px||true|false\u00bb custom_padding_tablet=\u00bb20px||40px||false|false\u00bb custom_padding_phone=\u00bb20px||40px||false|false\u00bb global_colors_info=\u00bb{}\u00bb][et_pb_row column_structure=\u00bb3_5,2_5&#8243; make_equal=\u00bbon\u00bb _builder_version=\u00bb4.27.4&#8243; _module_preset=\u00bbdefault\u00bb max_width=\u00bb100%\u00bb custom_margin=\u00bb0px|auto||auto|false|false\u00bb custom_css_main_element=\u00bbalign-items:center;\u00bb global_colors_info=\u00bb{}\u00bb][et_pb_column type=\u00bb3_5&#8243; _builder_version=\u00bb4.27.4&#8243; _module_preset=\u00bbdefault\u00bb global_colors_info=\u00bb{}\u00bb][et_pb_cta title=\u00bbTransformaci\u00f3n de ideas en maquinaria funcional\u00bb _builder_version=\u00bb4.27.4&#8243; _module_preset=\u00bb6901f3ca-79ee-4bc9-89c0-9260de3a0578&#8243; custom_padding_tablet=\u00bb0px||0px||false|false\u00bb custom_padding_phone=\u00bb0px||||false|false\u00bb custom_padding_last_edited=\u00bbon|phone\u00bb global_colors_info=\u00bb{}\u00bb]<\/p>\n<p>En <strong>nuestra ingenier\u00eda ofrecemos servicio en Martorell<\/strong> con el prop\u00f3sito de convertir las <strong>ideas en maquinaria<\/strong> tangible y operativa. Nuestro objetivo principal es hacer realidad el desarrollo de prototipos funcionales, partiendo de la visi\u00f3n original de cada cliente, ya sea un fabricante, un emprendedor tecnol\u00f3gico o una empresa del sector industrial. Nos encargamos de moldear esa visi\u00f3n en una soluci\u00f3n t\u00e9cnica completamente viable.<\/p>\n<p>El proceso se inicia a partir de un boceto conceptual, especificaciones preliminares o, simplemente, la necesidad que ha sido detectada por el cliente. A partir de ese punto, nuestro equipo t\u00e9cnico pone a disposici\u00f3n su amplia <strong>experiencia en procesos industriales, mec\u00e1nica y dise\u00f1o de maquinaria<\/strong> para configurar una propuesta que sea realista, funcional y altamente optimizada.<\/p>\n<p>Durante esta fase inicial, nos enfocamos en:<\/p>\n<ul>\n<li>Colaborar de cerca con el cliente para <strong>comprender a fondo el problema o desaf\u00edo<\/strong> que se busca resolver.<\/li>\n<li>Definir conjuntamente todos los <strong>requisitos t\u00e9cnicos y funcionales<\/strong> clave del proyecto.<\/li>\n<li>Presentar<strong> soluciones conceptuales viables<\/strong>, priorizando criterios como la facilidad de fabricaci\u00f3n, el mantenimiento y la eficiencia..<\/li>\n<\/ul>\n<p>Con nuestro servicio de <strong>dise\u00f1o de prototipos mec\u00e1nicos en Martorell<\/strong>, asistimos a las empresas para que sus ideas se transformen en soluciones t\u00e9cnicas concretas, preparadas para su fabricaci\u00f3n y posterior producci\u00f3n.<\/p>\n<p>[\/et_pb_cta][\/et_pb_column][et_pb_column type=\u00bb2_5&#8243; _builder_version=\u00bb4.27.4&#8243; _module_preset=\u00bbdefault\u00bb global_colors_info=\u00bb{}\u00bb][et_pb_image src=\u00bbhttps:\/\/steykmp.com\/wp-content\/uploads\/2025\/07\/Bombilla-02.jpg\u00bb alt=\u00bbplanta produccion\u00bb title_text=\u00bbBombilla 02&#8243; _builder_version=\u00bb4.27.4&#8243; _module_preset=\u00bbdefault\u00bb module_alignment=\u00bbright\u00bb global_colors_info=\u00bb{}\u00bb][\/et_pb_image][\/et_pb_column][\/et_pb_row][et_pb_row column_structure=\u00bb1_3,1_3,1_3&#8243; custom_padding_last_edited=\u00bbon|desktop\u00bb module_class=\u00bbprojectes\u00bb _builder_version=\u00bb4.27.4&#8243; _module_preset=\u00bbdefault\u00bb max_width=\u00bb100%\u00bb custom_padding=\u00bb0px||||false|false\u00bb custom_padding_tablet=\u00bb0px||||false|false\u00bb custom_padding_phone=\u00bb0px||||false|false\u00bb global_colors_info=\u00bb{}\u00bb][et_pb_column type=\u00bb1_3&#8243; _builder_version=\u00bb4.27.4&#8243; _module_preset=\u00bbdefault\u00bb global_colors_info=\u00bb{}\u00bb][et_pb_blurb title=\u00bbDel concepto a la realizaci\u00f3n del prototipo \u00bb image=\u00bbhttps:\/\/steykmp.com\/wp-content\/uploads\/2025\/07\/concepto-a-modelo-3.jpg\u00bb _builder_version=\u00bb4.27.4&#8243; _module_preset=\u00bbdefault\u00bb header_level=\u00bbh3&#8243; header_text_align=\u00bbcenter\u00bb body_text_align=\u00bbleft\u00bb background_color=\u00bb#d1d1d1&#8243; custom_padding=\u00bb20px|20px|20px|20px|true|true\u00bb border_radii=\u00bbon|5px|5px|5px|5px\u00bb global_colors_info=\u00bb{}\u00bb]<\/p>\n<p>Una vez que los requisitos funcionales han sido definidos y se ha acordado una soluci\u00f3n conceptual viable con el cliente, se da inicio a la fase de <strong>dise\u00f1o preliminar de prototipos mec\u00e1nicos<\/strong>. El objetivo principal es traducir la idea en una <strong>estructura t\u00e9cnica coherente y optimizada<\/strong> utilizando herramientas avanzadas de <strong>modelado 3D<\/strong>.<\/p>\n<p>Este modelo tridimensional no solo permite visualizar la m\u00e1quina, sino que tambi\u00e9n:<\/p>\n<ul>\n<li>Facilita la <strong>detecci\u00f3n temprana de conflictos mec\u00e1nicos o interferencias<\/strong>.<\/li>\n<li>Permite evaluar <strong>las dimensiones, pesos y accesibilidad<\/strong> de sus componentes.<\/li>\n<li>Sirve como base para <strong>simulaciones mec\u00e1nicas <\/strong>y an\u00e1lisis por elementos finitos (FEM).<\/li>\n<li>Es completamente <strong>compatible con procesos de industrializaci\u00f3n<\/strong>, como el mecanizado CNC, corte l\u00e1ser, impresi\u00f3n 3D y montaje en serie.<\/li>\n<\/ul>\n<p>[\/et_pb_blurb][\/et_pb_column][et_pb_column type=\u00bb1_3&#8243; _builder_version=\u00bb4.27.4&#8243; _module_preset=\u00bbdefault\u00bb global_colors_info=\u00bb{}\u00bb][et_pb_blurb title=\u00bbC\u00e1lculo mec\u00e1nico y verificaci\u00f3n estructural\u00bb image=\u00bbhttps:\/\/steykmp.com\/wp-content\/uploads\/2025\/07\/estructura2-1.jpg\u00bb alt=\u00bbEstructures met\u00e0l\u00b7liques 4&#8243; _builder_version=\u00bb4.27.4&#8243; _module_preset=\u00bbdefault\u00bb header_level=\u00bbh3&#8243; header_text_align=\u00bbcenter\u00bb body_text_align=\u00bbleft\u00bb background_color=\u00bb#d1d1d1&#8243; custom_padding=\u00bb20px|20px|20px|20px|true|true\u00bb border_radii=\u00bbon|5px|5px|5px|5px\u00bb global_colors_info=\u00bb{}\u00bb]<\/p>\n<p>Al combinar nuestra experiencia pr\u00e1ctica con <strong>m\u00e9todos de c\u00e1lculo avanzados y criterios de ingenier\u00eda probados<\/strong>, nos aseguramos de que cada componente cumpla con los <strong>niveles de resistencia, rigidez y estabilidad estructural necesarios para el prototipo mec\u00e1nico<\/strong>. Para ello, consideramos las cargas reales (tracci\u00f3n, compresi\u00f3n, flexi\u00f3n, torsi\u00f3n y combinaciones de esfuerzos) y los requisitos funcionales del sistema.<\/p>\n<p>Aplicamos <strong>factores de seguridad adecuados seg\u00fan la normativa<\/strong> y el entorno de aplicaci\u00f3n. Adem\u00e1s, realizamos simulaciones mediante<strong> an\u00e1lisis por elementos finitos (FEM)<\/strong> para detectar puntos cr\u00edticos, posibles deformaciones y concentraciones de tensi\u00f3n.<\/p>\n<p>[\/et_pb_blurb][\/et_pb_column][et_pb_column type=\u00bb1_3&#8243; _builder_version=\u00bb4.27.4&#8243; _module_preset=\u00bbdefault\u00bb global_colors_info=\u00bb{}\u00bb][et_pb_blurb title=\u00bbDel prototipo a la producci\u00f3n\u00bb image=\u00bbhttps:\/\/steykmp.com\/wp-content\/uploads\/2025\/07\/modelo-a-fabricacion3.jpg\u00bb _builder_version=\u00bb4.27.4&#8243; _module_preset=\u00bbdefault\u00bb header_level=\u00bbh3&#8243; header_text_align=\u00bbcenter\u00bb body_text_align=\u00bbleft\u00bb background_color=\u00bb#d1d1d1&#8243; custom_padding=\u00bb20px|20px|20px|20px|true|true\u00bb border_radii=\u00bbon|5px|5px|5px|5px\u00bb global_colors_info=\u00bb{}\u00bb]<\/p>\n<p>Una vez que la viabilidad mec\u00e1nica de la m\u00e1quina ha sido confirmada, iniciamos la fase de <strong>dise\u00f1o detallado<\/strong>. Aqu\u00ed, elaboramos toda la documentaci\u00f3n t\u00e9cnica indispensable para que el proyecto pueda pasar <strong>directamente a producci\u00f3n<\/strong>. Esto incluye la entrega de:<\/p>\n<ul>\n<li><strong>Planos constructivos en 2D\/3D<\/strong> con todas las vistas, secciones, cotas funcionales, tolerancias geom\u00e9tricas y especificaciones de materiales.<\/li>\n<li><strong>Planos de montaje<\/strong> con referencias cruzadas y listados de materiales (BOM) para simplificar el ensamblaje.<\/li>\n<li><strong>Archivos digitales para fabricaci\u00f3n automatizada<\/strong>, tales como archivos DXF\/DWG para corte l\u00e1ser, y archivos STEP o STL para mecanizado CNC o impresi\u00f3n 3D.<\/li>\n<\/ul>\n<p>Todas nuestras entregas se rigen por los criterios de <strong>normalizaci\u00f3n t\u00e9cnica y las buenas pr\u00e1cticas de fabricaci\u00f3n<\/strong>, asegurando que el proyecto pueda ingresar al <strong>taller de inmediato para la creaci\u00f3n del prototipo<\/strong>, sin necesidad de pasos intermedios ni reprocesos.<\/p>\n<p>[\/et_pb_blurb][\/et_pb_column][\/et_pb_row][et_pb_row _builder_version=\u00bb4.27.4&#8243; _module_preset=\u00bbdefault\u00bb max_width=\u00bb100%\u00bb global_colors_info=\u00bb{}\u00bb][et_pb_column type=\u00bb4_4&#8243; _builder_version=\u00bb4.27.4&#8243; _module_preset=\u00bbdefault\u00bb global_colors_info=\u00bb{}\u00bb][et_pb_button button_url=\u00bbhttps:\/\/steykmp.com\/es\/contacto\/\u00bb button_text=\u00bbCont\u00e1ctanos si necesitas nuestros servicios de dise\u00f1o de prototipos mec\u00e1nicos en la zona de Martorell\u00bb button_alignment=\u00bbcenter\u00bb _builder_version=\u00bb4.27.5&#8243; _module_preset=\u00bbdefault\u00bb hover_enabled=\u00bb0&#8243; custom_css_main_element=\u00bbwidth: 100%\u00bb global_colors_info=\u00bb{}\u00bb sticky_enabled=\u00bb0&#8243;][\/et_pb_button][\/et_pb_column][\/et_pb_row][et_pb_row column_structure=\u00bb3_5,2_5&#8243; disabled_on=\u00bbon|on|on\u00bb _builder_version=\u00bb4.27.4&#8243; _module_preset=\u00bbdefault\u00bb disabled=\u00bbon\u00bb global_colors_info=\u00bb{}\u00bb][et_pb_column type=\u00bb3_5&#8243; _builder_version=\u00bb4.27.4&#8243; _module_preset=\u00bbdefault\u00bb global_colors_info=\u00bb{}\u00bb][et_pb_text _builder_version=\u00bb4.27.4&#8243; _module_preset=\u00bbdefault\u00bb text_font_size=\u00bb41px\u00bb transform_translate=\u00bb-16px|95px\u00bb transform_rotate=\u00bb4deg|23deg|22deg\u00bb global_colors_info=\u00bb{}\u00bb]<\/p>\n<p style=\"text-align: center;\">Steyk con la<\/p>\n<p style=\"text-align: center;\">FM de GRANOLLERS<\/p>\n<p>[\/et_pb_text][\/et_pb_column][et_pb_column type=\u00bb2_5&#8243; _builder_version=\u00bb4.27.4&#8243; _module_preset=\u00bbdefault\u00bb global_colors_info=\u00bb{}\u00bb][et_pb_image src=\u00bbhttps:\/\/steykmp.com\/wp-content\/uploads\/2025\/07\/fmgranollers.jpg\u00bb title_text=\u00bbfmgranollers\u00bb _builder_version=\u00bb4.27.4&#8243; _module_preset=\u00bbdefault\u00bb global_colors_info=\u00bb{}\u00bb][\/et_pb_image][\/et_pb_column][\/et_pb_row][et_pb_row column_structure=\u00bb2_5,3_5&#8243; make_equal=\u00bbon\u00bb module_class=\u00bbreverse\u00bb _builder_version=\u00bb4.27.4&#8243; _module_preset=\u00bbdefault\u00bb max_width=\u00bb100%\u00bb custom_margin=\u00bb|auto||auto|false|false\u00bb custom_padding=\u00bb40px|||||\u00bb custom_css_main_element=\u00bbalign-items:center;\u00bb global_colors_info=\u00bb{}\u00bb][et_pb_column type=\u00bb2_5&#8243; _builder_version=\u00bb4.27.4&#8243; _module_preset=\u00bbdefault\u00bb global_colors_info=\u00bb{}\u00bb][et_pb_image src=\u00bbhttps:\/\/steykmp.com\/wp-content\/uploads\/2025\/07\/Calculadora-03.jpg\u00bb alt=\u00bbplanta produccion\u00bb title_text=\u00bbCalculadora 03&#8243; _builder_version=\u00bb4.27.4&#8243; _module_preset=\u00bbdefault\u00bb module_alignment=\u00bbright\u00bb global_colors_info=\u00bb{}\u00bb][\/et_pb_image][\/et_pb_column][et_pb_column type=\u00bb3_5&#8243; _builder_version=\u00bb4.27.4&#8243; _module_preset=\u00bbdefault\u00bb global_colors_info=\u00bb{}\u00bb][et_pb_cta title=\u00bbCostes competitivos en series limitadas\u00bb _builder_version=\u00bb4.27.4&#8243; _module_preset=\u00bb6901f3ca-79ee-4bc9-89c0-9260de3a0578&#8243; custom_padding_tablet=\u00bb0px||||false|false\u00bb custom_padding_phone=\u00bb0px||||false|false\u00bb custom_padding_last_edited=\u00bbon|tablet\u00bb global_colors_info=\u00bb{}\u00bb]En Steyk, transformamos las ideas o necesidades iniciales de nuestros clientes en prototipos funcionales a trav\u00e9s de un proceso altamente colaborativo y cercano. Este enfoque puede incluir incluso estancias en las oficinas del cliente. Nos orientamos claramente a la fabricaci\u00f3n de <strong>series peque\u00f1as<\/strong> o unidades iniciales, ofreciendo <strong>costes competitivos y controlados<\/strong>. Esto est\u00e1 especialmente dise\u00f1ado para quienes buscan validar o lanzar un nuevo producto sin incurrir en grandes inversiones iniciales.<\/p>\n<p><strong>Ubicados en la zona de Martorell, Steyk es su soluci\u00f3n ideal.<\/strong>[\/et_pb_cta][\/et_pb_column][\/et_pb_row][\/et_pb_section][et_pb_section fb_built=\u00bb1&#8243; _builder_version=\u00bb4.27.4&#8243; _module_preset=\u00bbdefault\u00bb background_color=\u00bb#d1d1d1&#8243; custom_padding=\u00bb40px||40px||true|\u00bb global_colors_info=\u00bb{}\u00bb][et_pb_row _builder_version=\u00bb4.27.4&#8243; _module_preset=\u00bbdefault\u00bb global_colors_info=\u00bb{}\u00bb][et_pb_column type=\u00bb4_4&#8243; _builder_version=\u00bb4.27.4&#8243; _module_preset=\u00bbdefault\u00bb global_colors_info=\u00bb{}\u00bb][et_pb_cta title=\u00bb\u00bfListo para transformar tu idea en realidad?\u00bb button_url=\u00bbhttps:\/\/steykmp.com\/es\/contacto\/\u00bb button_text=\u00bbContacto\u00bb _builder_version=\u00bb4.27.4&#8243; _module_preset=\u00bbdefault\u00bb header_line_height=\u00bb1.2em\u00bb background_enable_color=\u00bboff\u00bb background_layout=\u00bblight\u00bb global_colors_info=\u00bb{}\u00bb]<\/p>\n<p>Inicia tu proyecto de ingenier\u00eda con nosotros.<\/p>\n<p>Cont\u00e1ctanos hoy mismo y optimiza tu futuro industrial.<\/p>\n<p>Ofrecemos nuestros servicios en la zona de Martorell.<\/p>\n<p>[\/et_pb_cta][\/et_pb_column][\/et_pb_row][\/et_pb_section]<\/p>\n","protected":false},"excerpt":{"rendered":"<p>Ingenier\u00eda Multidisciplinar: Nuestra experiencia a su servicioEn nuestra ingenier\u00eda ofrecemos servicio en Martorell con el prop\u00f3sito de convertir las ideas en maquinaria tangible y operativa. Nuestro objetivo principal es hacer realidad el desarrollo de prototipos funcionales, partiendo de la visi\u00f3n original de cada cliente, ya sea un fabricante, un emprendedor tecnol\u00f3gico o una empresa del [&hellip;]<\/p>\n","protected":false},"author":1,"featured_media":0,"parent":0,"menu_order":0,"comment_status":"closed","ping_status":"closed","template":"","meta":{"_et_pb_use_builder":"on","_et_pb_old_content":"","_et_gb_content_width":"","footnotes":""},"class_list":["post-404559","page","type-page","status-publish","hentry"],"yoast_head":"<!-- This site is optimized with the Yoast SEO plugin v27.4 - https:\/\/yoast.com\/product\/yoast-seo-wordpress\/ -->\n<title>Dise\u00f1o de prototipos mec\u00e1nicos en la zona de Martorell - Steyk<\/title>\n<meta name=\"robots\" content=\"index, follow, max-snippet:-1, max-image-preview:large, max-video-preview:-1\" \/>\n<link rel=\"canonical\" href=\"https:\/\/steykmp.com\/es\/diseno-de-prototipos-mecanicos-en-la-zona-de-martorell\/\" \/>\n<meta property=\"og:locale\" content=\"es_ES\" \/>\n<meta property=\"og:type\" content=\"article\" \/>\n<meta property=\"og:title\" content=\"Dise\u00f1o de prototipos mec\u00e1nicos en la zona de Martorell - Steyk\" \/>\n<meta property=\"og:description\" content=\"Ingenier\u00eda Multidisciplinar: Nuestra experiencia a su servicioEn nuestra ingenier\u00eda ofrecemos servicio en Martorell con el prop\u00f3sito de convertir las ideas en maquinaria tangible y operativa. Nuestro objetivo principal es hacer realidad el desarrollo de prototipos funcionales, partiendo de la visi\u00f3n original de cada cliente, ya sea un fabricante, un emprendedor tecnol\u00f3gico o una empresa del [&hellip;]\" \/>\n<meta property=\"og:url\" content=\"https:\/\/steykmp.com\/es\/diseno-de-prototipos-mecanicos-en-la-zona-de-martorell\/\" \/>\n<meta property=\"og:site_name\" content=\"Steyk\" \/>\n<meta property=\"article:modified_time\" content=\"2026-02-23T09:44:52+00:00\" \/>\n<meta name=\"twitter:card\" content=\"summary_large_image\" \/>\n<script type=\"application\/ld+json\" class=\"yoast-schema-graph\">{\"@context\":\"https:\\\/\\\/schema.org\",\"@graph\":[{\"@type\":\"WebPage\",\"@id\":\"https:\\\/\\\/steykmp.com\\\/es\\\/diseno-de-prototipos-mecanicos-en-la-zona-de-martorell\\\/\",\"url\":\"https:\\\/\\\/steykmp.com\\\/es\\\/diseno-de-prototipos-mecanicos-en-la-zona-de-martorell\\\/\",\"name\":\"Dise\u00f1o de prototipos mec\u00e1nicos en la zona de Martorell - Steyk\",\"isPartOf\":{\"@id\":\"https:\\\/\\\/steykmp.com\\\/#website\"},\"datePublished\":\"2025-07-11T09:21:55+00:00\",\"dateModified\":\"2026-02-23T09:44:52+00:00\",\"breadcrumb\":{\"@id\":\"https:\\\/\\\/steykmp.com\\\/es\\\/diseno-de-prototipos-mecanicos-en-la-zona-de-martorell\\\/#breadcrumb\"},\"inLanguage\":\"es\",\"potentialAction\":[{\"@type\":\"ReadAction\",\"target\":[\"https:\\\/\\\/steykmp.com\\\/es\\\/diseno-de-prototipos-mecanicos-en-la-zona-de-martorell\\\/\"]}]},{\"@type\":\"BreadcrumbList\",\"@id\":\"https:\\\/\\\/steykmp.com\\\/es\\\/diseno-de-prototipos-mecanicos-en-la-zona-de-martorell\\\/#breadcrumb\",\"itemListElement\":[{\"@type\":\"ListItem\",\"position\":1,\"name\":\"Inici\",\"item\":\"https:\\\/\\\/steykmp.com\\\/es\\\/inicio\\\/\"},{\"@type\":\"ListItem\",\"position\":2,\"name\":\"Dise\u00f1o de prototipos mec\u00e1nicos en la zona de Martorell\"}]},{\"@type\":\"WebSite\",\"@id\":\"https:\\\/\\\/steykmp.com\\\/#website\",\"url\":\"https:\\\/\\\/steykmp.com\\\/\",\"name\":\"Steyk Enginyeria\",\"description\":\"Projectes d&#039;enginyeria claus en m\u00e0\",\"publisher\":{\"@id\":\"https:\\\/\\\/steykmp.com\\\/#organization\"},\"potentialAction\":[{\"@type\":\"SearchAction\",\"target\":{\"@type\":\"EntryPoint\",\"urlTemplate\":\"https:\\\/\\\/steykmp.com\\\/?s={search_term_string}\"},\"query-input\":{\"@type\":\"PropertyValueSpecification\",\"valueRequired\":true,\"valueName\":\"search_term_string\"}}],\"inLanguage\":\"es\"},{\"@type\":\"Organization\",\"@id\":\"https:\\\/\\\/steykmp.com\\\/#organization\",\"name\":\"Steyk\",\"url\":\"https:\\\/\\\/steykmp.com\\\/\",\"logo\":{\"@type\":\"ImageObject\",\"inLanguage\":\"es\",\"@id\":\"https:\\\/\\\/steykmp.com\\\/#\\\/schema\\\/logo\\\/image\\\/\",\"url\":\"https:\\\/\\\/steykmp.com\\\/wp-content\\\/uploads\\\/2025\\\/04\\\/Logo-Steyk-2025.jpg\",\"contentUrl\":\"https:\\\/\\\/steykmp.com\\\/wp-content\\\/uploads\\\/2025\\\/04\\\/Logo-Steyk-2025.jpg\",\"width\":665,\"height\":404,\"caption\":\"Steyk\"},\"image\":{\"@id\":\"https:\\\/\\\/steykmp.com\\\/#\\\/schema\\\/logo\\\/image\\\/\"}}]}<\/script>\n<!-- \/ Yoast SEO plugin. -->","yoast_head_json":{"title":"Dise\u00f1o de prototipos mec\u00e1nicos en la zona de Martorell - Steyk","robots":{"index":"index","follow":"follow","max-snippet":"max-snippet:-1","max-image-preview":"max-image-preview:large","max-video-preview":"max-video-preview:-1"},"canonical":"https:\/\/steykmp.com\/es\/diseno-de-prototipos-mecanicos-en-la-zona-de-martorell\/","og_locale":"es_ES","og_type":"article","og_title":"Dise\u00f1o de prototipos mec\u00e1nicos en la zona de Martorell - Steyk","og_description":"Ingenier\u00eda Multidisciplinar: Nuestra experiencia a su servicioEn nuestra ingenier\u00eda ofrecemos servicio en Martorell con el prop\u00f3sito de convertir las ideas en maquinaria tangible y operativa. Nuestro objetivo principal es hacer realidad el desarrollo de prototipos funcionales, partiendo de la visi\u00f3n original de cada cliente, ya sea un fabricante, un emprendedor tecnol\u00f3gico o una empresa del [&hellip;]","og_url":"https:\/\/steykmp.com\/es\/diseno-de-prototipos-mecanicos-en-la-zona-de-martorell\/","og_site_name":"Steyk","article_modified_time":"2026-02-23T09:44:52+00:00","twitter_card":"summary_large_image","schema":{"@context":"https:\/\/schema.org","@graph":[{"@type":"WebPage","@id":"https:\/\/steykmp.com\/es\/diseno-de-prototipos-mecanicos-en-la-zona-de-martorell\/","url":"https:\/\/steykmp.com\/es\/diseno-de-prototipos-mecanicos-en-la-zona-de-martorell\/","name":"Dise\u00f1o de prototipos mec\u00e1nicos en la zona de Martorell - Steyk","isPartOf":{"@id":"https:\/\/steykmp.com\/#website"},"datePublished":"2025-07-11T09:21:55+00:00","dateModified":"2026-02-23T09:44:52+00:00","breadcrumb":{"@id":"https:\/\/steykmp.com\/es\/diseno-de-prototipos-mecanicos-en-la-zona-de-martorell\/#breadcrumb"},"inLanguage":"es","potentialAction":[{"@type":"ReadAction","target":["https:\/\/steykmp.com\/es\/diseno-de-prototipos-mecanicos-en-la-zona-de-martorell\/"]}]},{"@type":"BreadcrumbList","@id":"https:\/\/steykmp.com\/es\/diseno-de-prototipos-mecanicos-en-la-zona-de-martorell\/#breadcrumb","itemListElement":[{"@type":"ListItem","position":1,"name":"Inici","item":"https:\/\/steykmp.com\/es\/inicio\/"},{"@type":"ListItem","position":2,"name":"Dise\u00f1o de prototipos mec\u00e1nicos en la zona de Martorell"}]},{"@type":"WebSite","@id":"https:\/\/steykmp.com\/#website","url":"https:\/\/steykmp.com\/","name":"Steyk Enginyeria","description":"Projectes d&#039;enginyeria claus en m\u00e0","publisher":{"@id":"https:\/\/steykmp.com\/#organization"},"potentialAction":[{"@type":"SearchAction","target":{"@type":"EntryPoint","urlTemplate":"https:\/\/steykmp.com\/?s={search_term_string}"},"query-input":{"@type":"PropertyValueSpecification","valueRequired":true,"valueName":"search_term_string"}}],"inLanguage":"es"},{"@type":"Organization","@id":"https:\/\/steykmp.com\/#organization","name":"Steyk","url":"https:\/\/steykmp.com\/","logo":{"@type":"ImageObject","inLanguage":"es","@id":"https:\/\/steykmp.com\/#\/schema\/logo\/image\/","url":"https:\/\/steykmp.com\/wp-content\/uploads\/2025\/04\/Logo-Steyk-2025.jpg","contentUrl":"https:\/\/steykmp.com\/wp-content\/uploads\/2025\/04\/Logo-Steyk-2025.jpg","width":665,"height":404,"caption":"Steyk"},"image":{"@id":"https:\/\/steykmp.com\/#\/schema\/logo\/image\/"}}]}},"_links":{"self":[{"href":"https:\/\/steykmp.com\/es\/wp-json\/wp\/v2\/pages\/404559","targetHints":{"allow":["GET"]}}],"collection":[{"href":"https:\/\/steykmp.com\/es\/wp-json\/wp\/v2\/pages"}],"about":[{"href":"https:\/\/steykmp.com\/es\/wp-json\/wp\/v2\/types\/page"}],"author":[{"embeddable":true,"href":"https:\/\/steykmp.com\/es\/wp-json\/wp\/v2\/users\/1"}],"replies":[{"embeddable":true,"href":"https:\/\/steykmp.com\/es\/wp-json\/wp\/v2\/comments?post=404559"}],"version-history":[{"count":9,"href":"https:\/\/steykmp.com\/es\/wp-json\/wp\/v2\/pages\/404559\/revisions"}],"predecessor-version":[{"id":405148,"href":"https:\/\/steykmp.com\/es\/wp-json\/wp\/v2\/pages\/404559\/revisions\/405148"}],"wp:attachment":[{"href":"https:\/\/steykmp.com\/es\/wp-json\/wp\/v2\/media?parent=404559"}],"curies":[{"name":"wp","href":"https:\/\/api.w.org\/{rel}","templated":true}]}}