{"id":404564,"date":"2025-07-11T09:21:55","date_gmt":"2025-07-11T09:21:55","guid":{"rendered":"https:\/\/steykmp.com\/?page_id=404564"},"modified":"2026-02-23T09:44:28","modified_gmt":"2026-02-23T09:44:28","slug":"diseno-de-prototipos-mecanicos-en-la-zona-de-castellbisbal","status":"publish","type":"page","link":"https:\/\/steykmp.com\/es\/diseno-de-prototipos-mecanicos-en-la-zona-de-castellbisbal\/","title":{"rendered":"Dise\u00f1o de prototipos mec\u00e1nicos en la zona de Castellbisbal"},"content":{"rendered":"<p>[et_pb_section fb_built=\u00bb1&#8243; custom_padding_last_edited=\u00bbon|phone\u00bb _builder_version=\u00bb4.27.4&#8243; _module_preset=\u00bbdefault\u00bb custom_margin=\u00bb-90px||||false|false\u00bb custom_margin_tablet=\u00bb0px||||false|false\u00bb custom_margin_phone=\u00bb0px||||false|false\u00bb custom_margin_last_edited=\u00bbon|phone\u00bb custom_padding=\u00bb3px||0px||false|false\u00bb custom_padding_tablet=\u00bb0px||||false|false\u00bb custom_padding_phone=\u00bb0px||||false|false\u00bb global_colors_info=\u00bb{}\u00bb][et_pb_row _builder_version=\u00bb4.27.4&#8243; _module_preset=\u00bbdefault\u00bb width=\u00bb100%\u00bb max_width=\u00bb100%\u00bb custom_padding=\u00bb3px|||||\u00bb global_colors_info=\u00bb{}\u00bb][et_pb_column type=\u00bb4_4&#8243; _builder_version=\u00bb4.27.4&#8243; _module_preset=\u00bbdefault\u00bb global_colors_info=\u00bb{}\u00bb][et_pb_slider use_bg_overlay=\u00bbon\u00bb _builder_version=\u00bb4.27.4&#8243; _module_preset=\u00bbdefault\u00bb global_colors_info=\u00bb{}\u00bb][et_pb_slide heading=\u00bbDise\u00f1o de prototipos mec\u00e1nicos en la zona de Castellbisbal\u00bb _builder_version=\u00bb4.27.4&#8243; _module_preset=\u00bbdefault\u00bb header_level=\u00bbh1&#8243; header_font_size=\u00bb46px\u00bb body_font_size=\u00bb22px\u00bb body_line_height=\u00bb2em\u00bb background_image=\u00bbhttps:\/\/steykmp.com\/wp-content\/uploads\/2025\/07\/04-Ingenieria-Basica-Planos.jpg\u00bb background_enable_image=\u00bbon\u00bb global_colors_info=\u00bb{}\u00bb sticky_transition=\u00bbon\u00bb]<\/p>\n<h2 style=\"text-align: center;\">Ingenier\u00eda Multidisciplinar: Nuestra experiencia a su servicio<\/h2>\n<p>[\/et_pb_slide][\/et_pb_slider][\/et_pb_column][\/et_pb_row][\/et_pb_section][et_pb_section fb_built=\u00bb1&#8243; custom_padding_last_edited=\u00bbon|phone\u00bb _builder_version=\u00bb4.27.4&#8243; _module_preset=\u00bbdefault\u00bb custom_margin=\u00bb0px||||false|false\u00bb custom_padding=\u00bb40px||40px||true|false\u00bb custom_padding_tablet=\u00bb20px||40px||false|false\u00bb custom_padding_phone=\u00bb20px||40px||false|false\u00bb global_colors_info=\u00bb{}\u00bb][et_pb_row column_structure=\u00bb3_5,2_5&#8243; make_equal=\u00bbon\u00bb _builder_version=\u00bb4.27.4&#8243; _module_preset=\u00bbdefault\u00bb max_width=\u00bb100%\u00bb custom_margin=\u00bb0px|auto||auto|false|false\u00bb custom_css_main_element=\u00bbalign-items:center;\u00bb global_colors_info=\u00bb{}\u00bb][et_pb_column type=\u00bb3_5&#8243; _builder_version=\u00bb4.27.4&#8243; _module_preset=\u00bbdefault\u00bb global_colors_info=\u00bb{}\u00bb][et_pb_cta title=\u00bbTransformando ideas en maquinaria\u00bb _builder_version=\u00bb4.27.4&#8243; _module_preset=\u00bb6901f3ca-79ee-4bc9-89c0-9260de3a0578&#8243; custom_padding_tablet=\u00bb0px||0px||false|false\u00bb custom_padding_phone=\u00bb0px||||false|false\u00bb custom_padding_last_edited=\u00bbon|phone\u00bb global_colors_info=\u00bb{}\u00bb]En <strong>nuestra empresa de ingenier\u00eda, donde ofrecemos servicio en Castellbisbal<\/strong>, nos dedicamos a convertir las <strong>ideas en m\u00e1quinas reales<\/strong> y operativas. Nuestro prop\u00f3sito es hacer posible la creaci\u00f3n de <strong>prototipos funcionales<\/strong> a partir de la <strong>visi\u00f3n inicial del cliente<\/strong> \u2014ya sea un fabricante, un emprendedor tecnol\u00f3gico o una empresa industrial\u2014, transform\u00e1ndola en una soluci\u00f3n t\u00e9cnica viable.<\/p>\n<p>Comenzamos con un esbozo conceptual, especificaciones preliminares o, simplemente, la necesidad identificada por el cliente. A partir de ese punto, nuestro equipo t\u00e9cnico aporta su vasta <strong>experiencia en procesos industriales, mec\u00e1nica y dise\u00f1o de m\u00e1quinas<\/strong> para desarrollar una propuesta realista, funcional y optimizada.<\/p>\n<p>Durante esta fase inicial, nos enfocamos en:<\/p>\n<ul>\n<li>Colaborar estrechamente con el cliente para <strong>comprender a fondo el problema o desaf\u00edo a resolver<\/strong>.<\/li>\n<li>Definir de manera conjunta los<strong> requisitos t\u00e9cnicos y funcionales<\/strong>.<\/li>\n<li>Proponer <strong>soluciones conceptuales viables<\/strong>, considerando criterios de fabricabilidad, mantenimiento y eficiencia.<\/li>\n<\/ul>\n<p>Gracias a nuestro servicio de <strong>dise\u00f1o de prototipos mec\u00e1nicos en Castellbisbal<\/strong>, ayudamos a las empresas a transformar ideas en soluciones t\u00e9cnicas concretas, listas para su fabricaci\u00f3n y producci\u00f3n.[\/et_pb_cta][\/et_pb_column][et_pb_column type=\u00bb2_5&#8243; _builder_version=\u00bb4.27.4&#8243; _module_preset=\u00bbdefault\u00bb global_colors_info=\u00bb{}\u00bb][et_pb_image src=\u00bbhttps:\/\/steykmp.com\/wp-content\/uploads\/2025\/07\/Bombilla-01.jpg\u00bb alt=\u00bbplanta produccion\u00bb title_text=\u00bbBombilla 01&#8243; _builder_version=\u00bb4.27.4&#8243; _module_preset=\u00bbdefault\u00bb module_alignment=\u00bbright\u00bb global_colors_info=\u00bb{}\u00bb][\/et_pb_image][\/et_pb_column][\/et_pb_row][et_pb_row column_structure=\u00bb1_3,1_3,1_3&#8243; custom_padding_last_edited=\u00bbon|desktop\u00bb module_class=\u00bbprojectes\u00bb _builder_version=\u00bb4.27.4&#8243; _module_preset=\u00bbdefault\u00bb max_width=\u00bb100%\u00bb custom_padding=\u00bb0px||||false|false\u00bb custom_padding_tablet=\u00bb0px||||false|false\u00bb custom_padding_phone=\u00bb0px||||false|false\u00bb global_colors_info=\u00bb{}\u00bb][et_pb_column type=\u00bb1_3&#8243; _builder_version=\u00bb4.27.4&#8243; _module_preset=\u00bbdefault\u00bb global_colors_info=\u00bb{}\u00bb][et_pb_blurb title=\u00bbDel dise\u00f1o al prototipo mec\u00e1nico\u00bb image=\u00bbhttps:\/\/steykmp.com\/wp-content\/uploads\/2025\/07\/concepto-a-modelo.jpg\u00bb _builder_version=\u00bb4.27.4&#8243; _module_preset=\u00bbdefault\u00bb header_level=\u00bbh3&#8243; header_text_align=\u00bbcenter\u00bb body_text_align=\u00bbleft\u00bb background_color=\u00bb#d1d1d1&#8243; custom_padding=\u00bb20px|20px|20px|20px|true|true\u00bb border_radii=\u00bbon|5px|5px|5px|5px\u00bb global_colors_info=\u00bb{}\u00bb]<\/p>\n<p>Una vez que hemos definido los requisitos funcionales y acordado una soluci\u00f3n conceptual viable con el cliente, iniciamos la fase de <strong>dise\u00f1o preliminar de prototipos mec\u00e1nicos<\/strong>. Nuestro objetivo es traducir la idea en una estructura t\u00e9cnica coherente y optimizada utilizando herramientas avanzadas de <strong>modelado 3D<\/strong>.<\/p>\n<p>Este modelo tridimensional no solo permite visualizar la m\u00e1quina, sino que adem\u00e1s:<\/p>\n<ul>\n<li>Facilita la <strong>detecci\u00f3n anticipada de conflictos mec\u00e1nicos o interferencias<\/strong>.<\/li>\n<li>Permite evaluar <strong>las dimensiones, pesos y accesibilidad<\/strong> de sus componentes.<\/li>\n<li>Sirve como base para <strong>simulaciones mec\u00e1nicas <\/strong>y an\u00e1lisis por elementos finitos (FEM).<\/li>\n<li>Es completamente <strong>compatible con procesos de industrializaci\u00f3n<\/strong>, incluyendo el mecanizado CNC, corte l\u00e1ser, impresi\u00f3n 3D y montaje en serie.<\/li>\n<\/ul>\n<p>[\/et_pb_blurb][\/et_pb_column][et_pb_column type=\u00bb1_3&#8243; _builder_version=\u00bb4.27.4&#8243; _module_preset=\u00bbdefault\u00bb global_colors_info=\u00bb{}\u00bb][et_pb_blurb title=\u00bbVerificaci\u00f3n estructural y c\u00e1lculo mec\u00e1nico\u00bb image=\u00bbhttps:\/\/steykmp.com\/wp-content\/uploads\/2025\/07\/estructura1.jpg\u00bb alt=\u00bbEstructures met\u00e0l\u00b7liques 4&#8243; _builder_version=\u00bb4.27.4&#8243; _module_preset=\u00bbdefault\u00bb header_level=\u00bbh3&#8243; header_text_align=\u00bbcenter\u00bb body_text_align=\u00bbleft\u00bb background_color=\u00bb#d1d1d1&#8243; custom_padding=\u00bb20px|20px|20px|20px|true|true\u00bb border_radii=\u00bbon|5px|5px|5px|5px\u00bb global_colors_info=\u00bb{}\u00bb]<\/p>\n<p>Fusionando nuestra experiencia pr\u00e1ctica con <strong>m\u00e9todos de c\u00e1lculo de vanguardia y principios de ingenier\u00eda validados<\/strong>, garantizamos que cada elemento del prototipo mec\u00e1nico satisfaga los <strong>est\u00e1ndares de resistencia, rigidez y estabilidad estructural requeridos<\/strong>. Para lograrlo, consideramos las cargas que enfrentar\u00e1 en el mundo real (como tracci\u00f3n, compresi\u00f3n, flexi\u00f3n, torsi\u00f3n y diversas combinaciones de fuerzas), junto con las funcionalidades esenciales del sistema.<\/p>\n<p>Implementamos<strong> factores de seguridad apropiados conforme a la normativa<\/strong> vigente y el contexto de uso. Adem\u00e1s, realizamos simulaciones exhaustivas mediante <strong>an\u00e1lisis por elementos finitos (FEM)<\/strong> para identificar puntos de fallo potenciales, deformaciones cr\u00edticas y \u00e1reas de alta concentraci\u00f3n de tensi\u00f3n.<\/p>\n<p>[\/et_pb_blurb][\/et_pb_column][et_pb_column type=\u00bb1_3&#8243; _builder_version=\u00bb4.27.4&#8243; _module_preset=\u00bbdefault\u00bb global_colors_info=\u00bb{}\u00bb][et_pb_blurb title=\u00bbDel prototipo a la producci\u00f3n final\u00bb image=\u00bbhttps:\/\/steykmp.com\/wp-content\/uploads\/2025\/07\/modelo-a-fabricacion2.jpg\u00bb _builder_version=\u00bb4.27.4&#8243; _module_preset=\u00bbdefault\u00bb header_level=\u00bbh3&#8243; header_text_align=\u00bbcenter\u00bb body_text_align=\u00bbleft\u00bb background_color=\u00bb#d1d1d1&#8243; custom_padding=\u00bb20px|20px|20px|20px|true|true\u00bb border_radii=\u00bbon|5px|5px|5px|5px\u00bb global_colors_info=\u00bb{}\u00bb]<\/p>\n<p>Una vez que la viabilidad mec\u00e1nica de la m\u00e1quina ha sido confirmada, avanzamos a la etapa de<strong> dise\u00f1o detallado<\/strong>. En esta fase, generamos toda la documentaci\u00f3n t\u00e9cnica imprescindible para que el proyecto pueda <strong>pasar sin demoras a la fabricaci\u00f3n<\/strong>. Esto implica la entrega de:<\/p>\n<ul>\n<li><strong>Planos de construcci\u00f3n en 2D\/3D<\/strong> que incluyen todas las vistas, secciones, dimensiones clave, tolerancias geom\u00e9tricas y especificaciones de los materiales.<\/li>\n<li><strong>Planos de ensamblaje <\/strong> con referencias cruzadas y listados de piezas (BOM) para un montaje sencillo.<\/li>\n<li><strong>Archivos digitales para fabricaci\u00f3n automatizada<\/strong>, como DXF\/DWG para corte l\u00e1ser y STEP o STL para mecanizado CNC o impresi\u00f3n 3D.<\/li>\n<\/ul>\n<p>Cada una de nuestras entregas se adhiere rigurosamente a los est\u00e1ndares de<strong> normalizaci\u00f3n t\u00e9cnica y las mejores pr\u00e1cticas de fabricaci\u00f3n<\/strong>. Esto garantiza que su proyecto pueda <strong>ingresar al taller de inmediato para la creaci\u00f3n del prototipo<\/strong>, eliminando pasos intermedios y retrabajos innecesarios.<\/p>\n<p>[\/et_pb_blurb][\/et_pb_column][\/et_pb_row][et_pb_row _builder_version=\u00bb4.27.4&#8243; _module_preset=\u00bbdefault\u00bb max_width=\u00bb100%\u00bb global_colors_info=\u00bb{}\u00bb][et_pb_column type=\u00bb4_4&#8243; _builder_version=\u00bb4.27.4&#8243; _module_preset=\u00bbdefault\u00bb global_colors_info=\u00bb{}\u00bb][et_pb_button button_url=\u00bbhttps:\/\/steykmp.com\/es\/contacto\/\u00bb button_text=\u00bbCont\u00e1ctanos si necesitas nuestros servicios de dise\u00f1o de prototipos mec\u00e1nicos en la zona de Castellbisbal\u00bb button_alignment=\u00bbcenter\u00bb _builder_version=\u00bb4.27.5&#8243; _module_preset=\u00bbdefault\u00bb hover_enabled=\u00bb0&#8243; custom_css_main_element=\u00bbwidth: 100%\u00bb global_colors_info=\u00bb{}\u00bb sticky_enabled=\u00bb0&#8243;][\/et_pb_button][\/et_pb_column][\/et_pb_row][et_pb_row column_structure=\u00bb3_5,2_5&#8243; disabled_on=\u00bbon|on|on\u00bb _builder_version=\u00bb4.27.4&#8243; _module_preset=\u00bbdefault\u00bb disabled=\u00bbon\u00bb global_colors_info=\u00bb{}\u00bb][et_pb_column type=\u00bb3_5&#8243; _builder_version=\u00bb4.27.4&#8243; _module_preset=\u00bbdefault\u00bb global_colors_info=\u00bb{}\u00bb][et_pb_text _builder_version=\u00bb4.27.4&#8243; _module_preset=\u00bbdefault\u00bb text_font_size=\u00bb41px\u00bb transform_translate=\u00bb-16px|95px\u00bb transform_rotate=\u00bb4deg|23deg|22deg\u00bb global_colors_info=\u00bb{}\u00bb]<\/p>\n<p style=\"text-align: center;\">Steyk con la<\/p>\n<p style=\"text-align: center;\">FM de GRANOLLERS<\/p>\n<p>[\/et_pb_text][\/et_pb_column][et_pb_column type=\u00bb2_5&#8243; _builder_version=\u00bb4.27.4&#8243; _module_preset=\u00bbdefault\u00bb global_colors_info=\u00bb{}\u00bb][et_pb_image src=\u00bbhttps:\/\/steykmp.com\/wp-content\/uploads\/2025\/07\/fmgranollers.jpg\u00bb title_text=\u00bbfmgranollers\u00bb _builder_version=\u00bb4.27.4&#8243; _module_preset=\u00bbdefault\u00bb global_colors_info=\u00bb{}\u00bb][\/et_pb_image][\/et_pb_column][\/et_pb_row][et_pb_row column_structure=\u00bb2_5,3_5&#8243; make_equal=\u00bbon\u00bb module_class=\u00bbreverse\u00bb _builder_version=\u00bb4.27.4&#8243; _module_preset=\u00bbdefault\u00bb max_width=\u00bb100%\u00bb custom_margin=\u00bb|auto||auto|false|false\u00bb custom_padding=\u00bb40px|||||\u00bb custom_css_main_element=\u00bbalign-items:center;\u00bb global_colors_info=\u00bb{}\u00bb][et_pb_column type=\u00bb2_5&#8243; _builder_version=\u00bb4.27.4&#8243; _module_preset=\u00bbdefault\u00bb global_colors_info=\u00bb{}\u00bb][et_pb_image src=\u00bbhttps:\/\/steykmp.com\/wp-content\/uploads\/2025\/07\/Calculadora2.jpg\u00bb alt=\u00bbplanta produccion\u00bb title_text=\u00bbCalculadora2&#8243; _builder_version=\u00bb4.27.4&#8243; _module_preset=\u00bbdefault\u00bb module_alignment=\u00bbright\u00bb global_colors_info=\u00bb{}\u00bb][\/et_pb_image][\/et_pb_column][et_pb_column type=\u00bb3_5&#8243; _builder_version=\u00bb4.27.4&#8243; _module_preset=\u00bbdefault\u00bb global_colors_info=\u00bb{}\u00bb][et_pb_cta title=\u00bbEficiencia de costes para producciones limitadas\u00bb _builder_version=\u00bb4.27.4&#8243; _module_preset=\u00bb6901f3ca-79ee-4bc9-89c0-9260de3a0578&#8243; custom_padding_tablet=\u00bb0px||||false|false\u00bb custom_padding_phone=\u00bb0px||||false|false\u00bb custom_padding_last_edited=\u00bbon|tablet\u00bb global_colors_info=\u00bb{}\u00bb]En Steyk, convertimos las ideas o necesidades iniciales de nuestros clientes en prototipos funcionales a trav\u00e9s de un proceso altamente colaborativo y personalizado, que incluso puede incluir la presencia en las instalaciones del cliente. Nos enfocamos claramente en la fabricaci\u00f3n de <strong>series peque\u00f1as<\/strong> o unidades iniciales, ofreciendo <strong>costes ventajosos y estrictamente controlados<\/strong>. Esta estrategia est\u00e1 dise\u00f1ada espec\u00edficamente para quienes buscan validar o lanzar un nuevo producto sin requerir inversiones iniciales significativas.<\/p>\n<p><strong>Situados en la zona de Castellbisbal, Steyk es tu soluci\u00f3n ideal.<\/strong>[\/et_pb_cta][\/et_pb_column][\/et_pb_row][\/et_pb_section][et_pb_section fb_built=\u00bb1&#8243; _builder_version=\u00bb4.27.4&#8243; _module_preset=\u00bbdefault\u00bb background_color=\u00bb#d1d1d1&#8243; custom_padding=\u00bb40px||40px||true|\u00bb global_colors_info=\u00bb{}\u00bb][et_pb_row _builder_version=\u00bb4.27.4&#8243; _module_preset=\u00bbdefault\u00bb global_colors_info=\u00bb{}\u00bb][et_pb_column type=\u00bb4_4&#8243; _builder_version=\u00bb4.27.4&#8243; _module_preset=\u00bbdefault\u00bb global_colors_info=\u00bb{}\u00bb][et_pb_cta title=\u00bb\u00bfListo para transformar tu idea en realidad?\u00bb button_url=\u00bbhttps:\/\/steykmp.com\/es\/contacto\/\u00bb button_text=\u00bbContacto\u00bb _builder_version=\u00bb4.27.4&#8243; _module_preset=\u00bbdefault\u00bb header_line_height=\u00bb1.2em\u00bb background_enable_color=\u00bboff\u00bb background_layout=\u00bblight\u00bb global_colors_info=\u00bb{}\u00bb]<\/p>\n<p>Inicia tu proyecto de ingenier\u00eda con nosotros.<\/p>\n<p>Cont\u00e1ctanos hoy mismo y optimiza tu futuro industrial.<\/p>\n<p>Ofrecemos nuestros servicios en la zona de Castellbisbal.<\/p>\n<p>[\/et_pb_cta][\/et_pb_column][\/et_pb_row][\/et_pb_section]<\/p>\n","protected":false},"excerpt":{"rendered":"<p>Ingenier\u00eda Multidisciplinar: Nuestra experiencia a su servicioEn nuestra empresa de ingenier\u00eda, donde ofrecemos servicio en Castellbisbal, nos dedicamos a convertir las ideas en m\u00e1quinas reales y operativas. Nuestro prop\u00f3sito es hacer posible la creaci\u00f3n de prototipos funcionales a partir de la visi\u00f3n inicial del cliente \u2014ya sea un fabricante, un emprendedor tecnol\u00f3gico o una empresa [&hellip;]<\/p>\n","protected":false},"author":1,"featured_media":0,"parent":0,"menu_order":0,"comment_status":"closed","ping_status":"closed","template":"","meta":{"_et_pb_use_builder":"on","_et_pb_old_content":"","_et_gb_content_width":"","footnotes":""},"class_list":["post-404564","page","type-page","status-publish","hentry"],"yoast_head":"<!-- This site is optimized with the Yoast SEO plugin v27.4 - https:\/\/yoast.com\/product\/yoast-seo-wordpress\/ -->\n<title>Dise\u00f1o de prototipos mec\u00e1nicos en la zona de Castellbisbal - Steyk<\/title>\n<meta name=\"robots\" content=\"index, follow, max-snippet:-1, max-image-preview:large, max-video-preview:-1\" \/>\n<link rel=\"canonical\" href=\"https:\/\/steykmp.com\/es\/diseno-de-prototipos-mecanicos-en-la-zona-de-castellbisbal\/\" \/>\n<meta property=\"og:locale\" content=\"es_ES\" \/>\n<meta property=\"og:type\" content=\"article\" \/>\n<meta property=\"og:title\" content=\"Dise\u00f1o de prototipos mec\u00e1nicos en la zona de Castellbisbal - Steyk\" \/>\n<meta property=\"og:description\" content=\"Ingenier\u00eda Multidisciplinar: Nuestra experiencia a su servicioEn nuestra empresa de ingenier\u00eda, donde ofrecemos servicio en Castellbisbal, nos dedicamos a convertir las ideas en m\u00e1quinas reales y operativas. Nuestro prop\u00f3sito es hacer posible la creaci\u00f3n de prototipos funcionales a partir de la visi\u00f3n inicial del cliente \u2014ya sea un fabricante, un emprendedor tecnol\u00f3gico o una empresa [&hellip;]\" \/>\n<meta property=\"og:url\" content=\"https:\/\/steykmp.com\/es\/diseno-de-prototipos-mecanicos-en-la-zona-de-castellbisbal\/\" \/>\n<meta property=\"og:site_name\" content=\"Steyk\" \/>\n<meta property=\"article:modified_time\" content=\"2026-02-23T09:44:28+00:00\" \/>\n<meta name=\"twitter:card\" content=\"summary_large_image\" \/>\n<script type=\"application\/ld+json\" class=\"yoast-schema-graph\">{\"@context\":\"https:\\\/\\\/schema.org\",\"@graph\":[{\"@type\":\"WebPage\",\"@id\":\"https:\\\/\\\/steykmp.com\\\/es\\\/diseno-de-prototipos-mecanicos-en-la-zona-de-castellbisbal\\\/\",\"url\":\"https:\\\/\\\/steykmp.com\\\/es\\\/diseno-de-prototipos-mecanicos-en-la-zona-de-castellbisbal\\\/\",\"name\":\"Dise\u00f1o de prototipos mec\u00e1nicos en la zona de Castellbisbal - Steyk\",\"isPartOf\":{\"@id\":\"https:\\\/\\\/steykmp.com\\\/#website\"},\"datePublished\":\"2025-07-11T09:21:55+00:00\",\"dateModified\":\"2026-02-23T09:44:28+00:00\",\"breadcrumb\":{\"@id\":\"https:\\\/\\\/steykmp.com\\\/es\\\/diseno-de-prototipos-mecanicos-en-la-zona-de-castellbisbal\\\/#breadcrumb\"},\"inLanguage\":\"es\",\"potentialAction\":[{\"@type\":\"ReadAction\",\"target\":[\"https:\\\/\\\/steykmp.com\\\/es\\\/diseno-de-prototipos-mecanicos-en-la-zona-de-castellbisbal\\\/\"]}]},{\"@type\":\"BreadcrumbList\",\"@id\":\"https:\\\/\\\/steykmp.com\\\/es\\\/diseno-de-prototipos-mecanicos-en-la-zona-de-castellbisbal\\\/#breadcrumb\",\"itemListElement\":[{\"@type\":\"ListItem\",\"position\":1,\"name\":\"Inici\",\"item\":\"https:\\\/\\\/steykmp.com\\\/es\\\/inicio\\\/\"},{\"@type\":\"ListItem\",\"position\":2,\"name\":\"Dise\u00f1o de prototipos mec\u00e1nicos en la zona de Castellbisbal\"}]},{\"@type\":\"WebSite\",\"@id\":\"https:\\\/\\\/steykmp.com\\\/#website\",\"url\":\"https:\\\/\\\/steykmp.com\\\/\",\"name\":\"Steyk Enginyeria\",\"description\":\"Projectes d&#039;enginyeria claus en m\u00e0\",\"publisher\":{\"@id\":\"https:\\\/\\\/steykmp.com\\\/#organization\"},\"potentialAction\":[{\"@type\":\"SearchAction\",\"target\":{\"@type\":\"EntryPoint\",\"urlTemplate\":\"https:\\\/\\\/steykmp.com\\\/?s={search_term_string}\"},\"query-input\":{\"@type\":\"PropertyValueSpecification\",\"valueRequired\":true,\"valueName\":\"search_term_string\"}}],\"inLanguage\":\"es\"},{\"@type\":\"Organization\",\"@id\":\"https:\\\/\\\/steykmp.com\\\/#organization\",\"name\":\"Steyk\",\"url\":\"https:\\\/\\\/steykmp.com\\\/\",\"logo\":{\"@type\":\"ImageObject\",\"inLanguage\":\"es\",\"@id\":\"https:\\\/\\\/steykmp.com\\\/#\\\/schema\\\/logo\\\/image\\\/\",\"url\":\"https:\\\/\\\/steykmp.com\\\/wp-content\\\/uploads\\\/2025\\\/04\\\/Logo-Steyk-2025.jpg\",\"contentUrl\":\"https:\\\/\\\/steykmp.com\\\/wp-content\\\/uploads\\\/2025\\\/04\\\/Logo-Steyk-2025.jpg\",\"width\":665,\"height\":404,\"caption\":\"Steyk\"},\"image\":{\"@id\":\"https:\\\/\\\/steykmp.com\\\/#\\\/schema\\\/logo\\\/image\\\/\"}}]}<\/script>\n<!-- \/ Yoast SEO plugin. -->","yoast_head_json":{"title":"Dise\u00f1o de prototipos mec\u00e1nicos en la zona de Castellbisbal - Steyk","robots":{"index":"index","follow":"follow","max-snippet":"max-snippet:-1","max-image-preview":"max-image-preview:large","max-video-preview":"max-video-preview:-1"},"canonical":"https:\/\/steykmp.com\/es\/diseno-de-prototipos-mecanicos-en-la-zona-de-castellbisbal\/","og_locale":"es_ES","og_type":"article","og_title":"Dise\u00f1o de prototipos mec\u00e1nicos en la zona de Castellbisbal - Steyk","og_description":"Ingenier\u00eda Multidisciplinar: Nuestra experiencia a su servicioEn nuestra empresa de ingenier\u00eda, donde ofrecemos servicio en Castellbisbal, nos dedicamos a convertir las ideas en m\u00e1quinas reales y operativas. Nuestro prop\u00f3sito es hacer posible la creaci\u00f3n de prototipos funcionales a partir de la visi\u00f3n inicial del cliente \u2014ya sea un fabricante, un emprendedor tecnol\u00f3gico o una empresa [&hellip;]","og_url":"https:\/\/steykmp.com\/es\/diseno-de-prototipos-mecanicos-en-la-zona-de-castellbisbal\/","og_site_name":"Steyk","article_modified_time":"2026-02-23T09:44:28+00:00","twitter_card":"summary_large_image","schema":{"@context":"https:\/\/schema.org","@graph":[{"@type":"WebPage","@id":"https:\/\/steykmp.com\/es\/diseno-de-prototipos-mecanicos-en-la-zona-de-castellbisbal\/","url":"https:\/\/steykmp.com\/es\/diseno-de-prototipos-mecanicos-en-la-zona-de-castellbisbal\/","name":"Dise\u00f1o de prototipos mec\u00e1nicos en la zona de Castellbisbal - Steyk","isPartOf":{"@id":"https:\/\/steykmp.com\/#website"},"datePublished":"2025-07-11T09:21:55+00:00","dateModified":"2026-02-23T09:44:28+00:00","breadcrumb":{"@id":"https:\/\/steykmp.com\/es\/diseno-de-prototipos-mecanicos-en-la-zona-de-castellbisbal\/#breadcrumb"},"inLanguage":"es","potentialAction":[{"@type":"ReadAction","target":["https:\/\/steykmp.com\/es\/diseno-de-prototipos-mecanicos-en-la-zona-de-castellbisbal\/"]}]},{"@type":"BreadcrumbList","@id":"https:\/\/steykmp.com\/es\/diseno-de-prototipos-mecanicos-en-la-zona-de-castellbisbal\/#breadcrumb","itemListElement":[{"@type":"ListItem","position":1,"name":"Inici","item":"https:\/\/steykmp.com\/es\/inicio\/"},{"@type":"ListItem","position":2,"name":"Dise\u00f1o de prototipos mec\u00e1nicos en la zona de Castellbisbal"}]},{"@type":"WebSite","@id":"https:\/\/steykmp.com\/#website","url":"https:\/\/steykmp.com\/","name":"Steyk Enginyeria","description":"Projectes d&#039;enginyeria claus en m\u00e0","publisher":{"@id":"https:\/\/steykmp.com\/#organization"},"potentialAction":[{"@type":"SearchAction","target":{"@type":"EntryPoint","urlTemplate":"https:\/\/steykmp.com\/?s={search_term_string}"},"query-input":{"@type":"PropertyValueSpecification","valueRequired":true,"valueName":"search_term_string"}}],"inLanguage":"es"},{"@type":"Organization","@id":"https:\/\/steykmp.com\/#organization","name":"Steyk","url":"https:\/\/steykmp.com\/","logo":{"@type":"ImageObject","inLanguage":"es","@id":"https:\/\/steykmp.com\/#\/schema\/logo\/image\/","url":"https:\/\/steykmp.com\/wp-content\/uploads\/2025\/04\/Logo-Steyk-2025.jpg","contentUrl":"https:\/\/steykmp.com\/wp-content\/uploads\/2025\/04\/Logo-Steyk-2025.jpg","width":665,"height":404,"caption":"Steyk"},"image":{"@id":"https:\/\/steykmp.com\/#\/schema\/logo\/image\/"}}]}},"_links":{"self":[{"href":"https:\/\/steykmp.com\/es\/wp-json\/wp\/v2\/pages\/404564","targetHints":{"allow":["GET"]}}],"collection":[{"href":"https:\/\/steykmp.com\/es\/wp-json\/wp\/v2\/pages"}],"about":[{"href":"https:\/\/steykmp.com\/es\/wp-json\/wp\/v2\/types\/page"}],"author":[{"embeddable":true,"href":"https:\/\/steykmp.com\/es\/wp-json\/wp\/v2\/users\/1"}],"replies":[{"embeddable":true,"href":"https:\/\/steykmp.com\/es\/wp-json\/wp\/v2\/comments?post=404564"}],"version-history":[{"count":8,"href":"https:\/\/steykmp.com\/es\/wp-json\/wp\/v2\/pages\/404564\/revisions"}],"predecessor-version":[{"id":405147,"href":"https:\/\/steykmp.com\/es\/wp-json\/wp\/v2\/pages\/404564\/revisions\/405147"}],"wp:attachment":[{"href":"https:\/\/steykmp.com\/es\/wp-json\/wp\/v2\/media?parent=404564"}],"curies":[{"name":"wp","href":"https:\/\/api.w.org\/{rel}","templated":true}]}}