{"id":405167,"date":"2026-02-23T10:15:25","date_gmt":"2026-02-23T10:15:25","guid":{"rendered":"https:\/\/steykmp.com\/?page_id=405167"},"modified":"2026-03-26T09:14:09","modified_gmt":"2026-03-26T09:14:09","slug":"legalizacion-de-recipientes-a-presion-conforme-a-la-directiva-de-equipos-a-presion-ped-2014-68-ue-y-al-reglamento-de-equipos-a-presion-rep-en-el-valles","status":"publish","type":"page","link":"https:\/\/steykmp.com\/es\/legalizacion-de-recipientes-a-presion-conforme-a-la-directiva-de-equipos-a-presion-ped-2014-68-ue-y-al-reglamento-de-equipos-a-presion-rep-en-el-valles\/","title":{"rendered":"Legalizaci\u00f3n de recipientes a presi\u00f3n conforme a la Directiva de Equipos a Presi\u00f3n (PED 2014\/68\/UE) y al Reglamento de Equipos a Presi\u00f3n (REP) en el Vall\u00e8s"},"content":{"rendered":"<p>[et_pb_section fb_built=\u00bb1&#8243; custom_padding_last_edited=\u00bbon|phone\u00bb _builder_version=\u00bb4.27.4&#8243; _module_preset=\u00bbdefault\u00bb custom_margin=\u00bb-90px||||false|false\u00bb custom_margin_tablet=\u00bb0px||||false|false\u00bb custom_margin_phone=\u00bb0px||||false|false\u00bb custom_margin_last_edited=\u00bbon|phone\u00bb custom_padding=\u00bb3px||0px||false|false\u00bb custom_padding_tablet=\u00bb0px||||false|false\u00bb custom_padding_phone=\u00bb0px||||false|false\u00bb global_colors_info=\u00bb{}\u00bb][et_pb_row _builder_version=\u00bb4.27.4&#8243; _module_preset=\u00bbdefault\u00bb width=\u00bb100%\u00bb max_width=\u00bb100%\u00bb custom_padding=\u00bb3px|||||\u00bb global_colors_info=\u00bb{}\u00bb][et_pb_column type=\u00bb4_4&#8243; _builder_version=\u00bb4.27.4&#8243; _module_preset=\u00bbdefault\u00bb global_colors_info=\u00bb{}\u00bb][et_pb_slider use_bg_overlay=\u00bbon\u00bb _builder_version=\u00bb4.27.6&#8243; _module_preset=\u00bbdefault\u00bb hover_enabled=\u00bb0&#8243; global_colors_info=\u00bb{}\u00bb custom_padding=\u00bb120px||||false|false\u00bb sticky_enabled=\u00bb0&#8243;][et_pb_slide _builder_version=\u00bb4.27.5&#8243; _module_preset=\u00bbdefault\u00bb header_level=\u00bbh1&#8243; header_font_size=\u00bb46px\u00bb header_line_height=\u00bb1.1em\u00bb body_font_size=\u00bb22px\u00bb body_line_height=\u00bb2em\u00bb background_image=\u00bbhttps:\/\/steykmp.com\/wp-content\/uploads\/2026\/02\/Recipientes-a-presion-eferico.jpg\u00bb background_enable_image=\u00bbon\u00bb global_colors_info=\u00bb{}\u00bb sticky_transition=\u00bbon\u00bb]<\/p>\n<p><!--<\/p>\n\n\n\n\n<h2 style=\"text-align: center;\">Ingenier\u00eda Multidisciplinar: Nuestra experiencia a su servicio<\/h2>\n\n\n\n\n<p>--><\/p>\n<p>[\/et_pb_slide][\/et_pb_slider][\/et_pb_column][\/et_pb_row][et_pb_row make_equal=\u00bbon\u00bb _builder_version=\u00bb4.27.5&#8243; _module_preset=\u00bbdefault\u00bb max_width=\u00bb100%\u00bb custom_margin=\u00bb0px|auto|-6px|auto|false|false\u00bb custom_css_main_element=\u00bbalign-items:center;\u00bb locked=\u00bboff\u00bb global_colors_info=\u00bb{}\u00bb][et_pb_column type=\u00bb4_4&#8243; _builder_version=\u00bb4.27.5&#8243; _module_preset=\u00bbdefault\u00bb global_colors_info=\u00bb{}\u00bb][et_pb_heading title=\u00bbGarantiza la seguridad de tus productos y tus clientes con la legalizaci\u00f3n de recipientes a presi\u00f3n conforme a la Directiva PED 2014\/68\/UE y el Reglamento de Equipos a Presi\u00f3n desde nuestra oficina del Vall\u00e8s\u00bb _builder_version=\u00bb4.27.5&#8243; _module_preset=\u00bbdefault\u00bb title_text_align=\u00bbcenter\u00bb title_line_height=\u00bb1.2em\u00bb global_colors_info=\u00bb{}\u00bb][\/et_pb_heading][\/et_pb_column][\/et_pb_row][\/et_pb_section][et_pb_section fb_built=\u00bb1&#8243; custom_padding_last_edited=\u00bbon|phone\u00bb _builder_version=\u00bb4.27.5&#8243; _module_preset=\u00bbdefault\u00bb custom_margin=\u00bb0px||||false|false\u00bb custom_padding=\u00bb0px||0px||true|false\u00bb custom_padding_tablet=\u00bb20px||40px||false|false\u00bb custom_padding_phone=\u00bb20px||40px||false|false\u00bb global_colors_info=\u00bb{}\u00bb][et_pb_row make_equal=\u00bbon\u00bb _builder_version=\u00bb4.27.4&#8243; _module_preset=\u00bbdefault\u00bb max_width=\u00bb100%\u00bb custom_margin=\u00bb0px|auto|51px|auto|false|false\u00bb custom_css_main_element=\u00bbalign-items:center;\u00bb global_colors_info=\u00bb{}\u00bb][et_pb_column type=\u00bb4_4&#8243; _builder_version=\u00bb4.27.4&#8243; _module_preset=\u00bbdefault\u00bb global_colors_info=\u00bb{}\u00bb][et_pb_cta title=\u00bbLegalizaci\u00f3n de recipientes a presi\u00f3n \u00bb _builder_version=\u00bb4.27.5&#8243; _module_preset=\u00bb6901f3ca-79ee-4bc9-89c0-9260de3a0578&#8243; custom_padding_tablet=\u00bb0px||0px||false|false\u00bb custom_padding_phone=\u00bb0px||||false|false\u00bb custom_padding_last_edited=\u00bbon|phone\u00bb global_colors_info=\u00bb{}\u00bb]<\/p>\n<p>En el Vall\u00e8s, ofrecemos servicios especializados de<strong> legalizaci\u00f3n de recipientes a presi\u00f3n<\/strong> y <strong>legalizaci\u00f3n de equipos a presi\u00f3n<\/strong>, garantizando el cumplimiento con la <strong>Directiva de Equipos a Presi\u00f3n (PED 2014\/68\/UE)<\/strong>, el <strong>Reglamento de Equipos a Presi\u00f3n (REP)<\/strong> y la <strong>normativa de recipientes a presi\u00f3n<\/strong> vigente.<\/p>\n<p>Nuestro equipo realiza el <strong>c\u00e1lculo de recipientes a presi\u00f3n<\/strong>, incluyendo <strong>c\u00e1lculos de resistencia mec\u00e1nica<\/strong> precisos y la elaboraci\u00f3n de la <strong>memoria t\u00e9cnica de recipientes a presi\u00f3n<\/strong>, asegurando la correcta <strong>evaluaci\u00f3n de la conformidad PED<\/strong> y facilitando la puesta en servicio segura y conforme a la normativa de todos sus equipos a presi\u00f3n frente los organismos notificados de control. Nuestro servicio est\u00e1 orientado a garantizar que cada equipo cumple con todos los requisitos t\u00e9cnicos y legales empezando por la resist\u00e8ncia mec\u00e0nica y una correcta memoria t\u00e9cnica.<\/p>\n<p>[\/et_pb_cta][\/et_pb_column][\/et_pb_row][et_pb_row column_structure=\u00bb1_3,1_3,1_3&#8243; custom_padding_last_edited=\u00bbon|desktop\u00bb module_class=\u00bbprojectes\u00bb _builder_version=\u00bb4.27.4&#8243; _module_preset=\u00bbdefault\u00bb max_width=\u00bb100%\u00bb custom_padding=\u00bb0px||||false|false\u00bb custom_padding_tablet=\u00bb0px||||false|false\u00bb custom_padding_phone=\u00bb0px||||false|false\u00bb global_colors_info=\u00bb{}\u00bb][et_pb_column type=\u00bb1_3&#8243; _builder_version=\u00bb4.27.4&#8243; _module_preset=\u00bbdefault\u00bb global_colors_info=\u00bb{}\u00bb][et_pb_blurb title=\u00bbNormativa y alcance\u00bb image=\u00bbhttps:\/\/steykmp.com\/wp-content\/uploads\/2026\/02\/Recipientes-a-presion.jpg\u00bb _builder_version=\u00bb4.27.5&#8243; _module_preset=\u00bbdefault\u00bb header_level=\u00bbh3&#8243; header_text_align=\u00bbcenter\u00bb body_text_align=\u00bbleft\u00bb background_color=\u00bb#d1d1d1&#8243; custom_padding=\u00bb20px|20px|20px|20px|true|true\u00bb border_radii=\u00bbon|5px|5px|5px|5px\u00bb global_colors_info=\u00bb{}\u00bb]<\/p>\n<p>Nuestros servicios de <strong>legalizaci\u00f3n de recipientes y equipos a presi\u00f3n<\/strong> cumplen con la <strong>Directiva de Equipos a Presi\u00f3n (PED 2014\/68\/UE)<\/strong> y el <strong>Reglamento de Equipos a Presi\u00f3n (REP)<\/strong> en el Vall\u00e8s, aplicando adem\u00e1s las <strong>normas t\u00e9cnicas armonizadas como EN 13445 o ASME<\/strong>. Evaluamos cada equipo a presi\u00f3n de manera individual para determinar su categor\u00eda, el procedimiento de <strong>evaluaci\u00f3n de la conformidad PED<\/strong> requerido y la documentaci\u00f3n necesaria seg\u00fan el tipo de <strong>recipiente a presi\u00f3n<\/strong>, su presi\u00f3n de dise\u00f1o, volumen y fluido contenido. Esto garantiza que todos los equipos cumplen con la <strong>normativa de recipientes a presi\u00f3n<\/strong>, evitando rechazos y retrasos durante la inspecci\u00f3n por organismos de control.<\/p>\n<p>[\/et_pb_blurb][\/et_pb_column][et_pb_column type=\u00bb1_3&#8243; _builder_version=\u00bb4.27.4&#8243; _module_preset=\u00bbdefault\u00bb global_colors_info=\u00bb{}\u00bb][et_pb_blurb title=\u00bbC\u00e1lculo y justificaci\u00f3n t\u00e9cnica\u00bb image=\u00bbhttps:\/\/steykmp.com\/wp-content\/uploads\/2026\/02\/Calculo-recipientes-a-presion.jpg\u00bb alt=\u00bbEstructures met\u00e0l\u00b7liques 4&#8243; _builder_version=\u00bb4.27.5&#8243; _module_preset=\u00bbdefault\u00bb header_level=\u00bbh3&#8243; header_text_align=\u00bbcenter\u00bb body_text_align=\u00bbleft\u00bb background_color=\u00bb#d1d1d1&#8243; custom_padding=\u00bb20px|20px|20px|20px|true|true\u00bb border_radii=\u00bbon|5px|5px|5px|5px\u00bb global_colors_info=\u00bb{}\u00bb]<\/p>\n<p>Realizamos el <strong>c\u00e1lculo de recipientes a presi\u00f3n<\/strong> y los correspondientes <strong>c\u00e1lculos de resistencia mec\u00e1nica<\/strong> necesarios para garantizar la seguridad y conformidad de cada <strong>equipo a presi\u00f3n<\/strong>. Nuestro servicio incluye la elaboraci\u00f3n de la <strong>memoria t\u00e9cnica de recipientes a presi\u00f3n<\/strong>, que documenta de manera clara y completa todos los datos de dise\u00f1o, hip\u00f3tesis de c\u00e1lculo, espesores, tensiones admisibles y verificaciones conforme a <strong>EN 13445<\/strong> y la <strong>Directiva de Equipos a Presi\u00f3n (PED 2014\/68\/UE)<\/strong>. Esta documentaci\u00f3n facilita la <strong>evaluaci\u00f3n de la conformidad PED<\/strong> y asegura que los equipos cumplen con la <strong>normativa de recipientes a presi\u00f3n<\/strong>, simplificando el proceso de legalizaci\u00f3n y su puesta en servicio en el Vall\u00e8s.<\/p>\n<p>[\/et_pb_blurb][\/et_pb_column][et_pb_column type=\u00bb1_3&#8243; _builder_version=\u00bb4.27.4&#8243; _module_preset=\u00bbdefault\u00bb global_colors_info=\u00bb{}\u00bb][et_pb_blurb title=\u00bbDocumentaci\u00f3n y tramitaci\u00f3n\u00bb image=\u00bbhttps:\/\/steykmp.com\/wp-content\/uploads\/2026\/02\/Legalizacion-recipientes-a-presion.jpg\u00bb _builder_version=\u00bb4.27.5&#8243; _module_preset=\u00bbdefault\u00bb header_level=\u00bbh3&#8243; header_text_align=\u00bbcenter\u00bb body_text_align=\u00bbleft\u00bb background_color=\u00bb#d1d1d1&#8243; custom_padding=\u00bb20px|20px|20px|20px|true|true\u00bb border_radii=\u00bbon|5px|5px|5px|5px\u00bb global_colors_info=\u00bb{}\u00bb]<\/p>\n<p>Nos encargamos de toda la <strong>documentaci\u00f3n t\u00e9cnica<\/strong> necesaria tanto para la <strong>legalizaci\u00f3n de recipientes a presi\u00f3n<\/strong> como la<strong> legalizaci\u00f3n de equipos a presi\u00f3n<\/strong> en el Vall\u00e8s, incluyendo planos, esquemas, memorias y certificados exigidos por el <strong>Reglamento de Equipos a Presi\u00f3n (REP)<\/strong> y la <strong>Directiva de Equipos a Presi\u00f3n (PED 2014\/68\/UE)<\/strong>. Nuestro equipo acompa\u00f1a cada proyecto durante la <strong>evaluaci\u00f3n de la conformidad PED<\/strong>, facilitando las inspecciones por organismos de control y asegurando que todos los recipientes a presi\u00f3n cumplan con la <strong>normativa de recipientes a presi\u00f3n<\/strong> vigente. De esta forma, reducimos incidencias, aceleramos la puesta en servicio y garantizamos que cada equipo est\u00e9 completamente legalizado y seguro para su operaci\u00f3n.<\/p>\n<p>[\/et_pb_blurb][\/et_pb_column][\/et_pb_row][et_pb_row _builder_version=\u00bb4.27.4&#8243; _module_preset=\u00bbdefault\u00bb max_width=\u00bb100%\u00bb global_colors_info=\u00bb{}\u00bb][et_pb_column type=\u00bb4_4&#8243; _builder_version=\u00bb4.27.4&#8243; _module_preset=\u00bbdefault\u00bb global_colors_info=\u00bb{}\u00bb][et_pb_button button_url=\u00bbhttps:\/\/steykmp.com\/es\/contacto\/\u00bb button_text=\u00bbPon tu marcado CE en buenas manos en el Vall\u00e8s y recupera el beneficio del %22sello de seguridad%22&#8243; button_alignment=\u00bbcenter\u00bb _builder_version=\u00bb4.27.5&#8243; _module_preset=\u00bbdefault\u00bb custom_button=\u00bbon\u00bb button_text_size=\u00bb40px\u00bb button_text_color=\u00bb#FFFFFF\u00bb button_bg_color=\u00bb#8300E9&#8243; button_border_color=\u00bb#8300E9&#8243; button_letter_spacing=\u00bb1px\u00bb custom_css_main_element=\u00bbwidth: 100%\u00bb locked=\u00bboff\u00bb global_colors_info=\u00bb{}\u00bb][\/et_pb_button][\/et_pb_column][\/et_pb_row][et_pb_row column_structure=\u00bb2_5,3_5&#8243; make_equal=\u00bbon\u00bb module_class=\u00bbreverse\u00bb _builder_version=\u00bb4.27.4&#8243; _module_preset=\u00bbdefault\u00bb max_width=\u00bb100%\u00bb custom_margin=\u00bb|auto||auto|false|false\u00bb custom_padding=\u00bb40px|||||\u00bb custom_css_main_element=\u00bbalign-items:center;\u00bb global_colors_info=\u00bb{}\u00bb][et_pb_column type=\u00bb2_5&#8243; _builder_version=\u00bb4.27.4&#8243; _module_preset=\u00bbdefault\u00bb global_colors_info=\u00bb{}\u00bb][et_pb_image src=\u00bbhttps:\/\/steykmp.com\/wp-content\/uploads\/2025\/07\/05-Beneficios-estrategicos-ingenieria-ver-03.jpg\u00bb alt=\u00bbplanta produccion\u00bb title_text=\u00bbContacto\u00bb _builder_version=\u00bb4.27.5&#8243; _module_preset=\u00bbdefault\u00bb module_alignment=\u00bbright\u00bb global_colors_info=\u00bb{}\u00bb][\/et_pb_image][\/et_pb_column][et_pb_column type=\u00bb3_5&#8243; _builder_version=\u00bb4.27.4&#8243; _module_preset=\u00bbdefault\u00bb global_colors_info=\u00bb{}\u00bb][et_pb_cta title=\u00bbContacte sin compromiso\u00bb _builder_version=\u00bb4.27.5&#8243; _module_preset=\u00bb6901f3ca-79ee-4bc9-89c0-9260de3a0578&#8243; custom_padding_tablet=\u00bb0px||||false|false\u00bb custom_padding_phone=\u00bb0px||||false|false\u00bb custom_padding_last_edited=\u00bbon|tablet\u00bb global_colors_info=\u00bb{}\u00bb]<\/p>\n<p>Si necesitas <strong>legalizar recipientes o equipos a presi\u00f3n<\/strong> en el Vall\u00e8s, nuestro equipo puede ayudarte a cumplir con la <strong>Directiva de Equipos a Presi\u00f3n (PED 2014\/68\/UE)<\/strong>, el <strong>Reglamento de Equipos a Presi\u00f3n (REP)<\/strong> y la <strong>normativa de recipientes a presi\u00f3n<\/strong> vigente. Realizamos el<strong> c\u00e1lculo de recipientes a presi\u00f3n<\/strong>, los <strong>c\u00e1lculos de resistencia mec\u00e1nica<\/strong> y la <strong>memoria t\u00e9cnica de recipientes a presi\u00f3n<\/strong> necesaria para que tu equipo pase la <strong>evaluaci\u00f3n de la conformidad PED<\/strong> sin contratiempos.<\/p>\n<p>[\/et_pb_cta][\/et_pb_column][\/et_pb_row][\/et_pb_section][et_pb_section fb_built=\u00bb1&#8243; _builder_version=\u00bb4.27.4&#8243; _module_preset=\u00bbdefault\u00bb background_color=\u00bb#d1d1d1&#8243; custom_padding=\u00bb40px||40px||true|\u00bb global_colors_info=\u00bb{}\u00bb][et_pb_row _builder_version=\u00bb4.27.4&#8243; _module_preset=\u00bbdefault\u00bb global_colors_info=\u00bb{}\u00bb][et_pb_column type=\u00bb4_4&#8243; _builder_version=\u00bb4.27.4&#8243; _module_preset=\u00bbdefault\u00bb global_colors_info=\u00bb{}\u00bb][et_pb_cta title=\u00bbContacta con nuestros ingenieros hoy mismo\u00bb button_url=\u00bbhttps:\/\/steykmp.com\/es\/contacto\/\u00bb button_text=\u00bbContacto\u00bb _builder_version=\u00bb4.27.5&#8243; _module_preset=\u00bbdefault\u00bb header_line_height=\u00bb1.2em\u00bb background_enable_color=\u00bboff\u00bb custom_button=\u00bbon\u00bb button_text_size=\u00bb40px\u00bb button_text_color=\u00bb#FFFFFF\u00bb button_bg_color=\u00bb#8300E9&#8243; button_border_color=\u00bb#8300E9&#8243; background_layout=\u00bblight\u00bb global_colors_info=\u00bb{}\u00bb]<\/p>\n<p>Y asegura la legalizaci\u00f3n de tus equipos de forma r\u00e1pida, segura y conforme a la normativa.<\/p>\n<p>[\/et_pb_cta][\/et_pb_column][\/et_pb_row][\/et_pb_section]<\/p>\n","protected":false},"excerpt":{"rendered":"<p>En el Vall\u00e8s, ofrecemos servicios especializados de legalizaci\u00f3n de recipientes a presi\u00f3n y legalizaci\u00f3n de equipos a presi\u00f3n, garantizando el cumplimiento con la Directiva de Equipos a Presi\u00f3n (PED 2014\/68\/UE), el Reglamento de Equipos a Presi\u00f3n (REP) y la normativa de recipientes a presi\u00f3n vigente. Nuestro equipo realiza el c\u00e1lculo de recipientes a presi\u00f3n, incluyendo [&hellip;]<\/p>\n","protected":false},"author":1,"featured_media":0,"parent":0,"menu_order":0,"comment_status":"closed","ping_status":"closed","template":"","meta":{"_et_pb_use_builder":"on","_et_pb_old_content":"","_et_gb_content_width":"","footnotes":""},"class_list":["post-405167","page","type-page","status-publish","hentry"],"yoast_head":"<!-- This site is optimized with the Yoast SEO plugin v27.4 - https:\/\/yoast.com\/product\/yoast-seo-wordpress\/ -->\n<title>Legalizaci\u00f3n de recipientes a presi\u00f3n conforme a la Directiva de Equipos a Presi\u00f3n (PED 2014\/68\/UE) y al Reglamento de Equipos a Presi\u00f3n (REP) en el Vall\u00e8s - Steyk<\/title>\n<meta name=\"robots\" content=\"index, follow, max-snippet:-1, max-image-preview:large, max-video-preview:-1\" \/>\n<link rel=\"canonical\" href=\"https:\/\/steykmp.com\/es\/legalizacion-de-recipientes-a-presion-conforme-a-la-directiva-de-equipos-a-presion-ped-2014-68-ue-y-al-reglamento-de-equipos-a-presion-rep-en-el-valles\/\" \/>\n<meta property=\"og:locale\" content=\"es_ES\" \/>\n<meta property=\"og:type\" content=\"article\" \/>\n<meta property=\"og:title\" content=\"Legalizaci\u00f3n de recipientes a presi\u00f3n conforme a la Directiva de Equipos a Presi\u00f3n (PED 2014\/68\/UE) y al Reglamento de Equipos a Presi\u00f3n (REP) en el Vall\u00e8s - Steyk\" \/>\n<meta property=\"og:description\" content=\"En el Vall\u00e8s, ofrecemos servicios especializados de legalizaci\u00f3n de recipientes a presi\u00f3n y legalizaci\u00f3n de equipos a presi\u00f3n, garantizando el cumplimiento con la Directiva de Equipos a Presi\u00f3n (PED 2014\/68\/UE), el Reglamento de Equipos a Presi\u00f3n (REP) y la normativa de recipientes a presi\u00f3n vigente. Nuestro equipo realiza el c\u00e1lculo de recipientes a presi\u00f3n, incluyendo [&hellip;]\" \/>\n<meta property=\"og:url\" content=\"https:\/\/steykmp.com\/es\/legalizacion-de-recipientes-a-presion-conforme-a-la-directiva-de-equipos-a-presion-ped-2014-68-ue-y-al-reglamento-de-equipos-a-presion-rep-en-el-valles\/\" \/>\n<meta property=\"og:site_name\" content=\"Steyk\" \/>\n<meta property=\"article:modified_time\" content=\"2026-03-26T09:14:09+00:00\" \/>\n<meta name=\"twitter:card\" content=\"summary_large_image\" \/>\n<script type=\"application\/ld+json\" class=\"yoast-schema-graph\">{\"@context\":\"https:\\\/\\\/schema.org\",\"@graph\":[{\"@type\":\"WebPage\",\"@id\":\"https:\\\/\\\/steykmp.com\\\/es\\\/legalizacion-de-recipientes-a-presion-conforme-a-la-directiva-de-equipos-a-presion-ped-2014-68-ue-y-al-reglamento-de-equipos-a-presion-rep-en-el-valles\\\/\",\"url\":\"https:\\\/\\\/steykmp.com\\\/es\\\/legalizacion-de-recipientes-a-presion-conforme-a-la-directiva-de-equipos-a-presion-ped-2014-68-ue-y-al-reglamento-de-equipos-a-presion-rep-en-el-valles\\\/\",\"name\":\"Legalizaci\u00f3n de recipientes a presi\u00f3n conforme a la Directiva de Equipos a Presi\u00f3n (PED 2014\\\/68\\\/UE) y al Reglamento de Equipos a Presi\u00f3n (REP) en el Vall\u00e8s - Steyk\",\"isPartOf\":{\"@id\":\"https:\\\/\\\/steykmp.com\\\/#website\"},\"datePublished\":\"2026-02-23T10:15:25+00:00\",\"dateModified\":\"2026-03-26T09:14:09+00:00\",\"breadcrumb\":{\"@id\":\"https:\\\/\\\/steykmp.com\\\/es\\\/legalizacion-de-recipientes-a-presion-conforme-a-la-directiva-de-equipos-a-presion-ped-2014-68-ue-y-al-reglamento-de-equipos-a-presion-rep-en-el-valles\\\/#breadcrumb\"},\"inLanguage\":\"es\",\"potentialAction\":[{\"@type\":\"ReadAction\",\"target\":[\"https:\\\/\\\/steykmp.com\\\/es\\\/legalizacion-de-recipientes-a-presion-conforme-a-la-directiva-de-equipos-a-presion-ped-2014-68-ue-y-al-reglamento-de-equipos-a-presion-rep-en-el-valles\\\/\"]}]},{\"@type\":\"BreadcrumbList\",\"@id\":\"https:\\\/\\\/steykmp.com\\\/es\\\/legalizacion-de-recipientes-a-presion-conforme-a-la-directiva-de-equipos-a-presion-ped-2014-68-ue-y-al-reglamento-de-equipos-a-presion-rep-en-el-valles\\\/#breadcrumb\",\"itemListElement\":[{\"@type\":\"ListItem\",\"position\":1,\"name\":\"Inici\",\"item\":\"https:\\\/\\\/steykmp.com\\\/es\\\/inicio\\\/\"},{\"@type\":\"ListItem\",\"position\":2,\"name\":\"Legalizaci\u00f3n de recipientes a presi\u00f3n conforme a la Directiva de Equipos a Presi\u00f3n (PED 2014\\\/68\\\/UE) y al Reglamento de Equipos a Presi\u00f3n (REP) en el Vall\u00e8s\"}]},{\"@type\":\"WebSite\",\"@id\":\"https:\\\/\\\/steykmp.com\\\/#website\",\"url\":\"https:\\\/\\\/steykmp.com\\\/\",\"name\":\"Steyk Enginyeria\",\"description\":\"Projectes d&#039;enginyeria claus en m\u00e0\",\"publisher\":{\"@id\":\"https:\\\/\\\/steykmp.com\\\/#organization\"},\"potentialAction\":[{\"@type\":\"SearchAction\",\"target\":{\"@type\":\"EntryPoint\",\"urlTemplate\":\"https:\\\/\\\/steykmp.com\\\/?s={search_term_string}\"},\"query-input\":{\"@type\":\"PropertyValueSpecification\",\"valueRequired\":true,\"valueName\":\"search_term_string\"}}],\"inLanguage\":\"es\"},{\"@type\":\"Organization\",\"@id\":\"https:\\\/\\\/steykmp.com\\\/#organization\",\"name\":\"Steyk\",\"url\":\"https:\\\/\\\/steykmp.com\\\/\",\"logo\":{\"@type\":\"ImageObject\",\"inLanguage\":\"es\",\"@id\":\"https:\\\/\\\/steykmp.com\\\/#\\\/schema\\\/logo\\\/image\\\/\",\"url\":\"https:\\\/\\\/steykmp.com\\\/wp-content\\\/uploads\\\/2025\\\/04\\\/Logo-Steyk-2025.jpg\",\"contentUrl\":\"https:\\\/\\\/steykmp.com\\\/wp-content\\\/uploads\\\/2025\\\/04\\\/Logo-Steyk-2025.jpg\",\"width\":665,\"height\":404,\"caption\":\"Steyk\"},\"image\":{\"@id\":\"https:\\\/\\\/steykmp.com\\\/#\\\/schema\\\/logo\\\/image\\\/\"}}]}<\/script>\n<!-- \/ Yoast SEO plugin. -->","yoast_head_json":{"title":"Legalizaci\u00f3n de recipientes a presi\u00f3n conforme a la Directiva de Equipos a Presi\u00f3n (PED 2014\/68\/UE) y al Reglamento de Equipos a Presi\u00f3n (REP) en el Vall\u00e8s - Steyk","robots":{"index":"index","follow":"follow","max-snippet":"max-snippet:-1","max-image-preview":"max-image-preview:large","max-video-preview":"max-video-preview:-1"},"canonical":"https:\/\/steykmp.com\/es\/legalizacion-de-recipientes-a-presion-conforme-a-la-directiva-de-equipos-a-presion-ped-2014-68-ue-y-al-reglamento-de-equipos-a-presion-rep-en-el-valles\/","og_locale":"es_ES","og_type":"article","og_title":"Legalizaci\u00f3n de recipientes a presi\u00f3n conforme a la Directiva de Equipos a Presi\u00f3n (PED 2014\/68\/UE) y al Reglamento de Equipos a Presi\u00f3n (REP) en el Vall\u00e8s - Steyk","og_description":"En el Vall\u00e8s, ofrecemos servicios especializados de legalizaci\u00f3n de recipientes a presi\u00f3n y legalizaci\u00f3n de equipos a presi\u00f3n, garantizando el cumplimiento con la Directiva de Equipos a Presi\u00f3n (PED 2014\/68\/UE), el Reglamento de Equipos a Presi\u00f3n (REP) y la normativa de recipientes a presi\u00f3n vigente. Nuestro equipo realiza el c\u00e1lculo de recipientes a presi\u00f3n, incluyendo [&hellip;]","og_url":"https:\/\/steykmp.com\/es\/legalizacion-de-recipientes-a-presion-conforme-a-la-directiva-de-equipos-a-presion-ped-2014-68-ue-y-al-reglamento-de-equipos-a-presion-rep-en-el-valles\/","og_site_name":"Steyk","article_modified_time":"2026-03-26T09:14:09+00:00","twitter_card":"summary_large_image","schema":{"@context":"https:\/\/schema.org","@graph":[{"@type":"WebPage","@id":"https:\/\/steykmp.com\/es\/legalizacion-de-recipientes-a-presion-conforme-a-la-directiva-de-equipos-a-presion-ped-2014-68-ue-y-al-reglamento-de-equipos-a-presion-rep-en-el-valles\/","url":"https:\/\/steykmp.com\/es\/legalizacion-de-recipientes-a-presion-conforme-a-la-directiva-de-equipos-a-presion-ped-2014-68-ue-y-al-reglamento-de-equipos-a-presion-rep-en-el-valles\/","name":"Legalizaci\u00f3n de recipientes a presi\u00f3n conforme a la Directiva de Equipos a Presi\u00f3n (PED 2014\/68\/UE) y al Reglamento de Equipos a Presi\u00f3n (REP) en el Vall\u00e8s - Steyk","isPartOf":{"@id":"https:\/\/steykmp.com\/#website"},"datePublished":"2026-02-23T10:15:25+00:00","dateModified":"2026-03-26T09:14:09+00:00","breadcrumb":{"@id":"https:\/\/steykmp.com\/es\/legalizacion-de-recipientes-a-presion-conforme-a-la-directiva-de-equipos-a-presion-ped-2014-68-ue-y-al-reglamento-de-equipos-a-presion-rep-en-el-valles\/#breadcrumb"},"inLanguage":"es","potentialAction":[{"@type":"ReadAction","target":["https:\/\/steykmp.com\/es\/legalizacion-de-recipientes-a-presion-conforme-a-la-directiva-de-equipos-a-presion-ped-2014-68-ue-y-al-reglamento-de-equipos-a-presion-rep-en-el-valles\/"]}]},{"@type":"BreadcrumbList","@id":"https:\/\/steykmp.com\/es\/legalizacion-de-recipientes-a-presion-conforme-a-la-directiva-de-equipos-a-presion-ped-2014-68-ue-y-al-reglamento-de-equipos-a-presion-rep-en-el-valles\/#breadcrumb","itemListElement":[{"@type":"ListItem","position":1,"name":"Inici","item":"https:\/\/steykmp.com\/es\/inicio\/"},{"@type":"ListItem","position":2,"name":"Legalizaci\u00f3n de recipientes a presi\u00f3n conforme a la Directiva de Equipos a Presi\u00f3n (PED 2014\/68\/UE) y al Reglamento de Equipos a Presi\u00f3n (REP) en el Vall\u00e8s"}]},{"@type":"WebSite","@id":"https:\/\/steykmp.com\/#website","url":"https:\/\/steykmp.com\/","name":"Steyk Enginyeria","description":"Projectes d&#039;enginyeria claus en m\u00e0","publisher":{"@id":"https:\/\/steykmp.com\/#organization"},"potentialAction":[{"@type":"SearchAction","target":{"@type":"EntryPoint","urlTemplate":"https:\/\/steykmp.com\/?s={search_term_string}"},"query-input":{"@type":"PropertyValueSpecification","valueRequired":true,"valueName":"search_term_string"}}],"inLanguage":"es"},{"@type":"Organization","@id":"https:\/\/steykmp.com\/#organization","name":"Steyk","url":"https:\/\/steykmp.com\/","logo":{"@type":"ImageObject","inLanguage":"es","@id":"https:\/\/steykmp.com\/#\/schema\/logo\/image\/","url":"https:\/\/steykmp.com\/wp-content\/uploads\/2025\/04\/Logo-Steyk-2025.jpg","contentUrl":"https:\/\/steykmp.com\/wp-content\/uploads\/2025\/04\/Logo-Steyk-2025.jpg","width":665,"height":404,"caption":"Steyk"},"image":{"@id":"https:\/\/steykmp.com\/#\/schema\/logo\/image\/"}}]}},"_links":{"self":[{"href":"https:\/\/steykmp.com\/es\/wp-json\/wp\/v2\/pages\/405167","targetHints":{"allow":["GET"]}}],"collection":[{"href":"https:\/\/steykmp.com\/es\/wp-json\/wp\/v2\/pages"}],"about":[{"href":"https:\/\/steykmp.com\/es\/wp-json\/wp\/v2\/types\/page"}],"author":[{"embeddable":true,"href":"https:\/\/steykmp.com\/es\/wp-json\/wp\/v2\/users\/1"}],"replies":[{"embeddable":true,"href":"https:\/\/steykmp.com\/es\/wp-json\/wp\/v2\/comments?post=405167"}],"version-history":[{"count":6,"href":"https:\/\/steykmp.com\/es\/wp-json\/wp\/v2\/pages\/405167\/revisions"}],"predecessor-version":[{"id":405803,"href":"https:\/\/steykmp.com\/es\/wp-json\/wp\/v2\/pages\/405167\/revisions\/405803"}],"wp:attachment":[{"href":"https:\/\/steykmp.com\/es\/wp-json\/wp\/v2\/media?parent=405167"}],"curies":[{"name":"wp","href":"https:\/\/api.w.org\/{rel}","templated":true}]}}