{"id":405200,"date":"2026-02-23T10:59:09","date_gmt":"2026-02-23T10:59:09","guid":{"rendered":"https:\/\/steykmp.com\/?page_id=405200"},"modified":"2026-03-26T09:06:05","modified_gmt":"2026-03-26T09:06:05","slug":"calculo-y-diseno-de-estructuras-industriales-ingenieria-estructural-segun-eurocodigos-en-el-valles","status":"publish","type":"page","link":"https:\/\/steykmp.com\/es\/calculo-y-diseno-de-estructuras-industriales-ingenieria-estructural-segun-eurocodigos-en-el-valles\/","title":{"rendered":"C\u00e1lculo y Dise\u00f1o de Estructuras Industriales \u2013 Ingenier\u00eda Estructural seg\u00fan Euroc\u00f3digos en el Vall\u00e8s"},"content":{"rendered":"<p>[et_pb_section fb_built=\u00bb1&#8243; custom_padding_last_edited=\u00bbon|phone\u00bb _builder_version=\u00bb4.27.6&#8243; _module_preset=\u00bbdefault\u00bb custom_margin=\u00bb-90px||||false|false\u00bb custom_margin_tablet=\u00bb0px||||false|false\u00bb custom_margin_phone=\u00bb0px||||false|false\u00bb custom_margin_last_edited=\u00bbon|phone\u00bb custom_padding=\u00bb3px||0px||false|false\u00bb custom_padding_tablet=\u00bb0px||||false|false\u00bb custom_padding_phone=\u00bb0px||||false|false\u00bb hover_enabled=\u00bb0&#8243; global_colors_info=\u00bb{}\u00bb sticky_enabled=\u00bb0&#8243;][et_pb_row _builder_version=\u00bb4.27.6&#8243; _module_preset=\u00bbdefault\u00bb width=\u00bb100%\u00bb max_width=\u00bb100%\u00bb custom_padding=\u00bb3px||||false|false\u00bb hover_enabled=\u00bb0&#8243; global_colors_info=\u00bb{}\u00bb sticky_enabled=\u00bb0&#8243;][et_pb_column type=\u00bb4_4&#8243; _builder_version=\u00bb4.27.4&#8243; _module_preset=\u00bbdefault\u00bb global_colors_info=\u00bb{}\u00bb][et_pb_slider use_bg_overlay=\u00bbon\u00bb _builder_version=\u00bb4.27.6&#8243; _module_preset=\u00bbdefault\u00bb hover_enabled=\u00bb0&#8243; global_colors_info=\u00bb{}\u00bb sticky_enabled=\u00bb0&#8243; custom_padding=\u00bb120px||||false|false\u00bb][et_pb_slide _builder_version=\u00bb4.27.6&#8243; _module_preset=\u00bbdefault\u00bb header_level=\u00bbh1&#8243; header_font_size=\u00bb46px\u00bb header_line_height=\u00bb1.1em\u00bb body_font_size=\u00bb22px\u00bb body_line_height=\u00bb2em\u00bb background_image=\u00bbhttps:\/\/steykmp.com\/wp-content\/uploads\/2026\/02\/00-Estructura-metalica-cabecera.jpg\u00bb background_enable_image=\u00bbon\u00bb hover_enabled=\u00bb0&#8243; global_colors_info=\u00bb{}\u00bb sticky_transition=\u00bbon\u00bb sticky_enabled=\u00bb0&#8243;]<\/p>\n<p><!--<\/p>\n\n\n\n\n<h2 style=\"text-align: center;\">Ingenier\u00eda Multidisciplinar: Nuestra experiencia a su servicio<\/h2>\n\n\n\n\n<p>--><\/p>\n<p>[\/et_pb_slide][\/et_pb_slider][\/et_pb_column][\/et_pb_row][et_pb_row make_equal=\u00bbon\u00bb _builder_version=\u00bb4.27.5&#8243; _module_preset=\u00bbdefault\u00bb max_width=\u00bb100%\u00bb custom_margin=\u00bb0px|auto|-6px|auto|false|false\u00bb custom_css_main_element=\u00bbalign-items:center;\u00bb locked=\u00bboff\u00bb global_colors_info=\u00bb{}\u00bb][et_pb_column type=\u00bb4_4&#8243; _builder_version=\u00bb4.27.5&#8243; _module_preset=\u00bbdefault\u00bb global_colors_info=\u00bb{}\u00bb][et_pb_heading title=\u00bbSalva la complejidad del C\u00e1lculo y Dise\u00f1o de Estructuras Industriales desde tu Ingenier\u00eda Outsourcing en el Vall\u00e8s\u00bb _builder_version=\u00bb4.27.5&#8243; _module_preset=\u00bbdefault\u00bb title_text_align=\u00bbcenter\u00bb global_colors_info=\u00bb{}\u00bb][\/et_pb_heading][\/et_pb_column][\/et_pb_row][\/et_pb_section][et_pb_section fb_built=\u00bb1&#8243; custom_padding_last_edited=\u00bbon|phone\u00bb _builder_version=\u00bb4.27.5&#8243; _module_preset=\u00bbdefault\u00bb custom_margin=\u00bb0px||||false|false\u00bb custom_padding=\u00bb0px||0px||true|false\u00bb custom_padding_tablet=\u00bb20px||40px||false|false\u00bb custom_padding_phone=\u00bb20px||40px||false|false\u00bb global_colors_info=\u00bb{}\u00bb][et_pb_row make_equal=\u00bbon\u00bb _builder_version=\u00bb4.27.4&#8243; _module_preset=\u00bbdefault\u00bb max_width=\u00bb100%\u00bb custom_margin=\u00bb0px|auto|51px|auto|false|false\u00bb custom_css_main_element=\u00bbalign-items:center;\u00bb global_colors_info=\u00bb{}\u00bb][et_pb_column type=\u00bb4_4&#8243; _builder_version=\u00bb4.27.4&#8243; _module_preset=\u00bbdefault\u00bb global_colors_info=\u00bb{}\u00bb][et_pb_cta title=\u00bbC\u00e1lculo y dise\u00f1o estructural seg\u00fan Euroc\u00f3digos\u00bb _builder_version=\u00bb4.27.5&#8243; _module_preset=\u00bb6901f3ca-79ee-4bc9-89c0-9260de3a0578&#8243; custom_padding_tablet=\u00bb0px||0px||false|false\u00bb custom_padding_phone=\u00bb0px||||false|false\u00bb custom_padding_last_edited=\u00bbon|phone\u00bb global_colors_info=\u00bb{}\u00bb]<\/p>\n<p>En el \u00e1mbito industrial garantizar la seguridad y eficiencia de las estructuras es fundamental. Nuestro servicio de <strong>c\u00e1lculo y dise\u00f1o de estructuras industriales<\/strong> combina experiencia en<strong> ingenier\u00eda estructural<\/strong> y cumplimiento de<strong> Euroc\u00f3digos y normativa espa\u00f1ola (CTE)<\/strong>, asegurando que cada proyecto cumpla los m\u00e1s altos est\u00e1ndares de resistencia, estabilidad y fiabilidad. Desde estructuras met\u00e1licas hasta sistemas complejos de soporte, ofrecemos soluciones t\u00e9cnicas precisas adaptadas a cada instalaci\u00f3n industrial en el Vall\u00e8s.<\/p>\n<p>[\/et_pb_cta][\/et_pb_column][\/et_pb_row][et_pb_row column_structure=\u00bb1_3,1_3,1_3&#8243; custom_padding_last_edited=\u00bbon|desktop\u00bb module_class=\u00bbprojectes\u00bb _builder_version=\u00bb4.27.4&#8243; _module_preset=\u00bbdefault\u00bb max_width=\u00bb100%\u00bb custom_padding=\u00bb0px||||false|false\u00bb custom_padding_tablet=\u00bb0px||||false|false\u00bb custom_padding_phone=\u00bb0px||||false|false\u00bb global_colors_info=\u00bb{}\u00bb][et_pb_column type=\u00bb1_3&#8243; _builder_version=\u00bb4.27.4&#8243; _module_preset=\u00bbdefault\u00bb global_colors_info=\u00bb{}\u00bb][et_pb_blurb title=\u00bbAn\u00e1lisis y c\u00e1lculo estructural avanzado\u00bb image=\u00bbhttps:\/\/steykmp.com\/wp-content\/uploads\/2026\/02\/Analisis-y-calculo-estructural-avanzado.jpg\u00bb _builder_version=\u00bb4.27.5&#8243; _module_preset=\u00bbdefault\u00bb header_level=\u00bbh3&#8243; header_text_align=\u00bbcenter\u00bb body_text_align=\u00bbleft\u00bb background_color=\u00bb#d1d1d1&#8243; custom_padding=\u00bb20px|20px|20px|20px|true|true\u00bb border_radii=\u00bbon|5px|5px|5px|5px\u00bb global_colors_info=\u00bb{}\u00bb]<\/p>\n<p>En el Vall\u00e8s, ofrecemos un servicio integral de <strong>an\u00e1lisis y c\u00e1lculo estructural avanzado<\/strong> para estructuras industriales. Cada proyecto se aborda con un enfoque riguroso, evaluando la <strong>resistencia, estabilidad y comportamiento frente a cargas<\/strong> para garantizar la m\u00e1xima seguridad y eficiencia.<br \/>Nuestro equipo utiliza <strong>herramientas de modelado y simulaci\u00f3n por elementos finitos<\/strong>, permitiendo analizar de manera precisa c\u00f3mo reaccionan las estructuras met\u00e1licas industriales bajo distintas condiciones de carga y combinaciones de esfuerzos. Esto incluye desde <strong>cargas est\u00e1ticas y din\u00e1micas<\/strong> hasta situaciones m\u00e1s complejas, como vibraciones o esfuerzos concentrados.<br \/>El objetivo es entregar un <strong>c\u00e1lculo estructural fiable y detallado<\/strong>, adaptado a las necesidades de cada instalaci\u00f3n industrial del Vall\u00e8s, asegurando que las estructuras cumplan con los <strong>requisitos normativos europeos (Euroc\u00f3digos)<\/strong> y con la <strong>normativa espa\u00f1ola (CTE)<\/strong>. Gracias a este enfoque, las empresas de la comarca pueden confiar en que sus instalaciones ser\u00e1n seguras, duraderas y eficientes desde el punto de vista estructural.<\/p>\n<p>[\/et_pb_blurb][\/et_pb_column][et_pb_column type=\u00bb1_3&#8243; _builder_version=\u00bb4.27.4&#8243; _module_preset=\u00bbdefault\u00bb global_colors_info=\u00bb{}\u00bb][et_pb_blurb title=\u00bbDise\u00f1o estructural conforme a normativa europea y espa\u00f1ola\u00bb image=\u00bbhttps:\/\/steykmp.com\/wp-content\/uploads\/2026\/02\/Diseno-estructural-conforme-a-normativa-europea-y-espanola.jpg\u00bb alt=\u00bbEstructures met\u00e0l\u00b7liques 4&#8243; _builder_version=\u00bb4.27.5&#8243; _module_preset=\u00bbdefault\u00bb header_level=\u00bbh3&#8243; header_text_align=\u00bbcenter\u00bb body_text_align=\u00bbleft\u00bb background_color=\u00bb#d1d1d1&#8243; custom_padding=\u00bb20px|20px|20px|20px|true|true\u00bb border_radii=\u00bbon|5px|5px|5px|5px\u00bb global_colors_info=\u00bb{}\u00bb]<\/p>\n<p>Nuestro enfoque de <strong>dise\u00f1o estructural industrial<\/strong> garantiza que todas las estructuras cumplan con los m\u00e1s altos est\u00e1ndares de seguridad y eficiencia. Cada proyecto se desarrolla conforme a los <strong>Euroc\u00f3digos<\/strong>, especialmente el <strong>Euroc\u00f3digo 3<\/strong> para estructuras met\u00e1licas, y se verifica seg\u00fan el <strong>C\u00f3digo T\u00e9cnico de la Edificaci\u00f3n (CTE)<\/strong> aplicado al \u00e1mbito industrial.<br \/>El dise\u00f1o incluye la <strong>optimizaci\u00f3n de perfiles, uniones y soportes<\/strong>, asegurando que cada elemento estructural resista correctamente las cargas previstas y cumpla con los criterios de estabilidad, pandeo y resistencia. Adem\u00e1s, ofrecemos <strong>documentaci\u00f3n t\u00e9cnica completa<\/strong>, que permite la validaci\u00f3n legal y t\u00e9cnica de los proyectos industriales en el Vall\u00e8s facilitando su aprobaci\u00f3n y ejecuci\u00f3n sin sorpresas.<br \/>Con este enfoque, las empresas locales cuentan con <strong>estructuras confiables y adaptadas a sus necesidades industriales<\/strong>, cumpliendo la normativa espa\u00f1ola y europea, y garantizando proyectos seguros y duradero.<\/p>\n<p>[\/et_pb_blurb][\/et_pb_column][et_pb_column type=\u00bb1_3&#8243; _builder_version=\u00bb4.27.4&#8243; _module_preset=\u00bbdefault\u00bb global_colors_info=\u00bb{}\u00bb][et_pb_blurb title=\u00bbSoluciones personalizadas para estructuras industriales\u00bb image=\u00bbhttps:\/\/steykmp.com\/wp-content\/uploads\/2026\/02\/Soluciones-personalizadas-para-estructuras-industriales.jpg\u00bb _builder_version=\u00bb4.27.5&#8243; _module_preset=\u00bbdefault\u00bb header_level=\u00bbh3&#8243; header_text_align=\u00bbcenter\u00bb body_text_align=\u00bbleft\u00bb background_color=\u00bb#d1d1d1&#8243; custom_padding=\u00bb20px|20px|20px|20px|true|true\u00bb border_radii=\u00bbon|5px|5px|5px|5px\u00bb global_colors_info=\u00bb{}\u00bb]<\/p>\n<p>Ofrecemos soluciones <strong>a medida para cada instalaci\u00f3n industrial<\/strong> en el Vall\u00e8s, adaptando el dise\u00f1o y c\u00e1lculo estructural a las necesidades espec\u00edficas de cada proyecto. Desde <strong>estructuras met\u00e1licas complejas<\/strong> hasta sistemas de soporte de maquinaria o plataformas industriales, cada soluci\u00f3n se dise\u00f1a para <strong>maximizar eficiencia y seguridad<\/strong>, considerando el entorno de la instalaci\u00f3n y las cargas operativas.<br \/>Nuestro equipo de <strong>ingenier\u00eda estructural industrial<\/strong> analiza cada detalle, proponiendo alternativas optimizadas que combinan resistencia, estabilidad y coste eficiente. Esta personalizaci\u00f3n asegura que las empresas del Vall\u00e8s puedan implementar sus proyectos industriales con <strong>total confianza en la durabilidad y seguridad de sus estructuras<\/strong>, minimizando riesgos y cumpliendo la normativa vigente.<\/p>\n<p>[\/et_pb_blurb][\/et_pb_column][\/et_pb_row][et_pb_row _builder_version=\u00bb4.27.4&#8243; _module_preset=\u00bbdefault\u00bb max_width=\u00bb100%\u00bb global_colors_info=\u00bb{}\u00bb][et_pb_column type=\u00bb4_4&#8243; _builder_version=\u00bb4.27.4&#8243; _module_preset=\u00bbdefault\u00bb global_colors_info=\u00bb{}\u00bb][et_pb_button button_url=\u00bbhttps:\/\/steykmp.com\/es\/contacto\/\u00bb button_text=\u00bbRecupera tu tranquilidad y deja que los Euroc\u00f3digos sean nuestro dolor de cabeza, no el tyo. Contacta con nosotros en el Vall\u00e8s\u00bb button_alignment=\u00bbcenter\u00bb _builder_version=\u00bb4.27.5&#8243; _module_preset=\u00bbdefault\u00bb custom_button=\u00bbon\u00bb button_text_size=\u00bb40px\u00bb button_text_color=\u00bb#FFFFFF\u00bb button_bg_color=\u00bb#8300E9&#8243; button_border_color=\u00bb#8300E9&#8243; button_letter_spacing=\u00bb1px\u00bb custom_css_main_element=\u00bbwidth: 100%\u00bb locked=\u00bboff\u00bb global_colors_info=\u00bb{}\u00bb][\/et_pb_button][\/et_pb_column][\/et_pb_row][et_pb_row column_structure=\u00bb2_5,3_5&#8243; make_equal=\u00bbon\u00bb module_class=\u00bbreverse\u00bb _builder_version=\u00bb4.27.4&#8243; _module_preset=\u00bbdefault\u00bb max_width=\u00bb100%\u00bb custom_margin=\u00bb|auto||auto|false|false\u00bb custom_padding=\u00bb40px|||||\u00bb custom_css_main_element=\u00bbalign-items:center;\u00bb global_colors_info=\u00bb{}\u00bb][et_pb_column type=\u00bb2_5&#8243; _builder_version=\u00bb4.27.4&#8243; _module_preset=\u00bbdefault\u00bb global_colors_info=\u00bb{}\u00bb][et_pb_image src=\u00bbhttps:\/\/steykmp.com\/wp-content\/uploads\/2026\/02\/Equilibrio-calculo-de-estructuras.jpg\u00bb alt=\u00bbplanta produccion\u00bb title_text=\u00bbEquilibrio c\u00e1lculo de estructuras\u00bb _builder_version=\u00bb4.27.5&#8243; _module_preset=\u00bbdefault\u00bb module_alignment=\u00bbright\u00bb global_colors_info=\u00bb{}\u00bb][\/et_pb_image][\/et_pb_column][et_pb_column type=\u00bb3_5&#8243; _builder_version=\u00bb4.27.4&#8243; _module_preset=\u00bbdefault\u00bb global_colors_info=\u00bb{}\u00bb][et_pb_cta title=\u00bbAlcanzando el equilibrio perfecto\u00bb _builder_version=\u00bb4.27.5&#8243; _module_preset=\u00bb6901f3ca-79ee-4bc9-89c0-9260de3a0578&#8243; custom_padding_tablet=\u00bb0px||||false|false\u00bb custom_padding_phone=\u00bb0px||||false|false\u00bb custom_padding_last_edited=\u00bbon|tablet\u00bb global_colors_info=\u00bb{}\u00bb]<\/p>\n<p>En el Vall\u00e8s, ayudamos a las empresas a alcanzar el <strong>equilibrio perfecto entre seguridad, eficiencia y coste<\/strong> en sus estructuras industriales. Con un dise\u00f1o y c\u00e1lculo estructural preciso, cada proyecto logra la <strong>estabilidad y fiabilidad necesarias<\/strong> para funcionar sin riesgos, optimizando recursos y garantizando la durabilidad de la instalaci\u00f3n. Conf\u00ede en nuestra experiencia en ingenier\u00eda estructural industrial para encontrar ese <strong>equilibrio que transforma cada estructura en una base s\u00f3lida para su actividad industrial<\/strong>.<\/p>\n<p>[\/et_pb_cta][\/et_pb_column][\/et_pb_row][\/et_pb_section][et_pb_section fb_built=\u00bb1&#8243; _builder_version=\u00bb4.27.4&#8243; _module_preset=\u00bbdefault\u00bb background_color=\u00bb#d1d1d1&#8243; custom_padding=\u00bb40px||40px||true|\u00bb global_colors_info=\u00bb{}\u00bb][et_pb_row _builder_version=\u00bb4.27.4&#8243; _module_preset=\u00bbdefault\u00bb global_colors_info=\u00bb{}\u00bb][et_pb_column type=\u00bb4_4&#8243; _builder_version=\u00bb4.27.4&#8243; _module_preset=\u00bbdefault\u00bb global_colors_info=\u00bb{}\u00bb][et_pb_cta title=\u00bbContacta con nuestros ingenieros hoy mismo\u00bb button_url=\u00bbhttps:\/\/steykmp.com\/es\/contacto\/\u00bb button_text=\u00bbContacto\u00bb _builder_version=\u00bb4.27.5&#8243; _module_preset=\u00bbdefault\u00bb header_line_height=\u00bb1.2em\u00bb background_enable_color=\u00bboff\u00bb custom_button=\u00bbon\u00bb button_text_size=\u00bb40px\u00bb button_text_color=\u00bb#FFFFFF\u00bb button_bg_color=\u00bb#8300E9&#8243; button_border_color=\u00bb#8300E9&#8243; background_layout=\u00bblight\u00bb global_colors_info=\u00bb{}\u00bb]Conf\u00ede en nuestra experiencia en ingenier\u00eda estructural industrial.[\/et_pb_cta][\/et_pb_column][\/et_pb_row][\/et_pb_section]<\/p>\n","protected":false},"excerpt":{"rendered":"<p>En el \u00e1mbito industrial garantizar la seguridad y eficiencia de las estructuras es fundamental. Nuestro servicio de c\u00e1lculo y dise\u00f1o de estructuras industriales combina experiencia en ingenier\u00eda estructural y cumplimiento de Euroc\u00f3digos y normativa espa\u00f1ola (CTE), asegurando que cada proyecto cumpla los m\u00e1s altos est\u00e1ndares de resistencia, estabilidad y fiabilidad. Desde estructuras met\u00e1licas hasta sistemas [&hellip;]<\/p>\n","protected":false},"author":1,"featured_media":0,"parent":0,"menu_order":0,"comment_status":"closed","ping_status":"closed","template":"","meta":{"_et_pb_use_builder":"on","_et_pb_old_content":"","_et_gb_content_width":"","footnotes":""},"class_list":["post-405200","page","type-page","status-publish","hentry"],"yoast_head":"<!-- This site is optimized with the Yoast SEO plugin v27.4 - https:\/\/yoast.com\/product\/yoast-seo-wordpress\/ -->\n<title>C\u00e1lculo y Dise\u00f1o de Estructuras Industriales \u2013 Ingenier\u00eda Estructural seg\u00fan Euroc\u00f3digos en el Vall\u00e8s - Steyk<\/title>\n<meta name=\"robots\" content=\"index, follow, max-snippet:-1, max-image-preview:large, max-video-preview:-1\" \/>\n<link rel=\"canonical\" href=\"https:\/\/steykmp.com\/es\/calculo-y-diseno-de-estructuras-industriales-ingenieria-estructural-segun-eurocodigos-en-el-valles\/\" \/>\n<meta property=\"og:locale\" content=\"es_ES\" \/>\n<meta property=\"og:type\" content=\"article\" \/>\n<meta property=\"og:title\" content=\"C\u00e1lculo y Dise\u00f1o de Estructuras Industriales \u2013 Ingenier\u00eda Estructural seg\u00fan Euroc\u00f3digos en el Vall\u00e8s - Steyk\" \/>\n<meta property=\"og:description\" content=\"En el \u00e1mbito industrial garantizar la seguridad y eficiencia de las estructuras es fundamental. Nuestro servicio de c\u00e1lculo y dise\u00f1o de estructuras industriales combina experiencia en ingenier\u00eda estructural y cumplimiento de Euroc\u00f3digos y normativa espa\u00f1ola (CTE), asegurando que cada proyecto cumpla los m\u00e1s altos est\u00e1ndares de resistencia, estabilidad y fiabilidad. Desde estructuras met\u00e1licas hasta sistemas [&hellip;]\" \/>\n<meta property=\"og:url\" content=\"https:\/\/steykmp.com\/es\/calculo-y-diseno-de-estructuras-industriales-ingenieria-estructural-segun-eurocodigos-en-el-valles\/\" \/>\n<meta property=\"og:site_name\" content=\"Steyk\" \/>\n<meta property=\"article:modified_time\" content=\"2026-03-26T09:06:05+00:00\" \/>\n<meta name=\"twitter:card\" content=\"summary_large_image\" \/>\n<script type=\"application\/ld+json\" class=\"yoast-schema-graph\">{\"@context\":\"https:\\\/\\\/schema.org\",\"@graph\":[{\"@type\":\"WebPage\",\"@id\":\"https:\\\/\\\/steykmp.com\\\/es\\\/calculo-y-diseno-de-estructuras-industriales-ingenieria-estructural-segun-eurocodigos-en-el-valles\\\/\",\"url\":\"https:\\\/\\\/steykmp.com\\\/es\\\/calculo-y-diseno-de-estructuras-industriales-ingenieria-estructural-segun-eurocodigos-en-el-valles\\\/\",\"name\":\"C\u00e1lculo y Dise\u00f1o de Estructuras Industriales \u2013 Ingenier\u00eda Estructural seg\u00fan Euroc\u00f3digos en el Vall\u00e8s - Steyk\",\"isPartOf\":{\"@id\":\"https:\\\/\\\/steykmp.com\\\/#website\"},\"datePublished\":\"2026-02-23T10:59:09+00:00\",\"dateModified\":\"2026-03-26T09:06:05+00:00\",\"breadcrumb\":{\"@id\":\"https:\\\/\\\/steykmp.com\\\/es\\\/calculo-y-diseno-de-estructuras-industriales-ingenieria-estructural-segun-eurocodigos-en-el-valles\\\/#breadcrumb\"},\"inLanguage\":\"es\",\"potentialAction\":[{\"@type\":\"ReadAction\",\"target\":[\"https:\\\/\\\/steykmp.com\\\/es\\\/calculo-y-diseno-de-estructuras-industriales-ingenieria-estructural-segun-eurocodigos-en-el-valles\\\/\"]}]},{\"@type\":\"BreadcrumbList\",\"@id\":\"https:\\\/\\\/steykmp.com\\\/es\\\/calculo-y-diseno-de-estructuras-industriales-ingenieria-estructural-segun-eurocodigos-en-el-valles\\\/#breadcrumb\",\"itemListElement\":[{\"@type\":\"ListItem\",\"position\":1,\"name\":\"Inici\",\"item\":\"https:\\\/\\\/steykmp.com\\\/es\\\/inicio\\\/\"},{\"@type\":\"ListItem\",\"position\":2,\"name\":\"C\u00e1lculo y Dise\u00f1o de Estructuras Industriales \u2013 Ingenier\u00eda Estructural seg\u00fan Euroc\u00f3digos en el Vall\u00e8s\"}]},{\"@type\":\"WebSite\",\"@id\":\"https:\\\/\\\/steykmp.com\\\/#website\",\"url\":\"https:\\\/\\\/steykmp.com\\\/\",\"name\":\"Steyk Enginyeria\",\"description\":\"Projectes d&#039;enginyeria claus en m\u00e0\",\"publisher\":{\"@id\":\"https:\\\/\\\/steykmp.com\\\/#organization\"},\"potentialAction\":[{\"@type\":\"SearchAction\",\"target\":{\"@type\":\"EntryPoint\",\"urlTemplate\":\"https:\\\/\\\/steykmp.com\\\/?s={search_term_string}\"},\"query-input\":{\"@type\":\"PropertyValueSpecification\",\"valueRequired\":true,\"valueName\":\"search_term_string\"}}],\"inLanguage\":\"es\"},{\"@type\":\"Organization\",\"@id\":\"https:\\\/\\\/steykmp.com\\\/#organization\",\"name\":\"Steyk\",\"url\":\"https:\\\/\\\/steykmp.com\\\/\",\"logo\":{\"@type\":\"ImageObject\",\"inLanguage\":\"es\",\"@id\":\"https:\\\/\\\/steykmp.com\\\/#\\\/schema\\\/logo\\\/image\\\/\",\"url\":\"https:\\\/\\\/steykmp.com\\\/wp-content\\\/uploads\\\/2025\\\/04\\\/Logo-Steyk-2025.jpg\",\"contentUrl\":\"https:\\\/\\\/steykmp.com\\\/wp-content\\\/uploads\\\/2025\\\/04\\\/Logo-Steyk-2025.jpg\",\"width\":665,\"height\":404,\"caption\":\"Steyk\"},\"image\":{\"@id\":\"https:\\\/\\\/steykmp.com\\\/#\\\/schema\\\/logo\\\/image\\\/\"}}]}<\/script>\n<!-- \/ Yoast SEO plugin. -->","yoast_head_json":{"title":"C\u00e1lculo y Dise\u00f1o de Estructuras Industriales \u2013 Ingenier\u00eda Estructural seg\u00fan Euroc\u00f3digos en el Vall\u00e8s - Steyk","robots":{"index":"index","follow":"follow","max-snippet":"max-snippet:-1","max-image-preview":"max-image-preview:large","max-video-preview":"max-video-preview:-1"},"canonical":"https:\/\/steykmp.com\/es\/calculo-y-diseno-de-estructuras-industriales-ingenieria-estructural-segun-eurocodigos-en-el-valles\/","og_locale":"es_ES","og_type":"article","og_title":"C\u00e1lculo y Dise\u00f1o de Estructuras Industriales \u2013 Ingenier\u00eda Estructural seg\u00fan Euroc\u00f3digos en el Vall\u00e8s - Steyk","og_description":"En el \u00e1mbito industrial garantizar la seguridad y eficiencia de las estructuras es fundamental. Nuestro servicio de c\u00e1lculo y dise\u00f1o de estructuras industriales combina experiencia en ingenier\u00eda estructural y cumplimiento de Euroc\u00f3digos y normativa espa\u00f1ola (CTE), asegurando que cada proyecto cumpla los m\u00e1s altos est\u00e1ndares de resistencia, estabilidad y fiabilidad. Desde estructuras met\u00e1licas hasta sistemas [&hellip;]","og_url":"https:\/\/steykmp.com\/es\/calculo-y-diseno-de-estructuras-industriales-ingenieria-estructural-segun-eurocodigos-en-el-valles\/","og_site_name":"Steyk","article_modified_time":"2026-03-26T09:06:05+00:00","twitter_card":"summary_large_image","schema":{"@context":"https:\/\/schema.org","@graph":[{"@type":"WebPage","@id":"https:\/\/steykmp.com\/es\/calculo-y-diseno-de-estructuras-industriales-ingenieria-estructural-segun-eurocodigos-en-el-valles\/","url":"https:\/\/steykmp.com\/es\/calculo-y-diseno-de-estructuras-industriales-ingenieria-estructural-segun-eurocodigos-en-el-valles\/","name":"C\u00e1lculo y Dise\u00f1o de Estructuras Industriales \u2013 Ingenier\u00eda Estructural seg\u00fan Euroc\u00f3digos en el Vall\u00e8s - Steyk","isPartOf":{"@id":"https:\/\/steykmp.com\/#website"},"datePublished":"2026-02-23T10:59:09+00:00","dateModified":"2026-03-26T09:06:05+00:00","breadcrumb":{"@id":"https:\/\/steykmp.com\/es\/calculo-y-diseno-de-estructuras-industriales-ingenieria-estructural-segun-eurocodigos-en-el-valles\/#breadcrumb"},"inLanguage":"es","potentialAction":[{"@type":"ReadAction","target":["https:\/\/steykmp.com\/es\/calculo-y-diseno-de-estructuras-industriales-ingenieria-estructural-segun-eurocodigos-en-el-valles\/"]}]},{"@type":"BreadcrumbList","@id":"https:\/\/steykmp.com\/es\/calculo-y-diseno-de-estructuras-industriales-ingenieria-estructural-segun-eurocodigos-en-el-valles\/#breadcrumb","itemListElement":[{"@type":"ListItem","position":1,"name":"Inici","item":"https:\/\/steykmp.com\/es\/inicio\/"},{"@type":"ListItem","position":2,"name":"C\u00e1lculo y Dise\u00f1o de Estructuras Industriales \u2013 Ingenier\u00eda Estructural seg\u00fan Euroc\u00f3digos en el Vall\u00e8s"}]},{"@type":"WebSite","@id":"https:\/\/steykmp.com\/#website","url":"https:\/\/steykmp.com\/","name":"Steyk Enginyeria","description":"Projectes d&#039;enginyeria claus en m\u00e0","publisher":{"@id":"https:\/\/steykmp.com\/#organization"},"potentialAction":[{"@type":"SearchAction","target":{"@type":"EntryPoint","urlTemplate":"https:\/\/steykmp.com\/?s={search_term_string}"},"query-input":{"@type":"PropertyValueSpecification","valueRequired":true,"valueName":"search_term_string"}}],"inLanguage":"es"},{"@type":"Organization","@id":"https:\/\/steykmp.com\/#organization","name":"Steyk","url":"https:\/\/steykmp.com\/","logo":{"@type":"ImageObject","inLanguage":"es","@id":"https:\/\/steykmp.com\/#\/schema\/logo\/image\/","url":"https:\/\/steykmp.com\/wp-content\/uploads\/2025\/04\/Logo-Steyk-2025.jpg","contentUrl":"https:\/\/steykmp.com\/wp-content\/uploads\/2025\/04\/Logo-Steyk-2025.jpg","width":665,"height":404,"caption":"Steyk"},"image":{"@id":"https:\/\/steykmp.com\/#\/schema\/logo\/image\/"}}]}},"_links":{"self":[{"href":"https:\/\/steykmp.com\/es\/wp-json\/wp\/v2\/pages\/405200","targetHints":{"allow":["GET"]}}],"collection":[{"href":"https:\/\/steykmp.com\/es\/wp-json\/wp\/v2\/pages"}],"about":[{"href":"https:\/\/steykmp.com\/es\/wp-json\/wp\/v2\/types\/page"}],"author":[{"embeddable":true,"href":"https:\/\/steykmp.com\/es\/wp-json\/wp\/v2\/users\/1"}],"replies":[{"embeddable":true,"href":"https:\/\/steykmp.com\/es\/wp-json\/wp\/v2\/comments?post=405200"}],"version-history":[{"count":5,"href":"https:\/\/steykmp.com\/es\/wp-json\/wp\/v2\/pages\/405200\/revisions"}],"predecessor-version":[{"id":405775,"href":"https:\/\/steykmp.com\/es\/wp-json\/wp\/v2\/pages\/405200\/revisions\/405775"}],"wp:attachment":[{"href":"https:\/\/steykmp.com\/es\/wp-json\/wp\/v2\/media?parent=405200"}],"curies":[{"name":"wp","href":"https:\/\/api.w.org\/{rel}","templated":true}]}}