{"id":405233,"date":"2026-02-23T11:41:44","date_gmt":"2026-02-23T11:41:44","guid":{"rendered":"https:\/\/steykmp.com\/?page_id=405233"},"modified":"2026-03-26T09:12:21","modified_gmt":"2026-03-26T09:12:21","slug":"documentacion-tecnica-industrial-en-el-valles-homologacion-ce-manuales-de-usuario-y-recambios-cumplir-con-la-normativa-europea-y-espanola","status":"publish","type":"page","link":"https:\/\/steykmp.com\/es\/documentacion-tecnica-industrial-en-el-valles-homologacion-ce-manuales-de-usuario-y-recambios-cumplir-con-la-normativa-europea-y-espanola\/","title":{"rendered":"Documentaci\u00f3n t\u00e9cnica industrial en el Vall\u00e8s \u2013 Homologaci\u00f3n CE, manuales de usuario y recambios: Cumplir con la normativa europea y espa\u00f1ola"},"content":{"rendered":"<p>[et_pb_section fb_built=\u00bb1&#8243; custom_padding_last_edited=\u00bbon|phone\u00bb _builder_version=\u00bb4.27.4&#8243; _module_preset=\u00bbdefault\u00bb custom_margin=\u00bb-90px||||false|false\u00bb custom_margin_tablet=\u00bb0px||||false|false\u00bb custom_margin_phone=\u00bb0px||||false|false\u00bb custom_margin_last_edited=\u00bbon|phone\u00bb custom_padding=\u00bb3px||0px||false|false\u00bb custom_padding_tablet=\u00bb0px||||false|false\u00bb custom_padding_phone=\u00bb0px||||false|false\u00bb global_colors_info=\u00bb{}\u00bb][et_pb_row _builder_version=\u00bb4.27.4&#8243; _module_preset=\u00bbdefault\u00bb width=\u00bb100%\u00bb max_width=\u00bb100%\u00bb custom_padding=\u00bb3px|||||\u00bb global_colors_info=\u00bb{}\u00bb][et_pb_column type=\u00bb4_4&#8243; _builder_version=\u00bb4.27.4&#8243; _module_preset=\u00bbdefault\u00bb global_colors_info=\u00bb{}\u00bb][et_pb_slider use_bg_overlay=\u00bbon\u00bb _builder_version=\u00bb4.27.6&#8243; _module_preset=\u00bbdefault\u00bb hover_enabled=\u00bb0&#8243; global_colors_info=\u00bb{}\u00bb custom_padding=\u00bb120px||||false|false\u00bb sticky_enabled=\u00bb0&#8243;][et_pb_slide _builder_version=\u00bb4.27.6&#8243; _module_preset=\u00bbdefault\u00bb header_level=\u00bbh1&#8243; header_font_size=\u00bb46px\u00bb header_line_height=\u00bb1.1em\u00bb body_font_size=\u00bb22px\u00bb body_line_height=\u00bb2em\u00bb background_image=\u00bbhttps:\/\/steykmp.com\/wp-content\/uploads\/2025\/03\/10-Expediente-CE-Bandera-azul-con-estrellas-1.jpg\u00bb background_enable_image=\u00bbon\u00bb hover_enabled=\u00bb0&#8243; global_colors_info=\u00bb{}\u00bb sticky_transition=\u00bbon\u00bb sticky_enabled=\u00bb0&#8243;]<\/p>\n<p><!--<\/p>\n\n\n\n\n<h2 style=\"text-align: center;\">Ingenier\u00eda Multidisciplinar: Nuestra experiencia a su servicio<\/h2>\n\n\n\n\n<p>--><\/p>\n<p>[\/et_pb_slide][\/et_pb_slider][\/et_pb_column][\/et_pb_row][et_pb_row make_equal=\u00bbon\u00bb _builder_version=\u00bb4.27.5&#8243; _module_preset=\u00bbdefault\u00bb max_width=\u00bb100%\u00bb custom_margin=\u00bb0px|auto|-6px|auto|false|false\u00bb custom_css_main_element=\u00bbalign-items:center;\u00bb locked=\u00bboff\u00bb global_colors_info=\u00bb{}\u00bb][et_pb_column type=\u00bb4_4&#8243; _builder_version=\u00bb4.27.5&#8243; _module_preset=\u00bbdefault\u00bb global_colors_info=\u00bb{}\u00bb][et_pb_heading title=\u00bbDuerme tranquilo sabiendo que tu maquinaria en el Vall\u00e8s cumple todas las directivas para su Homologaci\u00f3n CE a nivel europeo y espa\u00f1ol\u00bb _builder_version=\u00bb4.27.5&#8243; _module_preset=\u00bbdefault\u00bb title_text_align=\u00bbcenter\u00bb global_colors_info=\u00bb{}\u00bb][\/et_pb_heading][\/et_pb_column][\/et_pb_row][\/et_pb_section][et_pb_section fb_built=\u00bb1&#8243; custom_padding_last_edited=\u00bbon|phone\u00bb _builder_version=\u00bb4.27.5&#8243; _module_preset=\u00bbdefault\u00bb custom_margin=\u00bb0px||||false|false\u00bb custom_padding=\u00bb0px||0px||true|false\u00bb custom_padding_tablet=\u00bb20px||40px||false|false\u00bb custom_padding_phone=\u00bb20px||40px||false|false\u00bb global_colors_info=\u00bb{}\u00bb][et_pb_row make_equal=\u00bbon\u00bb _builder_version=\u00bb4.27.4&#8243; _module_preset=\u00bbdefault\u00bb max_width=\u00bb100%\u00bb custom_margin=\u00bb0px|auto|51px|auto|false|false\u00bb custom_css_main_element=\u00bbalign-items:center;\u00bb global_colors_info=\u00bb{}\u00bb][et_pb_column type=\u00bb4_4&#8243; _builder_version=\u00bb4.27.4&#8243; _module_preset=\u00bbdefault\u00bb global_colors_info=\u00bb{}\u00bb][et_pb_cta title=\u00bbHomologaci\u00f3n CE, manuales de usuario y recambios\u00bb _builder_version=\u00bb4.27.5&#8243; _module_preset=\u00bb6901f3ca-79ee-4bc9-89c0-9260de3a0578&#8243; custom_padding_tablet=\u00bb0px||0px||false|false\u00bb custom_padding_phone=\u00bb0px||||false|false\u00bb custom_padding_last_edited=\u00bbon|phone\u00bb global_colors_info=\u00bb{}\u00bb]<\/p>\n<p>En el \u00e1mbito industrial del Vall\u00e8s, contar con <strong>documentaci\u00f3n t\u00e9cnica completa y conforme a normativa CE<\/strong> es clave para garantizar la seguridad, legalidad y correcto funcionamiento de los equipos. Nos especializamos en la <strong>elaboraci\u00f3n de documentaci\u00f3n t\u00e9cnica industrial<\/strong>, incluyendo <strong>homologaci\u00f3n de equipos con marcado CE<\/strong>, manuales de usuario y recambios, asegurando que cada instalaci\u00f3n cumpla con los <strong>requisitos legales y normativos vigentes en Espa\u00f1a<\/strong>. Nuestro objetivo es proporcionar informaci\u00f3n clara, precisa y actualizada que facilite la operaci\u00f3n y mantenimiento seguro de los equipos industriales.<\/p>\n<p>[\/et_pb_cta][\/et_pb_column][\/et_pb_row][et_pb_row column_structure=\u00bb1_3,1_3,1_3&#8243; custom_padding_last_edited=\u00bbon|desktop\u00bb module_class=\u00bbprojectes\u00bb _builder_version=\u00bb4.27.4&#8243; _module_preset=\u00bbdefault\u00bb max_width=\u00bb100%\u00bb custom_padding=\u00bb0px||||false|false\u00bb custom_padding_tablet=\u00bb0px||||false|false\u00bb custom_padding_phone=\u00bb0px||||false|false\u00bb global_colors_info=\u00bb{}\u00bb][et_pb_column type=\u00bb1_3&#8243; _builder_version=\u00bb4.27.4&#8243; _module_preset=\u00bbdefault\u00bb global_colors_info=\u00bb{}\u00bb][et_pb_blurb title=\u00bbHomologaci\u00f3n de equipos con marcado CE\u00bb image=\u00bbhttps:\/\/steykmp.com\/wp-content\/uploads\/2026\/02\/Homologacion-de-equipos-con-marcado-CE.jpg\u00bb _builder_version=\u00bb4.27.5&#8243; _module_preset=\u00bbdefault\u00bb header_level=\u00bbh3&#8243; header_text_align=\u00bbcenter\u00bb body_text_align=\u00bbleft\u00bb background_color=\u00bb#d1d1d1&#8243; custom_padding=\u00bb20px|20px|20px|20px|true|true\u00bb border_radii=\u00bbon|5px|5px|5px|5px\u00bb global_colors_info=\u00bb{}\u00bb]<\/p>\n<p>En el Vall\u00e8s, elaboramos toda la <strong>documentaci\u00f3n de conformidad CE<\/strong> necesaria para que tus equipos industriales cumplan las directivas europeas aplicables (como <strong>Directiva de Maquinaria 2006\/42\/CE<\/strong>, LVD o EMC). Que incluye sin ser una lista cerrada:<\/p>\n<ul>\n<li>Evaluaci\u00f3n de riesgos y verificaci\u00f3n de seguridad.<\/li>\n<li>Certificados de conformidad y fichas t\u00e9cnicas.<\/li>\n<li>Planes de pruebas y ensayos seg\u00fan normativa.<\/li>\n<\/ul>\n<p>As\u00ed, los equipos cumplen los est\u00e1ndares europeos y espa\u00f1oles, facilitando su <strong>puesta en servicio legal y segura<\/strong>.<\/p>\n<p>[\/et_pb_blurb][\/et_pb_column][et_pb_column type=\u00bb1_3&#8243; _builder_version=\u00bb4.27.4&#8243; _module_preset=\u00bbdefault\u00bb global_colors_info=\u00bb{}\u00bb][et_pb_blurb title=\u00bbManuales de usuario y recambios Industriales\u00bb image=\u00bbhttps:\/\/steykmp.com\/wp-content\/uploads\/2026\/02\/Manuales-de-usuario-y-recambios-Industriales.jpg\u00bb alt=\u00bbEstructures met\u00e0l\u00b7liques 4&#8243; _builder_version=\u00bb4.27.5&#8243; _module_preset=\u00bbdefault\u00bb header_level=\u00bbh3&#8243; header_text_align=\u00bbcenter\u00bb body_text_align=\u00bbleft\u00bb background_color=\u00bb#d1d1d1&#8243; custom_padding=\u00bb20px|20px|20px|20px|true|true\u00bb border_radii=\u00bbon|5px|5px|5px|5px\u00bb global_colors_info=\u00bb{}\u00bb]<\/p>\n<p>Ofrecemos la <strong>redacci\u00f3n de manuales de usuario y gu\u00edas de mantenimiento<\/strong>, incluyendo todo el soporte gr\u00e1fico necesario, as\u00ed como documentaci\u00f3n de recambios, para empresas industriales del Vall\u00e8s. Cada manual incluye (sin ser una lista cerrada):<\/p>\n<ul>\n<li>Instrucciones de uso claras y seguras.<\/li>\n<li>Procedimientos de mantenimiento preventivo y correctivo.<\/li>\n<li>Listado y trazabilidad de piezas de recambio y repuestos.<\/li>\n<\/ul>\n<p>Esto permite operar y mantener los equipos de manera eficiente, minimizando riesgos y garantizando la durabilidad de las instalaciones.<\/p>\n<p>[\/et_pb_blurb][\/et_pb_column][et_pb_column type=\u00bb1_3&#8243; _builder_version=\u00bb4.27.4&#8243; _module_preset=\u00bbdefault\u00bb global_colors_info=\u00bb{}\u00bb][et_pb_blurb title=\u00bbCapacidad gr\u00e1fica y visual en manuales\u00bb image=\u00bbhttps:\/\/steykmp.com\/wp-content\/uploads\/2026\/02\/Capacidad-grafica-y-visual-en-manuales.jpg\u00bb _builder_version=\u00bb4.27.5&#8243; _module_preset=\u00bbdefault\u00bb header_level=\u00bbh3&#8243; header_text_align=\u00bbcenter\u00bb body_text_align=\u00bbleft\u00bb background_color=\u00bb#d1d1d1&#8243; custom_padding=\u00bb20px|20px|20px|20px|true|true\u00bb border_radii=\u00bbon|5px|5px|5px|5px\u00bb global_colors_info=\u00bb{}\u00bb]<\/p>\n<p>En nuestro servicio de documentaci\u00f3n t\u00e9cnica en el Vall\u00e8s, no solo proporcionamos informaci\u00f3n completa y normativa, sino que tambi\u00e9n incorporamos <strong>representaciones gr\u00e1ficas claras y precisas<\/strong> en todos los manuales y gu\u00edas de recambios. Esto incluye <strong>diagramas de montaje, esquemas de funcionamiento, ilustraciones de piezas y planos de recambios<\/strong>, dise\u00f1ados para que los usuarios industriales puedan <strong>identificar, instalar y mantener los equipos de manera r\u00e1pida y segura<\/strong>. La combinaci\u00f3n de texto t\u00e9cnico y material gr\u00e1fico asegura que cada manual sea <strong>intuitivo, profesional y f\u00e1cil de usar<\/strong>, aumentando la eficiencia y reduciendo errores en la operaci\u00f3n de los equipos.<\/p>\n<p>[\/et_pb_blurb][\/et_pb_column][\/et_pb_row][et_pb_row _builder_version=\u00bb4.27.4&#8243; _module_preset=\u00bbdefault\u00bb max_width=\u00bb100%\u00bb global_colors_info=\u00bb{}\u00bb][et_pb_column type=\u00bb4_4&#8243; _builder_version=\u00bb4.27.4&#8243; _module_preset=\u00bbdefault\u00bb global_colors_info=\u00bb{}\u00bb][et_pb_button button_url=\u00bbhttps:\/\/steykmp.com\/es\/contacto\/\u00bb button_text=\u00bbDeja el papeleo en nuestras manos y vuelve a centrarte en la ingenier\u00eda. Hablamos de tu Marcado CE y olv\u00eddate de los bloqueos normativos en el Vall\u00e8s\u00bb button_alignment=\u00bbcenter\u00bb _builder_version=\u00bb4.27.5&#8243; _module_preset=\u00bbdefault\u00bb custom_button=\u00bbon\u00bb button_text_size=\u00bb40px\u00bb button_text_color=\u00bb#FFFFFF\u00bb button_bg_color=\u00bb#8300E9&#8243; button_border_color=\u00bb#8300E9&#8243; button_letter_spacing=\u00bb1px\u00bb custom_css_main_element=\u00bbwidth: 100%\u00bb locked=\u00bboff\u00bb global_colors_info=\u00bb{}\u00bb][\/et_pb_button][\/et_pb_column][\/et_pb_row][et_pb_row column_structure=\u00bb2_5,3_5&#8243; make_equal=\u00bbon\u00bb module_class=\u00bbreverse\u00bb _builder_version=\u00bb4.27.4&#8243; _module_preset=\u00bbdefault\u00bb max_width=\u00bb100%\u00bb custom_margin=\u00bb|auto||auto|false|false\u00bb custom_padding=\u00bb40px|||||\u00bb custom_css_main_element=\u00bbalign-items:center;\u00bb global_colors_info=\u00bb{}\u00bb][et_pb_column type=\u00bb2_5&#8243; _builder_version=\u00bb4.27.4&#8243; _module_preset=\u00bbdefault\u00bb global_colors_info=\u00bb{}\u00bb][et_pb_image src=\u00bbhttps:\/\/steykmp.com\/wp-content\/uploads\/2026\/02\/Banderes-450&#215;550-1.jpg\u00bb alt=\u00bbplanta produccion\u00bb title_text=\u00bbBanderes-450&#215;550&#8243; _builder_version=\u00bb4.27.5&#8243; _module_preset=\u00bbdefault\u00bb width=\u00bb60%\u00bb module_alignment=\u00bbcenter\u00bb global_colors_info=\u00bb{}\u00bb][\/et_pb_image][\/et_pb_column][et_pb_column type=\u00bb3_5&#8243; _builder_version=\u00bb4.27.4&#8243; _module_preset=\u00bbdefault\u00bb global_colors_info=\u00bb{}\u00bb][et_pb_cta title=\u00bbSolicita presupuesto\u00bb _builder_version=\u00bb4.27.5&#8243; _module_preset=\u00bb6901f3ca-79ee-4bc9-89c0-9260de3a0578&#8243; custom_padding_tablet=\u00bb0px||||false|false\u00bb custom_padding_phone=\u00bb0px||||false|false\u00bb custom_padding_last_edited=\u00bbon|tablet\u00bb global_colors_info=\u00bb{}\u00bb]<\/p>\n<p><strong>\u00a1Asegura la legalidad y seguridad de tus equipos industriales en el Vall\u00e8s!<\/strong><br \/>Elabora con nosotros tu <strong>documentaci\u00f3n t\u00e9cnica completa<\/strong>, incluyendo <strong>homologaci\u00f3n CE, manuales de usuario y recambios<\/strong>, cumpliendo todas las normativas espa\u00f1olas y europeas.<\/p>\n<p>[\/et_pb_cta][\/et_pb_column][\/et_pb_row][\/et_pb_section][et_pb_section fb_built=\u00bb1&#8243; _builder_version=\u00bb4.27.4&#8243; _module_preset=\u00bbdefault\u00bb background_color=\u00bb#d1d1d1&#8243; custom_padding=\u00bb40px||40px||true|\u00bb global_colors_info=\u00bb{}\u00bb][et_pb_row _builder_version=\u00bb4.27.4&#8243; _module_preset=\u00bbdefault\u00bb global_colors_info=\u00bb{}\u00bb][et_pb_column type=\u00bb4_4&#8243; _builder_version=\u00bb4.27.4&#8243; _module_preset=\u00bbdefault\u00bb global_colors_info=\u00bb{}\u00bb][et_pb_cta title=\u00bbContacta con nuestros ingenieros hoy mismo\u00bb button_url=\u00bbhttps:\/\/steykmp.com\/es\/contacto\/\u00bb button_text=\u00bbContacto\u00bb _builder_version=\u00bb4.27.5&#8243; _module_preset=\u00bbdefault\u00bb header_line_height=\u00bb1.2em\u00bb background_enable_color=\u00bboff\u00bb custom_button=\u00bbon\u00bb button_text_size=\u00bb40px\u00bb button_text_color=\u00bb#FFFFFF\u00bb button_bg_color=\u00bb#8300E9&#8243; button_border_color=\u00bb#8300E9&#8243; background_layout=\u00bblight\u00bb global_colors_info=\u00bb{}\u00bb]<\/p>\n<p>Nos aseguraremos que su equipo cumpla con la normativa Europea y Espa\u00f1ola.<\/p>\n<p>[\/et_pb_cta][\/et_pb_column][\/et_pb_row][\/et_pb_section]<\/p>\n","protected":false},"excerpt":{"rendered":"<p>En el \u00e1mbito industrial del Vall\u00e8s, contar con documentaci\u00f3n t\u00e9cnica completa y conforme a normativa CE es clave para garantizar la seguridad, legalidad y correcto funcionamiento de los equipos. Nos especializamos en la elaboraci\u00f3n de documentaci\u00f3n t\u00e9cnica industrial, incluyendo homologaci\u00f3n de equipos con marcado CE, manuales de usuario y recambios, asegurando que cada instalaci\u00f3n cumpla [&hellip;]<\/p>\n","protected":false},"author":1,"featured_media":0,"parent":0,"menu_order":0,"comment_status":"closed","ping_status":"closed","template":"","meta":{"_et_pb_use_builder":"on","_et_pb_old_content":"","_et_gb_content_width":"","footnotes":""},"class_list":["post-405233","page","type-page","status-publish","hentry"],"yoast_head":"<!-- This site is optimized with the Yoast SEO plugin v27.4 - https:\/\/yoast.com\/product\/yoast-seo-wordpress\/ -->\n<title>Documentaci\u00f3n t\u00e9cnica industrial en el Vall\u00e8s \u2013 Homologaci\u00f3n CE, manuales de usuario y recambios: Cumplir con la normativa europea y espa\u00f1ola - Steyk<\/title>\n<meta name=\"robots\" content=\"index, follow, max-snippet:-1, max-image-preview:large, max-video-preview:-1\" \/>\n<link rel=\"canonical\" href=\"https:\/\/steykmp.com\/es\/documentacion-tecnica-industrial-en-el-valles-homologacion-ce-manuales-de-usuario-y-recambios-cumplir-con-la-normativa-europea-y-espanola\/\" \/>\n<meta property=\"og:locale\" content=\"es_ES\" \/>\n<meta property=\"og:type\" content=\"article\" \/>\n<meta property=\"og:title\" content=\"Documentaci\u00f3n t\u00e9cnica industrial en el Vall\u00e8s \u2013 Homologaci\u00f3n CE, manuales de usuario y recambios: Cumplir con la normativa europea y espa\u00f1ola - Steyk\" \/>\n<meta property=\"og:description\" content=\"En el \u00e1mbito industrial del Vall\u00e8s, contar con documentaci\u00f3n t\u00e9cnica completa y conforme a normativa CE es clave para garantizar la seguridad, legalidad y correcto funcionamiento de los equipos. Nos especializamos en la elaboraci\u00f3n de documentaci\u00f3n t\u00e9cnica industrial, incluyendo homologaci\u00f3n de equipos con marcado CE, manuales de usuario y recambios, asegurando que cada instalaci\u00f3n cumpla [&hellip;]\" \/>\n<meta property=\"og:url\" content=\"https:\/\/steykmp.com\/es\/documentacion-tecnica-industrial-en-el-valles-homologacion-ce-manuales-de-usuario-y-recambios-cumplir-con-la-normativa-europea-y-espanola\/\" \/>\n<meta property=\"og:site_name\" content=\"Steyk\" \/>\n<meta property=\"article:modified_time\" content=\"2026-03-26T09:12:21+00:00\" \/>\n<meta name=\"twitter:card\" content=\"summary_large_image\" \/>\n<script type=\"application\/ld+json\" class=\"yoast-schema-graph\">{\"@context\":\"https:\\\/\\\/schema.org\",\"@graph\":[{\"@type\":\"WebPage\",\"@id\":\"https:\\\/\\\/steykmp.com\\\/es\\\/documentacion-tecnica-industrial-en-el-valles-homologacion-ce-manuales-de-usuario-y-recambios-cumplir-con-la-normativa-europea-y-espanola\\\/\",\"url\":\"https:\\\/\\\/steykmp.com\\\/es\\\/documentacion-tecnica-industrial-en-el-valles-homologacion-ce-manuales-de-usuario-y-recambios-cumplir-con-la-normativa-europea-y-espanola\\\/\",\"name\":\"Documentaci\u00f3n t\u00e9cnica industrial en el Vall\u00e8s \u2013 Homologaci\u00f3n CE, manuales de usuario y recambios: Cumplir con la normativa europea y espa\u00f1ola - Steyk\",\"isPartOf\":{\"@id\":\"https:\\\/\\\/steykmp.com\\\/#website\"},\"datePublished\":\"2026-02-23T11:41:44+00:00\",\"dateModified\":\"2026-03-26T09:12:21+00:00\",\"breadcrumb\":{\"@id\":\"https:\\\/\\\/steykmp.com\\\/es\\\/documentacion-tecnica-industrial-en-el-valles-homologacion-ce-manuales-de-usuario-y-recambios-cumplir-con-la-normativa-europea-y-espanola\\\/#breadcrumb\"},\"inLanguage\":\"es\",\"potentialAction\":[{\"@type\":\"ReadAction\",\"target\":[\"https:\\\/\\\/steykmp.com\\\/es\\\/documentacion-tecnica-industrial-en-el-valles-homologacion-ce-manuales-de-usuario-y-recambios-cumplir-con-la-normativa-europea-y-espanola\\\/\"]}]},{\"@type\":\"BreadcrumbList\",\"@id\":\"https:\\\/\\\/steykmp.com\\\/es\\\/documentacion-tecnica-industrial-en-el-valles-homologacion-ce-manuales-de-usuario-y-recambios-cumplir-con-la-normativa-europea-y-espanola\\\/#breadcrumb\",\"itemListElement\":[{\"@type\":\"ListItem\",\"position\":1,\"name\":\"Inici\",\"item\":\"https:\\\/\\\/steykmp.com\\\/es\\\/inicio\\\/\"},{\"@type\":\"ListItem\",\"position\":2,\"name\":\"Documentaci\u00f3n t\u00e9cnica industrial en el Vall\u00e8s \u2013 Homologaci\u00f3n CE, manuales de usuario y recambios: Cumplir con la normativa europea y espa\u00f1ola\"}]},{\"@type\":\"WebSite\",\"@id\":\"https:\\\/\\\/steykmp.com\\\/#website\",\"url\":\"https:\\\/\\\/steykmp.com\\\/\",\"name\":\"Steyk Enginyeria\",\"description\":\"Projectes d&#039;enginyeria claus en m\u00e0\",\"publisher\":{\"@id\":\"https:\\\/\\\/steykmp.com\\\/#organization\"},\"potentialAction\":[{\"@type\":\"SearchAction\",\"target\":{\"@type\":\"EntryPoint\",\"urlTemplate\":\"https:\\\/\\\/steykmp.com\\\/?s={search_term_string}\"},\"query-input\":{\"@type\":\"PropertyValueSpecification\",\"valueRequired\":true,\"valueName\":\"search_term_string\"}}],\"inLanguage\":\"es\"},{\"@type\":\"Organization\",\"@id\":\"https:\\\/\\\/steykmp.com\\\/#organization\",\"name\":\"Steyk\",\"url\":\"https:\\\/\\\/steykmp.com\\\/\",\"logo\":{\"@type\":\"ImageObject\",\"inLanguage\":\"es\",\"@id\":\"https:\\\/\\\/steykmp.com\\\/#\\\/schema\\\/logo\\\/image\\\/\",\"url\":\"https:\\\/\\\/steykmp.com\\\/wp-content\\\/uploads\\\/2025\\\/04\\\/Logo-Steyk-2025.jpg\",\"contentUrl\":\"https:\\\/\\\/steykmp.com\\\/wp-content\\\/uploads\\\/2025\\\/04\\\/Logo-Steyk-2025.jpg\",\"width\":665,\"height\":404,\"caption\":\"Steyk\"},\"image\":{\"@id\":\"https:\\\/\\\/steykmp.com\\\/#\\\/schema\\\/logo\\\/image\\\/\"}}]}<\/script>\n<!-- \/ Yoast SEO plugin. -->","yoast_head_json":{"title":"Documentaci\u00f3n t\u00e9cnica industrial en el Vall\u00e8s \u2013 Homologaci\u00f3n CE, manuales de usuario y recambios: Cumplir con la normativa europea y espa\u00f1ola - Steyk","robots":{"index":"index","follow":"follow","max-snippet":"max-snippet:-1","max-image-preview":"max-image-preview:large","max-video-preview":"max-video-preview:-1"},"canonical":"https:\/\/steykmp.com\/es\/documentacion-tecnica-industrial-en-el-valles-homologacion-ce-manuales-de-usuario-y-recambios-cumplir-con-la-normativa-europea-y-espanola\/","og_locale":"es_ES","og_type":"article","og_title":"Documentaci\u00f3n t\u00e9cnica industrial en el Vall\u00e8s \u2013 Homologaci\u00f3n CE, manuales de usuario y recambios: Cumplir con la normativa europea y espa\u00f1ola - Steyk","og_description":"En el \u00e1mbito industrial del Vall\u00e8s, contar con documentaci\u00f3n t\u00e9cnica completa y conforme a normativa CE es clave para garantizar la seguridad, legalidad y correcto funcionamiento de los equipos. Nos especializamos en la elaboraci\u00f3n de documentaci\u00f3n t\u00e9cnica industrial, incluyendo homologaci\u00f3n de equipos con marcado CE, manuales de usuario y recambios, asegurando que cada instalaci\u00f3n cumpla [&hellip;]","og_url":"https:\/\/steykmp.com\/es\/documentacion-tecnica-industrial-en-el-valles-homologacion-ce-manuales-de-usuario-y-recambios-cumplir-con-la-normativa-europea-y-espanola\/","og_site_name":"Steyk","article_modified_time":"2026-03-26T09:12:21+00:00","twitter_card":"summary_large_image","schema":{"@context":"https:\/\/schema.org","@graph":[{"@type":"WebPage","@id":"https:\/\/steykmp.com\/es\/documentacion-tecnica-industrial-en-el-valles-homologacion-ce-manuales-de-usuario-y-recambios-cumplir-con-la-normativa-europea-y-espanola\/","url":"https:\/\/steykmp.com\/es\/documentacion-tecnica-industrial-en-el-valles-homologacion-ce-manuales-de-usuario-y-recambios-cumplir-con-la-normativa-europea-y-espanola\/","name":"Documentaci\u00f3n t\u00e9cnica industrial en el Vall\u00e8s \u2013 Homologaci\u00f3n CE, manuales de usuario y recambios: Cumplir con la normativa europea y espa\u00f1ola - Steyk","isPartOf":{"@id":"https:\/\/steykmp.com\/#website"},"datePublished":"2026-02-23T11:41:44+00:00","dateModified":"2026-03-26T09:12:21+00:00","breadcrumb":{"@id":"https:\/\/steykmp.com\/es\/documentacion-tecnica-industrial-en-el-valles-homologacion-ce-manuales-de-usuario-y-recambios-cumplir-con-la-normativa-europea-y-espanola\/#breadcrumb"},"inLanguage":"es","potentialAction":[{"@type":"ReadAction","target":["https:\/\/steykmp.com\/es\/documentacion-tecnica-industrial-en-el-valles-homologacion-ce-manuales-de-usuario-y-recambios-cumplir-con-la-normativa-europea-y-espanola\/"]}]},{"@type":"BreadcrumbList","@id":"https:\/\/steykmp.com\/es\/documentacion-tecnica-industrial-en-el-valles-homologacion-ce-manuales-de-usuario-y-recambios-cumplir-con-la-normativa-europea-y-espanola\/#breadcrumb","itemListElement":[{"@type":"ListItem","position":1,"name":"Inici","item":"https:\/\/steykmp.com\/es\/inicio\/"},{"@type":"ListItem","position":2,"name":"Documentaci\u00f3n t\u00e9cnica industrial en el Vall\u00e8s \u2013 Homologaci\u00f3n CE, manuales de usuario y recambios: Cumplir con la normativa europea y espa\u00f1ola"}]},{"@type":"WebSite","@id":"https:\/\/steykmp.com\/#website","url":"https:\/\/steykmp.com\/","name":"Steyk Enginyeria","description":"Projectes d&#039;enginyeria claus en m\u00e0","publisher":{"@id":"https:\/\/steykmp.com\/#organization"},"potentialAction":[{"@type":"SearchAction","target":{"@type":"EntryPoint","urlTemplate":"https:\/\/steykmp.com\/?s={search_term_string}"},"query-input":{"@type":"PropertyValueSpecification","valueRequired":true,"valueName":"search_term_string"}}],"inLanguage":"es"},{"@type":"Organization","@id":"https:\/\/steykmp.com\/#organization","name":"Steyk","url":"https:\/\/steykmp.com\/","logo":{"@type":"ImageObject","inLanguage":"es","@id":"https:\/\/steykmp.com\/#\/schema\/logo\/image\/","url":"https:\/\/steykmp.com\/wp-content\/uploads\/2025\/04\/Logo-Steyk-2025.jpg","contentUrl":"https:\/\/steykmp.com\/wp-content\/uploads\/2025\/04\/Logo-Steyk-2025.jpg","width":665,"height":404,"caption":"Steyk"},"image":{"@id":"https:\/\/steykmp.com\/#\/schema\/logo\/image\/"}}]}},"_links":{"self":[{"href":"https:\/\/steykmp.com\/es\/wp-json\/wp\/v2\/pages\/405233","targetHints":{"allow":["GET"]}}],"collection":[{"href":"https:\/\/steykmp.com\/es\/wp-json\/wp\/v2\/pages"}],"about":[{"href":"https:\/\/steykmp.com\/es\/wp-json\/wp\/v2\/types\/page"}],"author":[{"embeddable":true,"href":"https:\/\/steykmp.com\/es\/wp-json\/wp\/v2\/users\/1"}],"replies":[{"embeddable":true,"href":"https:\/\/steykmp.com\/es\/wp-json\/wp\/v2\/comments?post=405233"}],"version-history":[{"count":7,"href":"https:\/\/steykmp.com\/es\/wp-json\/wp\/v2\/pages\/405233\/revisions"}],"predecessor-version":[{"id":405792,"href":"https:\/\/steykmp.com\/es\/wp-json\/wp\/v2\/pages\/405233\/revisions\/405792"}],"wp:attachment":[{"href":"https:\/\/steykmp.com\/es\/wp-json\/wp\/v2\/media?parent=405233"}],"curies":[{"name":"wp","href":"https:\/\/api.w.org\/{rel}","templated":true}]}}