{"id":405262,"date":"2026-04-07T07:43:19","date_gmt":"2026-04-07T07:43:19","guid":{"rendered":"https:\/\/steykmp.com\/?page_id=405262"},"modified":"2026-04-07T07:43:19","modified_gmt":"2026-04-07T07:43:19","slug":"delineacion-y-modelado-3d-profesional-para-empresas-en-martorelles-con-solidworks-y-autocad","status":"publish","type":"page","link":"https:\/\/steykmp.com\/es\/delineacion-y-modelado-3d-profesional-para-empresas-en-martorelles-con-solidworks-y-autocad\/","title":{"rendered":"Delineaci\u00f3n y Modelado 3D Profesional para Empresas en Martorelles con SolidWorks y AutoCAD"},"content":{"rendered":"<p>[et_pb_section fb_built=\u00bb1&#8243; custom_padding_last_edited=\u00bbon|phone\u00bb _builder_version=\u00bb4.27.4&#8243; _module_preset=\u00bbdefault\u00bb custom_margin=\u00bb-90px||||false|false\u00bb custom_margin_tablet=\u00bb0px||||false|false\u00bb custom_margin_phone=\u00bb0px||||false|false\u00bb custom_margin_last_edited=\u00bbon|phone\u00bb custom_padding=\u00bb3px||0px||false|false\u00bb custom_padding_tablet=\u00bb0px||||false|false\u00bb custom_padding_phone=\u00bb0px||||false|false\u00bb global_colors_info=\u00bb{}\u00bb][et_pb_row _builder_version=\u00bb4.27.4&#8243; _module_preset=\u00bbdefault\u00bb width=\u00bb100%\u00bb max_width=\u00bb100%\u00bb custom_padding=\u00bb3px|||||\u00bb global_colors_info=\u00bb{}\u00bb][et_pb_column type=\u00bb4_4&#8243; _builder_version=\u00bb4.27.4&#8243; _module_preset=\u00bbdefault\u00bb global_colors_info=\u00bb{}\u00bb][et_pb_slider use_bg_overlay=\u00bbon\u00bb _builder_version=\u00bb4.27.6&#8243; _module_preset=\u00bbdefault\u00bb hover_enabled=\u00bb0&#8243; global_colors_info=\u00bb{}\u00bb custom_padding=\u00bb120px||||false|false\u00bb sticky_enabled=\u00bb0&#8243;][et_pb_slide _builder_version=\u00bb4.27.5&#8243; _module_preset=\u00bbdefault\u00bb header_level=\u00bbh1&#8243; header_font_size=\u00bb46px\u00bb header_line_height=\u00bb1.1em\u00bb body_font_size=\u00bb22px\u00bb body_line_height=\u00bb2em\u00bb background_image=\u00bbhttps:\/\/steykmp.com\/wp-content\/uploads\/2026\/02\/01-Diseno-3D-CAD-Tendencias-ver-03.jpg\u00bb background_enable_image=\u00bbon\u00bb global_colors_info=\u00bb{}\u00bb sticky_transition=\u00bbon\u00bb]<\/p>\n<p><!--<\/p>\n\n\n\n\n<h2 style=\"text-align: center;\">Ingenier\u00eda Multidisciplinar: Nuestra experiencia a su servicio<\/h2>\n\n\n\n\n<p>--><\/p>\n<p>[\/et_pb_slide][\/et_pb_slider][\/et_pb_column][\/et_pb_row][et_pb_row make_equal=\u00bbon\u00bb _builder_version=\u00bb4.27.5&#8243; _module_preset=\u00bbdefault\u00bb max_width=\u00bb100%\u00bb custom_margin=\u00bb0px|auto|-6px|auto|false|false\u00bb custom_css_main_element=\u00bbalign-items:center;\u00bb locked=\u00bboff\u00bb global_colors_info=\u00bb{}\u00bb][et_pb_column type=\u00bb4_4&#8243; _builder_version=\u00bb4.27.5&#8243; _module_preset=\u00bbdefault\u00bb global_colors_info=\u00bb{}\u00bb][et_pb_heading title=\u00bb\u00bfCansado de corregir errores en tus planos? <br \/>Consigue un soporte confiable en SolidWorks y AutoCAD para el modelado y delineaci\u00f3n de tus Proyectos en Martorelles\u00bb _builder_version=\u00bb4.27.5&#8243; _module_preset=\u00bbdefault\u00bb title_text_align=\u00bbcenter\u00bb title_line_height=\u00bb1.2em\u00bb global_colors_info=\u00bb{}\u00bb][\/et_pb_heading][\/et_pb_column][\/et_pb_row][\/et_pb_section][et_pb_section fb_built=\u00bb1&#8243; custom_padding_last_edited=\u00bbon|phone\u00bb _builder_version=\u00bb4.27.5&#8243; _module_preset=\u00bbdefault\u00bb custom_margin=\u00bb0px||||false|false\u00bb custom_padding=\u00bb0px||0px||true|false\u00bb custom_padding_tablet=\u00bb20px||40px||false|false\u00bb custom_padding_phone=\u00bb20px||40px||false|false\u00bb global_colors_info=\u00bb{}\u00bb][et_pb_row make_equal=\u00bbon\u00bb _builder_version=\u00bb4.27.4&#8243; _module_preset=\u00bbdefault\u00bb max_width=\u00bb100%\u00bb custom_margin=\u00bb0px|auto|51px|auto|false|false\u00bb custom_css_main_element=\u00bbalign-items:center;\u00bb global_colors_info=\u00bb{}\u00bb][et_pb_column type=\u00bb4_4&#8243; _builder_version=\u00bb4.27.4&#8243; _module_preset=\u00bbdefault\u00bb global_colors_info=\u00bb{}\u00bb][et_pb_cta title=\u00bbDelineaci\u00f3n y Modelado 3D Profesional\u00bb _builder_version=\u00bb4.27.5&#8243; _module_preset=\u00bb6901f3ca-79ee-4bc9-89c0-9260de3a0578&#8243; custom_padding_tablet=\u00bb0px||0px||false|false\u00bb custom_padding_phone=\u00bb0px||||false|false\u00bb custom_padding_last_edited=\u00bbon|phone\u00bb global_colors_info=\u00bb{}\u00bb]<\/p>\n<p>En Martorelles, ofrecemos un servicio completo de <strong>delineaci\u00f3n industrial y modelado 3D<\/strong> para empresas que buscan optimizar sus proyectos de ingenier\u00eda y fabricaci\u00f3n. Con amplia experiencia en <strong>SolidWorks y AutoCAD<\/strong>, generamos <strong>planos t\u00e9cnicos precisos, modelos 3D detallados y documentaci\u00f3n lista para producci\u00f3n<\/strong>, garantizando eficiencia, calidad y cumplimiento de est\u00e1ndares industriales. Nuestro objetivo es facilitar a las empresas la <strong>visualizaci\u00f3n, desarrollo y ejecuci\u00f3n de proyectos<\/strong> mediante soluciones CAD profesionales y adaptadas a sus necesidades.<br \/>No excluimos otros programes de dise\u00f1o como SolidEdge, Inventor, u otros, no dude en consultar.<\/p>\n<p>[\/et_pb_cta][\/et_pb_column][\/et_pb_row][et_pb_row column_structure=\u00bb1_3,1_3,1_3&#8243; custom_padding_last_edited=\u00bbon|desktop\u00bb module_class=\u00bbprojectes\u00bb _builder_version=\u00bb4.27.4&#8243; _module_preset=\u00bbdefault\u00bb max_width=\u00bb100%\u00bb custom_padding=\u00bb0px||||false|false\u00bb custom_padding_tablet=\u00bb0px||||false|false\u00bb custom_padding_phone=\u00bb0px||||false|false\u00bb global_colors_info=\u00bb{}\u00bb][et_pb_column type=\u00bb1_3&#8243; _builder_version=\u00bb4.27.4&#8243; _module_preset=\u00bbdefault\u00bb global_colors_info=\u00bb{}\u00bb][et_pb_blurb title=\u00bb\u00bfQu\u00e9 ventajas tiene externalizar la delineaci\u00f3n CAD?\u00bb image=\u00bbhttps:\/\/steykmp.com\/wp-content\/uploads\/2026\/02\/Ventajas-externalizar-la-delineacion-CAD.jpg\u00bb _builder_version=\u00bb4.27.5&#8243; _module_preset=\u00bbdefault\u00bb header_level=\u00bbh3&#8243; header_text_align=\u00bbcenter\u00bb body_text_align=\u00bbleft\u00bb background_color=\u00bb#d1d1d1&#8243; custom_padding=\u00bb20px|20px|20px|20px|true|true\u00bb border_radii=\u00bbon|5px|5px|5px|5px\u00bb global_colors_info=\u00bb{}\u00bb]<\/p>\n<p>Externalizar la <strong>delineaci\u00f3n y documentaci\u00f3n CAD<\/strong> en Martorelles permite a las empresas centrarse en su actividad principal mientras acceden a <strong>expertise profesional en SolidWorks y AutoCAD<\/strong>. Entre las ventajas destacan:<\/p>\n<ul>\n<li>Reducci\u00f3n de costes en personal y formaci\u00f3n.<\/li>\n<li>Acceso a t\u00e9cnicos especializados y actualizados en CAD.<\/li>\n<li>Entrega de <strong>planos y modelos listos para fabricaci\u00f3n<\/strong> sin errores.<\/li>\n<\/ul>\n<p>Esto asegura que cada proyecto industrial en Martorelles se ejecute con <strong>mayor rapidez, precisi\u00f3n y confiabilidad<\/strong>.<\/p>\n<p>[\/et_pb_blurb][\/et_pb_column][et_pb_column type=\u00bb1_3&#8243; _builder_version=\u00bb4.27.4&#8243; _module_preset=\u00bbdefault\u00bb global_colors_info=\u00bb{}\u00bb][et_pb_blurb title=\u00bb\u00bfSe pueden generar planos y modelos 3D listos para fabricaci\u00f3n?\u00bb image=\u00bbhttps:\/\/steykmp.com\/wp-content\/uploads\/2026\/02\/Generacion-planos-y-modelos-3D.jpg\u00bb alt=\u00bbEstructures met\u00e0l\u00b7liques 4&#8243; _builder_version=\u00bb4.27.5&#8243; _module_preset=\u00bbdefault\u00bb header_level=\u00bbh3&#8243; header_text_align=\u00bbcenter\u00bb body_text_align=\u00bbleft\u00bb background_color=\u00bb#d1d1d1&#8243; custom_padding=\u00bb20px|20px|20px|20px|true|true\u00bb border_radii=\u00bbon|5px|5px|5px|5px\u00bb global_colors_info=\u00bb{}\u00bb]<\/p>\n<p>S\u00ed. Todos nuestros servicios en Martorelles incluyen <strong>modelado 3D param\u00e9trico y creaci\u00f3n de planos de fabricaci\u00f3n, ensamblaje y recambios<\/strong>. Esto permite:<\/p>\n<ul>\n<li>Visualizar el producto o sistema antes de su construcci\u00f3n.<\/li>\n<li>Detectar interferencias o problemas de ensamblaje.<\/li>\n<li>Generar documentaci\u00f3n lista para producci\u00f3n, mantenimiento o recambios.<\/li>\n<\/ul>\n<p>El resultado es un flujo de trabajo m\u00e1s <strong>eficiente y sin sorpresas durante la fabricaci\u00f3n<\/strong>, adaptado a las empresas de Martorelles y su entorno industrial.<\/p>\n<p>[\/et_pb_blurb][\/et_pb_column][et_pb_column type=\u00bb1_3&#8243; _builder_version=\u00bb4.27.4&#8243; _module_preset=\u00bbdefault\u00bb global_colors_info=\u00bb{}\u00bb][et_pb_blurb title=\u00bb\u00bfQu\u00e9 tipo de documentaci\u00f3n t\u00e9cnica se entrega con los modelos 3D?\u00bb image=\u00bbhttps:\/\/steykmp.com\/wp-content\/uploads\/2026\/02\/Documentacion-tecnica-entregada.jpg\u00bb _builder_version=\u00bb4.27.5&#8243; _module_preset=\u00bbdefault\u00bb header_level=\u00bbh3&#8243; header_text_align=\u00bbcenter\u00bb body_text_align=\u00bbleft\u00bb background_color=\u00bb#d1d1d1&#8243; custom_padding=\u00bb20px|20px|20px|20px|true|true\u00bb border_radii=\u00bbon|5px|5px|5px|5px\u00bb global_colors_info=\u00bb{}\u00bb]<\/p>\n<p>Cada proyecto desarrollado en Martorelles incluye documentaci\u00f3n completa para uso interno o externo, incluyendo:<\/p>\n<ul>\n<li><strong>Planos t\u00e9cnicos detallados<\/strong> en 2D y 3D.<\/li>\n<li>Listado de piezas, despieces y recambios.<\/li>\n<li>Manuales de montaje y mantenimiento industrial.<\/li>\n<li>Adem\u00e1s de los ficheros editables en el formato de desarrollo: Solidworks, Autocad, otros&#8230;<\/li>\n<\/ul>\n<p>Esto garantiza que las empresas de Martorelles cuenten con <strong>toda la informaci\u00f3n necesaria para producci\u00f3n, mantenimiento y control de calidad<\/strong>, de manera clara y profesional.<\/p>\n<p>[\/et_pb_blurb][\/et_pb_column][\/et_pb_row][et_pb_row _builder_version=\u00bb4.27.4&#8243; _module_preset=\u00bbdefault\u00bb max_width=\u00bb100%\u00bb global_colors_info=\u00bb{}\u00bb][et_pb_column type=\u00bb4_4&#8243; _builder_version=\u00bb4.27.4&#8243; _module_preset=\u00bbdefault\u00bb global_colors_info=\u00bb{}\u00bb][et_pb_button button_url=\u00bbhttps:\/\/steykmp.com\/es\/contacto\/\u00bb button_text=\u00bbConsigue mayor soporte en tus proyectos de Delineaci\u00f3n y Modelado 3D Profesional en Martorelles\u00bb button_alignment=\u00bbcenter\u00bb _builder_version=\u00bb4.27.5&#8243; _module_preset=\u00bbdefault\u00bb custom_button=\u00bbon\u00bb button_text_size=\u00bb40px\u00bb button_text_color=\u00bb#FFFFFF\u00bb button_bg_color=\u00bb#8300E9&#8243; button_border_color=\u00bb#8300E9&#8243; button_letter_spacing=\u00bb1px\u00bb custom_css_main_element=\u00bbwidth: 100%\u00bb locked=\u00bboff\u00bb global_colors_info=\u00bb{}\u00bb][\/et_pb_button][\/et_pb_column][\/et_pb_row][et_pb_row column_structure=\u00bb2_5,3_5&#8243; make_equal=\u00bbon\u00bb module_class=\u00bbreverse\u00bb _builder_version=\u00bb4.27.4&#8243; _module_preset=\u00bbdefault\u00bb max_width=\u00bb100%\u00bb custom_margin=\u00bb|auto||auto|false|false\u00bb custom_padding=\u00bb40px|||||\u00bb custom_css_main_element=\u00bbalign-items:center;\u00bb global_colors_info=\u00bb{}\u00bb][et_pb_column type=\u00bb2_5&#8243; _builder_version=\u00bb4.27.4&#8243; _module_preset=\u00bbdefault\u00bb global_colors_info=\u00bb{}\u00bb][et_pb_image src=\u00bbhttps:\/\/steykmp.com\/wp-content\/uploads\/2026\/02\/ventajas-del-Modelado-3D.jpg\u00bb alt=\u00bbplanta produccion\u00bb title_text=\u00bbventajas del Modelado 3D\u00bb _builder_version=\u00bb4.27.5&#8243; _module_preset=\u00bbdefault\u00bb module_alignment=\u00bbright\u00bb global_colors_info=\u00bb{}\u00bb][\/et_pb_image][\/et_pb_column][et_pb_column type=\u00bb3_5&#8243; _builder_version=\u00bb4.27.4&#8243; _module_preset=\u00bbdefault\u00bb global_colors_info=\u00bb{}\u00bb][et_pb_cta title=\u00bbDibuja Tu Proyecto con Precisi\u00f3n: Siente las ventajas del Modelado 3D\u00bb _builder_version=\u00bb4.27.5&#8243; _module_preset=\u00bb6901f3ca-79ee-4bc9-89c0-9260de3a0578&#8243; custom_padding_tablet=\u00bb0px||||false|false\u00bb custom_padding_phone=\u00bb0px||||false|false\u00bb custom_padding_last_edited=\u00bbon|tablet\u00bb global_colors_info=\u00bb{}\u00bb]<\/p>\n<p>\u00bfListo para llevar tus ideas al siguiente nivel? Trabajar en delineaci\u00f3n y modelado 3D es como recorrer un sendero de ciclismo de monta\u00f1a: cada curva, cada pendiente y cada salto requieren destreza, concentraci\u00f3n y pasi\u00f3n por la perfecci\u00f3n. Con nuestros servicios en Martorelles, cada plano, cada modelo y cada detalle t\u00e9cnico est\u00e1 cuidadosamente trazado, permiti\u00e9ndote avanzar con seguridad y velocidad hacia la ejecuci\u00f3n de tus proyectos industriales. S\u00fabete a la bicicleta del dise\u00f1o, pedalea con nosotros y experimenta la emoci\u00f3n de ver tus ideas transformarse en realidad con precisi\u00f3n profesional.<\/p>\n<p>[\/et_pb_cta][\/et_pb_column][\/et_pb_row][\/et_pb_section][et_pb_section fb_built=\u00bb1&#8243; _builder_version=\u00bb4.27.4&#8243; _module_preset=\u00bbdefault\u00bb background_color=\u00bb#d1d1d1&#8243; custom_padding=\u00bb40px||40px||true|\u00bb global_colors_info=\u00bb{}\u00bb][et_pb_row _builder_version=\u00bb4.27.4&#8243; _module_preset=\u00bbdefault\u00bb global_colors_info=\u00bb{}\u00bb][et_pb_column type=\u00bb4_4&#8243; _builder_version=\u00bb4.27.4&#8243; _module_preset=\u00bbdefault\u00bb global_colors_info=\u00bb{}\u00bb][et_pb_cta title=\u00bbContacta con nosotros hoy mismo\u00bb button_url=\u00bbhttps:\/\/steykmp.com\/es\/contacto\/\u00bb button_text=\u00bbContacto\u00bb _builder_version=\u00bb4.27.5&#8243; _module_preset=\u00bbdefault\u00bb header_line_height=\u00bb1.2em\u00bb background_enable_color=\u00bboff\u00bb custom_button=\u00bbon\u00bb button_text_size=\u00bb40px\u00bb button_text_color=\u00bb#FFFFFF\u00bb button_bg_color=\u00bb#8300E9&#8243; button_border_color=\u00bb#8300E9&#8243; background_layout=\u00bblight\u00bb global_colors_info=\u00bb{}\u00bb]<\/p>\n<p>Conf\u00ede en nuestra experiencia en Delineaci\u00f3n y Modelado 3D Profesional.<\/p>\n<p>[\/et_pb_cta][\/et_pb_column][\/et_pb_row][\/et_pb_section]<\/p>\n","protected":false},"excerpt":{"rendered":"<p>En Martorelles, ofrecemos un servicio completo de delineaci\u00f3n industrial y modelado 3D para empresas que buscan optimizar sus proyectos de ingenier\u00eda y fabricaci\u00f3n. Con amplia experiencia en SolidWorks y AutoCAD, generamos planos t\u00e9cnicos precisos, modelos 3D detallados y documentaci\u00f3n lista para producci\u00f3n, garantizando eficiencia, calidad y cumplimiento de est\u00e1ndares industriales. Nuestro objetivo es facilitar a [&hellip;]<\/p>\n","protected":false},"author":1,"featured_media":0,"parent":0,"menu_order":0,"comment_status":"closed","ping_status":"closed","template":"","meta":{"_et_pb_use_builder":"on","_et_pb_old_content":"","_et_gb_content_width":"","footnotes":""},"class_list":["post-405262","page","type-page","status-publish","hentry"],"yoast_head":"<!-- This site is optimized with the Yoast SEO plugin v27.4 - https:\/\/yoast.com\/product\/yoast-seo-wordpress\/ -->\n<title>Delineaci\u00f3n y Modelado 3D Profesional para Empresas en Martorelles con SolidWorks y AutoCAD - Steyk<\/title>\n<meta name=\"robots\" content=\"index, follow, max-snippet:-1, max-image-preview:large, max-video-preview:-1\" \/>\n<link rel=\"canonical\" href=\"https:\/\/steykmp.com\/es\/delineacion-y-modelado-3d-profesional-para-empresas-en-martorelles-con-solidworks-y-autocad\/\" \/>\n<meta property=\"og:locale\" content=\"es_ES\" \/>\n<meta property=\"og:type\" content=\"article\" \/>\n<meta property=\"og:title\" content=\"Delineaci\u00f3n y Modelado 3D Profesional para Empresas en Martorelles con SolidWorks y AutoCAD - Steyk\" \/>\n<meta property=\"og:description\" content=\"En Martorelles, ofrecemos un servicio completo de delineaci\u00f3n industrial y modelado 3D para empresas que buscan optimizar sus proyectos de ingenier\u00eda y fabricaci\u00f3n. Con amplia experiencia en SolidWorks y AutoCAD, generamos planos t\u00e9cnicos precisos, modelos 3D detallados y documentaci\u00f3n lista para producci\u00f3n, garantizando eficiencia, calidad y cumplimiento de est\u00e1ndares industriales. Nuestro objetivo es facilitar a [&hellip;]\" \/>\n<meta property=\"og:url\" content=\"https:\/\/steykmp.com\/es\/delineacion-y-modelado-3d-profesional-para-empresas-en-martorelles-con-solidworks-y-autocad\/\" \/>\n<meta property=\"og:site_name\" content=\"Steyk\" \/>\n<meta name=\"twitter:card\" content=\"summary_large_image\" \/>\n<script type=\"application\/ld+json\" class=\"yoast-schema-graph\">{\"@context\":\"https:\\\/\\\/schema.org\",\"@graph\":[{\"@type\":\"WebPage\",\"@id\":\"https:\\\/\\\/steykmp.com\\\/es\\\/delineacion-y-modelado-3d-profesional-para-empresas-en-martorelles-con-solidworks-y-autocad\\\/\",\"url\":\"https:\\\/\\\/steykmp.com\\\/es\\\/delineacion-y-modelado-3d-profesional-para-empresas-en-martorelles-con-solidworks-y-autocad\\\/\",\"name\":\"Delineaci\u00f3n y Modelado 3D Profesional para Empresas en Martorelles con SolidWorks y AutoCAD - Steyk\",\"isPartOf\":{\"@id\":\"https:\\\/\\\/steykmp.com\\\/#website\"},\"datePublished\":\"2026-04-07T07:43:19+00:00\",\"breadcrumb\":{\"@id\":\"https:\\\/\\\/steykmp.com\\\/es\\\/delineacion-y-modelado-3d-profesional-para-empresas-en-martorelles-con-solidworks-y-autocad\\\/#breadcrumb\"},\"inLanguage\":\"es\",\"potentialAction\":[{\"@type\":\"ReadAction\",\"target\":[\"https:\\\/\\\/steykmp.com\\\/es\\\/delineacion-y-modelado-3d-profesional-para-empresas-en-martorelles-con-solidworks-y-autocad\\\/\"]}]},{\"@type\":\"BreadcrumbList\",\"@id\":\"https:\\\/\\\/steykmp.com\\\/es\\\/delineacion-y-modelado-3d-profesional-para-empresas-en-martorelles-con-solidworks-y-autocad\\\/#breadcrumb\",\"itemListElement\":[{\"@type\":\"ListItem\",\"position\":1,\"name\":\"Inici\",\"item\":\"https:\\\/\\\/steykmp.com\\\/es\\\/inicio\\\/\"},{\"@type\":\"ListItem\",\"position\":2,\"name\":\"Delineaci\u00f3n y Modelado 3D Profesional para Empresas en Martorelles con SolidWorks y AutoCAD\"}]},{\"@type\":\"WebSite\",\"@id\":\"https:\\\/\\\/steykmp.com\\\/#website\",\"url\":\"https:\\\/\\\/steykmp.com\\\/\",\"name\":\"Steyk Enginyeria\",\"description\":\"Projectes d&#039;enginyeria claus en m\u00e0\",\"publisher\":{\"@id\":\"https:\\\/\\\/steykmp.com\\\/#organization\"},\"potentialAction\":[{\"@type\":\"SearchAction\",\"target\":{\"@type\":\"EntryPoint\",\"urlTemplate\":\"https:\\\/\\\/steykmp.com\\\/?s={search_term_string}\"},\"query-input\":{\"@type\":\"PropertyValueSpecification\",\"valueRequired\":true,\"valueName\":\"search_term_string\"}}],\"inLanguage\":\"es\"},{\"@type\":\"Organization\",\"@id\":\"https:\\\/\\\/steykmp.com\\\/#organization\",\"name\":\"Steyk\",\"url\":\"https:\\\/\\\/steykmp.com\\\/\",\"logo\":{\"@type\":\"ImageObject\",\"inLanguage\":\"es\",\"@id\":\"https:\\\/\\\/steykmp.com\\\/#\\\/schema\\\/logo\\\/image\\\/\",\"url\":\"https:\\\/\\\/steykmp.com\\\/wp-content\\\/uploads\\\/2025\\\/04\\\/Logo-Steyk-2025.jpg\",\"contentUrl\":\"https:\\\/\\\/steykmp.com\\\/wp-content\\\/uploads\\\/2025\\\/04\\\/Logo-Steyk-2025.jpg\",\"width\":665,\"height\":404,\"caption\":\"Steyk\"},\"image\":{\"@id\":\"https:\\\/\\\/steykmp.com\\\/#\\\/schema\\\/logo\\\/image\\\/\"}}]}<\/script>\n<!-- \/ Yoast SEO plugin. -->","yoast_head_json":{"title":"Delineaci\u00f3n y Modelado 3D Profesional para Empresas en Martorelles con SolidWorks y AutoCAD - Steyk","robots":{"index":"index","follow":"follow","max-snippet":"max-snippet:-1","max-image-preview":"max-image-preview:large","max-video-preview":"max-video-preview:-1"},"canonical":"https:\/\/steykmp.com\/es\/delineacion-y-modelado-3d-profesional-para-empresas-en-martorelles-con-solidworks-y-autocad\/","og_locale":"es_ES","og_type":"article","og_title":"Delineaci\u00f3n y Modelado 3D Profesional para Empresas en Martorelles con SolidWorks y AutoCAD - Steyk","og_description":"En Martorelles, ofrecemos un servicio completo de delineaci\u00f3n industrial y modelado 3D para empresas que buscan optimizar sus proyectos de ingenier\u00eda y fabricaci\u00f3n. Con amplia experiencia en SolidWorks y AutoCAD, generamos planos t\u00e9cnicos precisos, modelos 3D detallados y documentaci\u00f3n lista para producci\u00f3n, garantizando eficiencia, calidad y cumplimiento de est\u00e1ndares industriales. Nuestro objetivo es facilitar a [&hellip;]","og_url":"https:\/\/steykmp.com\/es\/delineacion-y-modelado-3d-profesional-para-empresas-en-martorelles-con-solidworks-y-autocad\/","og_site_name":"Steyk","twitter_card":"summary_large_image","schema":{"@context":"https:\/\/schema.org","@graph":[{"@type":"WebPage","@id":"https:\/\/steykmp.com\/es\/delineacion-y-modelado-3d-profesional-para-empresas-en-martorelles-con-solidworks-y-autocad\/","url":"https:\/\/steykmp.com\/es\/delineacion-y-modelado-3d-profesional-para-empresas-en-martorelles-con-solidworks-y-autocad\/","name":"Delineaci\u00f3n y Modelado 3D Profesional para Empresas en Martorelles con SolidWorks y AutoCAD - Steyk","isPartOf":{"@id":"https:\/\/steykmp.com\/#website"},"datePublished":"2026-04-07T07:43:19+00:00","breadcrumb":{"@id":"https:\/\/steykmp.com\/es\/delineacion-y-modelado-3d-profesional-para-empresas-en-martorelles-con-solidworks-y-autocad\/#breadcrumb"},"inLanguage":"es","potentialAction":[{"@type":"ReadAction","target":["https:\/\/steykmp.com\/es\/delineacion-y-modelado-3d-profesional-para-empresas-en-martorelles-con-solidworks-y-autocad\/"]}]},{"@type":"BreadcrumbList","@id":"https:\/\/steykmp.com\/es\/delineacion-y-modelado-3d-profesional-para-empresas-en-martorelles-con-solidworks-y-autocad\/#breadcrumb","itemListElement":[{"@type":"ListItem","position":1,"name":"Inici","item":"https:\/\/steykmp.com\/es\/inicio\/"},{"@type":"ListItem","position":2,"name":"Delineaci\u00f3n y Modelado 3D Profesional para Empresas en Martorelles con SolidWorks y AutoCAD"}]},{"@type":"WebSite","@id":"https:\/\/steykmp.com\/#website","url":"https:\/\/steykmp.com\/","name":"Steyk Enginyeria","description":"Projectes d&#039;enginyeria claus en m\u00e0","publisher":{"@id":"https:\/\/steykmp.com\/#organization"},"potentialAction":[{"@type":"SearchAction","target":{"@type":"EntryPoint","urlTemplate":"https:\/\/steykmp.com\/?s={search_term_string}"},"query-input":{"@type":"PropertyValueSpecification","valueRequired":true,"valueName":"search_term_string"}}],"inLanguage":"es"},{"@type":"Organization","@id":"https:\/\/steykmp.com\/#organization","name":"Steyk","url":"https:\/\/steykmp.com\/","logo":{"@type":"ImageObject","inLanguage":"es","@id":"https:\/\/steykmp.com\/#\/schema\/logo\/image\/","url":"https:\/\/steykmp.com\/wp-content\/uploads\/2025\/04\/Logo-Steyk-2025.jpg","contentUrl":"https:\/\/steykmp.com\/wp-content\/uploads\/2025\/04\/Logo-Steyk-2025.jpg","width":665,"height":404,"caption":"Steyk"},"image":{"@id":"https:\/\/steykmp.com\/#\/schema\/logo\/image\/"}}]}},"_links":{"self":[{"href":"https:\/\/steykmp.com\/es\/wp-json\/wp\/v2\/pages\/405262","targetHints":{"allow":["GET"]}}],"collection":[{"href":"https:\/\/steykmp.com\/es\/wp-json\/wp\/v2\/pages"}],"about":[{"href":"https:\/\/steykmp.com\/es\/wp-json\/wp\/v2\/types\/page"}],"author":[{"embeddable":true,"href":"https:\/\/steykmp.com\/es\/wp-json\/wp\/v2\/users\/1"}],"replies":[{"embeddable":true,"href":"https:\/\/steykmp.com\/es\/wp-json\/wp\/v2\/comments?post=405262"}],"version-history":[{"count":6,"href":"https:\/\/steykmp.com\/es\/wp-json\/wp\/v2\/pages\/405262\/revisions"}],"predecessor-version":[{"id":405787,"href":"https:\/\/steykmp.com\/es\/wp-json\/wp\/v2\/pages\/405262\/revisions\/405787"}],"wp:attachment":[{"href":"https:\/\/steykmp.com\/es\/wp-json\/wp\/v2\/media?parent=405262"}],"curies":[{"name":"wp","href":"https:\/\/api.w.org\/{rel}","templated":true}]}}