{"id":405301,"date":"2026-02-27T08:43:06","date_gmt":"2026-02-27T08:43:06","guid":{"rendered":"https:\/\/steykmp.com\/?page_id=405301"},"modified":"2026-03-26T09:16:13","modified_gmt":"2026-03-26T09:16:13","slug":"simulacion-de-resistencia-mecanica-en-el-valles-analisis-por-elementos-finitos-fea","status":"publish","type":"page","link":"https:\/\/steykmp.com\/es\/simulacion-de-resistencia-mecanica-en-el-valles-analisis-por-elementos-finitos-fea\/","title":{"rendered":"Simulaci\u00f3n de Resistencia Mec\u00e1nica en el Vall\u00e8s \u2013 An\u00e1lisis por Elementos Finitos (FEA)"},"content":{"rendered":"<p>[et_pb_section fb_built=\u00bb1&#8243; custom_padding_last_edited=\u00bbon|phone\u00bb _builder_version=\u00bb4.27.5&#8243; _module_preset=\u00bbdefault\u00bb custom_margin=\u00bb-90px||||false|false\u00bb custom_margin_tablet=\u00bb0px||||false|false\u00bb custom_margin_phone=\u00bb0px||||false|false\u00bb custom_margin_last_edited=\u00bbon|phone\u00bb custom_padding=\u00bb3px||0px||false|false\u00bb custom_padding_tablet=\u00bb0px||||false|false\u00bb custom_padding_phone=\u00bb0px||||false|false\u00bb global_colors_info=\u00bb{}\u00bb][et_pb_row _builder_version=\u00bb4.27.5&#8243; _module_preset=\u00bbdefault\u00bb width=\u00bb100%\u00bb max_width=\u00bb100%\u00bb custom_padding=\u00bb3px|||||\u00bb global_colors_info=\u00bb{}\u00bb][et_pb_column type=\u00bb4_4&#8243; _builder_version=\u00bb4.27.4&#8243; _module_preset=\u00bbdefault\u00bb global_colors_info=\u00bb{}\u00bb][et_pb_slider use_bg_overlay=\u00bbon\u00bb _builder_version=\u00bb4.27.6&#8243; _module_preset=\u00bbdefault\u00bb hover_enabled=\u00bb0&#8243; global_colors_info=\u00bb{}\u00bb custom_padding=\u00bb120px||||false|false\u00bb sticky_enabled=\u00bb0&#8243;][et_pb_slide heading=\u00bb \u00bb _builder_version=\u00bb4.27.5&#8243; _module_preset=\u00bbdefault\u00bb header_level=\u00bbh1&#8243; header_font_size=\u00bb46px\u00bb header_line_height=\u00bb1.1em\u00bb body_font_size=\u00bb22px\u00bb body_line_height=\u00bb2em\u00bb background_color=\u00bb#FFFFFF\u00bb background_enable_color=\u00bbon\u00bb background_image=\u00bbhttps:\/\/steykmp.com\/wp-content\/uploads\/2025\/03\/04-Ensayo-Mecanico-Te-hidraulica.jpg\u00bb background_enable_image=\u00bbon\u00bb background_size=\u00bbcontain\u00bb global_colors_info=\u00bb{}\u00bb sticky_transition=\u00bbon\u00bb]<\/p>\n<p><!--<\/p>\n\n\n\n\n<h2 style=\"text-align: center;\">Ingenier\u00eda Multidisciplinar: Nuestra experiencia a su servicio<\/h2>\n\n\n\n\n<p>--><\/p>\n<p>[\/et_pb_slide][\/et_pb_slider][\/et_pb_column][\/et_pb_row][et_pb_row make_equal=\u00bbon\u00bb _builder_version=\u00bb4.27.5&#8243; _module_preset=\u00bbdefault\u00bb max_width=\u00bb100%\u00bb custom_margin=\u00bb0px|auto|-6px|auto|false|false\u00bb custom_css_main_element=\u00bbalign-items:center;\u00bb global_colors_info=\u00bb{}\u00bb][et_pb_column type=\u00bb4_4&#8243; _builder_version=\u00bb4.27.5&#8243; _module_preset=\u00bbdefault\u00bb global_colors_info=\u00bb{}\u00bb][et_pb_heading title=\u00bbElimine su incertidumbre y reduzca los tiempos de dise\u00f1o mediante An\u00e1lisis por Elementos Finitos (FEA) en el Vall\u00e9s\u00bb _builder_version=\u00bb4.27.5&#8243; _module_preset=\u00bbdefault\u00bb title_text_align=\u00bbcenter\u00bb global_colors_info=\u00bb{}\u00bb][\/et_pb_heading][\/et_pb_column][\/et_pb_row][\/et_pb_section][et_pb_section fb_built=\u00bb1&#8243; custom_padding_last_edited=\u00bbon|tablet\u00bb _builder_version=\u00bb4.27.5&#8243; _module_preset=\u00bbdefault\u00bb custom_margin=\u00bb0px||||false|false\u00bb custom_padding=\u00bb0px||0px||true|false\u00bb custom_padding_tablet=\u00bb20px||40px||false|false\u00bb custom_padding_phone=\u00bb20px||40px||false|false\u00bb global_colors_info=\u00bb{}\u00bb][et_pb_row make_equal=\u00bbon\u00bb _builder_version=\u00bb4.27.4&#8243; _module_preset=\u00bbdefault\u00bb max_width=\u00bb100%\u00bb custom_margin=\u00bb0px|auto|51px|auto|false|false\u00bb custom_css_main_element=\u00bbalign-items:center;\u00bb global_colors_info=\u00bb{}\u00bb][et_pb_column type=\u00bb4_4&#8243; _builder_version=\u00bb4.27.4&#8243; _module_preset=\u00bbdefault\u00bb global_colors_info=\u00bb{}\u00bb][et_pb_cta title=\u00bbSimulaci\u00f3n de resistencia mec\u00e1nica mediante ordenador\u00bb _builder_version=\u00bb4.27.5&#8243; _module_preset=\u00bb6901f3ca-79ee-4bc9-89c0-9260de3a0578&#8243; custom_padding_tablet=\u00bb0px||0px||false|false\u00bb custom_padding_phone=\u00bb0px||||false|false\u00bb custom_padding_last_edited=\u00bbon|phone\u00bb global_colors_info=\u00bb{}\u00bb]<\/p>\n<p>En el Vall\u00e8s, ofrecemos un servicio profesional de <strong>simulaci\u00f3n de resistencia mec\u00e1nica mediante ordenador<\/strong> para empresas que buscan optimizar sus dise\u00f1os industriales y garantizar la seguridad de sus estructuras y componentes. Mediante <strong>an\u00e1lisis por elementos finitos (FEA)<\/strong>, evaluamos <strong>tensiones, deformaciones y comportamiento bajo cargas<\/strong> en piezas y conjuntos, permitiendo tomar decisiones de dise\u00f1o informadas, prevenir fallos y mejorar la eficiencia de fabricaci\u00f3n. Nuestro objetivo es ofrecer soluciones precisas y adaptadas a cada proyecto industrial, combinando <strong>tecnolog\u00eda avanzada y experiencia en ingenier\u00eda mec\u00e1nica<\/strong><\/p>\n<p>[\/et_pb_cta][\/et_pb_column][\/et_pb_row][et_pb_row column_structure=\u00bb1_3,1_3,1_3&#8243; custom_padding_last_edited=\u00bbon|desktop\u00bb module_class=\u00bbprojectes\u00bb _builder_version=\u00bb4.27.4&#8243; _module_preset=\u00bbdefault\u00bb max_width=\u00bb100%\u00bb custom_padding=\u00bb0px||||false|false\u00bb custom_padding_tablet=\u00bb0px||||false|false\u00bb custom_padding_phone=\u00bb0px||||false|false\u00bb global_colors_info=\u00bb{}\u00bb][et_pb_column type=\u00bb1_3&#8243; _builder_version=\u00bb4.27.4&#8243; _module_preset=\u00bbdefault\u00bb global_colors_info=\u00bb{}\u00bb][et_pb_blurb title=\u00bb\u00bfQu\u00e9 ventajas aporta el an\u00e1lisis por elementos finitos?\u00bb image=\u00bbhttps:\/\/steykmp.com\/wp-content\/uploads\/2026\/02\/Ventajas-simulacion-resistencia-mecanica.jpg\u00bb _builder_version=\u00bb4.27.5&#8243; _module_preset=\u00bbdefault\u00bb header_level=\u00bbh3&#8243; header_text_align=\u00bbcenter\u00bb body_text_align=\u00bbleft\u00bb background_color=\u00bb#d1d1d1&#8243; custom_padding=\u00bb20px|20px|20px|20px|true|true\u00bb border_radii=\u00bbon|5px|5px|5px|5px\u00bb global_colors_info=\u00bb{}\u00bb]<\/p>\n<p>El <strong>an\u00e1lisis por elementos finitos (FEA)<\/strong> permite a las empresas del Vall\u00e8s anticipar problemas antes de fabricar los componentes, ahorrando tiempo y costes. Entre sus principales ventajas:<\/p>\n<ul>\n<li>Predicci\u00f3n precisa de <strong>tensiones y deformaciones<\/strong>.<\/li>\n<li>Identificaci\u00f3n de posibles <strong>fallos o puntos cr\u00edticos<\/strong>.<\/li>\n<li>Optimizaci\u00f3n de <strong>dise\u00f1os para mayor seguridad y durabilidad<\/strong>.<\/li>\n<\/ul>\n<p>Esto asegura que cada proyecto industrial sea m\u00e1s <strong>fiable, seguro y eficiente<\/strong>.<\/p>\n<p>[\/et_pb_blurb][\/et_pb_column][et_pb_column type=\u00bb1_3&#8243; _builder_version=\u00bb4.27.4&#8243; _module_preset=\u00bbdefault\u00bb global_colors_info=\u00bb{}\u00bb][et_pb_blurb title=\u00bb\u00bfSe pueden simular cargas din\u00e1micas o solo est\u00e1ticas?\u00bb image=\u00bbhttps:\/\/steykmp.com\/wp-content\/uploads\/2026\/02\/Tipos-de-cargas.jpg\u00bb alt=\u00bbEstructures met\u00e0l\u00b7liques 4&#8243; _builder_version=\u00bb4.27.5&#8243; _module_preset=\u00bbdefault\u00bb header_level=\u00bbh3&#8243; header_text_align=\u00bbcenter\u00bb body_text_align=\u00bbleft\u00bb background_color=\u00bb#d1d1d1&#8243; custom_padding=\u00bb20px|20px|20px|20px|true|true\u00bb border_radii=\u00bbon|5px|5px|5px|5px\u00bb global_colors_info=\u00bb{}\u00bb]<\/p>\n<p>Nuestros servicios en el Vall\u00e8s incluyen <strong>simulaciones tanto est\u00e1ticas como din\u00e1mica<\/strong>s, adaptadas a las necesidades de cada empresa:<\/p>\n<ul>\n<li><strong>Cargas est\u00e1ticas:<\/strong> Evaluaci\u00f3n de tensiones y deformaciones bajo cargas permanentes.<\/li>\n<li><strong>Cargas din\u00e1micas:<\/strong> An\u00e1lisis frente a vibraciones, impactos o ciclos de carga repetitivos.<\/li>\n<li><strong>Fatiga y durabilidad:<\/strong> Predicci\u00f3n de vida \u00fatil de componentes sometidos a esfuerzos continuos.<\/li>\n<\/ul>\n<p>Esto permite <strong>tomar decisiones de dise\u00f1o precisas<\/strong> y asegurar que los equipos funcionen con seguridad bajo cualquier condici\u00f3n operativa.<\/p>\n<p>[\/et_pb_blurb][\/et_pb_column][et_pb_column type=\u00bb1_3&#8243; _builder_version=\u00bb4.27.4&#8243; _module_preset=\u00bbdefault\u00bb global_colors_info=\u00bb{}\u00bb][et_pb_blurb title=\u00bb\u00bfQu\u00e9 tipos de estructuras o componentes se pueden analizar?\u00bb image=\u00bbhttps:\/\/steykmp.com\/wp-content\/uploads\/2026\/02\/Tipos-estructura.jpg\u00bb _builder_version=\u00bb4.27.5&#8243; _module_preset=\u00bbdefault\u00bb header_level=\u00bbh3&#8243; header_text_align=\u00bbcenter\u00bb body_text_align=\u00bbleft\u00bb background_color=\u00bb#d1d1d1&#8243; custom_padding=\u00bb20px|20px|20px|20px|true|true\u00bb border_radii=\u00bbon|5px|5px|5px|5px\u00bb global_colors_info=\u00bb{}\u00bb]<\/p>\n<p>En el Vall\u00e8s, realizamos simulaciones FEA para una amplia variedad de componentes y estructuras industriales, incluyendo:<\/p>\n<ul>\n<li>Piezas met\u00e1licas y pl\u00e1sticas de maquinaria industrial.<\/li>\n<li>Conjuntos mec\u00e1nicos y ensamblajes complejos.<\/li>\n<li>Sistemas de soporte, estructuras y bastidores.<\/li>\n<li>Componentes sometidos a cargas especiales o entornos exigentes.<\/li>\n<\/ul>\n<p>Esto garantiza que cada proyecto industrial cuente con <strong>informaci\u00f3n completa para fabricaci\u00f3n, mantenimiento y mejora de dise\u00f1os<\/strong>.<\/p>\n<p>[\/et_pb_blurb][\/et_pb_column][\/et_pb_row][et_pb_row _builder_version=\u00bb4.27.4&#8243; _module_preset=\u00bbdefault\u00bb max_width=\u00bb100%\u00bb global_colors_info=\u00bb{}\u00bb][et_pb_column type=\u00bb4_4&#8243; _builder_version=\u00bb4.27.4&#8243; _module_preset=\u00bbdefault\u00bb global_colors_info=\u00bb{}\u00bb][et_pb_button button_url=\u00bbhttps:\/\/steykmp.com\/es\/contacto\/\u00bb button_text=\u00bbHaz que tu equipo vuelva a cumplir con los plazos y mejora el funcionamiento de tu Departamento en el Vall\u00e8s\u00bb button_alignment=\u00bbcenter\u00bb _builder_version=\u00bb4.27.5&#8243; _module_preset=\u00bbdefault\u00bb custom_button=\u00bbon\u00bb button_text_size=\u00bb40px\u00bb button_text_color=\u00bb#FFFFFF\u00bb button_bg_color=\u00bb#8300E9&#8243; button_border_color=\u00bb#8300E9&#8243; button_letter_spacing=\u00bb1px\u00bb custom_css_main_element=\u00bbwidth: 100%\u00bb global_colors_info=\u00bb{}\u00bb][\/et_pb_button][\/et_pb_column][\/et_pb_row][et_pb_row column_structure=\u00bb2_5,3_5&#8243; make_equal=\u00bbon\u00bb module_class=\u00bbreverse\u00bb _builder_version=\u00bb4.27.4&#8243; _module_preset=\u00bbdefault\u00bb max_width=\u00bb100%\u00bb custom_margin=\u00bb|auto||auto|false|false\u00bb custom_padding=\u00bb40px|||||\u00bb custom_css_main_element=\u00bbalign-items:center;\u00bb global_colors_info=\u00bb{}\u00bb][et_pb_column type=\u00bb2_5&#8243; _builder_version=\u00bb4.27.4&#8243; _module_preset=\u00bbdefault\u00bb global_colors_info=\u00bb{}\u00bb][et_pb_image src=\u00bbhttps:\/\/steykmp.com\/wp-content\/uploads\/2026\/02\/piclumen-1735562663971.jpg\u00bb alt=\u00bbplanta produccion\u00bb title_text=\u00bbContacto simulacion mecanica\u00bb _builder_version=\u00bb4.27.5&#8243; _module_preset=\u00bbdefault\u00bb width=\u00bb75%\u00bb module_alignment=\u00bbright\u00bb global_colors_info=\u00bb{}\u00bb][\/et_pb_image][\/et_pb_column][et_pb_column type=\u00bb3_5&#8243; _builder_version=\u00bb4.27.4&#8243; _module_preset=\u00bbdefault\u00bb global_colors_info=\u00bb{}\u00bb][et_pb_cta title=\u00bbTransformando complejidad en armon\u00eda\u00bb _builder_version=\u00bb4.27.5&#8243; _module_preset=\u00bb6901f3ca-79ee-4bc9-89c0-9260de3a0578&#8243; custom_padding_tablet=\u00bb0px||||false|false\u00bb custom_padding_phone=\u00bb0px||||false|false\u00bb custom_padding_last_edited=\u00bbon|tablet\u00bb global_colors_info=\u00bb{}\u00bb]<\/p>\n<p>Al igual que resolver un <strong>cubo Rubik<\/strong>, la simulaci\u00f3n de resistencia mec\u00e1nica puede parecer compleja al principio: m\u00faltiples cargas, materiales diferentes y geometr\u00edas complicadas deben encajar perfectamente. En el Vall\u00e8s, nuestro servicio de <strong>an\u00e1lisis por elementos finitos<\/strong> toma cada pieza de informaci\u00f3n y la integra con precisi\u00f3n, hasta que<strong> todo encaja y el dise\u00f1o final funciona con armon\u00eda, seguridad y eficiencia<\/strong>. Con nuestra experiencia, cada tensi\u00f3n, deformaci\u00f3n y comportamiento bajo carga se traduce en <strong>un proyecto industrial s\u00f3lido y confiable<\/strong>, donde la complejidad se convierte en un resultado bello y perfectamente funcional.<br \/><strong>\u00a1Solicita tu presupuesto ahora!<\/strong><\/p>\n<p>[\/et_pb_cta][\/et_pb_column][\/et_pb_row][\/et_pb_section][et_pb_section fb_built=\u00bb1&#8243; _builder_version=\u00bb4.27.4&#8243; _module_preset=\u00bbdefault\u00bb background_color=\u00bb#d1d1d1&#8243; custom_padding=\u00bb40px||40px||true|\u00bb global_colors_info=\u00bb{}\u00bb][et_pb_row _builder_version=\u00bb4.27.4&#8243; _module_preset=\u00bbdefault\u00bb global_colors_info=\u00bb{}\u00bb][et_pb_column type=\u00bb4_4&#8243; _builder_version=\u00bb4.27.4&#8243; _module_preset=\u00bbdefault\u00bb global_colors_info=\u00bb{}\u00bb][et_pb_cta title=\u00bb\u00a1Lleva tus dise\u00f1os industriales al siguiente nivel!\u00bb button_url=\u00bbhttps:\/\/steykmp.com\/es\/contacto\/\u00bb button_text=\u00bbContacto\u00bb _builder_version=\u00bb4.27.5&#8243; _module_preset=\u00bbdefault\u00bb header_line_height=\u00bb1.2em\u00bb background_enable_color=\u00bboff\u00bb custom_button=\u00bbon\u00bb button_text_size=\u00bb40px\u00bb button_text_color=\u00bb#FFFFFF\u00bb button_bg_color=\u00bb#8300E9&#8243; button_border_color=\u00bb#8300E9&#8243; background_layout=\u00bblight\u00bb global_colors_info=\u00bb{}\u00bb]<\/p>\n<p>Conf\u00eda en nuestro equipo de <strong>simulaci\u00f3n de resistencia mec\u00e1nica por ordenador y an\u00e1lisis por elementos finitos<\/strong> para garantizar seguridad, eficiencia y precisi\u00f3n en cada proyecto.<\/p>\n<p>[\/et_pb_cta][\/et_pb_column][\/et_pb_row][\/et_pb_section]<\/p>\n","protected":false},"excerpt":{"rendered":"<p>En el Vall\u00e8s, ofrecemos un servicio profesional de simulaci\u00f3n de resistencia mec\u00e1nica mediante ordenador para empresas que buscan optimizar sus dise\u00f1os industriales y garantizar la seguridad de sus estructuras y componentes. Mediante an\u00e1lisis por elementos finitos (FEA), evaluamos tensiones, deformaciones y comportamiento bajo cargas en piezas y conjuntos, permitiendo tomar decisiones de dise\u00f1o informadas, prevenir [&hellip;]<\/p>\n","protected":false},"author":1,"featured_media":0,"parent":0,"menu_order":0,"comment_status":"closed","ping_status":"closed","template":"","meta":{"_et_pb_use_builder":"on","_et_pb_old_content":"","_et_gb_content_width":"","footnotes":""},"class_list":["post-405301","page","type-page","status-publish","hentry"],"yoast_head":"<!-- This site is optimized with the Yoast SEO plugin v27.4 - https:\/\/yoast.com\/product\/yoast-seo-wordpress\/ -->\n<title>Simulaci\u00f3n de Resistencia Mec\u00e1nica en el Vall\u00e8s \u2013 An\u00e1lisis por Elementos Finitos (FEA) - Steyk<\/title>\n<meta name=\"robots\" content=\"index, follow, max-snippet:-1, max-image-preview:large, max-video-preview:-1\" \/>\n<link rel=\"canonical\" href=\"https:\/\/steykmp.com\/es\/simulacion-de-resistencia-mecanica-en-el-valles-analisis-por-elementos-finitos-fea\/\" \/>\n<meta property=\"og:locale\" content=\"es_ES\" \/>\n<meta property=\"og:type\" content=\"article\" \/>\n<meta property=\"og:title\" content=\"Simulaci\u00f3n de Resistencia Mec\u00e1nica en el Vall\u00e8s \u2013 An\u00e1lisis por Elementos Finitos (FEA) - Steyk\" \/>\n<meta property=\"og:description\" content=\"En el Vall\u00e8s, ofrecemos un servicio profesional de simulaci\u00f3n de resistencia mec\u00e1nica mediante ordenador para empresas que buscan optimizar sus dise\u00f1os industriales y garantizar la seguridad de sus estructuras y componentes. Mediante an\u00e1lisis por elementos finitos (FEA), evaluamos tensiones, deformaciones y comportamiento bajo cargas en piezas y conjuntos, permitiendo tomar decisiones de dise\u00f1o informadas, prevenir [&hellip;]\" \/>\n<meta property=\"og:url\" content=\"https:\/\/steykmp.com\/es\/simulacion-de-resistencia-mecanica-en-el-valles-analisis-por-elementos-finitos-fea\/\" \/>\n<meta property=\"og:site_name\" content=\"Steyk\" \/>\n<meta property=\"article:modified_time\" content=\"2026-03-26T09:16:13+00:00\" \/>\n<meta name=\"twitter:card\" content=\"summary_large_image\" \/>\n<script type=\"application\/ld+json\" class=\"yoast-schema-graph\">{\"@context\":\"https:\\\/\\\/schema.org\",\"@graph\":[{\"@type\":\"WebPage\",\"@id\":\"https:\\\/\\\/steykmp.com\\\/es\\\/simulacion-de-resistencia-mecanica-en-el-valles-analisis-por-elementos-finitos-fea\\\/\",\"url\":\"https:\\\/\\\/steykmp.com\\\/es\\\/simulacion-de-resistencia-mecanica-en-el-valles-analisis-por-elementos-finitos-fea\\\/\",\"name\":\"Simulaci\u00f3n de Resistencia Mec\u00e1nica en el Vall\u00e8s \u2013 An\u00e1lisis por Elementos Finitos (FEA) - Steyk\",\"isPartOf\":{\"@id\":\"https:\\\/\\\/steykmp.com\\\/#website\"},\"datePublished\":\"2026-02-27T08:43:06+00:00\",\"dateModified\":\"2026-03-26T09:16:13+00:00\",\"breadcrumb\":{\"@id\":\"https:\\\/\\\/steykmp.com\\\/es\\\/simulacion-de-resistencia-mecanica-en-el-valles-analisis-por-elementos-finitos-fea\\\/#breadcrumb\"},\"inLanguage\":\"es\",\"potentialAction\":[{\"@type\":\"ReadAction\",\"target\":[\"https:\\\/\\\/steykmp.com\\\/es\\\/simulacion-de-resistencia-mecanica-en-el-valles-analisis-por-elementos-finitos-fea\\\/\"]}]},{\"@type\":\"BreadcrumbList\",\"@id\":\"https:\\\/\\\/steykmp.com\\\/es\\\/simulacion-de-resistencia-mecanica-en-el-valles-analisis-por-elementos-finitos-fea\\\/#breadcrumb\",\"itemListElement\":[{\"@type\":\"ListItem\",\"position\":1,\"name\":\"Inici\",\"item\":\"https:\\\/\\\/steykmp.com\\\/es\\\/inicio\\\/\"},{\"@type\":\"ListItem\",\"position\":2,\"name\":\"Simulaci\u00f3n de Resistencia Mec\u00e1nica en el Vall\u00e8s \u2013 An\u00e1lisis por Elementos Finitos (FEA)\"}]},{\"@type\":\"WebSite\",\"@id\":\"https:\\\/\\\/steykmp.com\\\/#website\",\"url\":\"https:\\\/\\\/steykmp.com\\\/\",\"name\":\"Steyk Enginyeria\",\"description\":\"Projectes d&#039;enginyeria claus en m\u00e0\",\"publisher\":{\"@id\":\"https:\\\/\\\/steykmp.com\\\/#organization\"},\"potentialAction\":[{\"@type\":\"SearchAction\",\"target\":{\"@type\":\"EntryPoint\",\"urlTemplate\":\"https:\\\/\\\/steykmp.com\\\/?s={search_term_string}\"},\"query-input\":{\"@type\":\"PropertyValueSpecification\",\"valueRequired\":true,\"valueName\":\"search_term_string\"}}],\"inLanguage\":\"es\"},{\"@type\":\"Organization\",\"@id\":\"https:\\\/\\\/steykmp.com\\\/#organization\",\"name\":\"Steyk\",\"url\":\"https:\\\/\\\/steykmp.com\\\/\",\"logo\":{\"@type\":\"ImageObject\",\"inLanguage\":\"es\",\"@id\":\"https:\\\/\\\/steykmp.com\\\/#\\\/schema\\\/logo\\\/image\\\/\",\"url\":\"https:\\\/\\\/steykmp.com\\\/wp-content\\\/uploads\\\/2025\\\/04\\\/Logo-Steyk-2025.jpg\",\"contentUrl\":\"https:\\\/\\\/steykmp.com\\\/wp-content\\\/uploads\\\/2025\\\/04\\\/Logo-Steyk-2025.jpg\",\"width\":665,\"height\":404,\"caption\":\"Steyk\"},\"image\":{\"@id\":\"https:\\\/\\\/steykmp.com\\\/#\\\/schema\\\/logo\\\/image\\\/\"}}]}<\/script>\n<!-- \/ Yoast SEO plugin. -->","yoast_head_json":{"title":"Simulaci\u00f3n de Resistencia Mec\u00e1nica en el Vall\u00e8s \u2013 An\u00e1lisis por Elementos Finitos (FEA) - Steyk","robots":{"index":"index","follow":"follow","max-snippet":"max-snippet:-1","max-image-preview":"max-image-preview:large","max-video-preview":"max-video-preview:-1"},"canonical":"https:\/\/steykmp.com\/es\/simulacion-de-resistencia-mecanica-en-el-valles-analisis-por-elementos-finitos-fea\/","og_locale":"es_ES","og_type":"article","og_title":"Simulaci\u00f3n de Resistencia Mec\u00e1nica en el Vall\u00e8s \u2013 An\u00e1lisis por Elementos Finitos (FEA) - Steyk","og_description":"En el Vall\u00e8s, ofrecemos un servicio profesional de simulaci\u00f3n de resistencia mec\u00e1nica mediante ordenador para empresas que buscan optimizar sus dise\u00f1os industriales y garantizar la seguridad de sus estructuras y componentes. Mediante an\u00e1lisis por elementos finitos (FEA), evaluamos tensiones, deformaciones y comportamiento bajo cargas en piezas y conjuntos, permitiendo tomar decisiones de dise\u00f1o informadas, prevenir [&hellip;]","og_url":"https:\/\/steykmp.com\/es\/simulacion-de-resistencia-mecanica-en-el-valles-analisis-por-elementos-finitos-fea\/","og_site_name":"Steyk","article_modified_time":"2026-03-26T09:16:13+00:00","twitter_card":"summary_large_image","schema":{"@context":"https:\/\/schema.org","@graph":[{"@type":"WebPage","@id":"https:\/\/steykmp.com\/es\/simulacion-de-resistencia-mecanica-en-el-valles-analisis-por-elementos-finitos-fea\/","url":"https:\/\/steykmp.com\/es\/simulacion-de-resistencia-mecanica-en-el-valles-analisis-por-elementos-finitos-fea\/","name":"Simulaci\u00f3n de Resistencia Mec\u00e1nica en el Vall\u00e8s \u2013 An\u00e1lisis por Elementos Finitos (FEA) - Steyk","isPartOf":{"@id":"https:\/\/steykmp.com\/#website"},"datePublished":"2026-02-27T08:43:06+00:00","dateModified":"2026-03-26T09:16:13+00:00","breadcrumb":{"@id":"https:\/\/steykmp.com\/es\/simulacion-de-resistencia-mecanica-en-el-valles-analisis-por-elementos-finitos-fea\/#breadcrumb"},"inLanguage":"es","potentialAction":[{"@type":"ReadAction","target":["https:\/\/steykmp.com\/es\/simulacion-de-resistencia-mecanica-en-el-valles-analisis-por-elementos-finitos-fea\/"]}]},{"@type":"BreadcrumbList","@id":"https:\/\/steykmp.com\/es\/simulacion-de-resistencia-mecanica-en-el-valles-analisis-por-elementos-finitos-fea\/#breadcrumb","itemListElement":[{"@type":"ListItem","position":1,"name":"Inici","item":"https:\/\/steykmp.com\/es\/inicio\/"},{"@type":"ListItem","position":2,"name":"Simulaci\u00f3n de Resistencia Mec\u00e1nica en el Vall\u00e8s \u2013 An\u00e1lisis por Elementos Finitos (FEA)"}]},{"@type":"WebSite","@id":"https:\/\/steykmp.com\/#website","url":"https:\/\/steykmp.com\/","name":"Steyk Enginyeria","description":"Projectes d&#039;enginyeria claus en m\u00e0","publisher":{"@id":"https:\/\/steykmp.com\/#organization"},"potentialAction":[{"@type":"SearchAction","target":{"@type":"EntryPoint","urlTemplate":"https:\/\/steykmp.com\/?s={search_term_string}"},"query-input":{"@type":"PropertyValueSpecification","valueRequired":true,"valueName":"search_term_string"}}],"inLanguage":"es"},{"@type":"Organization","@id":"https:\/\/steykmp.com\/#organization","name":"Steyk","url":"https:\/\/steykmp.com\/","logo":{"@type":"ImageObject","inLanguage":"es","@id":"https:\/\/steykmp.com\/#\/schema\/logo\/image\/","url":"https:\/\/steykmp.com\/wp-content\/uploads\/2025\/04\/Logo-Steyk-2025.jpg","contentUrl":"https:\/\/steykmp.com\/wp-content\/uploads\/2025\/04\/Logo-Steyk-2025.jpg","width":665,"height":404,"caption":"Steyk"},"image":{"@id":"https:\/\/steykmp.com\/#\/schema\/logo\/image\/"}}]}},"_links":{"self":[{"href":"https:\/\/steykmp.com\/es\/wp-json\/wp\/v2\/pages\/405301","targetHints":{"allow":["GET"]}}],"collection":[{"href":"https:\/\/steykmp.com\/es\/wp-json\/wp\/v2\/pages"}],"about":[{"href":"https:\/\/steykmp.com\/es\/wp-json\/wp\/v2\/types\/page"}],"author":[{"embeddable":true,"href":"https:\/\/steykmp.com\/es\/wp-json\/wp\/v2\/users\/1"}],"replies":[{"embeddable":true,"href":"https:\/\/steykmp.com\/es\/wp-json\/wp\/v2\/comments?post=405301"}],"version-history":[{"count":12,"href":"https:\/\/steykmp.com\/es\/wp-json\/wp\/v2\/pages\/405301\/revisions"}],"predecessor-version":[{"id":405812,"href":"https:\/\/steykmp.com\/es\/wp-json\/wp\/v2\/pages\/405301\/revisions\/405812"}],"wp:attachment":[{"href":"https:\/\/steykmp.com\/es\/wp-json\/wp\/v2\/media?parent=405301"}],"curies":[{"name":"wp","href":"https:\/\/api.w.org\/{rel}","templated":true}]}}